{"id":126643,"date":"2023-08-01T12:59:20","date_gmt":"2023-08-01T10:59:20","guid":{"rendered":"https:\/\/mareterracoffee.com\/coffee-collections-2\/"},"modified":"2023-11-17T10:25:52","modified_gmt":"2023-11-17T09:25:52","slug":"coffee-collections","status":"publish","type":"page","link":"https:\/\/mareterracoffee.com\/en\/coffee-collections\/","title":{"rendered":"Green coffee collections"},"content":{"rendered":"\t\t<div data-elementor-type=\"wp-page\" data-elementor-id=\"126643\" class=\"elementor elementor-126643 elementor-126624\" data-elementor-post-type=\"page\">\n\t\t\t\t\t\t<section class=\"elementor-section elementor-top-section elementor-element elementor-element-b7094ec elementor-section-full_width elementor-reverse-mobile elementor-section-height-min-height elementor-section-items-bottom elementor-section-height-default\" data-id=\"b7094ec\" data-element_type=\"section\" data-e-type=\"section\" data-settings=\"{&quot;background_background&quot;:&quot;classic&quot;}\">\n\t\t\t\t\t\t\t<div class=\"elementor-background-overlay\"><\/div>\n\t\t\t\t\t\t\t<div class=\"elementor-container elementor-column-gap-default\">\n\t\t\t\t\t<div class=\"elementor-column elementor-col-100 elementor-top-column elementor-element elementor-element-759ce0e\" data-id=\"759ce0e\" data-element_type=\"column\" data-e-type=\"column\">\n\t\t\t<div class=\"elementor-widget-wrap elementor-element-populated\">\n\t\t\t\t\t\t<div class=\"elementor-element elementor-element-52663b2 elementor-widget elementor-widget-heading\" data-id=\"52663b2\" data-element_type=\"widget\" data-e-type=\"widget\" data-widget_type=\"heading.default\">\n\t\t\t\t<div class=\"elementor-widget-container\">\n\t\t\t\t\t<h1 class=\"elementor-heading-title elementor-size-default\">Our ranges of green coffee<\/h1>\t\t\t\t<\/div>\n\t\t\t\t<\/div>\n\t\t\t\t<div class=\"elementor-element elementor-element-5f4ceed elementor-widget elementor-widget-heading\" data-id=\"5f4ceed\" data-element_type=\"widget\" data-e-type=\"widget\" data-widget_type=\"heading.default\">\n\t\t\t\t<div class=\"elementor-widget-container\">\n\t\t\t\t\t<h3 class=\"elementor-heading-title elementor-size-default\">A wide variety of green coffee, organized in four categories <\/h3>\t\t\t\t<\/div>\n\t\t\t\t<\/div>\n\t\t\t\t\t<\/div>\n\t\t<\/div>\n\t\t\t\t\t<\/div>\n\t\t<\/section>\n\t\t\t\t<section class=\"elementor-section elementor-top-section elementor-element elementor-element-0bc2d8b elementor-section-full_width elementor-section-height-default elementor-section-height-default\" data-id=\"0bc2d8b\" data-element_type=\"section\" data-e-type=\"section\" data-settings=\"{&quot;background_background&quot;:&quot;classic&quot;,&quot;background_motion_fx_motion_fx_mouse&quot;:&quot;yes&quot;,&quot;animation&quot;:&quot;none&quot;}\">\n\t\t\t\t\t\t<div class=\"elementor-container elementor-column-gap-default\">\n\t\t\t\t\t<div class=\"elementor-column elementor-col-100 elementor-top-column elementor-element elementor-element-2a58417\" data-id=\"2a58417\" data-element_type=\"column\" data-e-type=\"column\">\n\t\t\t<div class=\"elementor-widget-wrap elementor-element-populated\">\n\t\t\t\t\t\t<div class=\"elementor-element elementor-element-fc50333 elementor-widget elementor-widget-heading\" data-id=\"fc50333\" data-element_type=\"widget\" data-e-type=\"widget\" data-widget_type=\"heading.default\">\n\t\t\t\t<div class=\"elementor-widget-container\">\n\t\t\t\t\t<h2 class=\"elementor-heading-title elementor-size-default\">Find the coffee that best suits your needs<\/h2>\t\t\t\t<\/div>\n\t\t\t\t<\/div>\n\t\t\t\t<div class=\"elementor-element elementor-element-7a67a20 elementor-widget elementor-widget-text-editor\" data-id=\"7a67a20\" data-element_type=\"widget\" data-e-type=\"widget\" data-widget_type=\"text-editor.default\">\n\t\t\t\t<div class=\"elementor-widget-container\">\n\t\t\t\t\t\t\t\t\t<p><span data-sheets-value=\"{\"1\":2,\"2\":\"\\nNuestras gamas engloban diferentes aspectos de la producci\u00f3n de caf\u00e9 verde, siendo la calidad y la sostenibilidad los principales factores que tienen en com\u00fan todas ellas.\\nDesde caf\u00e9s de continuidad que definen los perfiles m\u00e1s tradicionales de las regiones cafeteras a procesos experimentales y r\u00e9plicas a grandes escala a recetas de autor \u00fanicas e irrepetibles, todas ellas fruto de las relaciones y el trabajo construido a\u00f1o tras a\u00f1os junto a nuestros partners en origen.\\n\"}\" data-sheets-userformat=\"{\"2\":899,\"3\":{\"1\":0},\"4\":{\"1\":2,\"2\":14275305},\"10\":0,\"11\":4,\"12\":0}\"><br \/>Our ranges encompass different aspects of green coffee production, with quality and sustainability being the main factors they all have in common.<br \/>From coffees of continuity that define the most traditional profiles of the coffee regions to experimental processes and large-scale replicas to unique and unrepeatable signature recipes, all of them the result of the relationships and work built year after years with our partners at origin.<br \/><\/span><\/p>\n\t\t\t\t\t\t\t\t<\/div>\n\t\t\t\t<\/div>\n\t\t\t\t\t<\/div>\n\t\t<\/div>\n\t\t\t\t\t<\/div>\n\t\t<\/section>\n\t\t\t\t<section class=\"elementor-section elementor-top-section elementor-element elementor-element-901d744 elementor-section-full_width elementor-section-height-default elementor-section-height-default\" data-id=\"901d744\" data-element_type=\"section\" data-e-type=\"section\" data-settings=\"{&quot;background_background&quot;:&quot;classic&quot;}\">\n\t\t\t\t\t\t<div class=\"elementor-container elementor-column-gap-default\">\n\t\t\t\t\t<div class=\"elementor-column elementor-col-100 elementor-top-column elementor-element elementor-element-1194801\" data-id=\"1194801\" data-element_type=\"column\" data-e-type=\"column\">\n\t\t\t<div class=\"elementor-widget-wrap elementor-element-populated\">\n\t\t\t\t\t\t<div class=\"elementor-element elementor-element-3d7a5aa elementor-widget elementor-widget-shortcode\" data-id=\"3d7a5aa\" data-element_type=\"widget\" data-e-type=\"widget\" data-widget_type=\"shortcode.default\">\n\t\t\t\t<div class=\"elementor-widget-container\">\n\t\t\t\t\t\t\t<div class=\"elementor-shortcode\"><section class=\"ranges-list\">\n\t<div class=\"om-container\">\n\n\t\t\n<div id=\"terras\" class=\"ranges-list__item has-terras-range\">\n\t<div class=\"ranges-list__item-header\">\n\t\t\t<h2 class=\"ranges-list__item-title\">\n\t\t\t\tTerras\t\t\t<\/h2>\n\n\t\t\t<dl class=\"ranges-list__item-info\">\n\t\t\t\t\t\t\t\t\t\t\t\t<div class=\"ranges-list__item-info-pair\">\n\t\t\t\t\t<dt class=\"ranges-list__item-info-key\">SCA score<\/dt>\n\t\t\t\t\t<dd class=\"ranges-list__item-info-value\">+80 points<\/dd>\n\t\t\t\t<\/div>\n\t\t\t\t\n\t\t\t\t\t\t\t\t\t\t\t\t<div class=\"ranges-list__item-info-pair\">\n\t\t\t\t\t<dt class=\"ranges-list__item-info-key\">Packaging format<\/dt>\n\t\t\t\t\t<dd class=\"ranges-list__item-info-value\">60 kilos bag<\/dd>\n\t\t\t\t<\/div>\n\t\t\t\t\n\t\t\t\t\t\t\t\t\t\t\t\t<div class=\"ranges-list__item-info-pair\">\n\t\t\t\t\t<dt class=\"ranges-list__item-info-key\">Defects<\/dt>\n\t\t\t\t\t<dd class=\"ranges-list__item-info-value\">Maximum 10 secondaries<\/dd>\n\t\t\t\t<\/div>\n\t\t\t\t\n\t\t\t\t\t\t\t\t\t\t\t\t<div class=\"ranges-list__item-info-pair\">\n\t\t\t\t\t<dt class=\"ranges-list__item-info-key\">Period<\/dt>\n\t\t\t\t\t<dd class=\"ranges-list__item-info-value\">Continuity<\/dd>\n\t\t\t\t<\/div>\n\t\t\t\t\n\t\t\t<\/dl>\n\n\t<\/div>\n\n\t<div class=\"ranges-list__item-body\">\n\n\t\t<div class=\"ranges-list__item-content\">\n\t\t\t<p>The coffees in the Terras range are named after elements of nature, mythological beings or characters rooted in the coffee-growing region in which they are grown.<\/p>\n<p>They are coffees with traditional profiles of the coffee region in which they have been produced, or coffees that have been developed from replicas of Vanguard Processes, produced on a larger scale by our partners.<\/p>\n<ul>\n<li>Traceability from the coffee region of production<\/li>\n<li>Maximum 10 secondary and 0 primary defects per 350 grams of green coffee.<\/li>\n<li>Screening according to origin +16 to 19 with a 5% tolerance.4<\/li>\n<li>Traditional profile of the regions where they have been produced.<\/li>\n<li>Recommended for both single origin and blends.<\/li>\n<\/ul>\n\n\t\t\t\t\t<\/div>\n\n\t\t\t\t<div class=\"ranges-list__item-picture\">\n\t\t<\/div>\n\n\t<\/div>\n\n\n<\/div>\n\n<div id=\"constellations\" class=\"ranges-list__item has-constellations-range\">\n\t<div class=\"ranges-list__item-header\">\n\t\t\t<h2 class=\"ranges-list__item-title\">\n\t\t\t\tConstellations\t\t\t<\/h2>\n\n\t\t\t<dl class=\"ranges-list__item-info\">\n\t\t\t\t\t\t\t\t\t\t\t\t<div class=\"ranges-list__item-info-pair\">\n\t\t\t\t\t<dt class=\"ranges-list__item-info-key\">SCA score<\/dt>\n\t\t\t\t\t<dd class=\"ranges-list__item-info-value\">+86 points<\/dd>\n\t\t\t\t<\/div>\n\t\t\t\t\n\t\t\t\t\t\t\t\t\t\t\t\t<div class=\"ranges-list__item-info-pair\">\n\t\t\t\t\t<dt class=\"ranges-list__item-info-key\">Packaging format<\/dt>\n\t\t\t\t\t<dd class=\"ranges-list__item-info-value\">30 kilos bag<\/dd>\n\t\t\t\t<\/div>\n\t\t\t\t\n\t\t\t\t\t\t\t\t\t\t\t\t<div class=\"ranges-list__item-info-pair\">\n\t\t\t\t\t<dt class=\"ranges-list__item-info-key\">Defects<\/dt>\n\t\t\t\t\t<dd class=\"ranges-list__item-info-value\">Maximum 5 secondaries<\/dd>\n\t\t\t\t<\/div>\n\t\t\t\t\n\t\t\t\t\t\t\t\t\t\t\t\t<div class=\"ranges-list__item-info-pair\">\n\t\t\t\t\t<dt class=\"ranges-list__item-info-key\">Period<\/dt>\n\t\t\t\t\t<dd class=\"ranges-list__item-info-value\">Season<\/dd>\n\t\t\t\t<\/div>\n\t\t\t\t\n\t\t\t<\/dl>\n\n\t<\/div>\n\n\t<div class=\"ranges-list__item-body\">\n\n\t\t<div class=\"ranges-list__item-content\">\n\t\t\t<p>The coffees in the Constellations collection are named after stars. Each coffee grower who works with Mare Terra to develop the production of their coffees receives the name of a star for their lots, thus giving their coffees a differentiated positioning and value. In the case of coffees produced in Africa, each washing station is named after a star as the batches are developed with cherries harvested by smallholder farmers in the coffee-growing district.<br \/>\nThese stars are grouped in Constellations of the same coffee growing region, thus forming a coffee universe distributed in our projects around the world.<\/p>\n<ul>\n<li>Traceability from the farm or the washing station of your production.<\/li>\n<li>Maximum 5 secondary and 0 primary defects per 350 grams of green coffee.<\/li>\n<li><span data-sheets-value=\"{&quot;1&quot;:2,&quot;2&quot;:&quot;Screen size&quot;}\" data-sheets-userformat=\"{&quot;2&quot;:12674,&quot;4&quot;:{&quot;1&quot;:3,&quot;3&quot;:2},&quot;10&quot;:2,&quot;11&quot;:4,&quot;15&quot;:&quot;Calibri&quot;,&quot;16&quot;:11}\">Screen size<\/span> according to origin, process and varietal +15 with a 5% tolerance.<\/li>\n<li>Special profiles<\/li>\n<li>Recommended for single origin<\/li>\n<\/ul>\n\n\t\t\t\t\t<\/div>\n\n\t\t\t\t<div class=\"ranges-list__item-picture\">\n\t\t<\/div>\n\n\t<\/div>\n\n\n<\/div>\n\n<div id=\"uniques\" class=\"ranges-list__item has-uniques-range\">\n\t<div class=\"ranges-list__item-header\">\n\t\t\t<h2 class=\"ranges-list__item-title\">\n\t\t\t\tUniques\t\t\t<\/h2>\n\n\t\t\t<dl class=\"ranges-list__item-info\">\n\t\t\t\t\t\t\t\t\t\t\t\t<div class=\"ranges-list__item-info-pair\">\n\t\t\t\t\t<dt class=\"ranges-list__item-info-key\">SCA score<\/dt>\n\t\t\t\t\t<dd class=\"ranges-list__item-info-value\">+90 points<\/dd>\n\t\t\t\t<\/div>\n\t\t\t\t\n\t\t\t\t\t\t\t\t\t\t\t\t<div class=\"ranges-list__item-info-pair\">\n\t\t\t\t\t<dt class=\"ranges-list__item-info-key\">Packaging format<\/dt>\n\t\t\t\t\t<dd class=\"ranges-list__item-info-value\">5 kilos Vacuum <\/dd>\n\t\t\t\t<\/div>\n\t\t\t\t\n\t\t\t\t\t\t\t\t\t\t\t\t<div class=\"ranges-list__item-info-pair\">\n\t\t\t\t\t<dt class=\"ranges-list__item-info-key\">Defects<\/dt>\n\t\t\t\t\t<dd class=\"ranges-list__item-info-value\">Maximum 5 secondaries<\/dd>\n\t\t\t\t<\/div>\n\t\t\t\t\n\t\t\t\t\t\t\t\t\t\t\t\t<div class=\"ranges-list__item-info-pair\">\n\t\t\t\t\t<dt class=\"ranges-list__item-info-key\">Period<\/dt>\n\t\t\t\t\t<dd class=\"ranges-list__item-info-value\">Season<\/dd>\n\t\t\t\t<\/div>\n\t\t\t\t\n\t\t\t<\/dl>\n\n\t<\/div>\n\n\t<div class=\"ranges-list__item-body\">\n\n\t\t<div class=\"ranges-list__item-content\">\n\t\t\t<p>The coffees in the Uniques range are coffees with their own name, paying tribute to and recognising the commitment of the person who produced them.<\/p>\n<p>This name is chosen by the producers or the people who have developed processes or models that have made it possible to achieve such an exceptional coffee. These coffees are usually named after the producer or a loved one.<\/p>\n<ul>\n<li>Traceability from the farm and experimental processes<\/li>\n<li>Maximum 5 secondary and 0 primary defects per 350 grams of green coffee.<\/li>\n<li>Screening according to origin, process and varietal +15 to 16 with a 5% tolerance.<\/li>\n<li>Special and extra-ordinary profiles<\/li>\n<li>Recommended for single origin<\/li>\n<li>Exclusive and limited batches of seasonal production<\/li>\n<\/ul>\n\n\t\t\t\t\t<\/div>\n\n\t\t\t\t<div class=\"ranges-list__item-picture\">\n\t\t<\/div>\n\n\t<\/div>\n\n\n<\/div>\n\n<div id=\"neutrals\" class=\"ranges-list__item has-neutrals-range\">\n\t<div class=\"ranges-list__item-header\">\n\t\t\t<h2 class=\"ranges-list__item-title\">\n\t\t\t\tNeutrals\t\t\t<\/h2>\n\n\t\t\t<dl class=\"ranges-list__item-info\">\n\t\t\t\t\t\t\t\t\t\t\t\t<div class=\"ranges-list__item-info-pair\">\n\t\t\t\t\t<dt class=\"ranges-list__item-info-key\">SCA score<\/dt>\n\t\t\t\t\t<dd class=\"ranges-list__item-info-value\">+78 Q robusta<\/dd>\n\t\t\t\t<\/div>\n\t\t\t\t\n\t\t\t\t\t\t\t\t\t\t\t\t<div class=\"ranges-list__item-info-pair\">\n\t\t\t\t\t<dt class=\"ranges-list__item-info-key\">Packaging format<\/dt>\n\t\t\t\t\t<dd class=\"ranges-list__item-info-value\">60 kilos bag<\/dd>\n\t\t\t\t<\/div>\n\t\t\t\t\n\t\t\t\t\t\t\t\t\t\t\t\t<div class=\"ranges-list__item-info-pair\">\n\t\t\t\t\t<dt class=\"ranges-list__item-info-key\">Defects<\/dt>\n\t\t\t\t\t<dd class=\"ranges-list__item-info-value\">Maximum 10 secondaries<\/dd>\n\t\t\t\t<\/div>\n\t\t\t\t\n\t\t\t\t\t\t\t\t\t\t\t\t<div class=\"ranges-list__item-info-pair\">\n\t\t\t\t\t<dt class=\"ranges-list__item-info-key\">Period<\/dt>\n\t\t\t\t\t<dd class=\"ranges-list__item-info-value\">Continuity<\/dd>\n\t\t\t\t<\/div>\n\t\t\t\t\n\t\t\t<\/dl>\n\n\t<\/div>\n\n\t<div class=\"ranges-list__item-body\">\n\n\t\t<div class=\"ranges-list__item-content\">\n\t\t\t<p>The coffees of the Neutrals range are named after the dance, music, culture and folklore of the coffee growing region where they are grown, they are a connection to its tradition and culture.<\/p>\n<ul>\n<li>They are coffees with traditional profiles of the coffee region where they have been produced.<\/li>\n<li>Traceability from the coffee growing region of their production.<\/li>\n<li>Maximum 10 secondary and 0 primary defects per 350 grams of green coffee.<\/li>\n<li>Screening according to origin<\/li>\n<li>Traditional profile of the regions where they have been produced.<\/li>\n<li>Recommended for both single origin and blends.<\/li>\n<\/ul>\n\n\t\t\t\t\t<\/div>\n\n\t\t\t\t<div class=\"ranges-list__item-picture\">\n\t\t<\/div>\n\n\t<\/div>\n\n\n<\/div>\n\n\n\t<\/div>\n<\/section>\n<\/div>\n\t\t\t\t\t\t<\/div>\n\t\t\t\t<\/div>\n\t\t\t\t\t<\/div>\n\t\t<\/div>\n\t\t\t\t\t<\/div>\n\t\t<\/section>\n\t\t\t\t<\/div>\n\t\t","protected":false},"excerpt":{"rendered":"<p>Our ranges of green coffee A wide variety of green coffee, organized in four categories Find the coffee that best suits your needs Our ranges encompass different aspects of green coffee production, with quality and sustainability being the main factors they all have in common. From coffees of continuity that define the most traditional profiles [&hellip;]<\/p>\n","protected":false},"author":3,"featured_media":0,"parent":0,"menu_order":0,"comment_status":"closed","ping_status":"closed","template":"","meta":{"_acf_changed":false,"footnotes":""},"class_list":["post-126643","page","type-page","status-publish","hentry"],"acf":[],"yoast_head":"<!-- This site is optimized with the Yoast SEO plugin v27.2 - https:\/\/yoast.com\/product\/yoast-seo-wordpress\/ -->\n<title>Green coffee collections - Mare Terra Coffee<\/title>\n<meta name=\"description\" content=\"Discover our green coffee collection: Terras, Neutrals, Constellations and Uniques and find the coffee that best suits your needs.\" \/>\n<meta name=\"robots\" content=\"index, follow, max-snippet:-1, max-image-preview:large, max-video-preview:-1\" \/>\n<link rel=\"canonical\" href=\"https:\/\/mareterracoffee.com\/en\/coffee-collections\/\" \/>\n<meta property=\"og:locale\" content=\"en_US\" \/>\n<meta property=\"og:type\" content=\"article\" \/>\n<meta property=\"og:title\" content=\"Green coffee collections - Mare Terra Coffee\" \/>\n<meta property=\"og:description\" content=\"Discover our green coffee collection: Terras, Neutrals, Constellations and Uniques and find the coffee that best suits your needs.\" \/>\n<meta property=\"og:url\" content=\"https:\/\/mareterracoffee.com\/en\/coffee-collections\/\" \/>\n<meta property=\"og:site_name\" content=\"Mare Terra Coffee\" \/>\n<meta property=\"article:modified_time\" content=\"2023-11-17T09:25:52+00:00\" \/>\n<meta name=\"twitter:card\" content=\"summary_large_image\" \/>\n<meta name=\"twitter:label1\" content=\"Est. reading time\" \/>\n\t<meta name=\"twitter:data1\" content=\"1 minute\" \/>\n<script type=\"application\/ld+json\" class=\"yoast-schema-graph\">{\"@context\":\"https:\/\/schema.org\",\"@graph\":[{\"@type\":\"WebPage\",\"@id\":\"https:\/\/mareterracoffee.com\/en\/coffee-collections\/\",\"url\":\"https:\/\/mareterracoffee.com\/en\/coffee-collections\/\",\"name\":\"Green coffee collections - Mare Terra Coffee\",\"isPartOf\":{\"@id\":\"https:\/\/mareterracoffee.com\/en\/#website\"},\"datePublished\":\"2023-08-01T10:59:20+00:00\",\"dateModified\":\"2023-11-17T09:25:52+00:00\",\"description\":\"Discover our green coffee collection: Terras, Neutrals, Constellations and Uniques and find the coffee that best suits your needs.\",\"breadcrumb\":{\"@id\":\"https:\/\/mareterracoffee.com\/en\/coffee-collections\/#breadcrumb\"},\"inLanguage\":\"en-US\",\"potentialAction\":[{\"@type\":\"ReadAction\",\"target\":[\"https:\/\/mareterracoffee.com\/en\/coffee-collections\/\"]}]},{\"@type\":\"BreadcrumbList\",\"@id\":\"https:\/\/mareterracoffee.com\/en\/coffee-collections\/#breadcrumb\",\"itemListElement\":[{\"@type\":\"ListItem\",\"position\":1,\"name\":\"Portada\",\"item\":\"https:\/\/mareterracoffee.com\/en\/home\/\"},{\"@type\":\"ListItem\",\"position\":2,\"name\":\"Green coffee collections\"}]},{\"@type\":\"WebSite\",\"@id\":\"https:\/\/mareterracoffee.com\/en\/#website\",\"url\":\"https:\/\/mareterracoffee.com\/en\/\",\"name\":\"Mare Terra Coffee\",\"description\":\"Importador \/ Exportador de Caf\u00e9 verde\",\"publisher\":{\"@id\":\"https:\/\/mareterracoffee.com\/en\/#organization\"},\"potentialAction\":[{\"@type\":\"SearchAction\",\"target\":{\"@type\":\"EntryPoint\",\"urlTemplate\":\"https:\/\/mareterracoffee.com\/en\/?s={search_term_string}\"},\"query-input\":{\"@type\":\"PropertyValueSpecification\",\"valueRequired\":true,\"valueName\":\"search_term_string\"}}],\"inLanguage\":\"en-US\"},{\"@type\":\"Organization\",\"@id\":\"https:\/\/mareterracoffee.com\/en\/#organization\",\"name\":\"Mare Terra Coffee\",\"url\":\"https:\/\/mareterracoffee.com\/en\/\",\"logo\":{\"@type\":\"ImageObject\",\"inLanguage\":\"en-US\",\"@id\":\"https:\/\/mareterracoffee.com\/en\/#\/schema\/logo\/image\/\",\"url\":\"https:\/\/mareterracoffee.com\/wp-content\/uploads\/2023\/06\/marre-terra-1.svg\",\"contentUrl\":\"https:\/\/mareterracoffee.com\/wp-content\/uploads\/2023\/06\/marre-terra-1.svg\",\"width\":229,\"height\":52,\"caption\":\"Mare Terra Coffee\"},\"image\":{\"@id\":\"https:\/\/mareterracoffee.com\/en\/#\/schema\/logo\/image\/\"}}]}<\/script>\n<!-- \/ Yoast SEO plugin. -->","yoast_head_json":{"title":"Green coffee collections - Mare Terra Coffee","description":"Discover our green coffee collection: Terras, Neutrals, Constellations and Uniques and find the coffee that best suits your needs.","robots":{"index":"index","follow":"follow","max-snippet":"max-snippet:-1","max-image-preview":"max-image-preview:large","max-video-preview":"max-video-preview:-1"},"canonical":"https:\/\/mareterracoffee.com\/en\/coffee-collections\/","og_locale":"en_US","og_type":"article","og_title":"Green coffee collections - Mare Terra Coffee","og_description":"Discover our green coffee collection: Terras, Neutrals, Constellations and Uniques and find the coffee that best suits your needs.","og_url":"https:\/\/mareterracoffee.com\/en\/coffee-collections\/","og_site_name":"Mare Terra Coffee","article_modified_time":"2023-11-17T09:25:52+00:00","twitter_card":"summary_large_image","twitter_misc":{"Est. reading time":"1 minute"},"schema":{"@context":"https:\/\/schema.org","@graph":[{"@type":"WebPage","@id":"https:\/\/mareterracoffee.com\/en\/coffee-collections\/","url":"https:\/\/mareterracoffee.com\/en\/coffee-collections\/","name":"Green coffee collections - Mare Terra Coffee","isPartOf":{"@id":"https:\/\/mareterracoffee.com\/en\/#website"},"datePublished":"2023-08-01T10:59:20+00:00","dateModified":"2023-11-17T09:25:52+00:00","description":"Discover our green coffee collection: Terras, Neutrals, Constellations and Uniques and find the coffee that best suits your needs.","breadcrumb":{"@id":"https:\/\/mareterracoffee.com\/en\/coffee-collections\/#breadcrumb"},"inLanguage":"en-US","potentialAction":[{"@type":"ReadAction","target":["https:\/\/mareterracoffee.com\/en\/coffee-collections\/"]}]},{"@type":"BreadcrumbList","@id":"https:\/\/mareterracoffee.com\/en\/coffee-collections\/#breadcrumb","itemListElement":[{"@type":"ListItem","position":1,"name":"Portada","item":"https:\/\/mareterracoffee.com\/en\/home\/"},{"@type":"ListItem","position":2,"name":"Green coffee collections"}]},{"@type":"WebSite","@id":"https:\/\/mareterracoffee.com\/en\/#website","url":"https:\/\/mareterracoffee.com\/en\/","name":"Mare Terra Coffee","description":"Importador \/ Exportador de Caf\u00e9 verde","publisher":{"@id":"https:\/\/mareterracoffee.com\/en\/#organization"},"potentialAction":[{"@type":"SearchAction","target":{"@type":"EntryPoint","urlTemplate":"https:\/\/mareterracoffee.com\/en\/?s={search_term_string}"},"query-input":{"@type":"PropertyValueSpecification","valueRequired":true,"valueName":"search_term_string"}}],"inLanguage":"en-US"},{"@type":"Organization","@id":"https:\/\/mareterracoffee.com\/en\/#organization","name":"Mare Terra Coffee","url":"https:\/\/mareterracoffee.com\/en\/","logo":{"@type":"ImageObject","inLanguage":"en-US","@id":"https:\/\/mareterracoffee.com\/en\/#\/schema\/logo\/image\/","url":"https:\/\/mareterracoffee.com\/wp-content\/uploads\/2023\/06\/marre-terra-1.svg","contentUrl":"https:\/\/mareterracoffee.com\/wp-content\/uploads\/2023\/06\/marre-terra-1.svg","width":229,"height":52,"caption":"Mare Terra Coffee"},"image":{"@id":"https:\/\/mareterracoffee.com\/en\/#\/schema\/logo\/image\/"}}]}},"_links":{"self":[{"href":"https:\/\/mareterracoffee.com\/en\/wp-json\/wp\/v2\/pages\/126643","targetHints":{"allow":["GET"]}}],"collection":[{"href":"https:\/\/mareterracoffee.com\/en\/wp-json\/wp\/v2\/pages"}],"about":[{"href":"https:\/\/mareterracoffee.com\/en\/wp-json\/wp\/v2\/types\/page"}],"author":[{"embeddable":true,"href":"https:\/\/mareterracoffee.com\/en\/wp-json\/wp\/v2\/users\/3"}],"replies":[{"embeddable":true,"href":"https:\/\/mareterracoffee.com\/en\/wp-json\/wp\/v2\/comments?post=126643"}],"version-history":[{"count":2,"href":"https:\/\/mareterracoffee.com\/en\/wp-json\/wp\/v2\/pages\/126643\/revisions"}],"predecessor-version":[{"id":129696,"href":"https:\/\/mareterracoffee.com\/en\/wp-json\/wp\/v2\/pages\/126643\/revisions\/129696"}],"wp:attachment":[{"href":"https:\/\/mareterracoffee.com\/en\/wp-json\/wp\/v2\/media?parent=126643"}],"curies":[{"name":"wp","href":"https:\/\/api.w.org\/{rel}","templated":true}]}}