{"id":116956,"date":"2023-06-14T13:23:54","date_gmt":"2023-06-14T11:23:54","guid":{"rendered":"https:\/\/mareterracoffee.com\/?page_id=116956"},"modified":"2023-06-22T09:59:17","modified_gmt":"2023-06-22T07:59:17","slug":"laboratorio-calidad-cafe-verde","status":"publish","type":"page","link":"https:\/\/mareterracoffee.com\/es\/laboratorio-calidad-cafe-verde\/","title":{"rendered":"Nuestro Laboratorio de calidad y evaluaci\u00f3n de Caf\u00e9"},"content":{"rendered":"\t\t<div data-elementor-type=\"wp-page\" data-elementor-id=\"116956\" class=\"elementor elementor-116956\" data-elementor-post-type=\"page\">\n\t\t\t\t\t\t<section class=\"elementor-section elementor-top-section elementor-element elementor-element-87e4988 elementor-section-full_width elementor-reverse-mobile elementor-section-height-min-height elementor-section-items-bottom elementor-section-height-default\" data-id=\"87e4988\" data-element_type=\"section\" data-e-type=\"section\" data-settings=\"{&quot;background_background&quot;:&quot;classic&quot;}\">\n\t\t\t\t\t\t\t<div class=\"elementor-background-overlay\"><\/div>\n\t\t\t\t\t\t\t<div class=\"elementor-container elementor-column-gap-default\">\n\t\t\t\t\t<div class=\"elementor-column elementor-col-100 elementor-top-column elementor-element elementor-element-aa4a6e4\" data-id=\"aa4a6e4\" data-element_type=\"column\" data-e-type=\"column\">\n\t\t\t<div class=\"elementor-widget-wrap elementor-element-populated\">\n\t\t\t\t\t\t<div class=\"elementor-element elementor-element-2652460 elementor-widget elementor-widget-heading\" data-id=\"2652460\" data-element_type=\"widget\" data-e-type=\"widget\" data-widget_type=\"heading.default\">\n\t\t\t\t<div class=\"elementor-widget-container\">\n\t\t\t\t\t<h1 class=\"elementor-heading-title elementor-size-default\">Calidad en Cada Grano:<\/h1>\t\t\t\t<\/div>\n\t\t\t\t<\/div>\n\t\t\t\t<div class=\"elementor-element elementor-element-3710641 elementor-widget elementor-widget-heading\" data-id=\"3710641\" data-element_type=\"widget\" data-e-type=\"widget\" data-widget_type=\"heading.default\">\n\t\t\t\t<div class=\"elementor-widget-container\">\n\t\t\t\t\t<h3 class=\"elementor-heading-title elementor-size-default\">Conoce Nuestro Laboratorio de Evaluaci\u00f3n de Caf\u00e9 <\/h3>\t\t\t\t<\/div>\n\t\t\t\t<\/div>\n\t\t\t\t\t<\/div>\n\t\t<\/div>\n\t\t\t\t\t<\/div>\n\t\t<\/section>\n\t\t\t\t<section class=\"elementor-section elementor-top-section elementor-element elementor-element-e208e4a elementor-section-full_width elementor-section-height-default elementor-section-height-default\" data-id=\"e208e4a\" data-element_type=\"section\" data-e-type=\"section\" data-settings=\"{&quot;background_background&quot;:&quot;classic&quot;,&quot;background_motion_fx_motion_fx_mouse&quot;:&quot;yes&quot;,&quot;animation&quot;:&quot;none&quot;}\">\n\t\t\t\t\t\t<div class=\"elementor-container elementor-column-gap-default\">\n\t\t\t\t\t<div class=\"elementor-column elementor-col-100 elementor-top-column elementor-element elementor-element-8fbf061\" data-id=\"8fbf061\" data-element_type=\"column\" data-e-type=\"column\">\n\t\t\t<div class=\"elementor-widget-wrap elementor-element-populated\">\n\t\t\t\t\t\t<div class=\"elementor-element elementor-element-d858676 elementor-widget elementor-widget-heading\" data-id=\"d858676\" data-element_type=\"widget\" data-e-type=\"widget\" data-widget_type=\"heading.default\">\n\t\t\t\t<div class=\"elementor-widget-container\">\n\t\t\t\t\t<h2 class=\"elementor-heading-title elementor-size-default\">El Laboratorio de control de calidad tambi\u00e9n conocido como QLab es el coraz\u00f3n de cualquier negocio enfocado a los caf\u00e9s de alta calidad.\nEn \u00e9l todos nuestros caf\u00e9s son analizados, calificados y validados en sus distintas fases, que van desde la cosecha a los controles planificados y sistematizados en almac\u00e9n.\n<\/h2>\t\t\t\t<\/div>\n\t\t\t\t<\/div>\n\t\t\t\t\t<\/div>\n\t\t<\/div>\n\t\t\t\t\t<\/div>\n\t\t<\/section>\n\t\t\t\t<section class=\"elementor-section elementor-top-section elementor-element elementor-element-5b6b9ee elementor-section-full_width elementor-section-height-default elementor-section-height-default\" data-id=\"5b6b9ee\" data-element_type=\"section\" data-e-type=\"section\" data-settings=\"{&quot;background_background&quot;:&quot;classic&quot;,&quot;background_motion_fx_motion_fx_mouse&quot;:&quot;yes&quot;,&quot;animation&quot;:&quot;none&quot;}\">\n\t\t\t\t\t\t<div class=\"elementor-container elementor-column-gap-default\">\n\t\t\t\t\t<div class=\"elementor-column elementor-col-50 elementor-top-column elementor-element elementor-element-ed10ab2\" data-id=\"ed10ab2\" data-element_type=\"column\" data-e-type=\"column\">\n\t\t\t<div class=\"elementor-widget-wrap elementor-element-populated\">\n\t\t\t\t\t\t<div class=\"elementor-element elementor-element-e745e4a elementor-widget elementor-widget-image\" data-id=\"e745e4a\" data-element_type=\"widget\" data-e-type=\"widget\" data-widget_type=\"image.default\">\n\t\t\t\t<div class=\"elementor-widget-container\">\n\t\t\t\t\t\t\t\t\t\t\t\t\t\t\t<img fetchpriority=\"high\" decoding=\"async\" width=\"602\" height=\"575\" src=\"https:\/\/mareterracoffee.com\/wp-content\/uploads\/2023\/06\/mareterra-qlab.png\" class=\"attachment-1536x1536 size-1536x1536 wp-image-117915\" alt=\"\" srcset=\"https:\/\/mareterracoffee.com\/wp-content\/uploads\/2023\/06\/mareterra-qlab.png 602w, https:\/\/mareterracoffee.com\/wp-content\/uploads\/2023\/06\/mareterra-qlab-300x287.png 300w, https:\/\/mareterracoffee.com\/wp-content\/uploads\/2023\/06\/mareterra-qlab-600x573.png 600w\" sizes=\"(max-width: 602px) 100vw, 602px\" \/>\t\t\t\t\t\t\t\t\t\t\t\t\t\t\t<\/div>\n\t\t\t\t<\/div>\n\t\t\t\t\t<\/div>\n\t\t<\/div>\n\t\t\t\t<div class=\"elementor-column elementor-col-50 elementor-top-column elementor-element elementor-element-3bed9c6\" data-id=\"3bed9c6\" data-element_type=\"column\" data-e-type=\"column\">\n\t\t\t<div class=\"elementor-widget-wrap elementor-element-populated\">\n\t\t\t\t\t\t<div class=\"elementor-element elementor-element-62b09f7 elementor-widget elementor-widget-heading\" data-id=\"62b09f7\" data-element_type=\"widget\" data-e-type=\"widget\" data-widget_type=\"heading.default\">\n\t\t\t\t<div class=\"elementor-widget-container\">\n\t\t\t\t\t<h4 class=\"elementor-heading-title elementor-size-default\">Un control de calidad s\u00f3lido es la principal diferencia entre un caf\u00e9 y un caf\u00e9 de MareTerra Coffee.<\/h4>\t\t\t\t<\/div>\n\t\t\t\t<\/div>\n\t\t\t\t<div class=\"elementor-element elementor-element-db48090 elementor-widget elementor-widget-text-editor\" data-id=\"db48090\" data-element_type=\"widget\" data-e-type=\"widget\" data-widget_type=\"text-editor.default\">\n\t\t\t\t<div class=\"elementor-widget-container\">\n\t\t\t\t\t\t\t\t\t<p>Es fundamental tener bien definidos los protocolos, los est\u00e1ndares y los perfiles de cada uno de los productos de nuestras gamas adem\u00e1s de estar calibrados con los laboratorios de nuestros caficultores y abierto a la comunidad de tostadores y baristas con id\u00e9ntico fin.<\/p><p>Todo comienza con una muestra que se encuentra en origen, bien sea una oferta o un caf\u00e9 ya definido previamente en el que evaluamos cada una de las partes que contemplan los protocolos SCA para darle el visto bueno y el cual podemos dividirlo en dos partes que har\u00e1n un an\u00e1lisis completo. Por un lado est\u00e1 la parte f\u00edsica y por otro la organol\u00e9ptica.<\/p>\t\t\t\t\t\t\t\t<\/div>\n\t\t\t\t<\/div>\n\t\t\t\t\t<\/div>\n\t\t<\/div>\n\t\t\t\t\t<\/div>\n\t\t<\/section>\n\t\t\t\t<section class=\"elementor-section elementor-top-section elementor-element elementor-element-0fd18d8 elementor-section-full_width elementor-reverse-mobile elementor-section-height-default elementor-section-height-default\" data-id=\"0fd18d8\" data-element_type=\"section\" data-e-type=\"section\" data-settings=\"{&quot;background_background&quot;:&quot;classic&quot;,&quot;background_motion_fx_motion_fx_mouse&quot;:&quot;yes&quot;,&quot;animation&quot;:&quot;none&quot;}\">\n\t\t\t\t\t\t<div class=\"elementor-container elementor-column-gap-default\">\n\t\t\t\t\t<div class=\"elementor-column elementor-col-100 elementor-top-column elementor-element elementor-element-3f1e902\" data-id=\"3f1e902\" data-element_type=\"column\" data-e-type=\"column\">\n\t\t\t<div class=\"elementor-widget-wrap elementor-element-populated\">\n\t\t\t\t\t\t<section class=\"elementor-section elementor-inner-section elementor-element elementor-element-1313264 elementor-section-full_width elementor-section-height-default elementor-section-height-default elementor-invisible\" data-id=\"1313264\" data-element_type=\"section\" data-e-type=\"section\" data-settings=\"{&quot;animation&quot;:&quot;fadeInUp&quot;}\">\n\t\t\t\t\t\t<div class=\"elementor-container elementor-column-gap-extended\">\n\t\t\t\t\t<div class=\"elementor-column elementor-col-50 elementor-inner-column elementor-element elementor-element-62b8a09\" data-id=\"62b8a09\" data-element_type=\"column\" data-e-type=\"column\">\n\t\t\t<div class=\"elementor-widget-wrap elementor-element-populated\">\n\t\t\t\t\t\t<div class=\"elementor-element elementor-element-3f6bcc9 elementor-widget elementor-widget-heading\" data-id=\"3f6bcc9\" data-element_type=\"widget\" data-e-type=\"widget\" data-widget_type=\"heading.default\">\n\t\t\t\t<div class=\"elementor-widget-container\">\n\t\t\t\t\t<h2 class=\"elementor-heading-title elementor-size-default\">An\u00e1lisis f\u00edsico del caf\u00e9 verde<\/h2>\t\t\t\t<\/div>\n\t\t\t\t<\/div>\n\t\t\t\t<div class=\"elementor-element elementor-element-0c88f0a elementor-widget-divider--view-line elementor-widget elementor-widget-divider\" data-id=\"0c88f0a\" data-element_type=\"widget\" data-e-type=\"widget\" data-widget_type=\"divider.default\">\n\t\t\t\t<div class=\"elementor-widget-container\">\n\t\t\t\t\t\t\t<div class=\"elementor-divider\">\n\t\t\t<span class=\"elementor-divider-separator\">\n\t\t\t\t\t\t<\/span>\n\t\t<\/div>\n\t\t\t\t\t\t<\/div>\n\t\t\t\t<\/div>\n\t\t\t\t<div class=\"elementor-element elementor-element-08e2487 elementor-widget elementor-widget-text-editor\" data-id=\"08e2487\" data-element_type=\"widget\" data-e-type=\"widget\" data-widget_type=\"text-editor.default\">\n\t\t\t\t<div class=\"elementor-widget-container\">\n\t\t\t\t\t\t\t\t\t<p>El an\u00e1lisis f\u00edsico se realiza bajo la evaluaci\u00f3n de defectos primarios y secundarios localizados en una muestra de 350 gr entre los que tambi\u00e9n se da la medici\u00f3n de la criba bajo los est\u00e1ndares ISO 4150, as\u00ed como el control de la actividad del agua interna del grano y la medici\u00f3n de la humedad relativa bajo el est\u00e1ndar ISO 6673 por m\u00e9todo indirecto.<\/p>\t\t\t\t\t\t\t\t<\/div>\n\t\t\t\t<\/div>\n\t\t\t\t\t<\/div>\n\t\t<\/div>\n\t\t\t\t<div class=\"elementor-column elementor-col-50 elementor-inner-column elementor-element elementor-element-7738d4e\" data-id=\"7738d4e\" data-element_type=\"column\" data-e-type=\"column\">\n\t\t\t<div class=\"elementor-widget-wrap elementor-element-populated\">\n\t\t\t\t\t\t<div class=\"elementor-element elementor-element-59e4e24 elementor-widget elementor-widget-heading\" data-id=\"59e4e24\" data-element_type=\"widget\" data-e-type=\"widget\" data-widget_type=\"heading.default\">\n\t\t\t\t<div class=\"elementor-widget-container\">\n\t\t\t\t\t<h2 class=\"elementor-heading-title elementor-size-default\">Evaluaci\u00f3n organol\u00e9ptica del caf\u00e9<\/h2>\t\t\t\t<\/div>\n\t\t\t\t<\/div>\n\t\t\t\t<div class=\"elementor-element elementor-element-21ea261 elementor-widget-divider--view-line elementor-widget elementor-widget-divider\" data-id=\"21ea261\" data-element_type=\"widget\" data-e-type=\"widget\" data-widget_type=\"divider.default\">\n\t\t\t\t<div class=\"elementor-widget-container\">\n\t\t\t\t\t\t\t<div class=\"elementor-divider\">\n\t\t\t<span class=\"elementor-divider-separator\">\n\t\t\t\t\t\t<\/span>\n\t\t<\/div>\n\t\t\t\t\t\t<\/div>\n\t\t\t\t<\/div>\n\t\t\t\t<div class=\"elementor-element elementor-element-e5ea2d3 elementor-widget elementor-widget-text-editor\" data-id=\"e5ea2d3\" data-element_type=\"widget\" data-e-type=\"widget\" data-widget_type=\"text-editor.default\">\n\t\t\t\t<div class=\"elementor-widget-container\">\n\t\t\t\t\t\t\t\t\t<p>En la evaluaci\u00f3n organol\u00e9ptica creamos los perfiles, validamos los que ya est\u00e1n definidos y le damos el valor descriptivo que cada caf\u00e9 merece contando siempre con un panel de catadores amplio entre los que se encuentran varios Q Grader. Tambi\u00e9n haciendo un idioma reconocible gracias a herramientas como nuestra rueda de descriptores.<\/p>\t\t\t\t\t\t\t\t<\/div>\n\t\t\t\t<\/div>\n\t\t\t\t\t<\/div>\n\t\t<\/div>\n\t\t\t\t\t<\/div>\n\t\t<\/section>\n\t\t\t\t\t<\/div>\n\t\t<\/div>\n\t\t\t\t\t<\/div>\n\t\t<\/section>\n\t\t\t\t<\/div>\n\t\t","protected":false},"excerpt":{"rendered":"<p>Calidad en Cada Grano: Conoce Nuestro Laboratorio de Evaluaci\u00f3n de Caf\u00e9 El Laboratorio de control de calidad tambi\u00e9n conocido como QLab es el coraz\u00f3n de cualquier negocio enfocado a los caf\u00e9s de alta calidad. En \u00e9l todos nuestros caf\u00e9s son analizados, calificados y validados en sus distintas fases, que van desde la cosecha a los [&hellip;]<\/p>\n","protected":false},"author":3,"featured_media":0,"parent":0,"menu_order":0,"comment_status":"closed","ping_status":"closed","template":"","meta":{"_acf_changed":false,"footnotes":""},"class_list":["post-116956","page","type-page","status-publish","hentry"],"acf":[],"yoast_head":"<!-- This site is optimized with the Yoast SEO plugin v27.4 - https:\/\/yoast.com\/product\/yoast-seo-wordpress\/ -->\n<title>Nuestro Laboratorio de calidad y evaluaci\u00f3n de Caf\u00e9 - Mare Terra Coffee<\/title>\n<meta name=\"description\" content=\"Descubre nuestro laboratorio de calidad y evaluaci\u00f3n en caf\u00e9 verde y conoce c\u00f3mo garantizamos la excelencia en cada grano.\" \/>\n<meta name=\"robots\" content=\"index, follow, max-snippet:-1, max-image-preview:large, max-video-preview:-1\" \/>\n<link rel=\"canonical\" href=\"https:\/\/mareterracoffee.com\/es\/laboratorio-calidad-cafe-verde\/\" \/>\n<meta property=\"og:locale\" content=\"es_ES\" \/>\n<meta property=\"og:type\" content=\"article\" \/>\n<meta property=\"og:title\" content=\"Nuestro Laboratorio de calidad y evaluaci\u00f3n de Caf\u00e9 - Mare Terra Coffee\" \/>\n<meta property=\"og:description\" content=\"Descubre nuestro laboratorio de calidad y evaluaci\u00f3n en caf\u00e9 verde y conoce c\u00f3mo garantizamos la excelencia en cada grano.\" \/>\n<meta property=\"og:url\" content=\"https:\/\/mareterracoffee.com\/es\/laboratorio-calidad-cafe-verde\/\" \/>\n<meta property=\"og:site_name\" content=\"Mare Terra Coffee\" \/>\n<meta property=\"article:modified_time\" content=\"2023-06-22T07:59:17+00:00\" \/>\n<meta property=\"og:image\" content=\"https:\/\/mareterracoffee.com\/wp-content\/uploads\/2023\/06\/mareterra-qlab.png\" \/>\n<meta name=\"twitter:card\" content=\"summary_large_image\" \/>\n<meta name=\"twitter:label1\" content=\"Tiempo de lectura\" \/>\n\t<meta name=\"twitter:data1\" content=\"2 minutos\" \/>\n<script type=\"application\/ld+json\" class=\"yoast-schema-graph\">{\"@context\":\"https:\\\/\\\/schema.org\",\"@graph\":[{\"@type\":\"WebPage\",\"@id\":\"https:\\\/\\\/mareterracoffee.com\\\/es\\\/laboratorio-calidad-cafe-verde\\\/\",\"url\":\"https:\\\/\\\/mareterracoffee.com\\\/es\\\/laboratorio-calidad-cafe-verde\\\/\",\"name\":\"Nuestro Laboratorio de calidad y evaluaci\u00f3n de Caf\u00e9 - Mare Terra Coffee\",\"isPartOf\":{\"@id\":\"https:\\\/\\\/mareterracoffee.com\\\/es\\\/#website\"},\"primaryImageOfPage\":{\"@id\":\"https:\\\/\\\/mareterracoffee.com\\\/es\\\/laboratorio-calidad-cafe-verde\\\/#primaryimage\"},\"image\":{\"@id\":\"https:\\\/\\\/mareterracoffee.com\\\/es\\\/laboratorio-calidad-cafe-verde\\\/#primaryimage\"},\"thumbnailUrl\":\"https:\\\/\\\/mareterracoffee.com\\\/wp-content\\\/uploads\\\/2023\\\/06\\\/mareterra-qlab.png\",\"datePublished\":\"2023-06-14T11:23:54+00:00\",\"dateModified\":\"2023-06-22T07:59:17+00:00\",\"description\":\"Descubre nuestro laboratorio de calidad y evaluaci\u00f3n en caf\u00e9 verde y conoce c\u00f3mo garantizamos la excelencia en cada grano.\",\"breadcrumb\":{\"@id\":\"https:\\\/\\\/mareterracoffee.com\\\/es\\\/laboratorio-calidad-cafe-verde\\\/#breadcrumb\"},\"inLanguage\":\"es\",\"potentialAction\":[{\"@type\":\"ReadAction\",\"target\":[\"https:\\\/\\\/mareterracoffee.com\\\/es\\\/laboratorio-calidad-cafe-verde\\\/\"]}]},{\"@type\":\"ImageObject\",\"inLanguage\":\"es\",\"@id\":\"https:\\\/\\\/mareterracoffee.com\\\/es\\\/laboratorio-calidad-cafe-verde\\\/#primaryimage\",\"url\":\"https:\\\/\\\/mareterracoffee.com\\\/wp-content\\\/uploads\\\/2023\\\/06\\\/mareterra-qlab.png\",\"contentUrl\":\"https:\\\/\\\/mareterracoffee.com\\\/wp-content\\\/uploads\\\/2023\\\/06\\\/mareterra-qlab.png\"},{\"@type\":\"BreadcrumbList\",\"@id\":\"https:\\\/\\\/mareterracoffee.com\\\/es\\\/laboratorio-calidad-cafe-verde\\\/#breadcrumb\",\"itemListElement\":[{\"@type\":\"ListItem\",\"position\":1,\"name\":\"Portada\",\"item\":\"https:\\\/\\\/mareterracoffee.com\\\/es\\\/\"},{\"@type\":\"ListItem\",\"position\":2,\"name\":\"Nuestro Laboratorio de calidad y evaluaci\u00f3n de Caf\u00e9\"}]},{\"@type\":\"WebSite\",\"@id\":\"https:\\\/\\\/mareterracoffee.com\\\/es\\\/#website\",\"url\":\"https:\\\/\\\/mareterracoffee.com\\\/es\\\/\",\"name\":\"Mare Terra Coffee\",\"description\":\"Importador \\\/ Exportador de Caf\u00e9 verde\",\"publisher\":{\"@id\":\"https:\\\/\\\/mareterracoffee.com\\\/es\\\/#organization\"},\"potentialAction\":[{\"@type\":\"SearchAction\",\"target\":{\"@type\":\"EntryPoint\",\"urlTemplate\":\"https:\\\/\\\/mareterracoffee.com\\\/es\\\/?s={search_term_string}\"},\"query-input\":{\"@type\":\"PropertyValueSpecification\",\"valueRequired\":true,\"valueName\":\"search_term_string\"}}],\"inLanguage\":\"es\"},{\"@type\":\"Organization\",\"@id\":\"https:\\\/\\\/mareterracoffee.com\\\/es\\\/#organization\",\"name\":\"Mare Terra Coffee\",\"url\":\"https:\\\/\\\/mareterracoffee.com\\\/es\\\/\",\"logo\":{\"@type\":\"ImageObject\",\"inLanguage\":\"es\",\"@id\":\"https:\\\/\\\/mareterracoffee.com\\\/es\\\/#\\\/schema\\\/logo\\\/image\\\/\",\"url\":\"https:\\\/\\\/mareterracoffee.com\\\/wp-content\\\/uploads\\\/2023\\\/06\\\/marre-terra-1.svg\",\"contentUrl\":\"https:\\\/\\\/mareterracoffee.com\\\/wp-content\\\/uploads\\\/2023\\\/06\\\/marre-terra-1.svg\",\"width\":229,\"height\":52,\"caption\":\"Mare Terra Coffee\"},\"image\":{\"@id\":\"https:\\\/\\\/mareterracoffee.com\\\/es\\\/#\\\/schema\\\/logo\\\/image\\\/\"}}]}<\/script>\n<!-- \/ Yoast SEO plugin. -->","yoast_head_json":{"title":"Nuestro Laboratorio de calidad y evaluaci\u00f3n de Caf\u00e9 - Mare Terra Coffee","description":"Descubre nuestro laboratorio de calidad y evaluaci\u00f3n en caf\u00e9 verde y conoce c\u00f3mo garantizamos la excelencia en cada grano.","robots":{"index":"index","follow":"follow","max-snippet":"max-snippet:-1","max-image-preview":"max-image-preview:large","max-video-preview":"max-video-preview:-1"},"canonical":"https:\/\/mareterracoffee.com\/es\/laboratorio-calidad-cafe-verde\/","og_locale":"es_ES","og_type":"article","og_title":"Nuestro Laboratorio de calidad y evaluaci\u00f3n de Caf\u00e9 - Mare Terra Coffee","og_description":"Descubre nuestro laboratorio de calidad y evaluaci\u00f3n en caf\u00e9 verde y conoce c\u00f3mo garantizamos la excelencia en cada grano.","og_url":"https:\/\/mareterracoffee.com\/es\/laboratorio-calidad-cafe-verde\/","og_site_name":"Mare Terra Coffee","article_modified_time":"2023-06-22T07:59:17+00:00","og_image":[{"url":"https:\/\/mareterracoffee.com\/wp-content\/uploads\/2023\/06\/mareterra-qlab.png","type":"","width":"","height":""}],"twitter_card":"summary_large_image","twitter_misc":{"Tiempo de lectura":"2 minutos"},"schema":{"@context":"https:\/\/schema.org","@graph":[{"@type":"WebPage","@id":"https:\/\/mareterracoffee.com\/es\/laboratorio-calidad-cafe-verde\/","url":"https:\/\/mareterracoffee.com\/es\/laboratorio-calidad-cafe-verde\/","name":"Nuestro Laboratorio de calidad y evaluaci\u00f3n de Caf\u00e9 - Mare Terra Coffee","isPartOf":{"@id":"https:\/\/mareterracoffee.com\/es\/#website"},"primaryImageOfPage":{"@id":"https:\/\/mareterracoffee.com\/es\/laboratorio-calidad-cafe-verde\/#primaryimage"},"image":{"@id":"https:\/\/mareterracoffee.com\/es\/laboratorio-calidad-cafe-verde\/#primaryimage"},"thumbnailUrl":"https:\/\/mareterracoffee.com\/wp-content\/uploads\/2023\/06\/mareterra-qlab.png","datePublished":"2023-06-14T11:23:54+00:00","dateModified":"2023-06-22T07:59:17+00:00","description":"Descubre nuestro laboratorio de calidad y evaluaci\u00f3n en caf\u00e9 verde y conoce c\u00f3mo garantizamos la excelencia en cada grano.","breadcrumb":{"@id":"https:\/\/mareterracoffee.com\/es\/laboratorio-calidad-cafe-verde\/#breadcrumb"},"inLanguage":"es","potentialAction":[{"@type":"ReadAction","target":["https:\/\/mareterracoffee.com\/es\/laboratorio-calidad-cafe-verde\/"]}]},{"@type":"ImageObject","inLanguage":"es","@id":"https:\/\/mareterracoffee.com\/es\/laboratorio-calidad-cafe-verde\/#primaryimage","url":"https:\/\/mareterracoffee.com\/wp-content\/uploads\/2023\/06\/mareterra-qlab.png","contentUrl":"https:\/\/mareterracoffee.com\/wp-content\/uploads\/2023\/06\/mareterra-qlab.png"},{"@type":"BreadcrumbList","@id":"https:\/\/mareterracoffee.com\/es\/laboratorio-calidad-cafe-verde\/#breadcrumb","itemListElement":[{"@type":"ListItem","position":1,"name":"Portada","item":"https:\/\/mareterracoffee.com\/es\/"},{"@type":"ListItem","position":2,"name":"Nuestro Laboratorio de calidad y evaluaci\u00f3n de Caf\u00e9"}]},{"@type":"WebSite","@id":"https:\/\/mareterracoffee.com\/es\/#website","url":"https:\/\/mareterracoffee.com\/es\/","name":"Mare Terra Coffee","description":"Importador \/ Exportador de Caf\u00e9 verde","publisher":{"@id":"https:\/\/mareterracoffee.com\/es\/#organization"},"potentialAction":[{"@type":"SearchAction","target":{"@type":"EntryPoint","urlTemplate":"https:\/\/mareterracoffee.com\/es\/?s={search_term_string}"},"query-input":{"@type":"PropertyValueSpecification","valueRequired":true,"valueName":"search_term_string"}}],"inLanguage":"es"},{"@type":"Organization","@id":"https:\/\/mareterracoffee.com\/es\/#organization","name":"Mare Terra Coffee","url":"https:\/\/mareterracoffee.com\/es\/","logo":{"@type":"ImageObject","inLanguage":"es","@id":"https:\/\/mareterracoffee.com\/es\/#\/schema\/logo\/image\/","url":"https:\/\/mareterracoffee.com\/wp-content\/uploads\/2023\/06\/marre-terra-1.svg","contentUrl":"https:\/\/mareterracoffee.com\/wp-content\/uploads\/2023\/06\/marre-terra-1.svg","width":229,"height":52,"caption":"Mare Terra Coffee"},"image":{"@id":"https:\/\/mareterracoffee.com\/es\/#\/schema\/logo\/image\/"}}]}},"_links":{"self":[{"href":"https:\/\/mareterracoffee.com\/es\/wp-json\/wp\/v2\/pages\/116956","targetHints":{"allow":["GET"]}}],"collection":[{"href":"https:\/\/mareterracoffee.com\/es\/wp-json\/wp\/v2\/pages"}],"about":[{"href":"https:\/\/mareterracoffee.com\/es\/wp-json\/wp\/v2\/types\/page"}],"author":[{"embeddable":true,"href":"https:\/\/mareterracoffee.com\/es\/wp-json\/wp\/v2\/users\/3"}],"replies":[{"embeddable":true,"href":"https:\/\/mareterracoffee.com\/es\/wp-json\/wp\/v2\/comments?post=116956"}],"version-history":[{"count":4,"href":"https:\/\/mareterracoffee.com\/es\/wp-json\/wp\/v2\/pages\/116956\/revisions"}],"predecessor-version":[{"id":120947,"href":"https:\/\/mareterracoffee.com\/es\/wp-json\/wp\/v2\/pages\/116956\/revisions\/120947"}],"wp:attachment":[{"href":"https:\/\/mareterracoffee.com\/es\/wp-json\/wp\/v2\/media?parent=116956"}],"curies":[{"name":"wp","href":"https:\/\/api.w.org\/{rel}","templated":true}]}}