{"id":116958,"date":"2023-06-26T10:23:54","date_gmt":"2023-06-26T08:23:54","guid":{"rendered":"https:\/\/mareterracoffee.com\/?page_id=116958"},"modified":"2024-10-09T13:40:40","modified_gmt":"2024-10-09T11:40:40","slug":"institute-formacion-cafetera","status":"publish","type":"page","link":"https:\/\/mareterracoffee.com\/es\/institute-formacion-cafetera\/","title":{"rendered":"MTC Institute, especialistas en formaci\u00f3n cafetera"},"content":{"rendered":"\t\t<div data-elementor-type=\"wp-page\" data-elementor-id=\"116958\" class=\"elementor elementor-116958\" data-elementor-post-type=\"page\">\n\t\t\t\t\t\t<section class=\"elementor-section elementor-top-section elementor-element elementor-element-21b9f51 elementor-section-full_width elementor-reverse-mobile elementor-section-height-min-height elementor-section-items-bottom elementor-section-height-default\" data-id=\"21b9f51\" data-element_type=\"section\" data-e-type=\"section\" data-settings=\"{&quot;background_background&quot;:&quot;classic&quot;}\">\n\t\t\t\t\t\t\t<div class=\"elementor-background-overlay\"><\/div>\n\t\t\t\t\t\t\t<div class=\"elementor-container elementor-column-gap-default\">\n\t\t\t\t\t<div class=\"elementor-column elementor-col-100 elementor-top-column elementor-element elementor-element-388aad8\" data-id=\"388aad8\" data-element_type=\"column\" data-e-type=\"column\" data-settings=\"{&quot;background_background&quot;:&quot;classic&quot;}\">\n\t\t\t<div class=\"elementor-widget-wrap elementor-element-populated\">\n\t\t\t\t\t\t<div class=\"elementor-element elementor-element-fa2f745 elementor-widget elementor-widget-heading\" data-id=\"fa2f745\" data-element_type=\"widget\" data-e-type=\"widget\" data-widget_type=\"heading.default\">\n\t\t\t\t<div class=\"elementor-widget-container\">\n\t\t\t\t\t<h1 class=\"elementor-heading-title elementor-size-default\">Fomentamos la cultura cafetera a trav\u00e9s de la formaci\u00f3n de toda la cadena<\/h1>\t\t\t\t<\/div>\n\t\t\t\t<\/div>\n\t\t\t\t\t<\/div>\n\t\t<\/div>\n\t\t\t\t\t<\/div>\n\t\t<\/section>\n\t\t\t\t<section class=\"elementor-section elementor-top-section elementor-element elementor-element-5d8afae elementor-section-full_width elementor-section-height-default elementor-section-height-default\" data-id=\"5d8afae\" data-element_type=\"section\" data-e-type=\"section\" data-settings=\"{&quot;background_background&quot;:&quot;classic&quot;,&quot;background_motion_fx_motion_fx_mouse&quot;:&quot;yes&quot;,&quot;animation&quot;:&quot;none&quot;}\">\n\t\t\t\t\t\t<div class=\"elementor-container elementor-column-gap-default\">\n\t\t\t\t\t<div class=\"elementor-column elementor-col-50 elementor-top-column elementor-element elementor-element-925d2ff\" data-id=\"925d2ff\" data-element_type=\"column\" data-e-type=\"column\">\n\t\t\t<div class=\"elementor-widget-wrap elementor-element-populated\">\n\t\t\t\t\t\t<div class=\"elementor-element elementor-element-23bcb1d elementor-widget elementor-widget-image\" data-id=\"23bcb1d\" data-element_type=\"widget\" data-e-type=\"widget\" data-widget_type=\"image.default\">\n\t\t\t\t<div class=\"elementor-widget-container\">\n\t\t\t\t\t\t\t\t\t\t\t\t\t\t\t<img fetchpriority=\"high\" decoding=\"async\" width=\"693\" height=\"577\" src=\"https:\/\/mareterracoffee.com\/wp-content\/uploads\/2024\/10\/Group-17306.png\" class=\"attachment-full size-full wp-image-140448\" alt=\"\" srcset=\"https:\/\/mareterracoffee.com\/wp-content\/uploads\/2024\/10\/Group-17306.png 693w, https:\/\/mareterracoffee.com\/wp-content\/uploads\/2024\/10\/Group-17306-300x250.png 300w, https:\/\/mareterracoffee.com\/wp-content\/uploads\/2024\/10\/Group-17306-480x400.png 480w, https:\/\/mareterracoffee.com\/wp-content\/uploads\/2024\/10\/Group-17306-600x500.png 600w\" sizes=\"(max-width: 693px) 100vw, 693px\" \/>\t\t\t\t\t\t\t\t\t\t\t\t\t\t\t<\/div>\n\t\t\t\t<\/div>\n\t\t\t\t\t<\/div>\n\t\t<\/div>\n\t\t\t\t<div class=\"elementor-column elementor-col-50 elementor-top-column elementor-element elementor-element-f80ce29\" data-id=\"f80ce29\" data-element_type=\"column\" data-e-type=\"column\">\n\t\t\t<div class=\"elementor-widget-wrap elementor-element-populated\">\n\t\t\t\t\t\t<div class=\"elementor-element elementor-element-2e4d354 elementor-widget elementor-widget-text-editor\" data-id=\"2e4d354\" data-element_type=\"widget\" data-e-type=\"widget\" data-widget_type=\"text-editor.default\">\n\t\t\t\t<div class=\"elementor-widget-container\">\n\t\t\t\t\t\t\t\t\t<p>Mare Terra Coffee Institute<\/p>\t\t\t\t\t\t\t\t<\/div>\n\t\t\t\t<\/div>\n\t\t\t\t<div class=\"elementor-element elementor-element-8ccee4c elementor-widget elementor-widget-heading\" data-id=\"8ccee4c\" data-element_type=\"widget\" data-e-type=\"widget\" data-widget_type=\"heading.default\">\n\t\t\t\t<div class=\"elementor-widget-container\">\n\t\t\t\t\t<h2 class=\"elementor-heading-title elementor-size-default\">Formaci\u00f3n Cafetera de Excelencia<\/h2>\t\t\t\t<\/div>\n\t\t\t\t<\/div>\n\t\t\t\t<div class=\"elementor-element elementor-element-2ac6eea elementor-widget elementor-widget-text-editor\" data-id=\"2ac6eea\" data-element_type=\"widget\" data-e-type=\"widget\" data-widget_type=\"text-editor.default\">\n\t\t\t\t<div class=\"elementor-widget-container\">\n\t\t\t\t\t\t\t\t\t<p>Mare Terra Coffee Institute es una escuela internacional con m\u00e1s de 15 a\u00f1os de experiencia en la educaci\u00f3n de toda la cadena cafetera y con la confianza de m\u00e1s de 1800 alumnos que han avalado las diferentes formaciones regladas que realizamos. Nuestro principal secreto es contar con una parte te\u00f3rica para explicar correctamente las herramientas y t\u00e9cnicas en todas las disciplinas, y una parte pr\u00e1ctica en la que contamos con las mejores marcas y modelos de nuestros partners.<\/p>\t\t\t\t\t\t\t\t<\/div>\n\t\t\t\t<\/div>\n\t\t\t\t<div class=\"elementor-element elementor-element-b475bab elementor-mobile-align-left elementor-align-left elementor-widget elementor-widget-button\" data-id=\"b475bab\" data-element_type=\"widget\" data-e-type=\"widget\" data-widget_type=\"button.default\">\n\t\t\t\t<div class=\"elementor-widget-container\">\n\t\t\t\t\t\t\t\t\t<div class=\"elementor-button-wrapper\">\n\t\t\t\t\t<a class=\"elementor-button elementor-button-link elementor-size-sm\" href=\"https:\/\/mareterracoffeeinstitute.com\/\" target=\"_blank\">\n\t\t\t\t\t\t<span class=\"elementor-button-content-wrapper\">\n\t\t\t\t\t\t\t\t\t<span class=\"elementor-button-text\">Descubre m\u00e1s<\/span>\n\t\t\t\t\t<\/span>\n\t\t\t\t\t<\/a>\n\t\t\t\t<\/div>\n\t\t\t\t\t\t\t\t<\/div>\n\t\t\t\t<\/div>\n\t\t\t\t\t<\/div>\n\t\t<\/div>\n\t\t\t\t\t<\/div>\n\t\t<\/section>\n\t\t\t\t<section class=\"elementor-section elementor-top-section elementor-element elementor-element-904cfca elementor-section-full_width elementor-reverse-mobile elementor-section-height-default elementor-section-height-default\" data-id=\"904cfca\" data-element_type=\"section\" data-e-type=\"section\" data-settings=\"{&quot;background_background&quot;:&quot;classic&quot;,&quot;background_motion_fx_motion_fx_mouse&quot;:&quot;yes&quot;,&quot;animation&quot;:&quot;none&quot;}\">\n\t\t\t\t\t\t<div class=\"elementor-container elementor-column-gap-default\">\n\t\t\t\t\t<div class=\"elementor-column elementor-col-50 elementor-top-column elementor-element elementor-element-3ff213f\" data-id=\"3ff213f\" data-element_type=\"column\" data-e-type=\"column\">\n\t\t\t<div class=\"elementor-widget-wrap elementor-element-populated\">\n\t\t\t\t\t\t<div class=\"elementor-element elementor-element-838a230 elementor-widget elementor-widget-heading\" data-id=\"838a230\" data-element_type=\"widget\" data-e-type=\"widget\" data-widget_type=\"heading.default\">\n\t\t\t\t<div class=\"elementor-widget-container\">\n\t\t\t\t\t<h3 class=\"elementor-heading-title elementor-size-default\">Especialistas en formaci\u00f3n cafetera de calidad<\/h3>\t\t\t\t<\/div>\n\t\t\t\t<\/div>\n\t\t\t\t<div class=\"elementor-element elementor-element-afa4bf4 elementor-widget-divider--view-line elementor-widget elementor-widget-divider\" data-id=\"afa4bf4\" data-element_type=\"widget\" data-e-type=\"widget\" data-widget_type=\"divider.default\">\n\t\t\t\t<div class=\"elementor-widget-container\">\n\t\t\t\t\t\t\t<div class=\"elementor-divider\">\n\t\t\t<span class=\"elementor-divider-separator\">\n\t\t\t\t\t\t<\/span>\n\t\t<\/div>\n\t\t\t\t\t\t<\/div>\n\t\t\t\t<\/div>\n\t\t\t\t<div class=\"elementor-element elementor-element-579e14f elementor-align-start elementor-icon-list--layout-traditional elementor-list-item-link-full_width elementor-widget elementor-widget-icon-list\" data-id=\"579e14f\" data-element_type=\"widget\" data-e-type=\"widget\" data-widget_type=\"icon-list.default\">\n\t\t\t\t<div class=\"elementor-widget-container\">\n\t\t\t\t\t\t\t<ul class=\"elementor-icon-list-items\">\n\t\t\t\t\t\t\t<li class=\"elementor-icon-list-item\">\n\t\t\t\t\t\t\t\t\t\t\t<span class=\"elementor-icon-list-icon\">\n\t\t\t\t\t\t\t<i aria-hidden=\"true\" class=\"fas fa-arrow-right\"><\/i>\t\t\t\t\t\t<\/span>\n\t\t\t\t\t\t\t\t\t\t<span class=\"elementor-icon-list-text\">M\u00e1s de 15 a\u00f1os de experiencia<\/span>\n\t\t\t\t\t\t\t\t\t<\/li>\n\t\t\t\t\t\t\t\t<li class=\"elementor-icon-list-item\">\n\t\t\t\t\t\t\t\t\t\t\t<span class=\"elementor-icon-list-icon\">\n\t\t\t\t\t\t\t<i aria-hidden=\"true\" class=\"fas fa-arrow-right\"><\/i>\t\t\t\t\t\t<\/span>\n\t\t\t\t\t\t\t\t\t\t<span class=\"elementor-icon-list-text\">Profesorado de primer nivel<\/span>\n\t\t\t\t\t\t\t\t\t<\/li>\n\t\t\t\t\t\t\t\t<li class=\"elementor-icon-list-item\">\n\t\t\t\t\t\t\t\t\t\t\t<span class=\"elementor-icon-list-icon\">\n\t\t\t\t\t\t\t<i aria-hidden=\"true\" class=\"fas fa-arrow-right\"><\/i>\t\t\t\t\t\t<\/span>\n\t\t\t\t\t\t\t\t\t\t<span class=\"elementor-icon-list-text\">La investigaci\u00f3n, la innovaci\u00f3n y el desarrollo son nuestros motores<\/span>\n\t\t\t\t\t\t\t\t\t<\/li>\n\t\t\t\t\t\t\t\t<li class=\"elementor-icon-list-item\">\n\t\t\t\t\t\t\t\t\t\t\t<span class=\"elementor-icon-list-icon\">\n\t\t\t\t\t\t\t<i aria-hidden=\"true\" class=\"fas fa-arrow-right\"><\/i>\t\t\t\t\t\t<\/span>\n\t\t\t\t\t\t\t\t\t\t<span class=\"elementor-icon-list-text\">Bolsa de empleo para alumnos<\/span>\n\t\t\t\t\t\t\t\t\t<\/li>\n\t\t\t\t\t\t\t\t<li class=\"elementor-icon-list-item\">\n\t\t\t\t\t\t\t\t\t\t\t<span class=\"elementor-icon-list-icon\">\n\t\t\t\t\t\t\t<i aria-hidden=\"true\" class=\"fas fa-arrow-right\"><\/i>\t\t\t\t\t\t<\/span>\n\t\t\t\t\t\t\t\t\t\t<span class=\"elementor-icon-list-text\">Situaci\u00f3n privilegiada en la Universidad Polit\u00e9cnica de Catalu\u00f1a<\/span>\n\t\t\t\t\t\t\t\t\t<\/li>\n\t\t\t\t\t\t\t\t<li class=\"elementor-icon-list-item\">\n\t\t\t\t\t\t\t\t\t\t\t<span class=\"elementor-icon-list-icon\">\n\t\t\t\t\t\t\t<i aria-hidden=\"true\" class=\"fas fa-arrow-right\"><\/i>\t\t\t\t\t\t<\/span>\n\t\t\t\t\t\t\t\t\t\t<span class=\"elementor-icon-list-text\">Instalaciones certificadas como SCA Premier Training Campus<\/span>\n\t\t\t\t\t\t\t\t\t<\/li>\n\t\t\t\t\t\t\t\t<li class=\"elementor-icon-list-item\">\n\t\t\t\t\t\t\t\t\t\t\t<span class=\"elementor-icon-list-icon\">\n\t\t\t\t\t\t\t<i aria-hidden=\"true\" class=\"fas fa-arrow-right\"><\/i>\t\t\t\t\t\t<\/span>\n\t\t\t\t\t\t\t\t\t\t<span class=\"elementor-icon-list-text\">Pr\u00e1cticas individualizadas para cada formaci\u00f3n<\/span>\n\t\t\t\t\t\t\t\t\t<\/li>\n\t\t\t\t\t\t<\/ul>\n\t\t\t\t\t\t<\/div>\n\t\t\t\t<\/div>\n\t\t\t\t\t<\/div>\n\t\t<\/div>\n\t\t\t\t<div class=\"elementor-column elementor-col-50 elementor-top-column elementor-element elementor-element-7af32dd\" data-id=\"7af32dd\" data-element_type=\"column\" data-e-type=\"column\">\n\t\t\t<div class=\"elementor-widget-wrap elementor-element-populated\">\n\t\t\t\t\t\t<div class=\"elementor-element elementor-element-be4a48a elementor-widget elementor-widget-image\" data-id=\"be4a48a\" data-element_type=\"widget\" data-e-type=\"widget\" data-widget_type=\"image.default\">\n\t\t\t\t<div class=\"elementor-widget-container\">\n\t\t\t\t\t\t\t\t\t\t\t\t\t\t\t<img decoding=\"async\" width=\"1000\" height=\"852\" src=\"https:\/\/mareterracoffee.com\/wp-content\/uploads\/2023\/06\/MareTerraInstitute-green.png\" class=\"attachment-full size-full wp-image-121088\" alt=\"\" srcset=\"https:\/\/mareterracoffee.com\/wp-content\/uploads\/2023\/06\/MareTerraInstitute-green.png 1000w, https:\/\/mareterracoffee.com\/wp-content\/uploads\/2023\/06\/MareTerraInstitute-green-300x256.png 300w, https:\/\/mareterracoffee.com\/wp-content\/uploads\/2023\/06\/MareTerraInstitute-green-768x654.png 768w, https:\/\/mareterracoffee.com\/wp-content\/uploads\/2023\/06\/MareTerraInstitute-green-600x511.png 600w\" sizes=\"(max-width: 1000px) 100vw, 1000px\" \/>\t\t\t\t\t\t\t\t\t\t\t\t\t\t\t<\/div>\n\t\t\t\t<\/div>\n\t\t\t\t\t<\/div>\n\t\t<\/div>\n\t\t\t\t\t<\/div>\n\t\t<\/section>\n\t\t\t\t<section class=\"elementor-section elementor-top-section elementor-element elementor-element-2fdb0ca elementor-section-full_width elementor-section-height-default elementor-section-height-default\" data-id=\"2fdb0ca\" data-element_type=\"section\" data-e-type=\"section\" data-settings=\"{&quot;background_background&quot;:&quot;classic&quot;,&quot;background_motion_fx_motion_fx_mouse&quot;:&quot;yes&quot;,&quot;animation&quot;:&quot;none&quot;}\">\n\t\t\t\t\t\t<div class=\"elementor-container elementor-column-gap-default\">\n\t\t\t\t\t<div class=\"elementor-column elementor-col-100 elementor-top-column elementor-element elementor-element-c3628fa\" data-id=\"c3628fa\" data-element_type=\"column\" data-e-type=\"column\">\n\t\t\t<div class=\"elementor-widget-wrap elementor-element-populated\">\n\t\t\t\t\t\t<div class=\"elementor-element elementor-element-88657db elementor-widget elementor-widget-heading\" data-id=\"88657db\" data-element_type=\"widget\" data-e-type=\"widget\" data-widget_type=\"heading.default\">\n\t\t\t\t<div class=\"elementor-widget-container\">\n\t\t\t\t\t<h4 class=\"elementor-heading-title elementor-size-default\">\u00a1Convi\u00e9rtete en un experto cafetero!<\/h4>\t\t\t\t<\/div>\n\t\t\t\t<\/div>\n\t\t\t\t<div class=\"elementor-element elementor-element-2018ca4 elementor-widget elementor-widget-text-editor\" data-id=\"2018ca4\" data-element_type=\"widget\" data-e-type=\"widget\" data-widget_type=\"text-editor.default\">\n\t\t\t\t<div class=\"elementor-widget-container\">\n\t\t\t\t\t\t\t\t\t<p>Descubre Mare Terra Coffee Institute y despierta tu pasi\u00f3n por el caf\u00e9.<\/p>\t\t\t\t\t\t\t\t<\/div>\n\t\t\t\t<\/div>\n\t\t\t\t<div class=\"elementor-element elementor-element-c2b4869 elementor-mobile-align-center elementor-align-center elementor-widget elementor-widget-button\" data-id=\"c2b4869\" data-element_type=\"widget\" data-e-type=\"widget\" data-widget_type=\"button.default\">\n\t\t\t\t<div class=\"elementor-widget-container\">\n\t\t\t\t\t\t\t\t\t<div class=\"elementor-button-wrapper\">\n\t\t\t\t\t<a class=\"elementor-button elementor-button-link elementor-size-sm\" href=\"https:\/\/mareterracoffeeinstitute.com\/\" target=\"_blank\">\n\t\t\t\t\t\t<span class=\"elementor-button-content-wrapper\">\n\t\t\t\t\t\t\t\t\t<span class=\"elementor-button-text\">Saber m\u00e1s<\/span>\n\t\t\t\t\t<\/span>\n\t\t\t\t\t<\/a>\n\t\t\t\t<\/div>\n\t\t\t\t\t\t\t\t<\/div>\n\t\t\t\t<\/div>\n\t\t\t\t\t<\/div>\n\t\t<\/div>\n\t\t\t\t\t<\/div>\n\t\t<\/section>\n\t\t\t\t<\/div>\n\t\t","protected":false},"excerpt":{"rendered":"<p>Fomentamos la cultura cafetera a trav\u00e9s de la formaci\u00f3n de toda la cadena Mare Terra Coffee Institute Formaci\u00f3n Cafetera de Excelencia Mare Terra Coffee Institute es una escuela internacional con m\u00e1s de 15 a\u00f1os de experiencia en la educaci\u00f3n de toda la cadena cafetera y con la confianza de m\u00e1s de 1800 alumnos que han [&hellip;]<\/p>\n","protected":false},"author":3,"featured_media":0,"parent":0,"menu_order":0,"comment_status":"closed","ping_status":"closed","template":"","meta":{"_acf_changed":false,"footnotes":""},"class_list":["post-116958","page","type-page","status-publish","hentry"],"acf":[],"yoast_head":"<!-- This site is optimized with the Yoast SEO plugin v27.2 - https:\/\/yoast.com\/product\/yoast-seo-wordpress\/ -->\n<title>MTC Institute, especialistas en formaci\u00f3n cafetera - Mare Terra Coffee<\/title>\n<meta name=\"description\" content=\"Impulsa tu pasi\u00f3n por el caf\u00e9 con nuestra formaci\u00f3n cafetera de calidad. Desarrolla tus conocimientos con Mare Terra Coffee Institute\" \/>\n<meta name=\"robots\" content=\"index, follow, max-snippet:-1, max-image-preview:large, max-video-preview:-1\" \/>\n<link rel=\"canonical\" href=\"https:\/\/mareterracoffee.com\/es\/institute-formacion-cafetera\/\" \/>\n<meta property=\"og:locale\" content=\"es_ES\" \/>\n<meta property=\"og:type\" content=\"article\" \/>\n<meta property=\"og:title\" content=\"MTC Institute, especialistas en formaci\u00f3n cafetera - Mare Terra Coffee\" \/>\n<meta property=\"og:description\" content=\"Impulsa tu pasi\u00f3n por el caf\u00e9 con nuestra formaci\u00f3n cafetera de calidad. Desarrolla tus conocimientos con Mare Terra Coffee Institute\" \/>\n<meta property=\"og:url\" content=\"https:\/\/mareterracoffee.com\/es\/institute-formacion-cafetera\/\" \/>\n<meta property=\"og:site_name\" content=\"Mare Terra Coffee\" \/>\n<meta property=\"article:modified_time\" content=\"2024-10-09T11:40:40+00:00\" \/>\n<meta property=\"og:image\" content=\"https:\/\/mareterracoffee.com\/wp-content\/uploads\/2024\/10\/Group-17306.png\" \/>\n<meta name=\"twitter:card\" content=\"summary_large_image\" \/>\n<meta name=\"twitter:label1\" content=\"Tiempo de lectura\" \/>\n\t<meta name=\"twitter:data1\" content=\"2 minutos\" \/>\n<script type=\"application\/ld+json\" class=\"yoast-schema-graph\">{\"@context\":\"https:\/\/schema.org\",\"@graph\":[{\"@type\":\"WebPage\",\"@id\":\"https:\/\/mareterracoffee.com\/es\/institute-formacion-cafetera\/\",\"url\":\"https:\/\/mareterracoffee.com\/es\/institute-formacion-cafetera\/\",\"name\":\"MTC Institute, especialistas en formaci\u00f3n cafetera - Mare Terra Coffee\",\"isPartOf\":{\"@id\":\"https:\/\/mareterracoffee.com\/es\/#website\"},\"primaryImageOfPage\":{\"@id\":\"https:\/\/mareterracoffee.com\/es\/institute-formacion-cafetera\/#primaryimage\"},\"image\":{\"@id\":\"https:\/\/mareterracoffee.com\/es\/institute-formacion-cafetera\/#primaryimage\"},\"thumbnailUrl\":\"https:\/\/mareterracoffee.com\/wp-content\/uploads\/2024\/10\/Group-17306.png\",\"datePublished\":\"2023-06-26T08:23:54+00:00\",\"dateModified\":\"2024-10-09T11:40:40+00:00\",\"description\":\"Impulsa tu pasi\u00f3n por el caf\u00e9 con nuestra formaci\u00f3n cafetera de calidad. Desarrolla tus conocimientos con Mare Terra Coffee Institute\",\"breadcrumb\":{\"@id\":\"https:\/\/mareterracoffee.com\/es\/institute-formacion-cafetera\/#breadcrumb\"},\"inLanguage\":\"es\",\"potentialAction\":[{\"@type\":\"ReadAction\",\"target\":[\"https:\/\/mareterracoffee.com\/es\/institute-formacion-cafetera\/\"]}]},{\"@type\":\"ImageObject\",\"inLanguage\":\"es\",\"@id\":\"https:\/\/mareterracoffee.com\/es\/institute-formacion-cafetera\/#primaryimage\",\"url\":\"https:\/\/mareterracoffee.com\/wp-content\/uploads\/2024\/10\/Group-17306.png\",\"contentUrl\":\"https:\/\/mareterracoffee.com\/wp-content\/uploads\/2024\/10\/Group-17306.png\"},{\"@type\":\"BreadcrumbList\",\"@id\":\"https:\/\/mareterracoffee.com\/es\/institute-formacion-cafetera\/#breadcrumb\",\"itemListElement\":[{\"@type\":\"ListItem\",\"position\":1,\"name\":\"Portada\",\"item\":\"https:\/\/mareterracoffee.com\/es\/\"},{\"@type\":\"ListItem\",\"position\":2,\"name\":\"MTC Institute, especialistas en formaci\u00f3n cafetera\"}]},{\"@type\":\"WebSite\",\"@id\":\"https:\/\/mareterracoffee.com\/es\/#website\",\"url\":\"https:\/\/mareterracoffee.com\/es\/\",\"name\":\"Mare Terra Coffee\",\"description\":\"Importador \/ Exportador de Caf\u00e9 verde\",\"publisher\":{\"@id\":\"https:\/\/mareterracoffee.com\/es\/#organization\"},\"potentialAction\":[{\"@type\":\"SearchAction\",\"target\":{\"@type\":\"EntryPoint\",\"urlTemplate\":\"https:\/\/mareterracoffee.com\/es\/?s={search_term_string}\"},\"query-input\":{\"@type\":\"PropertyValueSpecification\",\"valueRequired\":true,\"valueName\":\"search_term_string\"}}],\"inLanguage\":\"es\"},{\"@type\":\"Organization\",\"@id\":\"https:\/\/mareterracoffee.com\/es\/#organization\",\"name\":\"Mare Terra Coffee\",\"url\":\"https:\/\/mareterracoffee.com\/es\/\",\"logo\":{\"@type\":\"ImageObject\",\"inLanguage\":\"es\",\"@id\":\"https:\/\/mareterracoffee.com\/es\/#\/schema\/logo\/image\/\",\"url\":\"https:\/\/mareterracoffee.com\/wp-content\/uploads\/2023\/06\/marre-terra-1.svg\",\"contentUrl\":\"https:\/\/mareterracoffee.com\/wp-content\/uploads\/2023\/06\/marre-terra-1.svg\",\"width\":229,\"height\":52,\"caption\":\"Mare Terra Coffee\"},\"image\":{\"@id\":\"https:\/\/mareterracoffee.com\/es\/#\/schema\/logo\/image\/\"}}]}<\/script>\n<!-- \/ Yoast SEO plugin. -->","yoast_head_json":{"title":"MTC Institute, especialistas en formaci\u00f3n cafetera - Mare Terra Coffee","description":"Impulsa tu pasi\u00f3n por el caf\u00e9 con nuestra formaci\u00f3n cafetera de calidad. Desarrolla tus conocimientos con Mare Terra Coffee Institute","robots":{"index":"index","follow":"follow","max-snippet":"max-snippet:-1","max-image-preview":"max-image-preview:large","max-video-preview":"max-video-preview:-1"},"canonical":"https:\/\/mareterracoffee.com\/es\/institute-formacion-cafetera\/","og_locale":"es_ES","og_type":"article","og_title":"MTC Institute, especialistas en formaci\u00f3n cafetera - Mare Terra Coffee","og_description":"Impulsa tu pasi\u00f3n por el caf\u00e9 con nuestra formaci\u00f3n cafetera de calidad. Desarrolla tus conocimientos con Mare Terra Coffee Institute","og_url":"https:\/\/mareterracoffee.com\/es\/institute-formacion-cafetera\/","og_site_name":"Mare Terra Coffee","article_modified_time":"2024-10-09T11:40:40+00:00","og_image":[{"url":"https:\/\/mareterracoffee.com\/wp-content\/uploads\/2024\/10\/Group-17306.png","type":"","width":"","height":""}],"twitter_card":"summary_large_image","twitter_misc":{"Tiempo de lectura":"2 minutos"},"schema":{"@context":"https:\/\/schema.org","@graph":[{"@type":"WebPage","@id":"https:\/\/mareterracoffee.com\/es\/institute-formacion-cafetera\/","url":"https:\/\/mareterracoffee.com\/es\/institute-formacion-cafetera\/","name":"MTC Institute, especialistas en formaci\u00f3n cafetera - Mare Terra Coffee","isPartOf":{"@id":"https:\/\/mareterracoffee.com\/es\/#website"},"primaryImageOfPage":{"@id":"https:\/\/mareterracoffee.com\/es\/institute-formacion-cafetera\/#primaryimage"},"image":{"@id":"https:\/\/mareterracoffee.com\/es\/institute-formacion-cafetera\/#primaryimage"},"thumbnailUrl":"https:\/\/mareterracoffee.com\/wp-content\/uploads\/2024\/10\/Group-17306.png","datePublished":"2023-06-26T08:23:54+00:00","dateModified":"2024-10-09T11:40:40+00:00","description":"Impulsa tu pasi\u00f3n por el caf\u00e9 con nuestra formaci\u00f3n cafetera de calidad. Desarrolla tus conocimientos con Mare Terra Coffee Institute","breadcrumb":{"@id":"https:\/\/mareterracoffee.com\/es\/institute-formacion-cafetera\/#breadcrumb"},"inLanguage":"es","potentialAction":[{"@type":"ReadAction","target":["https:\/\/mareterracoffee.com\/es\/institute-formacion-cafetera\/"]}]},{"@type":"ImageObject","inLanguage":"es","@id":"https:\/\/mareterracoffee.com\/es\/institute-formacion-cafetera\/#primaryimage","url":"https:\/\/mareterracoffee.com\/wp-content\/uploads\/2024\/10\/Group-17306.png","contentUrl":"https:\/\/mareterracoffee.com\/wp-content\/uploads\/2024\/10\/Group-17306.png"},{"@type":"BreadcrumbList","@id":"https:\/\/mareterracoffee.com\/es\/institute-formacion-cafetera\/#breadcrumb","itemListElement":[{"@type":"ListItem","position":1,"name":"Portada","item":"https:\/\/mareterracoffee.com\/es\/"},{"@type":"ListItem","position":2,"name":"MTC Institute, especialistas en formaci\u00f3n cafetera"}]},{"@type":"WebSite","@id":"https:\/\/mareterracoffee.com\/es\/#website","url":"https:\/\/mareterracoffee.com\/es\/","name":"Mare Terra Coffee","description":"Importador \/ Exportador de Caf\u00e9 verde","publisher":{"@id":"https:\/\/mareterracoffee.com\/es\/#organization"},"potentialAction":[{"@type":"SearchAction","target":{"@type":"EntryPoint","urlTemplate":"https:\/\/mareterracoffee.com\/es\/?s={search_term_string}"},"query-input":{"@type":"PropertyValueSpecification","valueRequired":true,"valueName":"search_term_string"}}],"inLanguage":"es"},{"@type":"Organization","@id":"https:\/\/mareterracoffee.com\/es\/#organization","name":"Mare Terra Coffee","url":"https:\/\/mareterracoffee.com\/es\/","logo":{"@type":"ImageObject","inLanguage":"es","@id":"https:\/\/mareterracoffee.com\/es\/#\/schema\/logo\/image\/","url":"https:\/\/mareterracoffee.com\/wp-content\/uploads\/2023\/06\/marre-terra-1.svg","contentUrl":"https:\/\/mareterracoffee.com\/wp-content\/uploads\/2023\/06\/marre-terra-1.svg","width":229,"height":52,"caption":"Mare Terra Coffee"},"image":{"@id":"https:\/\/mareterracoffee.com\/es\/#\/schema\/logo\/image\/"}}]}},"_links":{"self":[{"href":"https:\/\/mareterracoffee.com\/es\/wp-json\/wp\/v2\/pages\/116958","targetHints":{"allow":["GET"]}}],"collection":[{"href":"https:\/\/mareterracoffee.com\/es\/wp-json\/wp\/v2\/pages"}],"about":[{"href":"https:\/\/mareterracoffee.com\/es\/wp-json\/wp\/v2\/types\/page"}],"author":[{"embeddable":true,"href":"https:\/\/mareterracoffee.com\/es\/wp-json\/wp\/v2\/users\/3"}],"replies":[{"embeddable":true,"href":"https:\/\/mareterracoffee.com\/es\/wp-json\/wp\/v2\/comments?post=116958"}],"version-history":[{"count":3,"href":"https:\/\/mareterracoffee.com\/es\/wp-json\/wp\/v2\/pages\/116958\/revisions"}],"predecessor-version":[{"id":140454,"href":"https:\/\/mareterracoffee.com\/es\/wp-json\/wp\/v2\/pages\/116958\/revisions\/140454"}],"wp:attachment":[{"href":"https:\/\/mareterracoffee.com\/es\/wp-json\/wp\/v2\/media?parent=116958"}],"curies":[{"name":"wp","href":"https:\/\/api.w.org\/{rel}","templated":true}]}}