{"id":122360,"date":"2023-09-27T10:19:49","date_gmt":"2023-09-27T08:19:49","guid":{"rendered":"https:\/\/mareterracoffee.com\/?page_id=122360"},"modified":"2024-04-15T11:03:27","modified_gmt":"2024-04-15T09:03:27","slug":"certificaciones","status":"publish","type":"page","link":"https:\/\/mareterracoffee.com\/es\/certificaciones\/","title":{"rendered":"Certificaciones"},"content":{"rendered":"\t\t<div data-elementor-type=\"wp-page\" data-elementor-id=\"122360\" class=\"elementor elementor-122360\" data-elementor-post-type=\"page\">\n\t\t\t\t\t\t<section class=\"elementor-section elementor-top-section elementor-element elementor-element-2b3cc6d elementor-section-full_width elementor-reverse-mobile elementor-section-height-min-height elementor-section-items-bottom elementor-section-height-default\" data-id=\"2b3cc6d\" data-element_type=\"section\" data-e-type=\"section\" data-settings=\"{&quot;background_background&quot;:&quot;classic&quot;}\">\n\t\t\t\t\t\t\t<div class=\"elementor-background-overlay\"><\/div>\n\t\t\t\t\t\t\t<div class=\"elementor-container elementor-column-gap-default\">\n\t\t\t\t\t<div class=\"elementor-column elementor-col-100 elementor-top-column elementor-element elementor-element-bc42bba\" data-id=\"bc42bba\" data-element_type=\"column\" data-e-type=\"column\">\n\t\t\t<div class=\"elementor-widget-wrap elementor-element-populated\">\n\t\t\t\t\t\t<div class=\"elementor-element elementor-element-bf83345 elementor-widget elementor-widget-heading\" data-id=\"bf83345\" data-element_type=\"widget\" data-e-type=\"widget\" data-widget_type=\"heading.default\">\n\t\t\t\t<div class=\"elementor-widget-container\">\n\t\t\t\t\t<h1 class=\"elementor-heading-title elementor-size-default\">Certificaciones<\/h1>\t\t\t\t<\/div>\n\t\t\t\t<\/div>\n\t\t\t\t<div class=\"elementor-element elementor-element-c42f68b elementor-widget elementor-widget-heading\" data-id=\"c42f68b\" data-element_type=\"widget\" data-e-type=\"widget\" data-widget_type=\"heading.default\">\n\t\t\t\t<div class=\"elementor-widget-container\">\n\t\t\t\t\t<h2 class=\"elementor-heading-title elementor-size-default\">Garant\u00eda de calidad<\/h2>\t\t\t\t<\/div>\n\t\t\t\t<\/div>\n\t\t\t\t\t<\/div>\n\t\t<\/div>\n\t\t\t\t\t<\/div>\n\t\t<\/section>\n\t\t\t\t<section class=\"elementor-section elementor-top-section elementor-element elementor-element-dd0a16d elementor-section-full_width elementor-section-height-default elementor-section-height-default\" data-id=\"dd0a16d\" data-element_type=\"section\" data-e-type=\"section\" data-settings=\"{&quot;background_background&quot;:&quot;classic&quot;,&quot;background_motion_fx_motion_fx_mouse&quot;:&quot;yes&quot;,&quot;animation&quot;:&quot;none&quot;}\">\n\t\t\t\t\t\t<div class=\"elementor-container elementor-column-gap-default\">\n\t\t\t\t\t<div class=\"elementor-column elementor-col-100 elementor-top-column elementor-element elementor-element-327c5ef\" data-id=\"327c5ef\" data-element_type=\"column\" data-e-type=\"column\">\n\t\t\t<div class=\"elementor-widget-wrap elementor-element-populated\">\n\t\t\t\t\t\t<div class=\"elementor-element elementor-element-33b54db elementor-widget elementor-widget-heading\" data-id=\"33b54db\" data-element_type=\"widget\" data-e-type=\"widget\" data-widget_type=\"heading.default\">\n\t\t\t\t<div class=\"elementor-widget-container\">\n\t\t\t\t\t<h2 class=\"elementor-heading-title elementor-size-default\">Nuestras Certificaciones: Compromiso con la calidad y sostenibilidad<\/h2>\t\t\t\t<\/div>\n\t\t\t\t<\/div>\n\t\t\t\t<div class=\"elementor-element elementor-element-fcdac9f elementor-widget elementor-widget-text-editor\" data-id=\"fcdac9f\" data-element_type=\"widget\" data-e-type=\"widget\" data-widget_type=\"text-editor.default\">\n\t\t\t\t<div class=\"elementor-widget-container\">\n\t\t\t\t\t\t\t\t\t<p>En Mare Terra, nos tomamos muy en serio la calidad en la cadena de produccion del caf\u00e9 verde. Por eso, contamos con certificaciones que respaldan nuestra trayectoria y nos distinguen en el mercado. Estas certificaciones reflejan nuestro compromiso con el servicio, la calidad, la sostenibilidad y el respeto al medio ambiente.<\/p><p>Contamos con una serie de certificaciones que respaldan nuestro compromiso con la calidad y la satisfacci\u00f3n del cliente. Estas certificaciones son el resultado de nuestro constante esfuerzo y seguimiento por cumplir con los m\u00e1s altos est\u00e1ndares en todos los aspectos de nuestro negocio.<\/p>\t\t\t\t\t\t\t\t<\/div>\n\t\t\t\t<\/div>\n\t\t\t\t\t<\/div>\n\t\t<\/div>\n\t\t\t\t\t<\/div>\n\t\t<\/section>\n\t\t\t\t<section class=\"elementor-section elementor-top-section elementor-element elementor-element-3be25fd elementor-section-full_width elementor-reverse-mobile elementor-section-height-default elementor-section-height-default\" data-id=\"3be25fd\" data-element_type=\"section\" data-e-type=\"section\" data-settings=\"{&quot;background_background&quot;:&quot;classic&quot;,&quot;background_motion_fx_motion_fx_mouse&quot;:&quot;yes&quot;,&quot;animation&quot;:&quot;none&quot;}\">\n\t\t\t\t\t\t<div class=\"elementor-container elementor-column-gap-default\">\n\t\t\t\t\t<div class=\"elementor-column elementor-col-50 elementor-top-column elementor-element elementor-element-f020dd6\" data-id=\"f020dd6\" data-element_type=\"column\" data-e-type=\"column\">\n\t\t\t<div class=\"elementor-widget-wrap elementor-element-populated\">\n\t\t\t\t\t\t<div class=\"elementor-element elementor-element-a7b3f31 elementor-widget elementor-widget-image\" data-id=\"a7b3f31\" data-element_type=\"widget\" data-e-type=\"widget\" data-widget_type=\"image.default\">\n\t\t\t\t<div class=\"elementor-widget-container\">\n\t\t\t\t\t\t\t\t\t\t\t\t\t\t\t<img fetchpriority=\"high\" decoding=\"async\" width=\"567\" height=\"332\" src=\"https:\/\/mareterracoffee.com\/wp-content\/uploads\/2023\/07\/IFS_Broker_Box_RGB-e1688987076410.jpeg\" class=\"attachment-full size-full wp-image-124691\" alt=\"\" srcset=\"https:\/\/mareterracoffee.com\/wp-content\/uploads\/2023\/07\/IFS_Broker_Box_RGB-e1688987076410.jpeg 567w, https:\/\/mareterracoffee.com\/wp-content\/uploads\/2023\/07\/IFS_Broker_Box_RGB-e1688987076410-300x176.jpeg 300w\" sizes=\"(max-width: 567px) 100vw, 567px\" \/>\t\t\t\t\t\t\t\t\t\t\t\t\t\t\t<\/div>\n\t\t\t\t<\/div>\n\t\t\t\t\t<\/div>\n\t\t<\/div>\n\t\t\t\t<div class=\"elementor-column elementor-col-50 elementor-top-column elementor-element elementor-element-63fe5f7\" data-id=\"63fe5f7\" data-element_type=\"column\" data-e-type=\"column\">\n\t\t\t<div class=\"elementor-widget-wrap elementor-element-populated\">\n\t\t\t\t\t\t<div class=\"elementor-element elementor-element-0f9aaca elementor-widget elementor-widget-heading\" data-id=\"0f9aaca\" data-element_type=\"widget\" data-e-type=\"widget\" data-widget_type=\"heading.default\">\n\t\t\t\t<div class=\"elementor-widget-container\">\n\t\t\t\t\t<h3 class=\"elementor-heading-title elementor-size-default\">Certificados por IFS Broker<\/h3>\t\t\t\t<\/div>\n\t\t\t\t<\/div>\n\t\t\t\t<div class=\"elementor-element elementor-element-7f36462 elementor-widget-divider--view-line elementor-widget elementor-widget-divider\" data-id=\"7f36462\" data-element_type=\"widget\" data-e-type=\"widget\" data-widget_type=\"divider.default\">\n\t\t\t\t<div class=\"elementor-widget-container\">\n\t\t\t\t\t\t\t<div class=\"elementor-divider\">\n\t\t\t<span class=\"elementor-divider-separator\">\n\t\t\t\t\t\t<\/span>\n\t\t<\/div>\n\t\t\t\t\t\t<\/div>\n\t\t\t\t<\/div>\n\t\t\t\t<div class=\"elementor-element elementor-element-9fc8a9d elementor-widget elementor-widget-text-editor\" data-id=\"9fc8a9d\" data-element_type=\"widget\" data-e-type=\"widget\" data-widget_type=\"text-editor.default\">\n\t\t\t\t<div class=\"elementor-widget-container\">\n\t\t\t\t\t\t\t\t\t<p>IFS (International Featured Standards), son est\u00e1ndares de calidad internacional aprobados y reconocidos por GFSI (Global Food Safety Initiative \u2013 Iniciativa Mundial de Seguridad Alimentaria), como una iniciativa impulsada por los negocios para la mejora continua de los sistemas de gesti\u00f3n de seguridad alimentaria, est\u00e1n enfocadas en garantizar alimentos seguros a los consumidores de todo el mundo. En Mare Terra Coffee estamos felices por esta certificaci\u00f3n que respalda nuestro compromiso en ofrecer el mejor producto y el mejor servicio, siempre comprometidos con la calidad y seguridad alimentaria para generar la mayor confianza entre nuestros clientes procurando as\u00ed mejorar su nivel de satisfacci\u00f3n.<\/p><p>Dicha norma avala nuestro compromiso con la mejora continua de la calidad de nuestros caf\u00e9s, procedimientos, proveedores y satisfacciones de los clientes.<\/p>\t\t\t\t\t\t\t\t<\/div>\n\t\t\t\t<\/div>\n\t\t\t\t\t<\/div>\n\t\t<\/div>\n\t\t\t\t\t<\/div>\n\t\t<\/section>\n\t\t\t\t<section class=\"elementor-section elementor-top-section elementor-element elementor-element-2e5e9b5 elementor-section-full_width elementor-reverse-mobile elementor-section-height-default elementor-section-height-default\" data-id=\"2e5e9b5\" data-element_type=\"section\" data-e-type=\"section\" data-settings=\"{&quot;background_background&quot;:&quot;classic&quot;,&quot;background_motion_fx_motion_fx_mouse&quot;:&quot;yes&quot;,&quot;animation&quot;:&quot;none&quot;}\">\n\t\t\t\t\t\t<div class=\"elementor-container elementor-column-gap-default\">\n\t\t\t\t\t<div class=\"elementor-column elementor-col-50 elementor-top-column elementor-element elementor-element-2391fd9\" data-id=\"2391fd9\" data-element_type=\"column\" data-e-type=\"column\">\n\t\t\t<div class=\"elementor-widget-wrap elementor-element-populated\">\n\t\t\t\t\t\t<div class=\"elementor-element elementor-element-a1a1355 elementor-widget elementor-widget-heading\" data-id=\"a1a1355\" data-element_type=\"widget\" data-e-type=\"widget\" data-widget_type=\"heading.default\">\n\t\t\t\t<div class=\"elementor-widget-container\">\n\t\t\t\t\t<h3 class=\"elementor-heading-title elementor-size-default\">Certificado org\u00e1nico<\/h3>\t\t\t\t<\/div>\n\t\t\t\t<\/div>\n\t\t\t\t<div class=\"elementor-element elementor-element-9cd04e3 elementor-widget-divider--view-line elementor-widget elementor-widget-divider\" data-id=\"9cd04e3\" data-element_type=\"widget\" data-e-type=\"widget\" data-widget_type=\"divider.default\">\n\t\t\t\t<div class=\"elementor-widget-container\">\n\t\t\t\t\t\t\t<div class=\"elementor-divider\">\n\t\t\t<span class=\"elementor-divider-separator\">\n\t\t\t\t\t\t<\/span>\n\t\t<\/div>\n\t\t\t\t\t\t<\/div>\n\t\t\t\t<\/div>\n\t\t\t\t<div class=\"elementor-element elementor-element-2deec02 elementor-widget elementor-widget-text-editor\" data-id=\"2deec02\" data-element_type=\"widget\" data-e-type=\"widget\" data-widget_type=\"text-editor.default\">\n\t\t\t\t<div class=\"elementor-widget-container\">\n\t\t\t\t\t\t\t\t\t<p>Los productos ecol\u00f3gicos, tambi\u00e9n conocidos como biol\u00f3gicos u org\u00e1nicos, se cultivan con un sistema de producci\u00f3n que combina las mejores pr\u00e1cticas ambientales con la preservaci\u00f3n de los recursos naturales. Son alimentos que no han sufrido ninguna modificaci\u00f3n durante su proceso de elaboraci\u00f3n, como por ejemplo sucede con algunas frutas o verduras del mercado tradicional a las que les agregan qu\u00edmicos para mejorar su textura, color o aroma. La clave para distinguir un producto BIO est\u00e1 en su etiquetado, hay varios sellos que lo certifican entre los que destacan el EU Organic Bio o la \u2018eurohoja\u2019, un logotipo rectangular compuesto por una espiga de estrellas sobre fondo verde. Un alimento es ecol\u00f3gico cuando en su sistema de producci\u00f3n, en las t\u00e9cnicas utilizadas, se ha respetado el medio ambiente. Es decir, no se utilizan sustancias qu\u00edmicas, pesticidas o fertilizantes. En su proceso de producci\u00f3n se han utilizado s\u00f3lo productos 100% naturales.<\/p>\t\t\t\t\t\t\t\t<\/div>\n\t\t\t\t<\/div>\n\t\t\t\t\t<\/div>\n\t\t<\/div>\n\t\t\t\t<div class=\"elementor-column elementor-col-50 elementor-top-column elementor-element elementor-element-89d7688\" data-id=\"89d7688\" data-element_type=\"column\" data-e-type=\"column\">\n\t\t\t<div class=\"elementor-widget-wrap elementor-element-populated\">\n\t\t\t\t\t\t<div class=\"elementor-element elementor-element-718ca83 elementor-widget elementor-widget-image\" data-id=\"718ca83\" data-element_type=\"widget\" data-e-type=\"widget\" data-widget_type=\"image.default\">\n\t\t\t\t<div class=\"elementor-widget-container\">\n\t\t\t\t\t\t\t\t\t\t\t\t\t\t\t<img decoding=\"async\" width=\"600\" height=\"400\" src=\"https:\/\/mareterracoffee.com\/wp-content\/uploads\/2023\/07\/eu-organic-logo-600x400_0.png\" class=\"attachment-full size-full wp-image-124695\" alt=\"\" srcset=\"https:\/\/mareterracoffee.com\/wp-content\/uploads\/2023\/07\/eu-organic-logo-600x400_0.png 600w, https:\/\/mareterracoffee.com\/wp-content\/uploads\/2023\/07\/eu-organic-logo-600x400_0-300x200.png 300w\" sizes=\"(max-width: 600px) 100vw, 600px\" \/>\t\t\t\t\t\t\t\t\t\t\t\t\t\t\t<\/div>\n\t\t\t\t<\/div>\n\t\t\t\t\t<\/div>\n\t\t<\/div>\n\t\t\t\t\t<\/div>\n\t\t<\/section>\n\t\t\t\t<\/div>\n\t\t","protected":false},"excerpt":{"rendered":"<p>Certificaciones Garant\u00eda de calidad Nuestras Certificaciones: Compromiso con la calidad y sostenibilidad En Mare Terra, nos tomamos muy en serio la calidad en la cadena de produccion del caf\u00e9 verde. Por eso, contamos con certificaciones que respaldan nuestra trayectoria y nos distinguen en el mercado. Estas certificaciones reflejan nuestro compromiso con el servicio, la calidad, [&hellip;]<\/p>\n","protected":false},"author":3,"featured_media":0,"parent":0,"menu_order":0,"comment_status":"closed","ping_status":"closed","template":"","meta":{"_acf_changed":false,"footnotes":""},"class_list":["post-122360","page","type-page","status-publish","hentry"],"acf":[],"yoast_head":"<!-- This site is optimized with the Yoast SEO plugin v27.2 - https:\/\/yoast.com\/product\/yoast-seo-wordpress\/ -->\n<title>Certificaciones - Mare Terra Coffee<\/title>\n<meta name=\"description\" content=\"Descubre las certificaciones que respaldan nuestra empresa y garantizan altos est\u00e1ndares de calidad.\" \/>\n<meta name=\"robots\" content=\"index, follow, max-snippet:-1, max-image-preview:large, max-video-preview:-1\" \/>\n<link rel=\"canonical\" href=\"https:\/\/mareterracoffee.com\/es\/certificaciones\/\" \/>\n<meta property=\"og:locale\" content=\"es_ES\" \/>\n<meta property=\"og:type\" content=\"article\" \/>\n<meta property=\"og:title\" content=\"Certificaciones - Mare Terra Coffee\" \/>\n<meta property=\"og:description\" content=\"Descubre las certificaciones que respaldan nuestra empresa y garantizan altos est\u00e1ndares de calidad.\" \/>\n<meta property=\"og:url\" content=\"https:\/\/mareterracoffee.com\/es\/certificaciones\/\" \/>\n<meta property=\"og:site_name\" content=\"Mare Terra Coffee\" \/>\n<meta property=\"article:modified_time\" content=\"2024-04-15T09:03:27+00:00\" \/>\n<meta property=\"og:image\" content=\"https:\/\/mareterracoffee.com\/wp-content\/uploads\/2023\/07\/IFS_Broker_Box_RGB-e1688987076410.jpeg\" \/>\n<meta name=\"twitter:card\" content=\"summary_large_image\" \/>\n<meta name=\"twitter:label1\" content=\"Tiempo de lectura\" \/>\n\t<meta name=\"twitter:data1\" content=\"3 minutos\" \/>\n<script type=\"application\/ld+json\" class=\"yoast-schema-graph\">{\"@context\":\"https:\/\/schema.org\",\"@graph\":[{\"@type\":\"WebPage\",\"@id\":\"https:\/\/mareterracoffee.com\/es\/certificaciones\/\",\"url\":\"https:\/\/mareterracoffee.com\/es\/certificaciones\/\",\"name\":\"Certificaciones - Mare Terra Coffee\",\"isPartOf\":{\"@id\":\"https:\/\/mareterracoffee.com\/es\/#website\"},\"primaryImageOfPage\":{\"@id\":\"https:\/\/mareterracoffee.com\/es\/certificaciones\/#primaryimage\"},\"image\":{\"@id\":\"https:\/\/mareterracoffee.com\/es\/certificaciones\/#primaryimage\"},\"thumbnailUrl\":\"https:\/\/mareterracoffee.com\/wp-content\/uploads\/2023\/07\/IFS_Broker_Box_RGB-e1688987076410.jpeg\",\"datePublished\":\"2023-09-27T08:19:49+00:00\",\"dateModified\":\"2024-04-15T09:03:27+00:00\",\"description\":\"Descubre las certificaciones que respaldan nuestra empresa y garantizan altos est\u00e1ndares de calidad.\",\"breadcrumb\":{\"@id\":\"https:\/\/mareterracoffee.com\/es\/certificaciones\/#breadcrumb\"},\"inLanguage\":\"es\",\"potentialAction\":[{\"@type\":\"ReadAction\",\"target\":[\"https:\/\/mareterracoffee.com\/es\/certificaciones\/\"]}]},{\"@type\":\"ImageObject\",\"inLanguage\":\"es\",\"@id\":\"https:\/\/mareterracoffee.com\/es\/certificaciones\/#primaryimage\",\"url\":\"https:\/\/mareterracoffee.com\/wp-content\/uploads\/2023\/07\/IFS_Broker_Box_RGB-e1688987076410.jpeg\",\"contentUrl\":\"https:\/\/mareterracoffee.com\/wp-content\/uploads\/2023\/07\/IFS_Broker_Box_RGB-e1688987076410.jpeg\"},{\"@type\":\"BreadcrumbList\",\"@id\":\"https:\/\/mareterracoffee.com\/es\/certificaciones\/#breadcrumb\",\"itemListElement\":[{\"@type\":\"ListItem\",\"position\":1,\"name\":\"Portada\",\"item\":\"https:\/\/mareterracoffee.com\/es\/\"},{\"@type\":\"ListItem\",\"position\":2,\"name\":\"Certificaciones\"}]},{\"@type\":\"WebSite\",\"@id\":\"https:\/\/mareterracoffee.com\/es\/#website\",\"url\":\"https:\/\/mareterracoffee.com\/es\/\",\"name\":\"Mare Terra Coffee\",\"description\":\"Importador \/ Exportador de Caf\u00e9 verde\",\"publisher\":{\"@id\":\"https:\/\/mareterracoffee.com\/es\/#organization\"},\"potentialAction\":[{\"@type\":\"SearchAction\",\"target\":{\"@type\":\"EntryPoint\",\"urlTemplate\":\"https:\/\/mareterracoffee.com\/es\/?s={search_term_string}\"},\"query-input\":{\"@type\":\"PropertyValueSpecification\",\"valueRequired\":true,\"valueName\":\"search_term_string\"}}],\"inLanguage\":\"es\"},{\"@type\":\"Organization\",\"@id\":\"https:\/\/mareterracoffee.com\/es\/#organization\",\"name\":\"Mare Terra Coffee\",\"url\":\"https:\/\/mareterracoffee.com\/es\/\",\"logo\":{\"@type\":\"ImageObject\",\"inLanguage\":\"es\",\"@id\":\"https:\/\/mareterracoffee.com\/es\/#\/schema\/logo\/image\/\",\"url\":\"https:\/\/mareterracoffee.com\/wp-content\/uploads\/2023\/06\/marre-terra-1.svg\",\"contentUrl\":\"https:\/\/mareterracoffee.com\/wp-content\/uploads\/2023\/06\/marre-terra-1.svg\",\"width\":229,\"height\":52,\"caption\":\"Mare Terra Coffee\"},\"image\":{\"@id\":\"https:\/\/mareterracoffee.com\/es\/#\/schema\/logo\/image\/\"}}]}<\/script>\n<!-- \/ Yoast SEO plugin. -->","yoast_head_json":{"title":"Certificaciones - Mare Terra Coffee","description":"Descubre las certificaciones que respaldan nuestra empresa y garantizan altos est\u00e1ndares de calidad.","robots":{"index":"index","follow":"follow","max-snippet":"max-snippet:-1","max-image-preview":"max-image-preview:large","max-video-preview":"max-video-preview:-1"},"canonical":"https:\/\/mareterracoffee.com\/es\/certificaciones\/","og_locale":"es_ES","og_type":"article","og_title":"Certificaciones - Mare Terra Coffee","og_description":"Descubre las certificaciones que respaldan nuestra empresa y garantizan altos est\u00e1ndares de calidad.","og_url":"https:\/\/mareterracoffee.com\/es\/certificaciones\/","og_site_name":"Mare Terra Coffee","article_modified_time":"2024-04-15T09:03:27+00:00","og_image":[{"url":"https:\/\/mareterracoffee.com\/wp-content\/uploads\/2023\/07\/IFS_Broker_Box_RGB-e1688987076410.jpeg","type":"","width":"","height":""}],"twitter_card":"summary_large_image","twitter_misc":{"Tiempo de lectura":"3 minutos"},"schema":{"@context":"https:\/\/schema.org","@graph":[{"@type":"WebPage","@id":"https:\/\/mareterracoffee.com\/es\/certificaciones\/","url":"https:\/\/mareterracoffee.com\/es\/certificaciones\/","name":"Certificaciones - Mare Terra Coffee","isPartOf":{"@id":"https:\/\/mareterracoffee.com\/es\/#website"},"primaryImageOfPage":{"@id":"https:\/\/mareterracoffee.com\/es\/certificaciones\/#primaryimage"},"image":{"@id":"https:\/\/mareterracoffee.com\/es\/certificaciones\/#primaryimage"},"thumbnailUrl":"https:\/\/mareterracoffee.com\/wp-content\/uploads\/2023\/07\/IFS_Broker_Box_RGB-e1688987076410.jpeg","datePublished":"2023-09-27T08:19:49+00:00","dateModified":"2024-04-15T09:03:27+00:00","description":"Descubre las certificaciones que respaldan nuestra empresa y garantizan altos est\u00e1ndares de calidad.","breadcrumb":{"@id":"https:\/\/mareterracoffee.com\/es\/certificaciones\/#breadcrumb"},"inLanguage":"es","potentialAction":[{"@type":"ReadAction","target":["https:\/\/mareterracoffee.com\/es\/certificaciones\/"]}]},{"@type":"ImageObject","inLanguage":"es","@id":"https:\/\/mareterracoffee.com\/es\/certificaciones\/#primaryimage","url":"https:\/\/mareterracoffee.com\/wp-content\/uploads\/2023\/07\/IFS_Broker_Box_RGB-e1688987076410.jpeg","contentUrl":"https:\/\/mareterracoffee.com\/wp-content\/uploads\/2023\/07\/IFS_Broker_Box_RGB-e1688987076410.jpeg"},{"@type":"BreadcrumbList","@id":"https:\/\/mareterracoffee.com\/es\/certificaciones\/#breadcrumb","itemListElement":[{"@type":"ListItem","position":1,"name":"Portada","item":"https:\/\/mareterracoffee.com\/es\/"},{"@type":"ListItem","position":2,"name":"Certificaciones"}]},{"@type":"WebSite","@id":"https:\/\/mareterracoffee.com\/es\/#website","url":"https:\/\/mareterracoffee.com\/es\/","name":"Mare Terra Coffee","description":"Importador \/ Exportador de Caf\u00e9 verde","publisher":{"@id":"https:\/\/mareterracoffee.com\/es\/#organization"},"potentialAction":[{"@type":"SearchAction","target":{"@type":"EntryPoint","urlTemplate":"https:\/\/mareterracoffee.com\/es\/?s={search_term_string}"},"query-input":{"@type":"PropertyValueSpecification","valueRequired":true,"valueName":"search_term_string"}}],"inLanguage":"es"},{"@type":"Organization","@id":"https:\/\/mareterracoffee.com\/es\/#organization","name":"Mare Terra Coffee","url":"https:\/\/mareterracoffee.com\/es\/","logo":{"@type":"ImageObject","inLanguage":"es","@id":"https:\/\/mareterracoffee.com\/es\/#\/schema\/logo\/image\/","url":"https:\/\/mareterracoffee.com\/wp-content\/uploads\/2023\/06\/marre-terra-1.svg","contentUrl":"https:\/\/mareterracoffee.com\/wp-content\/uploads\/2023\/06\/marre-terra-1.svg","width":229,"height":52,"caption":"Mare Terra Coffee"},"image":{"@id":"https:\/\/mareterracoffee.com\/es\/#\/schema\/logo\/image\/"}}]}},"_links":{"self":[{"href":"https:\/\/mareterracoffee.com\/es\/wp-json\/wp\/v2\/pages\/122360","targetHints":{"allow":["GET"]}}],"collection":[{"href":"https:\/\/mareterracoffee.com\/es\/wp-json\/wp\/v2\/pages"}],"about":[{"href":"https:\/\/mareterracoffee.com\/es\/wp-json\/wp\/v2\/types\/page"}],"author":[{"embeddable":true,"href":"https:\/\/mareterracoffee.com\/es\/wp-json\/wp\/v2\/users\/3"}],"replies":[{"embeddable":true,"href":"https:\/\/mareterracoffee.com\/es\/wp-json\/wp\/v2\/comments?post=122360"}],"version-history":[{"count":3,"href":"https:\/\/mareterracoffee.com\/es\/wp-json\/wp\/v2\/pages\/122360\/revisions"}],"predecessor-version":[{"id":135012,"href":"https:\/\/mareterracoffee.com\/es\/wp-json\/wp\/v2\/pages\/122360\/revisions\/135012"}],"wp:attachment":[{"href":"https:\/\/mareterracoffee.com\/es\/wp-json\/wp\/v2\/media?parent=122360"}],"curies":[{"name":"wp","href":"https:\/\/api.w.org\/{rel}","templated":true}]}}