{"id":140820,"date":"2025-04-02T10:15:48","date_gmt":"2025-04-02T08:15:48","guid":{"rendered":"https:\/\/mareterracoffee.com\/?page_id=140820"},"modified":"2025-04-07T10:10:50","modified_gmt":"2025-04-07T08:10:50","slug":"origenes","status":"publish","type":"page","link":"https:\/\/mareterracoffee.com\/es\/origenes\/","title":{"rendered":"Or\u00edgenes"},"content":{"rendered":"\t\t<div data-elementor-type=\"wp-page\" data-elementor-id=\"140820\" class=\"elementor elementor-140820\" data-elementor-post-type=\"page\">\n\t\t\t\t\t\t<section class=\"elementor-section elementor-top-section elementor-element elementor-element-7c049ab5 elementor-section-full_width elementor-reverse-mobile elementor-section-height-min-height elementor-section-items-bottom hero_origenes elementor-section-height-default\" data-id=\"7c049ab5\" data-element_type=\"section\" data-e-type=\"section\" id=\"hero_origenes\" data-settings=\"{&quot;background_background&quot;:&quot;classic&quot;}\">\n\t\t\t\t\t\t\t<div class=\"elementor-background-overlay\"><\/div>\n\t\t\t\t\t\t\t<div class=\"elementor-container elementor-column-gap-no\">\n\t\t\t\t\t<div class=\"elementor-column elementor-col-100 elementor-top-column elementor-element elementor-element-79b7da60\" data-id=\"79b7da60\" data-element_type=\"column\" data-e-type=\"column\">\n\t\t\t<div class=\"elementor-widget-wrap elementor-element-populated\">\n\t\t\t\t\t\t<div class=\"elementor-element elementor-element-977a025 elementor-widget elementor-widget-heading\" data-id=\"977a025\" data-element_type=\"widget\" data-e-type=\"widget\" data-widget_type=\"heading.default\">\n\t\t\t\t<div class=\"elementor-widget-container\">\n\t\t\t\t\t<h1 class=\"elementor-heading-title elementor-size-default\">Or\u00edgenes de caf\u00e9 verde<\/h1>\t\t\t\t<\/div>\n\t\t\t\t<\/div>\n\t\t\t\t<div class=\"elementor-element elementor-element-27192996 elementor-widget elementor-widget-heading\" data-id=\"27192996\" data-element_type=\"widget\" data-e-type=\"widget\" data-widget_type=\"heading.default\">\n\t\t\t\t<div class=\"elementor-widget-container\">\n\t\t\t\t\t<h3 class=\"elementor-heading-title elementor-size-default\">Un viaje a trav\u00e9s de los or\u00edgenes del caf\u00e9<\/h3>\t\t\t\t<\/div>\n\t\t\t\t<\/div>\n\t\t\t\t\t<\/div>\n\t\t<\/div>\n\t\t\t\t\t<\/div>\n\t\t<\/section>\n\t\t\t\t<section class=\"elementor-section elementor-top-section elementor-element elementor-element-14672a62 elementor-section-boxed elementor-section-height-default elementor-section-height-default\" data-id=\"14672a62\" data-element_type=\"section\" data-e-type=\"section\" data-settings=\"{&quot;background_background&quot;:&quot;classic&quot;}\">\n\t\t\t\t\t\t<div class=\"elementor-container elementor-column-gap-no\">\n\t\t\t\t\t<div class=\"elementor-column elementor-col-100 elementor-top-column elementor-element elementor-element-53ba01b0\" data-id=\"53ba01b0\" data-element_type=\"column\" data-e-type=\"column\">\n\t\t\t<div class=\"elementor-widget-wrap elementor-element-populated\">\n\t\t\t\t\t\t<div class=\"elementor-element elementor-element-21e846ab elementor-widget__width-initial elementor-widget elementor-widget-text-editor\" data-id=\"21e846ab\" data-element_type=\"widget\" data-e-type=\"widget\" data-widget_type=\"text-editor.default\">\n\t\t\t\t<div class=\"elementor-widget-container\">\n\t\t\t\t\t\t\t\t\tEn Mare Terra Coffee te ofrecemos caf\u00e9s de m\u00e1s de 16 or\u00edgenes distintos. Nuestro equipo de I+D viaja a los pa\u00edses productores de caf\u00e9 verde para trabajar junto a los productores y desarrollar lotes de caf\u00e9 \u00fanicos. Una vez los lotes est\u00e1n listos, nosotros los importamos y los traemos hasta nuestro almac\u00e9n situado en el Puerto de Barcelona.<br>\nEstos son los or\u00edgenes de caf\u00e9 verde en grano con los que trabajamos:\t\t\t\t\t\t\t\t<\/div>\n\t\t\t\t<\/div>\n\t\t\t\t\t<\/div>\n\t\t<\/div>\n\t\t\t\t\t<\/div>\n\t\t<\/section>\n\t\t\t\t<section class=\"elementor-section elementor-top-section elementor-element elementor-element-71e92211 elementor-section-boxed elementor-section-height-default elementor-section-height-default\" data-id=\"71e92211\" data-element_type=\"section\" data-e-type=\"section\" data-settings=\"{&quot;background_background&quot;:&quot;classic&quot;}\">\n\t\t\t\t\t\t<div class=\"elementor-container elementor-column-gap-default\">\n\t\t\t\t\t<div class=\"elementor-column elementor-col-100 elementor-top-column elementor-element elementor-element-cf04aea\" data-id=\"cf04aea\" data-element_type=\"column\" data-e-type=\"column\">\n\t\t\t<div class=\"elementor-widget-wrap elementor-element-populated\">\n\t\t\t\t\t\t<div class=\"elementor-element elementor-element-6f5e9fed elementor-widget elementor-widget-shortcode\" data-id=\"6f5e9fed\" data-element_type=\"widget\" data-e-type=\"widget\" data-widget_type=\"shortcode.default\">\n\t\t\t\t<div class=\"elementor-widget-container\">\n\t\t\t\t\t\t\t<div class=\"elementor-shortcode\">\t<section class=\"coffee-origin-cards has-primary-color\" >\n\t\t<div class=\"coffee-origin-cards__container\">\n\t\t\t<div class=\"coffee-origin-card \">\n\t<a class=\"coffee-origin-card__link\" href=\"https:\/\/mareterracoffee.com\/es\/origenes\/colombia\/\">\n\t\t<img fetchpriority=\"high\" decoding=\"async\" width=\"300\" height=\"300\" src=\"https:\/\/mareterracoffee.com\/wp-content\/uploads\/2023\/04\/mapa-Colombia.svg\" class=\"coffee-origin-card__picture\" alt=\"\" \/>\t<h3 class=\"coffee-origin-card__title\">Colombia<\/h3>\n\t\t<p class=\"coffee-origin-card__tagline\">Cultura y paisaje orgullosamente cafeteros<\/p>\n\t<\/a>\n<\/div>\n<div class=\"coffee-origin-card \">\n\t<a class=\"coffee-origin-card__link\" href=\"https:\/\/mareterracoffee.com\/es\/origenes\/nicaragua\/\">\n\t\t<img decoding=\"async\" width=\"300\" height=\"300\" src=\"https:\/\/mareterracoffee.com\/wp-content\/uploads\/2023\/04\/mapa-Nicaragua.svg\" class=\"coffee-origin-card__picture\" alt=\"\" \/>\t<h3 class=\"coffee-origin-card__title\">Nicaragua<\/h3>\n\t\t<p class=\"coffee-origin-card__tagline\">Larga tradici\u00f3n ligada al cultivo de caf\u00e9<\/p>\n\t<\/a>\n<\/div>\n<div class=\"coffee-origin-card \">\n\t<a class=\"coffee-origin-card__link\" href=\"https:\/\/mareterracoffee.com\/es\/origenes\/el-salvador\/\">\n\t\t<img decoding=\"async\" width=\"300\" height=\"300\" src=\"https:\/\/mareterracoffee.com\/wp-content\/uploads\/2023\/04\/mapa-Salvador.svg\" class=\"coffee-origin-card__picture\" alt=\"\" \/>\t<h3 class=\"coffee-origin-card__title\">El Salvador<\/h3>\n\t\t<p class=\"coffee-origin-card__tagline\">El caf\u00e9 con denominaci\u00f3n de origen<\/p>\n\t<\/a>\n<\/div>\n<div class=\"coffee-origin-card \">\n\t<a class=\"coffee-origin-card__link\" href=\"https:\/\/mareterracoffee.com\/es\/origenes\/kenia\/\">\n\t\t<img loading=\"lazy\" decoding=\"async\" width=\"300\" height=\"300\" src=\"https:\/\/mareterracoffee.com\/wp-content\/uploads\/2023\/04\/mapa-Kenya.svg\" class=\"coffee-origin-card__picture\" alt=\"\" \/>\t<h3 class=\"coffee-origin-card__title\">Kenia<\/h3>\n\t\t<p class=\"coffee-origin-card__tagline\">Un caf\u00e9 de altura<\/p>\n\t<\/a>\n<\/div>\n<div class=\"coffee-origin-card \">\n\t<a class=\"coffee-origin-card__link\" href=\"https:\/\/mareterracoffee.com\/es\/origenes\/honduras\/\">\n\t\t<img loading=\"lazy\" decoding=\"async\" width=\"300\" height=\"300\" src=\"https:\/\/mareterracoffee.com\/wp-content\/uploads\/2023\/04\/mapa-Honduras.svg\" class=\"coffee-origin-card__picture\" alt=\"\" \/>\t<h3 class=\"coffee-origin-card__title\">Honduras<\/h3>\n\t\t<p class=\"coffee-origin-card__tagline\">Tierras en crecimiento y cultivos estables<\/p>\n\t<\/a>\n<\/div>\n<div class=\"coffee-origin-card \">\n\t<a class=\"coffee-origin-card__link\" href=\"https:\/\/mareterracoffee.com\/es\/origenes\/etiopia\/\">\n\t\t<img loading=\"lazy\" decoding=\"async\" width=\"300\" height=\"300\" src=\"https:\/\/mareterracoffee.com\/wp-content\/uploads\/2023\/04\/mapa-Etiopia.svg\" class=\"coffee-origin-card__picture\" alt=\"\" \/>\t<h3 class=\"coffee-origin-card__title\">Etiop\u00eda<\/h3>\n\t\t<p class=\"coffee-origin-card__tagline\">La tierra natal del caf\u00e9<\/p>\n\t<\/a>\n<\/div>\n<div class=\"coffee-origin-card \">\n\t<a class=\"coffee-origin-card__link\" href=\"https:\/\/mareterracoffee.com\/es\/origenes\/guatemala\/\">\n\t\t<img loading=\"lazy\" decoding=\"async\" width=\"300\" height=\"300\" src=\"https:\/\/mareterracoffee.com\/wp-content\/uploads\/2023\/04\/mapa-Guatemala.svg\" class=\"coffee-origin-card__picture\" alt=\"\" \/>\t<h3 class=\"coffee-origin-card__title\">Guatemala<\/h3>\n\t\t<p class=\"coffee-origin-card__tagline\">Caf\u00e9 de las laderas de los volcanes\t<\/p>\n\t<\/a>\n<\/div>\n<div class=\"coffee-origin-card \">\n\t<a class=\"coffee-origin-card__link\" href=\"https:\/\/mareterracoffee.com\/es\/origenes\/ruanda\/\">\n\t\t<img loading=\"lazy\" decoding=\"async\" width=\"300\" height=\"300\" src=\"https:\/\/mareterracoffee.com\/wp-content\/uploads\/2023\/04\/mapa-Ruanda.svg\" class=\"coffee-origin-card__picture\" alt=\"\" \/>\t<h3 class=\"coffee-origin-card__title\">Ruanda<\/h3>\n\t\t<p class=\"coffee-origin-card__tagline\">El caf\u00e9 como uni\u00f3n de un pa\u00eds<\/p>\n\t<\/a>\n<\/div>\n<div class=\"coffee-origin-card \">\n\t<a class=\"coffee-origin-card__link\" href=\"https:\/\/mareterracoffee.com\/es\/origenes\/brasil\/\">\n\t\t<img loading=\"lazy\" decoding=\"async\" width=\"300\" height=\"300\" src=\"https:\/\/mareterracoffee.com\/wp-content\/uploads\/2023\/04\/mapa-Brasil.svg\" class=\"coffee-origin-card__picture\" alt=\"\" \/>\t<h3 class=\"coffee-origin-card__title\">Brasil<\/h3>\n\t\t<p class=\"coffee-origin-card__tagline\">El Goliat del caf\u00e9<\/p>\n\t<\/a>\n<\/div>\n<div class=\"coffee-origin-card \">\n\t<a class=\"coffee-origin-card__link\" href=\"https:\/\/mareterracoffee.com\/es\/origenes\/peru\/\">\n\t\t<img loading=\"lazy\" decoding=\"async\" width=\"300\" height=\"300\" src=\"https:\/\/mareterracoffee.com\/wp-content\/uploads\/2023\/04\/mapa-peru.svg\" class=\"coffee-origin-card__picture\" alt=\"\" \/>\t<h3 class=\"coffee-origin-card__title\">Per\u00fa<\/h3>\n\t\t<p class=\"coffee-origin-card__tagline\">Tradici\u00f3n ancestral por el caf\u00e9<\/p>\n\t<\/a>\n<\/div>\n<div class=\"coffee-origin-card \">\n\t<a class=\"coffee-origin-card__link\" href=\"https:\/\/mareterracoffee.com\/es\/origenes\/mexico\/\">\n\t\t<img loading=\"lazy\" decoding=\"async\" width=\"300\" height=\"300\" src=\"https:\/\/mareterracoffee.com\/wp-content\/uploads\/2023\/04\/mapa-Mexico.svg\" class=\"coffee-origin-card__picture\" alt=\"\" \/>\t<h3 class=\"coffee-origin-card__title\">M\u00e9xico<\/h3>\n\t\t<p class=\"coffee-origin-card__tagline\">Tierras de mosaicos cafeteros<\/p>\n\t<\/a>\n<\/div>\n<div class=\"coffee-origin-card \">\n\t<a class=\"coffee-origin-card__link\" href=\"https:\/\/mareterracoffee.com\/es\/origenes\/burundi\/\">\n\t\t<img loading=\"lazy\" decoding=\"async\" width=\"300\" height=\"300\" src=\"https:\/\/mareterracoffee.com\/wp-content\/uploads\/2023\/04\/mapa-Burundi.svg\" class=\"coffee-origin-card__picture\" alt=\"\" \/>\t<h3 class=\"coffee-origin-card__title\">Burundi<\/h3>\n\t\t<p class=\"coffee-origin-card__tagline\">El resurgir del caf\u00e9 y su pueblo <\/p>\n\t<\/a>\n<\/div>\n<div class=\"coffee-origin-card \">\n\t<a class=\"coffee-origin-card__link\" href=\"https:\/\/mareterracoffee.com\/es\/origenes\/indonesia\/\">\n\t\t<img loading=\"lazy\" decoding=\"async\" width=\"300\" height=\"300\" src=\"https:\/\/mareterracoffee.com\/wp-content\/uploads\/2023\/04\/mapa-Indonesia.svg\" class=\"coffee-origin-card__picture\" alt=\"\" \/>\t<h3 class=\"coffee-origin-card__title\">Indonesia<\/h3>\n\t\t<p class=\"coffee-origin-card__tagline\">Variedades cafeteras y sabores distintivos<\/p>\n\t<\/a>\n<\/div>\n<div class=\"coffee-origin-card \">\n\t<a class=\"coffee-origin-card__link\" href=\"https:\/\/mareterracoffee.com\/es\/origenes\/jamaica\/\">\n\t\t<img loading=\"lazy\" decoding=\"async\" width=\"300\" height=\"300\" src=\"https:\/\/mareterracoffee.com\/wp-content\/uploads\/2023\/04\/mapa-Jamaica.svg\" class=\"coffee-origin-card__picture\" alt=\"\" \/>\t<h3 class=\"coffee-origin-card__title\">Jamaica<\/h3>\n\t\t<p class=\"coffee-origin-card__tagline\">Caf\u00e9s azules soplados por vientos alisios<\/p>\n\t<\/a>\n<\/div>\n<div class=\"coffee-origin-card \">\n\t<a class=\"coffee-origin-card__link\" href=\"https:\/\/mareterracoffee.com\/es\/origenes\/india\/\">\n\t\t<img loading=\"lazy\" decoding=\"async\" width=\"300\" height=\"300\" src=\"https:\/\/mareterracoffee.com\/wp-content\/uploads\/2023\/04\/mapa-india.svg\" class=\"coffee-origin-card__picture\" alt=\"\" \/>\t<h3 class=\"coffee-origin-card__title\">India<\/h3>\n\t\t<p class=\"coffee-origin-card__tagline\">El caf\u00e9 de los monzones<\/p>\n\t<\/a>\n<\/div>\n<div class=\"coffee-origin-card \">\n\t<a class=\"coffee-origin-card__link\" href=\"https:\/\/mareterracoffee.com\/es\/origenes\/costa-rica\/\">\n\t\t<img loading=\"lazy\" decoding=\"async\" width=\"300\" height=\"300\" src=\"https:\/\/mareterracoffee.com\/wp-content\/uploads\/2023\/04\/mapa-CostaRica.svg\" class=\"coffee-origin-card__picture\" alt=\"\" \/>\t<h3 class=\"coffee-origin-card__title\">Costa Rica<\/h3>\n\t\t<p class=\"coffee-origin-card__tagline\">Minuciosa dedicaci\u00f3n cafetera<\/p>\n\t<\/a>\n<\/div>\n\t\t<\/div>\n\t<\/section>\n\t<\/div>\n\t\t\t\t\t\t<\/div>\n\t\t\t\t<\/div>\n\t\t\t\t\t<\/div>\n\t\t<\/div>\n\t\t\t\t\t<\/div>\n\t\t<\/section>\n\t\t\t\t<\/div>\n\t\t","protected":false},"excerpt":{"rendered":"<p>Or\u00edgenes de caf\u00e9 verde Un viaje a trav\u00e9s de los or\u00edgenes del caf\u00e9 En Mare Terra Coffee te ofrecemos caf\u00e9s de m\u00e1s de 16 or\u00edgenes distintos. Nuestro equipo de I+D viaja a los pa\u00edses productores de caf\u00e9 verde para trabajar junto a los productores y desarrollar lotes de caf\u00e9 \u00fanicos. Una vez los lotes est\u00e1n [&hellip;]<\/p>\n","protected":false},"author":18,"featured_media":0,"parent":0,"menu_order":0,"comment_status":"closed","ping_status":"closed","template":"","meta":{"_acf_changed":false,"footnotes":""},"class_list":["post-140820","page","type-page","status-publish","hentry"],"acf":[],"yoast_head":"<!-- This site is optimized with the Yoast SEO plugin v27.2 - https:\/\/yoast.com\/product\/yoast-seo-wordpress\/ -->\n<title>Or\u00edgenes - Mare Terra Coffee<\/title>\n<meta name=\"description\" content=\"Explora nuestros caf\u00e9s de origen: perfiles sensoriales \u00fanicos, trazabilidad transparente y una historia en cada taza\" \/>\n<meta name=\"robots\" content=\"index, follow, max-snippet:-1, max-image-preview:large, max-video-preview:-1\" \/>\n<link rel=\"canonical\" href=\"https:\/\/mareterracoffee.com\/es\/origenes\/\" \/>\n<meta property=\"og:locale\" content=\"es_ES\" \/>\n<meta property=\"og:type\" content=\"article\" \/>\n<meta property=\"og:title\" content=\"Or\u00edgenes - Mare Terra Coffee\" \/>\n<meta property=\"og:description\" content=\"Explora nuestros caf\u00e9s de origen: perfiles sensoriales \u00fanicos, trazabilidad transparente y una historia en cada taza\" \/>\n<meta property=\"og:url\" content=\"https:\/\/mareterracoffee.com\/es\/origenes\/\" \/>\n<meta property=\"og:site_name\" content=\"Mare Terra Coffee\" \/>\n<meta property=\"article:modified_time\" content=\"2025-04-07T08:10:50+00:00\" \/>\n<meta name=\"twitter:card\" content=\"summary_large_image\" \/>\n<meta name=\"twitter:label1\" content=\"Tiempo de lectura\" \/>\n\t<meta name=\"twitter:data1\" content=\"1 minuto\" \/>\n<script type=\"application\/ld+json\" class=\"yoast-schema-graph\">{\"@context\":\"https:\/\/schema.org\",\"@graph\":[{\"@type\":\"WebPage\",\"@id\":\"https:\/\/mareterracoffee.com\/es\/origenes\/\",\"url\":\"https:\/\/mareterracoffee.com\/es\/origenes\/\",\"name\":\"Or\u00edgenes - Mare Terra Coffee\",\"isPartOf\":{\"@id\":\"https:\/\/mareterracoffee.com\/es\/#website\"},\"datePublished\":\"2025-04-02T08:15:48+00:00\",\"dateModified\":\"2025-04-07T08:10:50+00:00\",\"description\":\"Explora nuestros caf\u00e9s de origen: perfiles sensoriales \u00fanicos, trazabilidad transparente y una historia en cada taza\",\"breadcrumb\":{\"@id\":\"https:\/\/mareterracoffee.com\/es\/origenes\/#breadcrumb\"},\"inLanguage\":\"es\",\"potentialAction\":[{\"@type\":\"ReadAction\",\"target\":[\"https:\/\/mareterracoffee.com\/es\/origenes\/\"]}]},{\"@type\":\"BreadcrumbList\",\"@id\":\"https:\/\/mareterracoffee.com\/es\/origenes\/#breadcrumb\",\"itemListElement\":[{\"@type\":\"ListItem\",\"position\":1,\"name\":\"Portada\",\"item\":\"https:\/\/mareterracoffee.com\/es\/\"},{\"@type\":\"ListItem\",\"position\":2,\"name\":\"Or\u00edgenes\"}]},{\"@type\":\"WebSite\",\"@id\":\"https:\/\/mareterracoffee.com\/es\/#website\",\"url\":\"https:\/\/mareterracoffee.com\/es\/\",\"name\":\"Mare Terra Coffee\",\"description\":\"Importador \/ Exportador de Caf\u00e9 verde\",\"publisher\":{\"@id\":\"https:\/\/mareterracoffee.com\/es\/#organization\"},\"potentialAction\":[{\"@type\":\"SearchAction\",\"target\":{\"@type\":\"EntryPoint\",\"urlTemplate\":\"https:\/\/mareterracoffee.com\/es\/?s={search_term_string}\"},\"query-input\":{\"@type\":\"PropertyValueSpecification\",\"valueRequired\":true,\"valueName\":\"search_term_string\"}}],\"inLanguage\":\"es\"},{\"@type\":\"Organization\",\"@id\":\"https:\/\/mareterracoffee.com\/es\/#organization\",\"name\":\"Mare Terra Coffee\",\"url\":\"https:\/\/mareterracoffee.com\/es\/\",\"logo\":{\"@type\":\"ImageObject\",\"inLanguage\":\"es\",\"@id\":\"https:\/\/mareterracoffee.com\/es\/#\/schema\/logo\/image\/\",\"url\":\"https:\/\/mareterracoffee.com\/wp-content\/uploads\/2023\/06\/marre-terra-1.svg\",\"contentUrl\":\"https:\/\/mareterracoffee.com\/wp-content\/uploads\/2023\/06\/marre-terra-1.svg\",\"width\":229,\"height\":52,\"caption\":\"Mare Terra Coffee\"},\"image\":{\"@id\":\"https:\/\/mareterracoffee.com\/es\/#\/schema\/logo\/image\/\"}}]}<\/script>\n<!-- \/ Yoast SEO plugin. -->","yoast_head_json":{"title":"Or\u00edgenes - Mare Terra Coffee","description":"Explora nuestros caf\u00e9s de origen: perfiles sensoriales \u00fanicos, trazabilidad transparente y una historia en cada taza","robots":{"index":"index","follow":"follow","max-snippet":"max-snippet:-1","max-image-preview":"max-image-preview:large","max-video-preview":"max-video-preview:-1"},"canonical":"https:\/\/mareterracoffee.com\/es\/origenes\/","og_locale":"es_ES","og_type":"article","og_title":"Or\u00edgenes - Mare Terra Coffee","og_description":"Explora nuestros caf\u00e9s de origen: perfiles sensoriales \u00fanicos, trazabilidad transparente y una historia en cada taza","og_url":"https:\/\/mareterracoffee.com\/es\/origenes\/","og_site_name":"Mare Terra Coffee","article_modified_time":"2025-04-07T08:10:50+00:00","twitter_card":"summary_large_image","twitter_misc":{"Tiempo de lectura":"1 minuto"},"schema":{"@context":"https:\/\/schema.org","@graph":[{"@type":"WebPage","@id":"https:\/\/mareterracoffee.com\/es\/origenes\/","url":"https:\/\/mareterracoffee.com\/es\/origenes\/","name":"Or\u00edgenes - Mare Terra Coffee","isPartOf":{"@id":"https:\/\/mareterracoffee.com\/es\/#website"},"datePublished":"2025-04-02T08:15:48+00:00","dateModified":"2025-04-07T08:10:50+00:00","description":"Explora nuestros caf\u00e9s de origen: perfiles sensoriales \u00fanicos, trazabilidad transparente y una historia en cada taza","breadcrumb":{"@id":"https:\/\/mareterracoffee.com\/es\/origenes\/#breadcrumb"},"inLanguage":"es","potentialAction":[{"@type":"ReadAction","target":["https:\/\/mareterracoffee.com\/es\/origenes\/"]}]},{"@type":"BreadcrumbList","@id":"https:\/\/mareterracoffee.com\/es\/origenes\/#breadcrumb","itemListElement":[{"@type":"ListItem","position":1,"name":"Portada","item":"https:\/\/mareterracoffee.com\/es\/"},{"@type":"ListItem","position":2,"name":"Or\u00edgenes"}]},{"@type":"WebSite","@id":"https:\/\/mareterracoffee.com\/es\/#website","url":"https:\/\/mareterracoffee.com\/es\/","name":"Mare Terra Coffee","description":"Importador \/ Exportador de Caf\u00e9 verde","publisher":{"@id":"https:\/\/mareterracoffee.com\/es\/#organization"},"potentialAction":[{"@type":"SearchAction","target":{"@type":"EntryPoint","urlTemplate":"https:\/\/mareterracoffee.com\/es\/?s={search_term_string}"},"query-input":{"@type":"PropertyValueSpecification","valueRequired":true,"valueName":"search_term_string"}}],"inLanguage":"es"},{"@type":"Organization","@id":"https:\/\/mareterracoffee.com\/es\/#organization","name":"Mare Terra Coffee","url":"https:\/\/mareterracoffee.com\/es\/","logo":{"@type":"ImageObject","inLanguage":"es","@id":"https:\/\/mareterracoffee.com\/es\/#\/schema\/logo\/image\/","url":"https:\/\/mareterracoffee.com\/wp-content\/uploads\/2023\/06\/marre-terra-1.svg","contentUrl":"https:\/\/mareterracoffee.com\/wp-content\/uploads\/2023\/06\/marre-terra-1.svg","width":229,"height":52,"caption":"Mare Terra Coffee"},"image":{"@id":"https:\/\/mareterracoffee.com\/es\/#\/schema\/logo\/image\/"}}]}},"_links":{"self":[{"href":"https:\/\/mareterracoffee.com\/es\/wp-json\/wp\/v2\/pages\/140820","targetHints":{"allow":["GET"]}}],"collection":[{"href":"https:\/\/mareterracoffee.com\/es\/wp-json\/wp\/v2\/pages"}],"about":[{"href":"https:\/\/mareterracoffee.com\/es\/wp-json\/wp\/v2\/types\/page"}],"author":[{"embeddable":true,"href":"https:\/\/mareterracoffee.com\/es\/wp-json\/wp\/v2\/users\/18"}],"replies":[{"embeddable":true,"href":"https:\/\/mareterracoffee.com\/es\/wp-json\/wp\/v2\/comments?post=140820"}],"version-history":[{"count":3,"href":"https:\/\/mareterracoffee.com\/es\/wp-json\/wp\/v2\/pages\/140820\/revisions"}],"predecessor-version":[{"id":140927,"href":"https:\/\/mareterracoffee.com\/es\/wp-json\/wp\/v2\/pages\/140820\/revisions\/140927"}],"wp:attachment":[{"href":"https:\/\/mareterracoffee.com\/es\/wp-json\/wp\/v2\/media?parent=140820"}],"curies":[{"name":"wp","href":"https:\/\/api.w.org\/{rel}","templated":true}]}}