{"id":6776,"date":"2021-12-28T16:29:01","date_gmt":"2021-12-28T16:29:01","guid":{"rendered":"https:\/\/mareterracoffee.com\/?page_id=6776"},"modified":"2025-05-20T10:01:31","modified_gmt":"2025-05-20T08:01:31","slug":"politica-de-cookies","status":"publish","type":"page","link":"https:\/\/mareterracoffee.com\/es\/politica-de-cookies\/","title":{"rendered":"Pol\u00edtica de cookies"},"content":{"rendered":"\t\t<div data-elementor-type=\"wp-page\" data-elementor-id=\"6776\" class=\"elementor elementor-6776\" data-elementor-post-type=\"page\">\n\t\t\t\t\t\t<section class=\"elementor-section elementor-top-section elementor-element elementor-element-3c6355f9 elementor-section-boxed elementor-section-height-default elementor-section-height-default\" data-id=\"3c6355f9\" data-element_type=\"section\" data-e-type=\"section\" data-settings=\"{&quot;background_background&quot;:&quot;classic&quot;}\">\n\t\t\t\t\t\t<div class=\"elementor-container elementor-column-gap-default\">\n\t\t\t\t\t<div class=\"elementor-column elementor-col-100 elementor-top-column elementor-element elementor-element-252801d1\" data-id=\"252801d1\" data-element_type=\"column\" data-e-type=\"column\">\n\t\t\t<div class=\"elementor-widget-wrap elementor-element-populated\">\n\t\t\t\t\t\t<div class=\"elementor-element elementor-element-68c1f9d elementor-widget elementor-widget-heading\" data-id=\"68c1f9d\" data-element_type=\"widget\" data-e-type=\"widget\" data-widget_type=\"heading.default\">\n\t\t\t\t<div class=\"elementor-widget-container\">\n\t\t\t\t\t<h1 class=\"elementor-heading-title elementor-size-default\">Pol\u00edtica de cookies<\/h1>\t\t\t\t<\/div>\n\t\t\t\t<\/div>\n\t\t\t\t<div class=\"elementor-element elementor-element-710348d elementor-widget elementor-widget-text-editor\" data-id=\"710348d\" data-element_type=\"widget\" data-e-type=\"widget\" data-widget_type=\"text-editor.default\">\n\t\t\t\t<div class=\"elementor-widget-container\">\n\t\t\t\t\t\t\t\t\t<p>En Mare Terra Coffee S.L. utilizamos cookies con el objetivo de prestar un mejor servicio y proporcionarle una mejor experiencia en su navegaci\u00f3n. Queremos informarle de manera clara y precisa sobre las cookies que utilizamos, detallando a continuaci\u00f3n, qu\u00e9 es una cookie, para qu\u00e9 sirve, qu\u00e9 tipos de cookies utilizamos, cu\u00e1les son sus finalidades y c\u00f3mo puede configurarlas o deshabilitarlas si as\u00ed lo desea.<\/p><h2><strong>\u00bfQu\u00e9 son las cookies?<\/strong><\/h2><p>Una cookie es un fichero que se descarga en su ordenador al acceder a determinadas p\u00e1ginas web. Las cookies permiten a una p\u00e1gina web, entre otras cosas, almacenar y recuperar informaci\u00f3n sobre los h\u00e1bitos de navegaci\u00f3n de un <strong>usuario<\/strong> o de su equipo y, dependiendo de la informaci\u00f3n que contengan y de la forma en que utilice su equipo, pueden utilizarse para reconocer al <strong>usuario<\/strong>.<\/p><p>El conjunto de \u00abcookies\u00bb de todos nuestros <strong>usuarios<\/strong> nos ayuda a mejorar la calidad de nuestra web, permiti\u00e9ndonos controlar qu\u00e9 p\u00e1ginas son \u00fatiles, cu\u00e1les no y cu\u00e1les son susceptibles de mejora. Las cookies son esenciales para el funcionamiento de internet, aportando innumerables ventajas en la prestaci\u00f3n de servicios interactivos, facilit\u00e1ndote la navegaci\u00f3n y usabilidad de nuestra web. En ning\u00fan caso las cookies podr\u00edan da\u00f1ar su equipo. Por contra, el que est\u00e9n activas nos ayuda a identificar y resolver los errores.<\/p><p>Las cookies no le identifican personalmente y no suponen ning\u00fan riesgo para su ordenador o dispositivo m\u00f3vil. No son virus ni software esp\u00eda. Simplemente son herramientas utilizadas por los sitios web que visita para mejorar su navegaci\u00f3n, para que sus datos viajen por la red seguros, para ayudarnos a entender qu\u00e9 informaci\u00f3n de nuestra web es m\u00e1s \u00fatil para nuestros <strong>usuarios<\/strong> o para saber qu\u00e9 ofertas pueden ser del inter\u00e9s de cada<strong> usuario<\/strong>. Y todo ello de una manera totalmente an\u00f3nima: nunca sabremos su nombre, direcci\u00f3n o tel\u00e9fono a menos que usted nos lo facilite.\u00a0Usted decide si permite o no las cookies, pero si decide no permitirlas, debe bloquearlas en su navegador. Antes de bloquearlas, queremos ayudarle mejor a entender c\u00f3mo se usan las cookies.<\/p><h2><strong>Tipos de cookies:<\/strong><\/h2><p>Seg\u00fan la entidad que la gestiona, las cookies pueden ser:<\/p><ul><li><strong>Cookies propias:\u00a0<\/strong>Son aquellas que se env\u00edan a su equipo desde nuestros propios equipos o dominios y desde el que prestamos el servicio que nos solicita.<\/li><li><strong>Cookies de terceros:\u00a0<\/strong>Son aquellas que se env\u00edan a su equipo desde un equipo o dominio que no es gestionado por nosotros, sino por otra entidad colaboradora.<\/li><\/ul><p>Seg\u00fan el plazo de tiempo que permanecen activadas:<\/p><ul><li><strong>Cookies de sesi\u00f3n:\u00a0<\/strong>Son cookies temporales que permanecen en el archivo de cookies de su navegador hasta que abandona la p\u00e1gina web, por lo que ninguna queda registrada en el disco duro de su ordenador. La informaci\u00f3n obtenida por medio de estas cookies, sirven para analizar pautas de tr\u00e1fico en la web. A la larga, esto nos permite proporcionar una mejor experiencia para mejorar el contenido y facilitar su uso.<\/li><li><strong>Cookies persistentes:\u00a0<\/strong>Son almacenadas en el disco duro y nuestra web las lee cada vez que realiza una nueva visita. Una web permanente posee una fecha de expiraci\u00f3n determinada. La cookie dejar\u00e1 de funcionar despu\u00e9s de esa fecha. Estas cookies las utilizamos, generalmente, para facilitar los servicios de compra y registro.\u00a0<\/li><\/ul><p>Seg\u00fan su finalidad:\u00a0<\/p><ul><li><strong>Cookies t\u00e9cnicas<\/strong>: Son aquellas necesarias para la navegaci\u00f3n y el buen funcionamiento de nuestra p\u00e1gina web. Permiten, por ejemplo, controlar el tr\u00e1fico y la comunicaci\u00f3n de datos, acceder a partes de acceso restringido, utilizar elementos de seguridad, almacenar contenidos para poder difundir v\u00eddeos o compartir contenidos a trav\u00e9s de redes sociales.<\/li><li><strong>Cookies de an\u00e1lisis<\/strong>: Son aquellas que son tratadas por nosotros o por terceros, nos permiten cuantificar el n\u00famero de <strong>usuarios<\/strong> y as\u00ed realizar la medici\u00f3n y an\u00e1lisis estad\u00edstico de la utilizaci\u00f3n que hacen los <strong>usuarios<\/strong> del servicio ofertado. Para ello se analiza la navegaci\u00f3n en nuestra p\u00e1gina web con el fin de mejorar la misma.<\/li><li><strong>Cookies de sesi\u00f3n<\/strong>: Son cookies temporales que permanecen en el archivo de cookies de su navegador hasta que abandone la p\u00e1gina web, por lo que ninguna queda registrada en el disco duro del <strong>usuario<\/strong>. La informaci\u00f3n obtenida por medio de estas cookies, sirven para analizar pautas de tr\u00e1fico en la web. A la larga, esto nos permite proporcionar una mejor experiencia para mejorar el contenido y facilitar su uso.<\/li><li><strong>Cookies de personalizaci\u00f3n<\/strong>: Son aqu\u00e9llas que le permiten acceder al servicio con unas caracter\u00edsticas predefinidas en funci\u00f3n de una serie de criterios, como por ejemplo el idioma, el tipo de navegador a trav\u00e9s del cual se accede al servicio, la configuraci\u00f3n regional desde donde se accede al servicio, etc.<\/li><li><strong>Cookies publicitarias:<\/strong>\u00a0Son aqu\u00e9llas que permiten la gesti\u00f3n, de la forma m\u00e1s eficaz posible, de los espacios publicitarios que se pudieran incluir en nuestra p\u00e1gina web.<\/li><li><strong>Cookies de publicidad comportamental:<\/strong>\u00a0Estas cookies almacenan informaci\u00f3n del comportamiento de los <strong>usuarios<\/strong> obtenida a trav\u00e9s de la observaci\u00f3n continuada. Gracias a ellas, podemos conocer los h\u00e1bitos de navegaci\u00f3n en internet y mostrarle publicidad relacionada con su perfil de navegaci\u00f3n.<\/li><\/ul><p style=\"text-align: left;\">A continuaci\u00f3n, detallamos las cookies utilizadas en nuestra web:<\/p><figure class=\"wp-block-table\"><table style=\"height: 4458px;\" width=\"735\"><tbody><tr><td><p style=\"text-align: left;\"><strong>Nombre de la cookie<\/strong><\/p><\/td><td style=\"text-align: left;\"><strong>Propia o de terceros<\/strong><\/td><td style=\"text-align: left;\"><strong>Finalidad de cookie<\/strong><\/td><td style=\"text-align: left;\"><strong>Informaci\u00f3n de la cookie<\/strong><\/td><td style=\"text-align: left;\"><strong>Plazo<\/strong><\/td><\/tr><tr><td>__Secure-3PSIDCC<\/td><td>Terceros(Google)<\/td><td>Publicitaria<\/td><td>Publicitaria. Estas cookies se utilizan para entregar anuncios m\u00e1s relevantes para usted y sus intereses<\/td><td>2 a\u00f1os<\/td><\/tr><tr><td>__Secure-3PSID<\/td><td>Terceros(Google)<\/td><td>Publicitaria<\/td><td>Publicitaria. Estas cookies se utilizan para entregar anuncios m\u00e1s relevantes para usted y sus intereses<\/td><td>2 a\u00f1os<\/td><\/tr><tr><td>SID<\/td><td>Terceros(Google)<\/td><td>T\u00e9cnica<\/td><td>Cookie para proveer de mecanismos de seguridad que eviten el acceso no autorizado a datos de acceso de <strong>usuarios<\/strong> o la informaci\u00f3n que \u00e9stos facilitan en formularios de contacto.<\/td><td>2 a\u00f1os<\/td><\/tr><tr><td>SIDCC<\/td><td>Terceros(Google)<\/td><td>An\u00e1lisis<\/td><td>Esta cookie es utilizada por Google para proveer servicios y extraer informaci\u00f3n an\u00f3nima sobre la navegaci\u00f3n.<\/td><td>3 meses<\/td><\/tr><tr><td>__Secure-3PAPISID<\/td><td>Terceros(Google)<\/td><td>Publicitaria<\/td><td>Publicitaria. Estas cookies se utilizan para entregar anuncios m\u00e1s relevantes para usted y sus intereses<\/td><td>2 a\u00f1os<\/td><\/tr><tr><td>SAPISID<\/td><td>Terceros(Google)<\/td><td>T\u00e9cnica<\/td><td>Cookie para reproducci\u00f3n de contenido<\/td><td>2 a\u00f1os<\/td><\/tr><tr><td>APISID<\/td><td>Terceros(Google)<\/td><td>Personalizaci\u00f3n<\/td><td>Se utilizan para recordar preferencias del <strong>usuario<\/strong> durante su navegaci\u00f3n.<\/td><td>2 a\u00f1os<\/td><\/tr><tr><td>SSID<\/td><td>Terceros(Google)<\/td><td>An\u00e1lisis<\/td><td>Cookie para el recuento, por parte de Google, del n\u00famero de<strong> usuarios<\/strong> que utilizan los mapas.<\/td><td>2 a\u00f1os<\/td><\/tr><tr><td>HSID<\/td><td>Terceros(Google)<\/td><td><p>T\u00e9cnica<\/p><\/td><td>Cookie para proveer de mecanismos de seguridad que eviten el acceso no autorizado a datos de acceso de <strong>usuarios<\/strong> o la informaci\u00f3n que \u00e9stos facilitan en formularios de contacto.<\/td><td>2 a\u00f1os<\/td><\/tr><tr><td>_gat_gtag_UA_46968801_1<\/td><td>Propia<\/td><td>An\u00e1lisis<\/td><td>Se usa para diferenciar entre los diferentes objetos de seguimiento creados en la sesi\u00f3n.<\/td><td>10 minutos<\/td><\/tr><tr><td>_ga<\/td><td>Propia<\/td><td>An\u00e1lisis<\/td><td>Almacena c\u00f3mo ha llegado el visitante a nuestro sitio web, ya sea directamente introduciendo la direcci\u00f3n del dominio, un enlace, una b\u00fasqueda web o un anuncio<\/td><td>2 a\u00f1os<\/td><\/tr><tr><td>__cfduid<\/td><td>Propia<\/td><td>Mejora de rendimiento<\/td><td>Se utiliza para anular las restricciones de seguridad basadas en la direcci\u00f3n IP del visitante est\u00e1 viniendo<\/td><td>1 a\u00f1o<\/td><\/tr><tr><td>PHPSESSID<\/td><td>Propia<\/td><td>Medici\u00f3n<\/td><td>Se utiliza para permitir que las variables de sesi\u00f3n sean guardadas en el servidor web.<\/td><td>&#8211;<\/td><\/tr><tr><td>DV<\/td><td>Terceros(Google)<\/td><td>An\u00e1lisis<\/td><td>Es utilizada por Google para proveer servicios y extraer informaci\u00f3n an\u00f3nima sobre la navegaci\u00f3n.<\/td><td>24 horas<\/td><\/tr><tr><td>1P_JAR<\/td><td>Terceros(Google)<\/td><td>An\u00e1lisis<\/td><td>Estas cookies se utilizan para recoger informaci\u00f3n sobre el uso de nuestro sitio web por parte de los visitantes. Utilizamos la informaci\u00f3n para elaborar informes y para mejorar el sitio.<\/td><td>1 mes<\/td><\/tr><tr><td>CONSENT<\/td><td>Terceros(Google)<\/td><td>T\u00e9cnica<\/td><td>Cookie de Google Maps.Permite el funcionamiento del mapa de Google en la p\u00e1gina de contacto de la p\u00e1gina web.<\/td><td>20 a\u00f1os<\/td><\/tr><tr><td>ANID<\/td><td>Terceros(Google)<\/td><td>Publicitaria<\/td><td>Estas cookies se utilizan para entregar anuncios m\u00e1s relevantes para usted y sus intereses.<\/td><td>1 d\u00eda<\/td><\/tr><tr><td>SEARCH_SAMESITE<\/td><td>&#8211;<\/td><td><p>&#8211;<\/p><\/td><td>El objetivo es mitigar el riesgo de fuga de informaci\u00f3n de origen cruzado. Tambi\u00e9n proporciona cierta protecci\u00f3n contra los ataques de falsificaci\u00f3n de solicitudes entre sitios.<\/td><td>&#8211;<\/td><\/tr><tr><td>NID<\/td><td>Terceros(Google)<\/td><td><p>T\u00e9cnica<\/p><\/td><td>Es utilizada por Google para almacenar las preferencias del <strong>usuario<\/strong> y la informaci\u00f3n durante la visualizaci\u00f3n de las p\u00e1ginas con los mapas de Google.<\/td><td>6 meses<\/td><\/tr><tr><td>OTZ<\/td><td>Terceros(Google)<\/td><td>Publicitaria<\/td><td>Cookie que identifica las preferencias del <strong>usuario<\/strong><\/td><td>1 mes<\/td><\/tr><tr><td>_gid<\/td><td>Propia<\/td><td>An\u00e1lisis<\/td><td>Almacena c\u00f3mo ha llegado el visitante a nuestro sitio web, ya sea directamente introduciendo la direcci\u00f3n del dominio, un enlace, una b\u00fasqueda web o un anuncio<\/td><td>2 a\u00f1os<\/td><\/tr><tr><td>fr<\/td><td>Terceros(Facebook)<\/td><td>An\u00e1lisis<\/td><td>\u00c9stas integran la p\u00e1gina web con Facebook y detectan el n\u00famero de \u201clikes\u201d o si el <strong>Usuario<\/strong> est\u00e1 logueado.<\/td><td>3 meses<\/td><\/tr><tr><td>sb<\/td><td>Terceros (Facebook)<\/td><td>T\u00e9cnica<\/td><td>Estrictamente necesaria. Necesario para el funcionamiento del bot\u00f3n \u201cLike\u201d.<\/td><td>2 a\u00f1os<\/td><\/tr><tr><td style=\"text-align: left;\">datr<\/td><td style=\"text-align: left;\">Terceros (Facebook)<\/td><td style=\"text-align: left;\">T\u00e9cnica<\/td><td style=\"text-align: left;\">El prop\u00f3sito de la cookie DATR es identificar el navegador web que se utiliza para conectarse a Facebook independientemente del <strong>usuario<\/strong> que ha entrado. Esta cookie tiene un papel clave en el Facebook de caracter\u00edsticas de seguridad e integridad del sitio.<\/td><td style=\"text-align: left;\">2 a\u00f1os<\/td><\/tr><\/tbody><\/table><\/figure><h2><strong>Configuraci\u00f3n, desactivaci\u00f3n, eliminaci\u00f3n o bloqueo las cookies:\u00a0<\/strong><\/h2><p>A tenor de la normativa vigente Mare Terra Coffee S.L. le informa a sus <strong>usuarios<\/strong> de c\u00f3mo pueden configurar las cookies en su navegador en relaci\u00f3n a sus preferencias de privacidad y seguridad con las Cookies<\/p><p>Puede permitir, bloquear o eliminar las cookies instaladas en su equipo mediante la configuraci\u00f3n de las opciones de su navegador de Internet.\u00a0<\/p><p><strong>El usuario<\/strong> tiene la posibilidad en todo momento de configurar su navegador para aceptar o rechazar las cookies, o revocar su consentimiento prestado con anterioridad.\u00a0<\/p><p>En caso de que no permita la instalaci\u00f3n de cookies en su navegador es posible que no pueda acceder a algunos de los servicios y que su experiencia en nuestra web pueda resultar menos satisfactoria.<\/p><p>En los siguientes enlaces tienes a su disposici\u00f3n toda la informaci\u00f3n para configurar o deshabilitar sus cookies en cada navegador:<\/p><ul><li><strong>Mozilla Firefox<\/strong>: https:\/\/support.mozilla.org\/es\/kb\/habilitar-y-deshabilitar-cookies-sitios-web-rastrear-preferencias?redirectlocale=es&amp;redirectslug=habilitar-y-deshabilitar-cookies-que-los-sitios-we<\/li><li><strong>Chrome<\/strong>: https:\/\/support.google.com\/chrome\/answer\/95647?hl=es\u00a0<\/li><li><strong>Internet Explorer<\/strong>: https:\/\/support.microsoft.com\/es-es\/help\/17442\/windows-internet-explorer-delete-manage-cookies<\/li><li><strong>Safari<\/strong>: http:\/\/support.apple.com\/kb\/ph5042<\/li><li><strong>Opera<\/strong>: http:\/\/help.opera.com\/Windows\/11.50\/es-ES\/cookies.html<\/li><\/ul><p>En Mare Terra Coffee S.L. nunca guardamos los datos personales de nuestros <strong>usuarios<\/strong>, a excepci\u00f3n de la direcci\u00f3n IP de acuerdo a lo descrito anteriormente, salvo que quiera registrarse, de forma voluntaria con el fin de realizar compras de los productos y servicios que ponemos a su disposici\u00f3n o de recibir informaci\u00f3n sobre promociones y contenidos de tu inter\u00e9s.\u00a0<\/p><p>El hecho de navegar y continuar en nuestra web sin que haya realizado una clara acci\u00f3n afirmativa por la que presta su consentimiento de manera libre e informada, no supondr\u00e1 el consentimiento de las cookies utilizadas en este sitio web, es decir, en ning\u00fan caso la mera actividad <strong>del usuario<\/strong> implica la prestaci\u00f3n del consentimiento por s\u00ed misma, ni la consulta de la segunda capa de la Pol\u00edtica de Cookies ni la navegaci\u00f3n necesaria para que <strong>el usuario<\/strong> gestiones sus preferencias en relaci\u00f3n con las Cookies, sin que estas situaciones sean una conducta activa de la que pueda derivarse la aceptaci\u00f3n de las Cookies para las que se requiera la prestaci\u00f3n del consentimiento.<\/p>\t\t\t\t\t\t\t\t<\/div>\n\t\t\t\t<\/div>\n\t\t\t\t\t<\/div>\n\t\t<\/div>\n\t\t\t\t\t<\/div>\n\t\t<\/section>\n\t\t\t\t<\/div>\n\t\t","protected":false},"excerpt":{"rendered":"<p>En Mare Terra Coffee S.L. utilizamos cookies con el objetivo de prestar un mejor servicio y proporcionarle una mejor experiencia en su navegaci\u00f3n. Queremos informarle de manera clara y precisa sobre las cookies que utilizamos, detallando a continuaci\u00f3n, qu\u00e9 es una cookie, para qu\u00e9 sirve, qu\u00e9 tipos de cookies utilizamos, cu\u00e1les son sus finalidades y [&hellip;]<\/p>\n","protected":false},"author":1,"featured_media":0,"parent":0,"menu_order":0,"comment_status":"closed","ping_status":"closed","template":"","meta":{"_acf_changed":false,"footnotes":""},"class_list":["post-6776","page","type-page","status-publish","hentry"],"acf":[],"yoast_head":"<!-- This site is optimized with the Yoast SEO plugin v27.2 - https:\/\/yoast.com\/product\/yoast-seo-wordpress\/ -->\n<title>Pol\u00edtica de cookies - Mare Terra Coffee<\/title>\n<meta name=\"description\" content=\"Pol\u00edtica de cookies Mare Terra Coffee S.L.\" \/>\n<meta name=\"robots\" content=\"index, follow, max-snippet:-1, max-image-preview:large, max-video-preview:-1\" \/>\n<link rel=\"canonical\" href=\"https:\/\/mareterracoffee.com\/es\/politica-de-cookies\/\" \/>\n<meta property=\"og:locale\" content=\"es_ES\" \/>\n<meta property=\"og:type\" content=\"article\" \/>\n<meta property=\"og:title\" content=\"Pol\u00edtica de cookies - Mare Terra Coffee\" \/>\n<meta property=\"og:description\" content=\"Pol\u00edtica de cookies Mare Terra Coffee S.L.\" \/>\n<meta property=\"og:url\" content=\"https:\/\/mareterracoffee.com\/es\/politica-de-cookies\/\" \/>\n<meta property=\"og:site_name\" content=\"Mare Terra Coffee\" \/>\n<meta property=\"article:modified_time\" content=\"2025-05-20T08:01:31+00:00\" \/>\n<meta name=\"twitter:card\" content=\"summary_large_image\" \/>\n<meta name=\"twitter:label1\" content=\"Tiempo de lectura\" \/>\n\t<meta name=\"twitter:data1\" content=\"9 minutos\" \/>\n<script type=\"application\/ld+json\" class=\"yoast-schema-graph\">{\"@context\":\"https:\/\/schema.org\",\"@graph\":[{\"@type\":\"WebPage\",\"@id\":\"https:\/\/mareterracoffee.com\/es\/politica-de-cookies\/\",\"url\":\"https:\/\/mareterracoffee.com\/es\/politica-de-cookies\/\",\"name\":\"Pol\u00edtica de cookies - Mare Terra Coffee\",\"isPartOf\":{\"@id\":\"https:\/\/mareterracoffee.com\/es\/#website\"},\"datePublished\":\"2021-12-28T16:29:01+00:00\",\"dateModified\":\"2025-05-20T08:01:31+00:00\",\"description\":\"Pol\u00edtica de cookies Mare Terra Coffee S.L.\",\"breadcrumb\":{\"@id\":\"https:\/\/mareterracoffee.com\/es\/politica-de-cookies\/#breadcrumb\"},\"inLanguage\":\"es\",\"potentialAction\":[{\"@type\":\"ReadAction\",\"target\":[\"https:\/\/mareterracoffee.com\/es\/politica-de-cookies\/\"]}]},{\"@type\":\"BreadcrumbList\",\"@id\":\"https:\/\/mareterracoffee.com\/es\/politica-de-cookies\/#breadcrumb\",\"itemListElement\":[{\"@type\":\"ListItem\",\"position\":1,\"name\":\"Portada\",\"item\":\"https:\/\/mareterracoffee.com\/es\/\"},{\"@type\":\"ListItem\",\"position\":2,\"name\":\"Pol\u00edtica de cookies\"}]},{\"@type\":\"WebSite\",\"@id\":\"https:\/\/mareterracoffee.com\/es\/#website\",\"url\":\"https:\/\/mareterracoffee.com\/es\/\",\"name\":\"Mare Terra Coffee\",\"description\":\"Importador \/ Exportador de Caf\u00e9 verde\",\"publisher\":{\"@id\":\"https:\/\/mareterracoffee.com\/es\/#organization\"},\"potentialAction\":[{\"@type\":\"SearchAction\",\"target\":{\"@type\":\"EntryPoint\",\"urlTemplate\":\"https:\/\/mareterracoffee.com\/es\/?s={search_term_string}\"},\"query-input\":{\"@type\":\"PropertyValueSpecification\",\"valueRequired\":true,\"valueName\":\"search_term_string\"}}],\"inLanguage\":\"es\"},{\"@type\":\"Organization\",\"@id\":\"https:\/\/mareterracoffee.com\/es\/#organization\",\"name\":\"Mare Terra Coffee\",\"url\":\"https:\/\/mareterracoffee.com\/es\/\",\"logo\":{\"@type\":\"ImageObject\",\"inLanguage\":\"es\",\"@id\":\"https:\/\/mareterracoffee.com\/es\/#\/schema\/logo\/image\/\",\"url\":\"https:\/\/mareterracoffee.com\/wp-content\/uploads\/2023\/06\/marre-terra-1.svg\",\"contentUrl\":\"https:\/\/mareterracoffee.com\/wp-content\/uploads\/2023\/06\/marre-terra-1.svg\",\"width\":229,\"height\":52,\"caption\":\"Mare Terra Coffee\"},\"image\":{\"@id\":\"https:\/\/mareterracoffee.com\/es\/#\/schema\/logo\/image\/\"}}]}<\/script>\n<!-- \/ Yoast SEO plugin. -->","yoast_head_json":{"title":"Pol\u00edtica de cookies - Mare Terra Coffee","description":"Pol\u00edtica de cookies Mare Terra Coffee S.L.","robots":{"index":"index","follow":"follow","max-snippet":"max-snippet:-1","max-image-preview":"max-image-preview:large","max-video-preview":"max-video-preview:-1"},"canonical":"https:\/\/mareterracoffee.com\/es\/politica-de-cookies\/","og_locale":"es_ES","og_type":"article","og_title":"Pol\u00edtica de cookies - Mare Terra Coffee","og_description":"Pol\u00edtica de cookies Mare Terra Coffee S.L.","og_url":"https:\/\/mareterracoffee.com\/es\/politica-de-cookies\/","og_site_name":"Mare Terra Coffee","article_modified_time":"2025-05-20T08:01:31+00:00","twitter_card":"summary_large_image","twitter_misc":{"Tiempo de lectura":"9 minutos"},"schema":{"@context":"https:\/\/schema.org","@graph":[{"@type":"WebPage","@id":"https:\/\/mareterracoffee.com\/es\/politica-de-cookies\/","url":"https:\/\/mareterracoffee.com\/es\/politica-de-cookies\/","name":"Pol\u00edtica de cookies - Mare Terra Coffee","isPartOf":{"@id":"https:\/\/mareterracoffee.com\/es\/#website"},"datePublished":"2021-12-28T16:29:01+00:00","dateModified":"2025-05-20T08:01:31+00:00","description":"Pol\u00edtica de cookies Mare Terra Coffee S.L.","breadcrumb":{"@id":"https:\/\/mareterracoffee.com\/es\/politica-de-cookies\/#breadcrumb"},"inLanguage":"es","potentialAction":[{"@type":"ReadAction","target":["https:\/\/mareterracoffee.com\/es\/politica-de-cookies\/"]}]},{"@type":"BreadcrumbList","@id":"https:\/\/mareterracoffee.com\/es\/politica-de-cookies\/#breadcrumb","itemListElement":[{"@type":"ListItem","position":1,"name":"Portada","item":"https:\/\/mareterracoffee.com\/es\/"},{"@type":"ListItem","position":2,"name":"Pol\u00edtica de cookies"}]},{"@type":"WebSite","@id":"https:\/\/mareterracoffee.com\/es\/#website","url":"https:\/\/mareterracoffee.com\/es\/","name":"Mare Terra Coffee","description":"Importador \/ Exportador de Caf\u00e9 verde","publisher":{"@id":"https:\/\/mareterracoffee.com\/es\/#organization"},"potentialAction":[{"@type":"SearchAction","target":{"@type":"EntryPoint","urlTemplate":"https:\/\/mareterracoffee.com\/es\/?s={search_term_string}"},"query-input":{"@type":"PropertyValueSpecification","valueRequired":true,"valueName":"search_term_string"}}],"inLanguage":"es"},{"@type":"Organization","@id":"https:\/\/mareterracoffee.com\/es\/#organization","name":"Mare Terra Coffee","url":"https:\/\/mareterracoffee.com\/es\/","logo":{"@type":"ImageObject","inLanguage":"es","@id":"https:\/\/mareterracoffee.com\/es\/#\/schema\/logo\/image\/","url":"https:\/\/mareterracoffee.com\/wp-content\/uploads\/2023\/06\/marre-terra-1.svg","contentUrl":"https:\/\/mareterracoffee.com\/wp-content\/uploads\/2023\/06\/marre-terra-1.svg","width":229,"height":52,"caption":"Mare Terra Coffee"},"image":{"@id":"https:\/\/mareterracoffee.com\/es\/#\/schema\/logo\/image\/"}}]}},"_links":{"self":[{"href":"https:\/\/mareterracoffee.com\/es\/wp-json\/wp\/v2\/pages\/6776","targetHints":{"allow":["GET"]}}],"collection":[{"href":"https:\/\/mareterracoffee.com\/es\/wp-json\/wp\/v2\/pages"}],"about":[{"href":"https:\/\/mareterracoffee.com\/es\/wp-json\/wp\/v2\/types\/page"}],"author":[{"embeddable":true,"href":"https:\/\/mareterracoffee.com\/es\/wp-json\/wp\/v2\/users\/1"}],"replies":[{"embeddable":true,"href":"https:\/\/mareterracoffee.com\/es\/wp-json\/wp\/v2\/comments?post=6776"}],"version-history":[{"count":3,"href":"https:\/\/mareterracoffee.com\/es\/wp-json\/wp\/v2\/pages\/6776\/revisions"}],"predecessor-version":[{"id":148247,"href":"https:\/\/mareterracoffee.com\/es\/wp-json\/wp\/v2\/pages\/6776\/revisions\/148247"}],"wp:attachment":[{"href":"https:\/\/mareterracoffee.com\/es\/wp-json\/wp\/v2\/media?parent=6776"}],"curies":[{"name":"wp","href":"https:\/\/api.w.org\/{rel}","templated":true}]}}