{"id":150734,"date":"2025-08-04T11:21:52","date_gmt":"2025-08-04T09:21:52","guid":{"rendered":"https:\/\/mareterracoffee.com\/sin%20categor\u00eda\/producto-3\/"},"modified":"2026-04-21T16:25:12","modified_gmt":"2026-04-21T14:25:12","slug":"vega-amo_pro4094","status":"publish","type":"product","link":"https:\/\/mareterracoffee.com\/es\/cafe-verde\/vega-amo_pro4094\/","title":{"rendered":"Vega AMO"},"content":{"rendered":"","protected":false},"excerpt":{"rendered":"","protected":false},"featured_media":149916,"template":"","meta":{"_acf_changed":false},"product_brand":[],"product_cat":[165],"product_tag":[],"pa_variedad":[176],"coffee_warehouse":[3160],"class_list":{"0":"post-150734","1":"product","2":"type-product","3":"status-publish","4":"has-post-thumbnail","6":"product_cat-cafe-verde","8":"first","9":"outofstock","10":"taxable","11":"shipping-taxable","12":"product-type-simple"},"acf":[],"yoast_head":"<!-- This site is optimized with the Yoast SEO plugin v27.4 - https:\/\/yoast.com\/product\/yoast-seo-wordpress\/ -->\n<title>Vega AMO - Mare Terra Coffee<\/title>\n<meta name=\"description\" content=\"Caf\u00e9 verde de El Salvador con perfil afrutado y notas de mora, maracuy\u00e1, pi\u00f1a y chocolate negro. Varietal Bourbon. Proceso anaer\u00f3bico Mountain Dry.\" \/>\n<meta name=\"robots\" content=\"index, follow, max-snippet:-1, max-image-preview:large, max-video-preview:-1\" \/>\n<link rel=\"canonical\" href=\"https:\/\/mareterracoffee.com\/es\/cafe-verde\/vega-amo_pro4094\/\" \/>\n<meta property=\"og:locale\" content=\"es_ES\" \/>\n<meta property=\"og:type\" content=\"article\" \/>\n<meta property=\"og:title\" content=\"Vega AMO - Mare Terra Coffee\" \/>\n<meta property=\"og:description\" content=\"Caf\u00e9 verde de El Salvador con perfil afrutado y notas de mora, maracuy\u00e1, pi\u00f1a y chocolate negro. Varietal Bourbon. Proceso anaer\u00f3bico Mountain Dry.\" \/>\n<meta property=\"og:url\" content=\"https:\/\/mareterracoffee.com\/es\/cafe-verde\/vega-amo_pro4094\/\" \/>\n<meta property=\"og:site_name\" content=\"Mare Terra Coffee\" \/>\n<meta property=\"article:modified_time\" content=\"2026-04-21T14:25:12+00:00\" \/>\n<meta property=\"og:image\" content=\"https:\/\/mareterracoffee.com\/wp-content\/uploads\/2025\/07\/granos-cafe-verde-PRO_4094.jpg\" \/>\n\t<meta property=\"og:image:width\" content=\"800\" \/>\n\t<meta property=\"og:image:height\" content=\"800\" \/>\n\t<meta property=\"og:image:type\" content=\"image\/jpeg\" \/>\n<meta name=\"twitter:card\" content=\"summary_large_image\" \/>\n<meta name=\"twitter:label1\" content=\"Tiempo de lectura\" \/>\n\t<meta name=\"twitter:data1\" content=\"1 minuto\" \/>\n<script type=\"application\/ld+json\" class=\"yoast-schema-graph\">{\"@context\":\"https:\\\/\\\/schema.org\",\"@graph\":[{\"@type\":\"WebPage\",\"@id\":\"https:\\\/\\\/mareterracoffee.com\\\/es\\\/cafe-verde\\\/vega-amo_pro4094\\\/\",\"url\":\"https:\\\/\\\/mareterracoffee.com\\\/es\\\/cafe-verde\\\/vega-amo_pro4094\\\/\",\"name\":\"Vega AMO - Mare Terra Coffee\",\"isPartOf\":{\"@id\":\"https:\\\/\\\/mareterracoffee.com\\\/es\\\/#website\"},\"primaryImageOfPage\":{\"@id\":\"https:\\\/\\\/mareterracoffee.com\\\/es\\\/cafe-verde\\\/vega-amo_pro4094\\\/#primaryimage\"},\"image\":{\"@id\":\"https:\\\/\\\/mareterracoffee.com\\\/es\\\/cafe-verde\\\/vega-amo_pro4094\\\/#primaryimage\"},\"thumbnailUrl\":\"https:\\\/\\\/mareterracoffee.com\\\/wp-content\\\/uploads\\\/2025\\\/07\\\/granos-cafe-verde-PRO_4094.jpg\",\"datePublished\":\"2025-08-04T09:21:52+00:00\",\"dateModified\":\"2026-04-21T14:25:12+00:00\",\"description\":\"Caf\u00e9 verde de El Salvador con perfil afrutado y notas de mora, maracuy\u00e1, pi\u00f1a y chocolate negro. Varietal Bourbon. Proceso anaer\u00f3bico Mountain Dry.\",\"breadcrumb\":{\"@id\":\"https:\\\/\\\/mareterracoffee.com\\\/es\\\/cafe-verde\\\/vega-amo_pro4094\\\/#breadcrumb\"},\"inLanguage\":\"es\",\"potentialAction\":[{\"@type\":\"ReadAction\",\"target\":[\"https:\\\/\\\/mareterracoffee.com\\\/es\\\/cafe-verde\\\/vega-amo_pro4094\\\/\"]}]},{\"@type\":\"ImageObject\",\"inLanguage\":\"es\",\"@id\":\"https:\\\/\\\/mareterracoffee.com\\\/es\\\/cafe-verde\\\/vega-amo_pro4094\\\/#primaryimage\",\"url\":\"https:\\\/\\\/mareterracoffee.com\\\/wp-content\\\/uploads\\\/2025\\\/07\\\/granos-cafe-verde-PRO_4094.jpg\",\"contentUrl\":\"https:\\\/\\\/mareterracoffee.com\\\/wp-content\\\/uploads\\\/2025\\\/07\\\/granos-cafe-verde-PRO_4094.jpg\",\"width\":800,\"height\":800},{\"@type\":\"BreadcrumbList\",\"@id\":\"https:\\\/\\\/mareterracoffee.com\\\/es\\\/cafe-verde\\\/vega-amo_pro4094\\\/#breadcrumb\",\"itemListElement\":[{\"@type\":\"ListItem\",\"position\":1,\"name\":\"Portada\",\"item\":\"https:\\\/\\\/mareterracoffee.com\\\/es\\\/\"},{\"@type\":\"ListItem\",\"position\":2,\"name\":\"Tienda\",\"item\":\"https:\\\/\\\/mareterracoffee.com\\\/es\\\/tienda\\\/\"},{\"@type\":\"ListItem\",\"position\":3,\"name\":\"Caf\u00e9 Vega AMO\"}]},{\"@type\":\"WebSite\",\"@id\":\"https:\\\/\\\/mareterracoffee.com\\\/es\\\/#website\",\"url\":\"https:\\\/\\\/mareterracoffee.com\\\/es\\\/\",\"name\":\"Mare Terra Coffee\",\"description\":\"Importador \\\/ Exportador de Caf\u00e9 verde\",\"publisher\":{\"@id\":\"https:\\\/\\\/mareterracoffee.com\\\/es\\\/#organization\"},\"potentialAction\":[{\"@type\":\"SearchAction\",\"target\":{\"@type\":\"EntryPoint\",\"urlTemplate\":\"https:\\\/\\\/mareterracoffee.com\\\/es\\\/?s={search_term_string}\"},\"query-input\":{\"@type\":\"PropertyValueSpecification\",\"valueRequired\":true,\"valueName\":\"search_term_string\"}}],\"inLanguage\":\"es\"},{\"@type\":\"Organization\",\"@id\":\"https:\\\/\\\/mareterracoffee.com\\\/es\\\/#organization\",\"name\":\"Mare Terra Coffee\",\"url\":\"https:\\\/\\\/mareterracoffee.com\\\/es\\\/\",\"logo\":{\"@type\":\"ImageObject\",\"inLanguage\":\"es\",\"@id\":\"https:\\\/\\\/mareterracoffee.com\\\/es\\\/#\\\/schema\\\/logo\\\/image\\\/\",\"url\":\"https:\\\/\\\/mareterracoffee.com\\\/wp-content\\\/uploads\\\/2023\\\/06\\\/marre-terra-1.svg\",\"contentUrl\":\"https:\\\/\\\/mareterracoffee.com\\\/wp-content\\\/uploads\\\/2023\\\/06\\\/marre-terra-1.svg\",\"width\":229,\"height\":52,\"caption\":\"Mare Terra Coffee\"},\"image\":{\"@id\":\"https:\\\/\\\/mareterracoffee.com\\\/es\\\/#\\\/schema\\\/logo\\\/image\\\/\"}}]}<\/script>\n<!-- \/ Yoast SEO plugin. -->","yoast_head_json":{"title":"Vega AMO - Mare Terra Coffee","description":"Caf\u00e9 verde de El Salvador con perfil afrutado y notas de mora, maracuy\u00e1, pi\u00f1a y chocolate negro. Varietal Bourbon. Proceso anaer\u00f3bico Mountain Dry.","robots":{"index":"index","follow":"follow","max-snippet":"max-snippet:-1","max-image-preview":"max-image-preview:large","max-video-preview":"max-video-preview:-1"},"canonical":"https:\/\/mareterracoffee.com\/es\/cafe-verde\/vega-amo_pro4094\/","og_locale":"es_ES","og_type":"article","og_title":"Vega AMO - Mare Terra Coffee","og_description":"Caf\u00e9 verde de El Salvador con perfil afrutado y notas de mora, maracuy\u00e1, pi\u00f1a y chocolate negro. Varietal Bourbon. Proceso anaer\u00f3bico Mountain Dry.","og_url":"https:\/\/mareterracoffee.com\/es\/cafe-verde\/vega-amo_pro4094\/","og_site_name":"Mare Terra Coffee","article_modified_time":"2026-04-21T14:25:12+00:00","og_image":[{"width":800,"height":800,"url":"https:\/\/mareterracoffee.com\/wp-content\/uploads\/2025\/07\/granos-cafe-verde-PRO_4094.jpg","type":"image\/jpeg"}],"twitter_card":"summary_large_image","twitter_misc":{"Tiempo de lectura":"1 minuto"},"schema":{"@context":"https:\/\/schema.org","@graph":[{"@type":"WebPage","@id":"https:\/\/mareterracoffee.com\/es\/cafe-verde\/vega-amo_pro4094\/","url":"https:\/\/mareterracoffee.com\/es\/cafe-verde\/vega-amo_pro4094\/","name":"Vega AMO - Mare Terra Coffee","isPartOf":{"@id":"https:\/\/mareterracoffee.com\/es\/#website"},"primaryImageOfPage":{"@id":"https:\/\/mareterracoffee.com\/es\/cafe-verde\/vega-amo_pro4094\/#primaryimage"},"image":{"@id":"https:\/\/mareterracoffee.com\/es\/cafe-verde\/vega-amo_pro4094\/#primaryimage"},"thumbnailUrl":"https:\/\/mareterracoffee.com\/wp-content\/uploads\/2025\/07\/granos-cafe-verde-PRO_4094.jpg","datePublished":"2025-08-04T09:21:52+00:00","dateModified":"2026-04-21T14:25:12+00:00","description":"Caf\u00e9 verde de El Salvador con perfil afrutado y notas de mora, maracuy\u00e1, pi\u00f1a y chocolate negro. Varietal Bourbon. Proceso anaer\u00f3bico Mountain Dry.","breadcrumb":{"@id":"https:\/\/mareterracoffee.com\/es\/cafe-verde\/vega-amo_pro4094\/#breadcrumb"},"inLanguage":"es","potentialAction":[{"@type":"ReadAction","target":["https:\/\/mareterracoffee.com\/es\/cafe-verde\/vega-amo_pro4094\/"]}]},{"@type":"ImageObject","inLanguage":"es","@id":"https:\/\/mareterracoffee.com\/es\/cafe-verde\/vega-amo_pro4094\/#primaryimage","url":"https:\/\/mareterracoffee.com\/wp-content\/uploads\/2025\/07\/granos-cafe-verde-PRO_4094.jpg","contentUrl":"https:\/\/mareterracoffee.com\/wp-content\/uploads\/2025\/07\/granos-cafe-verde-PRO_4094.jpg","width":800,"height":800},{"@type":"BreadcrumbList","@id":"https:\/\/mareterracoffee.com\/es\/cafe-verde\/vega-amo_pro4094\/#breadcrumb","itemListElement":[{"@type":"ListItem","position":1,"name":"Portada","item":"https:\/\/mareterracoffee.com\/es\/"},{"@type":"ListItem","position":2,"name":"Tienda","item":"https:\/\/mareterracoffee.com\/es\/tienda\/"},{"@type":"ListItem","position":3,"name":"Caf\u00e9 Vega AMO"}]},{"@type":"WebSite","@id":"https:\/\/mareterracoffee.com\/es\/#website","url":"https:\/\/mareterracoffee.com\/es\/","name":"Mare Terra Coffee","description":"Importador \/ Exportador de Caf\u00e9 verde","publisher":{"@id":"https:\/\/mareterracoffee.com\/es\/#organization"},"potentialAction":[{"@type":"SearchAction","target":{"@type":"EntryPoint","urlTemplate":"https:\/\/mareterracoffee.com\/es\/?s={search_term_string}"},"query-input":{"@type":"PropertyValueSpecification","valueRequired":true,"valueName":"search_term_string"}}],"inLanguage":"es"},{"@type":"Organization","@id":"https:\/\/mareterracoffee.com\/es\/#organization","name":"Mare Terra Coffee","url":"https:\/\/mareterracoffee.com\/es\/","logo":{"@type":"ImageObject","inLanguage":"es","@id":"https:\/\/mareterracoffee.com\/es\/#\/schema\/logo\/image\/","url":"https:\/\/mareterracoffee.com\/wp-content\/uploads\/2023\/06\/marre-terra-1.svg","contentUrl":"https:\/\/mareterracoffee.com\/wp-content\/uploads\/2023\/06\/marre-terra-1.svg","width":229,"height":52,"caption":"Mare Terra Coffee"},"image":{"@id":"https:\/\/mareterracoffee.com\/es\/#\/schema\/logo\/image\/"}}]}},"_links":{"self":[{"href":"https:\/\/mareterracoffee.com\/es\/wp-json\/wp\/v2\/product\/150734","targetHints":{"allow":["GET"]}}],"collection":[{"href":"https:\/\/mareterracoffee.com\/es\/wp-json\/wp\/v2\/product"}],"about":[{"href":"https:\/\/mareterracoffee.com\/es\/wp-json\/wp\/v2\/types\/product"}],"wp:featuredmedia":[{"embeddable":true,"href":"https:\/\/mareterracoffee.com\/es\/wp-json\/wp\/v2\/media\/149916"}],"wp:attachment":[{"href":"https:\/\/mareterracoffee.com\/es\/wp-json\/wp\/v2\/media?parent=150734"}],"wp:term":[{"taxonomy":"product_brand","embeddable":true,"href":"https:\/\/mareterracoffee.com\/es\/wp-json\/wp\/v2\/product_brand?post=150734"},{"taxonomy":"product_cat","embeddable":true,"href":"https:\/\/mareterracoffee.com\/es\/wp-json\/wp\/v2\/product_cat?post=150734"},{"taxonomy":"product_tag","embeddable":true,"href":"https:\/\/mareterracoffee.com\/es\/wp-json\/wp\/v2\/product_tag?post=150734"},{"taxonomy":"pa_variedad","embeddable":true,"href":"https:\/\/mareterracoffee.com\/es\/wp-json\/wp\/v2\/pa_variedad?post=150734"},{"taxonomy":"coffee_warehouse","embeddable":true,"href":"https:\/\/mareterracoffee.com\/es\/wp-json\/wp\/v2\/coffee_warehouse?post=150734"}],"curies":[{"name":"wp","href":"https:\/\/api.w.org\/{rel}","templated":true}]}}