{"id":120042,"date":"2023-06-14T13:23:54","date_gmt":"2023-06-14T11:23:54","guid":{"rendered":"https:\/\/mareterracoffee.com\/laboratoire-qualite-cafe-vert\/"},"modified":"2023-06-22T09:59:17","modified_gmt":"2023-06-22T07:59:17","slug":"laboratoire-qualite-cafe-vert","status":"publish","type":"page","link":"https:\/\/mareterracoffee.com\/fr\/laboratoire-qualite-cafe-vert\/","title":{"rendered":"Notre laboratoire d&rsquo;\u00e9valuation de la qualit\u00e9 du caf\u00e9"},"content":{"rendered":"\t\t<div data-elementor-type=\"wp-page\" data-elementor-id=\"120042\" class=\"elementor elementor-120042 elementor-116956\" data-elementor-post-type=\"page\">\n\t\t\t\t\t\t<section class=\"elementor-section elementor-top-section elementor-element elementor-element-87e4988 elementor-section-full_width elementor-reverse-mobile elementor-section-height-min-height elementor-section-items-bottom elementor-section-height-default\" data-id=\"87e4988\" data-element_type=\"section\" data-e-type=\"section\" data-settings=\"{&quot;background_background&quot;:&quot;classic&quot;}\">\n\t\t\t\t\t\t\t<div class=\"elementor-background-overlay\"><\/div>\n\t\t\t\t\t\t\t<div class=\"elementor-container elementor-column-gap-default\">\n\t\t\t\t\t<div class=\"elementor-column elementor-col-100 elementor-top-column elementor-element elementor-element-aa4a6e4\" data-id=\"aa4a6e4\" data-element_type=\"column\" data-e-type=\"column\">\n\t\t\t<div class=\"elementor-widget-wrap elementor-element-populated\">\n\t\t\t\t\t\t<div class=\"elementor-element elementor-element-2652460 elementor-widget elementor-widget-heading\" data-id=\"2652460\" data-element_type=\"widget\" data-e-type=\"widget\" data-widget_type=\"heading.default\">\n\t\t\t\t<div class=\"elementor-widget-container\">\n\t\t\t\t\t<h1 class=\"elementor-heading-title elementor-size-default\">La qualit\u00e9 dans chaque grain :<\/h1>\t\t\t\t<\/div>\n\t\t\t\t<\/div>\n\t\t\t\t<div class=\"elementor-element elementor-element-3710641 elementor-widget elementor-widget-heading\" data-id=\"3710641\" data-element_type=\"widget\" data-e-type=\"widget\" data-widget_type=\"heading.default\">\n\t\t\t\t<div class=\"elementor-widget-container\">\n\t\t\t\t\t<h3 class=\"elementor-heading-title elementor-size-default\">D\u00e9couvrez notre laboratoire d'\u00e9valuation du caf\u00e9 <\/h3>\t\t\t\t<\/div>\n\t\t\t\t<\/div>\n\t\t\t\t\t<\/div>\n\t\t<\/div>\n\t\t\t\t\t<\/div>\n\t\t<\/section>\n\t\t\t\t<section class=\"elementor-section elementor-top-section elementor-element elementor-element-e208e4a elementor-section-full_width elementor-section-height-default elementor-section-height-default\" data-id=\"e208e4a\" data-element_type=\"section\" data-e-type=\"section\" data-settings=\"{&quot;background_background&quot;:&quot;classic&quot;,&quot;background_motion_fx_motion_fx_mouse&quot;:&quot;yes&quot;,&quot;animation&quot;:&quot;none&quot;}\">\n\t\t\t\t\t\t<div class=\"elementor-container elementor-column-gap-default\">\n\t\t\t\t\t<div class=\"elementor-column elementor-col-100 elementor-top-column elementor-element elementor-element-8fbf061\" data-id=\"8fbf061\" data-element_type=\"column\" data-e-type=\"column\">\n\t\t\t<div class=\"elementor-widget-wrap elementor-element-populated\">\n\t\t\t\t\t\t<div class=\"elementor-element elementor-element-d858676 elementor-widget elementor-widget-heading\" data-id=\"d858676\" data-element_type=\"widget\" data-e-type=\"widget\" data-widget_type=\"heading.default\">\n\t\t\t\t<div class=\"elementor-widget-container\">\n\t\t\t\t\t<h2 class=\"elementor-heading-title elementor-size-default\">Le laboratoire de contr\u00f4le de la qualit\u00e9, \u00e9galement connu sous le nom de QLab, est le c\u0153ur de toute entreprise ax\u00e9e sur les caf\u00e9s de haute qualit\u00e9.\nTous nos caf\u00e9s y sont analys\u00e9s, class\u00e9s et valid\u00e9s \u00e0 chaque \u00e9tape, depuis la r\u00e9colte jusqu'aux contr\u00f4les planifi\u00e9s et syst\u00e9matis\u00e9s dans l'entrep\u00f4t.\n<\/h2>\t\t\t\t<\/div>\n\t\t\t\t<\/div>\n\t\t\t\t\t<\/div>\n\t\t<\/div>\n\t\t\t\t\t<\/div>\n\t\t<\/section>\n\t\t\t\t<section class=\"elementor-section elementor-top-section elementor-element elementor-element-5b6b9ee elementor-section-full_width elementor-section-height-default elementor-section-height-default\" data-id=\"5b6b9ee\" data-element_type=\"section\" data-e-type=\"section\" data-settings=\"{&quot;background_background&quot;:&quot;classic&quot;,&quot;background_motion_fx_motion_fx_mouse&quot;:&quot;yes&quot;,&quot;animation&quot;:&quot;none&quot;}\">\n\t\t\t\t\t\t<div class=\"elementor-container elementor-column-gap-default\">\n\t\t\t\t\t<div class=\"elementor-column elementor-col-50 elementor-top-column elementor-element elementor-element-ed10ab2\" data-id=\"ed10ab2\" data-element_type=\"column\" data-e-type=\"column\">\n\t\t\t<div class=\"elementor-widget-wrap elementor-element-populated\">\n\t\t\t\t\t\t<div class=\"elementor-element elementor-element-e745e4a elementor-widget elementor-widget-image\" data-id=\"e745e4a\" data-element_type=\"widget\" data-e-type=\"widget\" data-widget_type=\"image.default\">\n\t\t\t\t<div class=\"elementor-widget-container\">\n\t\t\t\t\t\t\t\t\t\t\t\t\t\t\t<img fetchpriority=\"high\" decoding=\"async\" width=\"602\" height=\"575\" src=\"https:\/\/mareterracoffee.com\/wp-content\/uploads\/2023\/06\/mareterra-qlab.png\" class=\"attachment-1536x1536 size-1536x1536 wp-image-117917\" alt=\"\" srcset=\"https:\/\/mareterracoffee.com\/wp-content\/uploads\/2023\/06\/mareterra-qlab.png 602w, https:\/\/mareterracoffee.com\/wp-content\/uploads\/2023\/06\/mareterra-qlab-300x287.png 300w, https:\/\/mareterracoffee.com\/wp-content\/uploads\/2023\/06\/mareterra-qlab-600x573.png 600w\" sizes=\"(max-width: 602px) 100vw, 602px\" \/>\t\t\t\t\t\t\t\t\t\t\t\t\t\t\t<\/div>\n\t\t\t\t<\/div>\n\t\t\t\t\t<\/div>\n\t\t<\/div>\n\t\t\t\t<div class=\"elementor-column elementor-col-50 elementor-top-column elementor-element elementor-element-3bed9c6\" data-id=\"3bed9c6\" data-element_type=\"column\" data-e-type=\"column\">\n\t\t\t<div class=\"elementor-widget-wrap elementor-element-populated\">\n\t\t\t\t\t\t<div class=\"elementor-element elementor-element-62b09f7 elementor-widget elementor-widget-heading\" data-id=\"62b09f7\" data-element_type=\"widget\" data-e-type=\"widget\" data-widget_type=\"heading.default\">\n\t\t\t\t<div class=\"elementor-widget-container\">\n\t\t\t\t\t<h4 class=\"elementor-heading-title elementor-size-default\">Un contr\u00f4le de qualit\u00e9 solide est la principale diff\u00e9rence entre un caf\u00e9 et un caf\u00e9 MareTerra Coffee.<\/h4>\t\t\t\t<\/div>\n\t\t\t\t<\/div>\n\t\t\t\t<div class=\"elementor-element elementor-element-db48090 elementor-widget elementor-widget-text-editor\" data-id=\"db48090\" data-element_type=\"widget\" data-e-type=\"widget\" data-widget_type=\"text-editor.default\">\n\t\t\t\t<div class=\"elementor-widget-container\">\n\t\t\t\t\t\t\t\t\t<p>Il est essentiel d&rsquo;avoir des protocoles, des normes et des profils bien d\u00e9finis pour chacun des produits de nos gammes, ainsi que d&rsquo;\u00eatre calibr\u00e9 avec les laboratoires de nos producteurs de caf\u00e9 et ouvert \u00e0 la communaut\u00e9 des torr\u00e9facteurs et des baristas dans le m\u00eame but.<\/p>\n<p>Tout commence par un \u00e9chantillon \u00e0 l&rsquo;origine, qu&rsquo;il s&rsquo;agisse d&rsquo;une offre ou d&rsquo;un caf\u00e9 pr\u00e9alablement d\u00e9fini, dans lequel nous \u00e9valuons chacune des parties que les protocoles du SCA envisagent pour lui donner le feu vert et que nous pouvons diviser en deux parties qui constitueront une analyse compl\u00e8te. Il s&rsquo;agit d&rsquo;une part de la partie physique et d&rsquo;autre part de la partie organoleptique.<\/p>\n\t\t\t\t\t\t\t\t<\/div>\n\t\t\t\t<\/div>\n\t\t\t\t\t<\/div>\n\t\t<\/div>\n\t\t\t\t\t<\/div>\n\t\t<\/section>\n\t\t\t\t<section class=\"elementor-section elementor-top-section elementor-element elementor-element-0fd18d8 elementor-section-full_width elementor-reverse-mobile elementor-section-height-default elementor-section-height-default\" data-id=\"0fd18d8\" data-element_type=\"section\" data-e-type=\"section\" data-settings=\"{&quot;background_background&quot;:&quot;classic&quot;,&quot;background_motion_fx_motion_fx_mouse&quot;:&quot;yes&quot;,&quot;animation&quot;:&quot;none&quot;}\">\n\t\t\t\t\t\t<div class=\"elementor-container elementor-column-gap-default\">\n\t\t\t\t\t<div class=\"elementor-column elementor-col-100 elementor-top-column elementor-element elementor-element-3f1e902\" data-id=\"3f1e902\" data-element_type=\"column\" data-e-type=\"column\">\n\t\t\t<div class=\"elementor-widget-wrap elementor-element-populated\">\n\t\t\t\t\t\t<section class=\"elementor-section elementor-inner-section elementor-element elementor-element-1313264 elementor-section-full_width elementor-section-height-default elementor-section-height-default elementor-invisible\" data-id=\"1313264\" data-element_type=\"section\" data-e-type=\"section\" data-settings=\"{&quot;animation&quot;:&quot;fadeInUp&quot;}\">\n\t\t\t\t\t\t<div class=\"elementor-container elementor-column-gap-extended\">\n\t\t\t\t\t<div class=\"elementor-column elementor-col-50 elementor-inner-column elementor-element elementor-element-62b8a09\" data-id=\"62b8a09\" data-element_type=\"column\" data-e-type=\"column\">\n\t\t\t<div class=\"elementor-widget-wrap elementor-element-populated\">\n\t\t\t\t\t\t<div class=\"elementor-element elementor-element-3f6bcc9 elementor-widget elementor-widget-heading\" data-id=\"3f6bcc9\" data-element_type=\"widget\" data-e-type=\"widget\" data-widget_type=\"heading.default\">\n\t\t\t\t<div class=\"elementor-widget-container\">\n\t\t\t\t\t<h2 class=\"elementor-heading-title elementor-size-default\">Analyse physique du caf\u00e9 vert<\/h2>\t\t\t\t<\/div>\n\t\t\t\t<\/div>\n\t\t\t\t<div class=\"elementor-element elementor-element-0c88f0a elementor-widget-divider--view-line elementor-widget elementor-widget-divider\" data-id=\"0c88f0a\" data-element_type=\"widget\" data-e-type=\"widget\" data-widget_type=\"divider.default\">\n\t\t\t\t<div class=\"elementor-widget-container\">\n\t\t\t\t\t\t\t<div class=\"elementor-divider\">\n\t\t\t<span class=\"elementor-divider-separator\">\n\t\t\t\t\t\t<\/span>\n\t\t<\/div>\n\t\t\t\t\t\t<\/div>\n\t\t\t\t<\/div>\n\t\t\t\t<div class=\"elementor-element elementor-element-08e2487 elementor-widget elementor-widget-text-editor\" data-id=\"08e2487\" data-element_type=\"widget\" data-e-type=\"widget\" data-widget_type=\"text-editor.default\">\n\t\t\t\t<div class=\"elementor-widget-container\">\n\t\t\t\t\t\t\t\t\t<p>L&rsquo;analyse physique est r\u00e9alis\u00e9e dans le cadre de l&rsquo;\u00e9valuation des d\u00e9fauts primaires et secondaires situ\u00e9s dans un \u00e9chantillon de 350 grammes, y compris la mesure du tamis selon les normes ISO 4150, ainsi que le contr\u00f4le de l&rsquo;activit\u00e9 de l&rsquo;eau interne du grain et la mesure de l&rsquo;humidit\u00e9 relative selon la norme ISO 6673 par m\u00e9thode indirecte.<\/p>\n\t\t\t\t\t\t\t\t<\/div>\n\t\t\t\t<\/div>\n\t\t\t\t\t<\/div>\n\t\t<\/div>\n\t\t\t\t<div class=\"elementor-column elementor-col-50 elementor-inner-column elementor-element elementor-element-7738d4e\" data-id=\"7738d4e\" data-element_type=\"column\" data-e-type=\"column\">\n\t\t\t<div class=\"elementor-widget-wrap elementor-element-populated\">\n\t\t\t\t\t\t<div class=\"elementor-element elementor-element-59e4e24 elementor-widget elementor-widget-heading\" data-id=\"59e4e24\" data-element_type=\"widget\" data-e-type=\"widget\" data-widget_type=\"heading.default\">\n\t\t\t\t<div class=\"elementor-widget-container\">\n\t\t\t\t\t<h2 class=\"elementor-heading-title elementor-size-default\">\u00c9valuation organoleptique du caf\u00e9<\/h2>\t\t\t\t<\/div>\n\t\t\t\t<\/div>\n\t\t\t\t<div class=\"elementor-element elementor-element-21ea261 elementor-widget-divider--view-line elementor-widget elementor-widget-divider\" data-id=\"21ea261\" data-element_type=\"widget\" data-e-type=\"widget\" data-widget_type=\"divider.default\">\n\t\t\t\t<div class=\"elementor-widget-container\">\n\t\t\t\t\t\t\t<div class=\"elementor-divider\">\n\t\t\t<span class=\"elementor-divider-separator\">\n\t\t\t\t\t\t<\/span>\n\t\t<\/div>\n\t\t\t\t\t\t<\/div>\n\t\t\t\t<\/div>\n\t\t\t\t<div class=\"elementor-element elementor-element-e5ea2d3 elementor-widget elementor-widget-text-editor\" data-id=\"e5ea2d3\" data-element_type=\"widget\" data-e-type=\"widget\" data-widget_type=\"text-editor.default\">\n\t\t\t\t<div class=\"elementor-widget-container\">\n\t\t\t\t\t\t\t\t\t<p>Dans l&rsquo;\u00e9valuation organoleptique, nous cr\u00e9ons les profils, validons ceux qui sont d\u00e9j\u00e0 d\u00e9finis et donnons la valeur descriptive que chaque caf\u00e9 m\u00e9rite, toujours avec l&rsquo;aide d&rsquo;un large panel de d\u00e9gustateurs, dont plusieurs Q Graders. Nous rendons \u00e9galement le langage reconnaissable gr\u00e2ce \u00e0 des outils tels que notre roue des descripteurs.<\/p>\n\t\t\t\t\t\t\t\t<\/div>\n\t\t\t\t<\/div>\n\t\t\t\t\t<\/div>\n\t\t<\/div>\n\t\t\t\t\t<\/div>\n\t\t<\/section>\n\t\t\t\t\t<\/div>\n\t\t<\/div>\n\t\t\t\t\t<\/div>\n\t\t<\/section>\n\t\t\t\t<\/div>\n\t\t","protected":false},"excerpt":{"rendered":"<p>La qualit\u00e9 dans chaque grain : D\u00e9couvrez notre laboratoire d&rsquo;\u00e9valuation du caf\u00e9 Le laboratoire de contr\u00f4le de la qualit\u00e9, \u00e9galement connu sous le nom de QLab, est le c\u0153ur de toute entreprise ax\u00e9e sur les caf\u00e9s de haute qualit\u00e9. Tous nos caf\u00e9s y sont analys\u00e9s, class\u00e9s et valid\u00e9s \u00e0 chaque \u00e9tape, depuis la r\u00e9colte jusqu&rsquo;aux [&hellip;]<\/p>\n","protected":false},"author":3,"featured_media":0,"parent":0,"menu_order":0,"comment_status":"closed","ping_status":"closed","template":"","meta":{"_acf_changed":false,"footnotes":""},"class_list":["post-120042","page","type-page","status-publish","hentry"],"acf":[],"yoast_head":"<!-- This site is optimized with the Yoast SEO plugin v27.2 - https:\/\/yoast.com\/product\/yoast-seo-wordpress\/ -->\n<title>Notre laboratoire d&#039;\u00e9valuation de la qualit\u00e9 du caf\u00e9 - Mare Terra<\/title>\n<meta name=\"description\" content=\"D\u00e9couvrez notre laboratoire d&#039;\u00e9valuation de la qualit\u00e9 du caf\u00e9 vert et apprenez comment nous garantissons l&#039;excellence de chaque grain.\" \/>\n<meta name=\"robots\" content=\"index, follow, max-snippet:-1, max-image-preview:large, max-video-preview:-1\" \/>\n<link rel=\"canonical\" href=\"https:\/\/mareterracoffee.com\/fr\/laboratoire-qualite-cafe-vert\/\" \/>\n<meta property=\"og:locale\" content=\"fr_FR\" \/>\n<meta property=\"og:type\" content=\"article\" \/>\n<meta property=\"og:title\" content=\"Notre laboratoire d&#039;\u00e9valuation de la qualit\u00e9 du caf\u00e9 - Mare Terra\" \/>\n<meta property=\"og:description\" content=\"D\u00e9couvrez notre laboratoire d&#039;\u00e9valuation de la qualit\u00e9 du caf\u00e9 vert et apprenez comment nous garantissons l&#039;excellence de chaque grain.\" \/>\n<meta property=\"og:url\" content=\"https:\/\/mareterracoffee.com\/fr\/laboratoire-qualite-cafe-vert\/\" \/>\n<meta property=\"og:site_name\" content=\"Mare Terra\" \/>\n<meta property=\"article:modified_time\" content=\"2023-06-22T07:59:17+00:00\" \/>\n<meta property=\"og:image\" content=\"https:\/\/mareterracoffee.com\/wp-content\/uploads\/2023\/06\/mareterra-qlab.png\" \/>\n<meta name=\"twitter:card\" content=\"summary_large_image\" \/>\n<meta name=\"twitter:label1\" content=\"Dur\u00e9e de lecture estim\u00e9e\" \/>\n\t<meta name=\"twitter:data1\" content=\"2 minutes\" \/>\n<script type=\"application\/ld+json\" class=\"yoast-schema-graph\">{\"@context\":\"https:\/\/schema.org\",\"@graph\":[{\"@type\":\"WebPage\",\"@id\":\"https:\/\/mareterracoffee.com\/fr\/laboratoire-qualite-cafe-vert\/\",\"url\":\"https:\/\/mareterracoffee.com\/fr\/laboratoire-qualite-cafe-vert\/\",\"name\":\"Notre laboratoire d'\u00e9valuation de la qualit\u00e9 du caf\u00e9 - Mare Terra\",\"isPartOf\":{\"@id\":\"https:\/\/mareterracoffee.com\/fr\/#website\"},\"primaryImageOfPage\":{\"@id\":\"https:\/\/mareterracoffee.com\/fr\/laboratoire-qualite-cafe-vert\/#primaryimage\"},\"image\":{\"@id\":\"https:\/\/mareterracoffee.com\/fr\/laboratoire-qualite-cafe-vert\/#primaryimage\"},\"thumbnailUrl\":\"https:\/\/mareterracoffee.com\/wp-content\/uploads\/2023\/06\/mareterra-qlab.png\",\"datePublished\":\"2023-06-14T11:23:54+00:00\",\"dateModified\":\"2023-06-22T07:59:17+00:00\",\"description\":\"D\u00e9couvrez notre laboratoire d'\u00e9valuation de la qualit\u00e9 du caf\u00e9 vert et apprenez comment nous garantissons l'excellence de chaque grain.\",\"breadcrumb\":{\"@id\":\"https:\/\/mareterracoffee.com\/fr\/laboratoire-qualite-cafe-vert\/#breadcrumb\"},\"inLanguage\":\"fr-FR\",\"potentialAction\":[{\"@type\":\"ReadAction\",\"target\":[\"https:\/\/mareterracoffee.com\/fr\/laboratoire-qualite-cafe-vert\/\"]}]},{\"@type\":\"ImageObject\",\"inLanguage\":\"fr-FR\",\"@id\":\"https:\/\/mareterracoffee.com\/fr\/laboratoire-qualite-cafe-vert\/#primaryimage\",\"url\":\"https:\/\/mareterracoffee.com\/wp-content\/uploads\/2023\/06\/mareterra-qlab.png\",\"contentUrl\":\"https:\/\/mareterracoffee.com\/wp-content\/uploads\/2023\/06\/mareterra-qlab.png\"},{\"@type\":\"BreadcrumbList\",\"@id\":\"https:\/\/mareterracoffee.com\/fr\/laboratoire-qualite-cafe-vert\/#breadcrumb\",\"itemListElement\":[{\"@type\":\"ListItem\",\"position\":1,\"name\":\"Portada\",\"item\":\"https:\/\/mareterracoffee.com\/fr\/home\/\"},{\"@type\":\"ListItem\",\"position\":2,\"name\":\"Notre laboratoire d&#8217;\u00e9valuation de la qualit\u00e9 du caf\u00e9\"}]},{\"@type\":\"WebSite\",\"@id\":\"https:\/\/mareterracoffee.com\/fr\/#website\",\"url\":\"https:\/\/mareterracoffee.com\/fr\/\",\"name\":\"Mare Terra\",\"description\":\"Importateur \/ Exportateur de caf\u00e9 vert\",\"publisher\":{\"@id\":\"https:\/\/mareterracoffee.com\/fr\/#organization\"},\"potentialAction\":[{\"@type\":\"SearchAction\",\"target\":{\"@type\":\"EntryPoint\",\"urlTemplate\":\"https:\/\/mareterracoffee.com\/fr\/?s={search_term_string}\"},\"query-input\":{\"@type\":\"PropertyValueSpecification\",\"valueRequired\":true,\"valueName\":\"search_term_string\"}}],\"inLanguage\":\"fr-FR\"},{\"@type\":\"Organization\",\"@id\":\"https:\/\/mareterracoffee.com\/fr\/#organization\",\"name\":\"Mare Terra\",\"url\":\"https:\/\/mareterracoffee.com\/fr\/\",\"logo\":{\"@type\":\"ImageObject\",\"inLanguage\":\"fr-FR\",\"@id\":\"https:\/\/mareterracoffee.com\/fr\/#\/schema\/logo\/image\/\",\"url\":\"https:\/\/mareterracoffee.com\/wp-content\/uploads\/2023\/06\/marre-terra-1.svg\",\"contentUrl\":\"https:\/\/mareterracoffee.com\/wp-content\/uploads\/2023\/06\/marre-terra-1.svg\",\"width\":229,\"height\":52,\"caption\":\"Mare Terra\"},\"image\":{\"@id\":\"https:\/\/mareterracoffee.com\/fr\/#\/schema\/logo\/image\/\"}}]}<\/script>\n<!-- \/ Yoast SEO plugin. -->","yoast_head_json":{"title":"Notre laboratoire d'\u00e9valuation de la qualit\u00e9 du caf\u00e9 - Mare Terra","description":"D\u00e9couvrez notre laboratoire d'\u00e9valuation de la qualit\u00e9 du caf\u00e9 vert et apprenez comment nous garantissons l'excellence de chaque grain.","robots":{"index":"index","follow":"follow","max-snippet":"max-snippet:-1","max-image-preview":"max-image-preview:large","max-video-preview":"max-video-preview:-1"},"canonical":"https:\/\/mareterracoffee.com\/fr\/laboratoire-qualite-cafe-vert\/","og_locale":"fr_FR","og_type":"article","og_title":"Notre laboratoire d'\u00e9valuation de la qualit\u00e9 du caf\u00e9 - Mare Terra","og_description":"D\u00e9couvrez notre laboratoire d'\u00e9valuation de la qualit\u00e9 du caf\u00e9 vert et apprenez comment nous garantissons l'excellence de chaque grain.","og_url":"https:\/\/mareterracoffee.com\/fr\/laboratoire-qualite-cafe-vert\/","og_site_name":"Mare Terra","article_modified_time":"2023-06-22T07:59:17+00:00","og_image":[{"url":"https:\/\/mareterracoffee.com\/wp-content\/uploads\/2023\/06\/mareterra-qlab.png","type":"","width":"","height":""}],"twitter_card":"summary_large_image","twitter_misc":{"Dur\u00e9e de lecture estim\u00e9e":"2 minutes"},"schema":{"@context":"https:\/\/schema.org","@graph":[{"@type":"WebPage","@id":"https:\/\/mareterracoffee.com\/fr\/laboratoire-qualite-cafe-vert\/","url":"https:\/\/mareterracoffee.com\/fr\/laboratoire-qualite-cafe-vert\/","name":"Notre laboratoire d'\u00e9valuation de la qualit\u00e9 du caf\u00e9 - Mare Terra","isPartOf":{"@id":"https:\/\/mareterracoffee.com\/fr\/#website"},"primaryImageOfPage":{"@id":"https:\/\/mareterracoffee.com\/fr\/laboratoire-qualite-cafe-vert\/#primaryimage"},"image":{"@id":"https:\/\/mareterracoffee.com\/fr\/laboratoire-qualite-cafe-vert\/#primaryimage"},"thumbnailUrl":"https:\/\/mareterracoffee.com\/wp-content\/uploads\/2023\/06\/mareterra-qlab.png","datePublished":"2023-06-14T11:23:54+00:00","dateModified":"2023-06-22T07:59:17+00:00","description":"D\u00e9couvrez notre laboratoire d'\u00e9valuation de la qualit\u00e9 du caf\u00e9 vert et apprenez comment nous garantissons l'excellence de chaque grain.","breadcrumb":{"@id":"https:\/\/mareterracoffee.com\/fr\/laboratoire-qualite-cafe-vert\/#breadcrumb"},"inLanguage":"fr-FR","potentialAction":[{"@type":"ReadAction","target":["https:\/\/mareterracoffee.com\/fr\/laboratoire-qualite-cafe-vert\/"]}]},{"@type":"ImageObject","inLanguage":"fr-FR","@id":"https:\/\/mareterracoffee.com\/fr\/laboratoire-qualite-cafe-vert\/#primaryimage","url":"https:\/\/mareterracoffee.com\/wp-content\/uploads\/2023\/06\/mareterra-qlab.png","contentUrl":"https:\/\/mareterracoffee.com\/wp-content\/uploads\/2023\/06\/mareterra-qlab.png"},{"@type":"BreadcrumbList","@id":"https:\/\/mareterracoffee.com\/fr\/laboratoire-qualite-cafe-vert\/#breadcrumb","itemListElement":[{"@type":"ListItem","position":1,"name":"Portada","item":"https:\/\/mareterracoffee.com\/fr\/home\/"},{"@type":"ListItem","position":2,"name":"Notre laboratoire d&#8217;\u00e9valuation de la qualit\u00e9 du caf\u00e9"}]},{"@type":"WebSite","@id":"https:\/\/mareterracoffee.com\/fr\/#website","url":"https:\/\/mareterracoffee.com\/fr\/","name":"Mare Terra","description":"Importateur \/ Exportateur de caf\u00e9 vert","publisher":{"@id":"https:\/\/mareterracoffee.com\/fr\/#organization"},"potentialAction":[{"@type":"SearchAction","target":{"@type":"EntryPoint","urlTemplate":"https:\/\/mareterracoffee.com\/fr\/?s={search_term_string}"},"query-input":{"@type":"PropertyValueSpecification","valueRequired":true,"valueName":"search_term_string"}}],"inLanguage":"fr-FR"},{"@type":"Organization","@id":"https:\/\/mareterracoffee.com\/fr\/#organization","name":"Mare Terra","url":"https:\/\/mareterracoffee.com\/fr\/","logo":{"@type":"ImageObject","inLanguage":"fr-FR","@id":"https:\/\/mareterracoffee.com\/fr\/#\/schema\/logo\/image\/","url":"https:\/\/mareterracoffee.com\/wp-content\/uploads\/2023\/06\/marre-terra-1.svg","contentUrl":"https:\/\/mareterracoffee.com\/wp-content\/uploads\/2023\/06\/marre-terra-1.svg","width":229,"height":52,"caption":"Mare Terra"},"image":{"@id":"https:\/\/mareterracoffee.com\/fr\/#\/schema\/logo\/image\/"}}]}},"_links":{"self":[{"href":"https:\/\/mareterracoffee.com\/fr\/wp-json\/wp\/v2\/pages\/120042","targetHints":{"allow":["GET"]}}],"collection":[{"href":"https:\/\/mareterracoffee.com\/fr\/wp-json\/wp\/v2\/pages"}],"about":[{"href":"https:\/\/mareterracoffee.com\/fr\/wp-json\/wp\/v2\/types\/page"}],"author":[{"embeddable":true,"href":"https:\/\/mareterracoffee.com\/fr\/wp-json\/wp\/v2\/users\/3"}],"replies":[{"embeddable":true,"href":"https:\/\/mareterracoffee.com\/fr\/wp-json\/wp\/v2\/comments?post=120042"}],"version-history":[{"count":3,"href":"https:\/\/mareterracoffee.com\/fr\/wp-json\/wp\/v2\/pages\/120042\/revisions"}],"predecessor-version":[{"id":120356,"href":"https:\/\/mareterracoffee.com\/fr\/wp-json\/wp\/v2\/pages\/120042\/revisions\/120356"}],"wp:attachment":[{"href":"https:\/\/mareterracoffee.com\/fr\/wp-json\/wp\/v2\/media?parent=120042"}],"curies":[{"name":"wp","href":"https:\/\/api.w.org\/{rel}","templated":true}]}}