{"id":121726,"date":"2023-06-26T10:23:54","date_gmt":"2023-06-26T08:23:54","guid":{"rendered":"https:\/\/mareterracoffee.com\/institute-formation-cafe\/"},"modified":"2024-10-09T13:41:47","modified_gmt":"2024-10-09T11:41:47","slug":"institute-formation-cafe","status":"publish","type":"page","link":"https:\/\/mareterracoffee.com\/fr\/institute-formation-cafe\/","title":{"rendered":"MTC Institute , sp\u00e9cialiste de la formation au caf\u00e9"},"content":{"rendered":"\t\t<div data-elementor-type=\"wp-page\" data-elementor-id=\"121726\" class=\"elementor elementor-121726 elementor-116958\" data-elementor-post-type=\"page\">\n\t\t\t\t\t\t<section class=\"elementor-section elementor-top-section elementor-element elementor-element-21b9f51 elementor-section-full_width elementor-reverse-mobile elementor-section-height-min-height elementor-section-items-bottom elementor-section-height-default\" data-id=\"21b9f51\" data-element_type=\"section\" data-e-type=\"section\" data-settings=\"{&quot;background_background&quot;:&quot;classic&quot;}\">\n\t\t\t\t\t\t\t<div class=\"elementor-background-overlay\"><\/div>\n\t\t\t\t\t\t\t<div class=\"elementor-container elementor-column-gap-default\">\n\t\t\t\t\t<div class=\"elementor-column elementor-col-100 elementor-top-column elementor-element elementor-element-388aad8\" data-id=\"388aad8\" data-element_type=\"column\" data-e-type=\"column\" data-settings=\"{&quot;background_background&quot;:&quot;classic&quot;}\">\n\t\t\t<div class=\"elementor-widget-wrap elementor-element-populated\">\n\t\t\t\t\t\t<div class=\"elementor-element elementor-element-fa2f745 elementor-widget elementor-widget-heading\" data-id=\"fa2f745\" data-element_type=\"widget\" data-e-type=\"widget\" data-widget_type=\"heading.default\">\n\t\t\t\t<div class=\"elementor-widget-container\">\n\t\t\t\t\t<h1 class=\"elementor-heading-title elementor-size-default\">Nous promouvons la culture du caf\u00e9 par la formation de l'ensemble de la cha\u00eene du caf\u00e9.<\/h1>\t\t\t\t<\/div>\n\t\t\t\t<\/div>\n\t\t\t\t\t<\/div>\n\t\t<\/div>\n\t\t\t\t\t<\/div>\n\t\t<\/section>\n\t\t\t\t<section class=\"elementor-section elementor-top-section elementor-element elementor-element-5d8afae elementor-section-full_width elementor-section-height-default elementor-section-height-default\" data-id=\"5d8afae\" data-element_type=\"section\" data-e-type=\"section\" data-settings=\"{&quot;background_background&quot;:&quot;classic&quot;,&quot;background_motion_fx_motion_fx_mouse&quot;:&quot;yes&quot;,&quot;animation&quot;:&quot;none&quot;}\">\n\t\t\t\t\t\t<div class=\"elementor-container elementor-column-gap-default\">\n\t\t\t\t\t<div class=\"elementor-column elementor-col-50 elementor-top-column elementor-element elementor-element-925d2ff\" data-id=\"925d2ff\" data-element_type=\"column\" data-e-type=\"column\">\n\t\t\t<div class=\"elementor-widget-wrap elementor-element-populated\">\n\t\t\t\t\t\t<div class=\"elementor-element elementor-element-23bcb1d elementor-widget elementor-widget-image\" data-id=\"23bcb1d\" data-element_type=\"widget\" data-e-type=\"widget\" data-widget_type=\"image.default\">\n\t\t\t\t<div class=\"elementor-widget-container\">\n\t\t\t\t\t\t\t\t\t\t\t\t\t\t\t<img fetchpriority=\"high\" decoding=\"async\" width=\"693\" height=\"577\" src=\"https:\/\/mareterracoffee.com\/wp-content\/uploads\/2024\/10\/Group-17306.png\" class=\"attachment-full size-full wp-image-140450\" alt=\"\" srcset=\"https:\/\/mareterracoffee.com\/wp-content\/uploads\/2024\/10\/Group-17306.png 693w, https:\/\/mareterracoffee.com\/wp-content\/uploads\/2024\/10\/Group-17306-300x250.png 300w, https:\/\/mareterracoffee.com\/wp-content\/uploads\/2024\/10\/Group-17306-480x400.png 480w, https:\/\/mareterracoffee.com\/wp-content\/uploads\/2024\/10\/Group-17306-600x500.png 600w\" sizes=\"(max-width: 693px) 100vw, 693px\" \/>\t\t\t\t\t\t\t\t\t\t\t\t\t\t\t<\/div>\n\t\t\t\t<\/div>\n\t\t\t\t\t<\/div>\n\t\t<\/div>\n\t\t\t\t<div class=\"elementor-column elementor-col-50 elementor-top-column elementor-element elementor-element-f80ce29\" data-id=\"f80ce29\" data-element_type=\"column\" data-e-type=\"column\">\n\t\t\t<div class=\"elementor-widget-wrap elementor-element-populated\">\n\t\t\t\t\t\t<div class=\"elementor-element elementor-element-2e4d354 elementor-widget elementor-widget-text-editor\" data-id=\"2e4d354\" data-element_type=\"widget\" data-e-type=\"widget\" data-widget_type=\"text-editor.default\">\n\t\t\t\t<div class=\"elementor-widget-container\">\n\t\t\t\t\t\t\t\t\t<p>Mare Terra Coffee Institute<\/p>\n\t\t\t\t\t\t\t\t<\/div>\n\t\t\t\t<\/div>\n\t\t\t\t<div class=\"elementor-element elementor-element-8ccee4c elementor-widget elementor-widget-heading\" data-id=\"8ccee4c\" data-element_type=\"widget\" data-e-type=\"widget\" data-widget_type=\"heading.default\">\n\t\t\t\t<div class=\"elementor-widget-container\">\n\t\t\t\t\t<h2 class=\"elementor-heading-title elementor-size-default\">Formation au caf\u00e9 d'excellence<\/h2>\t\t\t\t<\/div>\n\t\t\t\t<\/div>\n\t\t\t\t<div class=\"elementor-element elementor-element-2ac6eea elementor-widget elementor-widget-text-editor\" data-id=\"2ac6eea\" data-element_type=\"widget\" data-e-type=\"widget\" data-widget_type=\"text-editor.default\">\n\t\t\t\t<div class=\"elementor-widget-container\">\n\t\t\t\t\t\t\t\t\t<p>Mare Terra Coffee Institute est une \u00e9cole internationale avec plus de 15 ans d&rsquo;exp\u00e9rience dans la formation de toute la cha\u00eene du caf\u00e9 et avec la confiance de plus de 1800 \u00e9tudiants qui ont approuv\u00e9 les diff\u00e9rents cours de formation r\u00e9glement\u00e9s que nous offrons. Notre principal secret est d&rsquo;avoir une partie th\u00e9orique pour expliquer correctement les outils et les techniques dans toutes les disciplines, et une partie pratique dans laquelle nous avons les meilleures marques et mod\u00e8les de nos partenaires.<\/p>\n\t\t\t\t\t\t\t\t<\/div>\n\t\t\t\t<\/div>\n\t\t\t\t<div class=\"elementor-element elementor-element-b475bab elementor-mobile-align-left elementor-align-left elementor-widget elementor-widget-button\" data-id=\"b475bab\" data-element_type=\"widget\" data-e-type=\"widget\" data-widget_type=\"button.default\">\n\t\t\t\t<div class=\"elementor-widget-container\">\n\t\t\t\t\t\t\t\t\t<div class=\"elementor-button-wrapper\">\n\t\t\t\t\t<a class=\"elementor-button elementor-button-link elementor-size-sm\" href=\"https:\/\/mareterracoffeeinstitute.com\/\" target=\"_blank\">\n\t\t\t\t\t\t<span class=\"elementor-button-content-wrapper\">\n\t\t\t\t\t\t\t\t\t<span class=\"elementor-button-text\">D\u00e9couvrir plus<\/span>\n\t\t\t\t\t<\/span>\n\t\t\t\t\t<\/a>\n\t\t\t\t<\/div>\n\t\t\t\t\t\t\t\t<\/div>\n\t\t\t\t<\/div>\n\t\t\t\t\t<\/div>\n\t\t<\/div>\n\t\t\t\t\t<\/div>\n\t\t<\/section>\n\t\t\t\t<section class=\"elementor-section elementor-top-section elementor-element elementor-element-904cfca elementor-section-full_width elementor-reverse-mobile elementor-section-height-default elementor-section-height-default\" data-id=\"904cfca\" data-element_type=\"section\" data-e-type=\"section\" data-settings=\"{&quot;background_background&quot;:&quot;classic&quot;,&quot;background_motion_fx_motion_fx_mouse&quot;:&quot;yes&quot;,&quot;animation&quot;:&quot;none&quot;}\">\n\t\t\t\t\t\t<div class=\"elementor-container elementor-column-gap-default\">\n\t\t\t\t\t<div class=\"elementor-column elementor-col-50 elementor-top-column elementor-element elementor-element-3ff213f\" data-id=\"3ff213f\" data-element_type=\"column\" data-e-type=\"column\">\n\t\t\t<div class=\"elementor-widget-wrap elementor-element-populated\">\n\t\t\t\t\t\t<div class=\"elementor-element elementor-element-838a230 elementor-widget elementor-widget-heading\" data-id=\"838a230\" data-element_type=\"widget\" data-e-type=\"widget\" data-widget_type=\"heading.default\">\n\t\t\t\t<div class=\"elementor-widget-container\">\n\t\t\t\t\t<h3 class=\"elementor-heading-title elementor-size-default\">Sp\u00e9cialistes de la formation au caf\u00e9 de qualit\u00e9<\/h3>\t\t\t\t<\/div>\n\t\t\t\t<\/div>\n\t\t\t\t<div class=\"elementor-element elementor-element-afa4bf4 elementor-widget-divider--view-line elementor-widget elementor-widget-divider\" data-id=\"afa4bf4\" data-element_type=\"widget\" data-e-type=\"widget\" data-widget_type=\"divider.default\">\n\t\t\t\t<div class=\"elementor-widget-container\">\n\t\t\t\t\t\t\t<div class=\"elementor-divider\">\n\t\t\t<span class=\"elementor-divider-separator\">\n\t\t\t\t\t\t<\/span>\n\t\t<\/div>\n\t\t\t\t\t\t<\/div>\n\t\t\t\t<\/div>\n\t\t\t\t<div class=\"elementor-element elementor-element-579e14f elementor-align-start elementor-icon-list--layout-traditional elementor-list-item-link-full_width elementor-widget elementor-widget-icon-list\" data-id=\"579e14f\" data-element_type=\"widget\" data-e-type=\"widget\" data-widget_type=\"icon-list.default\">\n\t\t\t\t<div class=\"elementor-widget-container\">\n\t\t\t\t\t\t\t<ul class=\"elementor-icon-list-items\">\n\t\t\t\t\t\t\t<li class=\"elementor-icon-list-item\">\n\t\t\t\t\t\t\t\t\t\t\t<span class=\"elementor-icon-list-icon\">\n\t\t\t\t\t\t\t<i aria-hidden=\"true\" class=\"fas fa-arrow-right\"><\/i>\t\t\t\t\t\t<\/span>\n\t\t\t\t\t\t\t\t\t\t<span class=\"elementor-icon-list-text\">Plus de 15 ans d'exp\u00e9rience<\/span>\n\t\t\t\t\t\t\t\t\t<\/li>\n\t\t\t\t\t\t\t\t<li class=\"elementor-icon-list-item\">\n\t\t\t\t\t\t\t\t\t\t\t<span class=\"elementor-icon-list-icon\">\n\t\t\t\t\t\t\t<i aria-hidden=\"true\" class=\"fas fa-arrow-right\"><\/i>\t\t\t\t\t\t<\/span>\n\t\t\t\t\t\t\t\t\t\t<span class=\"elementor-icon-list-text\">Un corps enseignant de premier ordre<\/span>\n\t\t\t\t\t\t\t\t\t<\/li>\n\t\t\t\t\t\t\t\t<li class=\"elementor-icon-list-item\">\n\t\t\t\t\t\t\t\t\t\t\t<span class=\"elementor-icon-list-icon\">\n\t\t\t\t\t\t\t<i aria-hidden=\"true\" class=\"fas fa-arrow-right\"><\/i>\t\t\t\t\t\t<\/span>\n\t\t\t\t\t\t\t\t\t\t<span class=\"elementor-icon-list-text\">La recherche, l'innovation et le d\u00e9veloppement sont nos moteurs.<\/span>\n\t\t\t\t\t\t\t\t\t<\/li>\n\t\t\t\t\t\t\t\t<li class=\"elementor-icon-list-item\">\n\t\t\t\t\t\t\t\t\t\t\t<span class=\"elementor-icon-list-icon\">\n\t\t\t\t\t\t\t<i aria-hidden=\"true\" class=\"fas fa-arrow-right\"><\/i>\t\t\t\t\t\t<\/span>\n\t\t\t\t\t\t\t\t\t\t<span class=\"elementor-icon-list-text\">Opportunit\u00e9s d'emploi pour les \u00e9tudiants<\/span>\n\t\t\t\t\t\t\t\t\t<\/li>\n\t\t\t\t\t\t\t\t<li class=\"elementor-icon-list-item\">\n\t\t\t\t\t\t\t\t\t\t\t<span class=\"elementor-icon-list-icon\">\n\t\t\t\t\t\t\t<i aria-hidden=\"true\" class=\"fas fa-arrow-right\"><\/i>\t\t\t\t\t\t<\/span>\n\t\t\t\t\t\t\t\t\t\t<span class=\"elementor-icon-list-text\">Situation privil\u00e9gi\u00e9e \u00e0 l'Universit\u00e9 polytechnique de Catalogne<\/span>\n\t\t\t\t\t\t\t\t\t<\/li>\n\t\t\t\t\t\t\t\t<li class=\"elementor-icon-list-item\">\n\t\t\t\t\t\t\t\t\t\t\t<span class=\"elementor-icon-list-icon\">\n\t\t\t\t\t\t\t<i aria-hidden=\"true\" class=\"fas fa-arrow-right\"><\/i>\t\t\t\t\t\t<\/span>\n\t\t\t\t\t\t\t\t\t\t<span class=\"elementor-icon-list-text\">Installations certifi\u00e9es SCA Premier Training Campus<\/span>\n\t\t\t\t\t\t\t\t\t<\/li>\n\t\t\t\t\t\t\t\t<li class=\"elementor-icon-list-item\">\n\t\t\t\t\t\t\t\t\t\t\t<span class=\"elementor-icon-list-icon\">\n\t\t\t\t\t\t\t<i aria-hidden=\"true\" class=\"fas fa-arrow-right\"><\/i>\t\t\t\t\t\t<\/span>\n\t\t\t\t\t\t\t\t\t\t<span class=\"elementor-icon-list-text\">Stages individualis\u00e9s pour chaque cours<\/span>\n\t\t\t\t\t\t\t\t\t<\/li>\n\t\t\t\t\t\t<\/ul>\n\t\t\t\t\t\t<\/div>\n\t\t\t\t<\/div>\n\t\t\t\t\t<\/div>\n\t\t<\/div>\n\t\t\t\t<div class=\"elementor-column elementor-col-50 elementor-top-column elementor-element elementor-element-7af32dd\" data-id=\"7af32dd\" data-element_type=\"column\" data-e-type=\"column\">\n\t\t\t<div class=\"elementor-widget-wrap elementor-element-populated\">\n\t\t\t\t\t\t<div class=\"elementor-element elementor-element-be4a48a elementor-widget elementor-widget-image\" data-id=\"be4a48a\" data-element_type=\"widget\" data-e-type=\"widget\" data-widget_type=\"image.default\">\n\t\t\t\t<div class=\"elementor-widget-container\">\n\t\t\t\t\t\t\t\t\t\t\t\t\t\t\t<img decoding=\"async\" width=\"1000\" height=\"852\" src=\"https:\/\/mareterracoffee.com\/wp-content\/uploads\/2023\/06\/MareTerraInstitute-green.png\" class=\"attachment-full size-full wp-image-121090\" alt=\"\" srcset=\"https:\/\/mareterracoffee.com\/wp-content\/uploads\/2023\/06\/MareTerraInstitute-green.png 1000w, https:\/\/mareterracoffee.com\/wp-content\/uploads\/2023\/06\/MareTerraInstitute-green-300x256.png 300w, https:\/\/mareterracoffee.com\/wp-content\/uploads\/2023\/06\/MareTerraInstitute-green-768x654.png 768w, https:\/\/mareterracoffee.com\/wp-content\/uploads\/2023\/06\/MareTerraInstitute-green-600x511.png 600w\" sizes=\"(max-width: 1000px) 100vw, 1000px\" \/>\t\t\t\t\t\t\t\t\t\t\t\t\t\t\t<\/div>\n\t\t\t\t<\/div>\n\t\t\t\t\t<\/div>\n\t\t<\/div>\n\t\t\t\t\t<\/div>\n\t\t<\/section>\n\t\t\t\t<section class=\"elementor-section elementor-top-section elementor-element elementor-element-2fdb0ca elementor-section-full_width elementor-section-height-default elementor-section-height-default\" data-id=\"2fdb0ca\" data-element_type=\"section\" data-e-type=\"section\" data-settings=\"{&quot;background_background&quot;:&quot;classic&quot;,&quot;background_motion_fx_motion_fx_mouse&quot;:&quot;yes&quot;,&quot;animation&quot;:&quot;none&quot;}\">\n\t\t\t\t\t\t<div class=\"elementor-container elementor-column-gap-default\">\n\t\t\t\t\t<div class=\"elementor-column elementor-col-100 elementor-top-column elementor-element elementor-element-c3628fa\" data-id=\"c3628fa\" data-element_type=\"column\" data-e-type=\"column\">\n\t\t\t<div class=\"elementor-widget-wrap elementor-element-populated\">\n\t\t\t\t\t\t<div class=\"elementor-element elementor-element-88657db elementor-widget elementor-widget-heading\" data-id=\"88657db\" data-element_type=\"widget\" data-e-type=\"widget\" data-widget_type=\"heading.default\">\n\t\t\t\t<div class=\"elementor-widget-container\">\n\t\t\t\t\t<h4 class=\"elementor-heading-title elementor-size-default\">Devenez un expert en caf\u00e9 !<\/h4>\t\t\t\t<\/div>\n\t\t\t\t<\/div>\n\t\t\t\t<div class=\"elementor-element elementor-element-2018ca4 elementor-widget elementor-widget-text-editor\" data-id=\"2018ca4\" data-element_type=\"widget\" data-e-type=\"widget\" data-widget_type=\"text-editor.default\">\n\t\t\t\t<div class=\"elementor-widget-container\">\n\t\t\t\t\t\t\t\t\t<p>D\u00e9couvrez Mare Terra Coffee Institute et r\u00e9veillez votre passion pour le caf\u00e9.<\/p>\n\t\t\t\t\t\t\t\t<\/div>\n\t\t\t\t<\/div>\n\t\t\t\t<div class=\"elementor-element elementor-element-c2b4869 elementor-mobile-align-center elementor-align-center elementor-widget elementor-widget-button\" data-id=\"c2b4869\" data-element_type=\"widget\" data-e-type=\"widget\" data-widget_type=\"button.default\">\n\t\t\t\t<div class=\"elementor-widget-container\">\n\t\t\t\t\t\t\t\t\t<div class=\"elementor-button-wrapper\">\n\t\t\t\t\t<a class=\"elementor-button elementor-button-link elementor-size-sm\" href=\"https:\/\/mareterracoffeeinstitute.com\/\" target=\"_blank\">\n\t\t\t\t\t\t<span class=\"elementor-button-content-wrapper\">\n\t\t\t\t\t\t\t\t\t<span class=\"elementor-button-text\">Lire la suite<\/span>\n\t\t\t\t\t<\/span>\n\t\t\t\t\t<\/a>\n\t\t\t\t<\/div>\n\t\t\t\t\t\t\t\t<\/div>\n\t\t\t\t<\/div>\n\t\t\t\t\t<\/div>\n\t\t<\/div>\n\t\t\t\t\t<\/div>\n\t\t<\/section>\n\t\t\t\t<\/div>\n\t\t","protected":false},"excerpt":{"rendered":"<p>Nous promouvons la culture du caf\u00e9 par la formation de l&rsquo;ensemble de la cha\u00eene du caf\u00e9. Mare Terra Coffee Institute Formation au caf\u00e9 d&rsquo;excellence Mare Terra Coffee Institute est une \u00e9cole internationale avec plus de 15 ans d&rsquo;exp\u00e9rience dans la formation de toute la cha\u00eene du caf\u00e9 et avec la confiance de plus de 1800 [&hellip;]<\/p>\n","protected":false},"author":3,"featured_media":0,"parent":0,"menu_order":0,"comment_status":"closed","ping_status":"closed","template":"","meta":{"_acf_changed":false,"footnotes":""},"class_list":["post-121726","page","type-page","status-publish","hentry"],"acf":[],"yoast_head":"<!-- This site is optimized with the Yoast SEO plugin v27.2 - https:\/\/yoast.com\/product\/yoast-seo-wordpress\/ -->\n<title>MTC Institute , sp\u00e9cialiste de la formation au caf\u00e9 - Mare Terra<\/title>\n<meta name=\"description\" content=\"Stimulez votre passion pour le caf\u00e9 gr\u00e2ce \u00e0 notre formation de qualit\u00e9 sur le caf\u00e9. D\u00e9veloppez vos connaissances avec Mare Terra Coffee Institute\" \/>\n<meta name=\"robots\" content=\"index, follow, max-snippet:-1, max-image-preview:large, max-video-preview:-1\" \/>\n<link rel=\"canonical\" href=\"https:\/\/mareterracoffee.com\/fr\/institute-formation-cafe\/\" \/>\n<meta property=\"og:locale\" content=\"fr_FR\" \/>\n<meta property=\"og:type\" content=\"article\" \/>\n<meta property=\"og:title\" content=\"MTC Institute , sp\u00e9cialiste de la formation au caf\u00e9 - Mare Terra\" \/>\n<meta property=\"og:description\" content=\"Stimulez votre passion pour le caf\u00e9 gr\u00e2ce \u00e0 notre formation de qualit\u00e9 sur le caf\u00e9. D\u00e9veloppez vos connaissances avec Mare Terra Coffee Institute\" \/>\n<meta property=\"og:url\" content=\"https:\/\/mareterracoffee.com\/fr\/institute-formation-cafe\/\" \/>\n<meta property=\"og:site_name\" content=\"Mare Terra\" \/>\n<meta property=\"article:modified_time\" content=\"2024-10-09T11:41:47+00:00\" \/>\n<meta property=\"og:image\" content=\"https:\/\/mareterracoffee.com\/wp-content\/uploads\/2024\/10\/Group-17306.png\" \/>\n<meta name=\"twitter:card\" content=\"summary_large_image\" \/>\n<meta name=\"twitter:label1\" content=\"Dur\u00e9e de lecture estim\u00e9e\" \/>\n\t<meta name=\"twitter:data1\" content=\"2 minutes\" \/>\n<script type=\"application\/ld+json\" class=\"yoast-schema-graph\">{\"@context\":\"https:\/\/schema.org\",\"@graph\":[{\"@type\":\"WebPage\",\"@id\":\"https:\/\/mareterracoffee.com\/fr\/institute-formation-cafe\/\",\"url\":\"https:\/\/mareterracoffee.com\/fr\/institute-formation-cafe\/\",\"name\":\"MTC Institute , sp\u00e9cialiste de la formation au caf\u00e9 - Mare Terra\",\"isPartOf\":{\"@id\":\"https:\/\/mareterracoffee.com\/fr\/#website\"},\"primaryImageOfPage\":{\"@id\":\"https:\/\/mareterracoffee.com\/fr\/institute-formation-cafe\/#primaryimage\"},\"image\":{\"@id\":\"https:\/\/mareterracoffee.com\/fr\/institute-formation-cafe\/#primaryimage\"},\"thumbnailUrl\":\"https:\/\/mareterracoffee.com\/wp-content\/uploads\/2024\/10\/Group-17306.png\",\"datePublished\":\"2023-06-26T08:23:54+00:00\",\"dateModified\":\"2024-10-09T11:41:47+00:00\",\"description\":\"Stimulez votre passion pour le caf\u00e9 gr\u00e2ce \u00e0 notre formation de qualit\u00e9 sur le caf\u00e9. D\u00e9veloppez vos connaissances avec Mare Terra Coffee Institute\",\"breadcrumb\":{\"@id\":\"https:\/\/mareterracoffee.com\/fr\/institute-formation-cafe\/#breadcrumb\"},\"inLanguage\":\"fr-FR\",\"potentialAction\":[{\"@type\":\"ReadAction\",\"target\":[\"https:\/\/mareterracoffee.com\/fr\/institute-formation-cafe\/\"]}]},{\"@type\":\"ImageObject\",\"inLanguage\":\"fr-FR\",\"@id\":\"https:\/\/mareterracoffee.com\/fr\/institute-formation-cafe\/#primaryimage\",\"url\":\"https:\/\/mareterracoffee.com\/wp-content\/uploads\/2024\/10\/Group-17306.png\",\"contentUrl\":\"https:\/\/mareterracoffee.com\/wp-content\/uploads\/2024\/10\/Group-17306.png\"},{\"@type\":\"BreadcrumbList\",\"@id\":\"https:\/\/mareterracoffee.com\/fr\/institute-formation-cafe\/#breadcrumb\",\"itemListElement\":[{\"@type\":\"ListItem\",\"position\":1,\"name\":\"Portada\",\"item\":\"https:\/\/mareterracoffee.com\/fr\/home\/\"},{\"@type\":\"ListItem\",\"position\":2,\"name\":\"MTC Institute , sp\u00e9cialiste de la formation au caf\u00e9\"}]},{\"@type\":\"WebSite\",\"@id\":\"https:\/\/mareterracoffee.com\/fr\/#website\",\"url\":\"https:\/\/mareterracoffee.com\/fr\/\",\"name\":\"Mare Terra\",\"description\":\"Importateur \/ Exportateur de caf\u00e9 vert\",\"publisher\":{\"@id\":\"https:\/\/mareterracoffee.com\/fr\/#organization\"},\"potentialAction\":[{\"@type\":\"SearchAction\",\"target\":{\"@type\":\"EntryPoint\",\"urlTemplate\":\"https:\/\/mareterracoffee.com\/fr\/?s={search_term_string}\"},\"query-input\":{\"@type\":\"PropertyValueSpecification\",\"valueRequired\":true,\"valueName\":\"search_term_string\"}}],\"inLanguage\":\"fr-FR\"},{\"@type\":\"Organization\",\"@id\":\"https:\/\/mareterracoffee.com\/fr\/#organization\",\"name\":\"Mare Terra\",\"url\":\"https:\/\/mareterracoffee.com\/fr\/\",\"logo\":{\"@type\":\"ImageObject\",\"inLanguage\":\"fr-FR\",\"@id\":\"https:\/\/mareterracoffee.com\/fr\/#\/schema\/logo\/image\/\",\"url\":\"https:\/\/mareterracoffee.com\/wp-content\/uploads\/2023\/06\/marre-terra-1.svg\",\"contentUrl\":\"https:\/\/mareterracoffee.com\/wp-content\/uploads\/2023\/06\/marre-terra-1.svg\",\"width\":229,\"height\":52,\"caption\":\"Mare Terra\"},\"image\":{\"@id\":\"https:\/\/mareterracoffee.com\/fr\/#\/schema\/logo\/image\/\"}}]}<\/script>\n<!-- \/ Yoast SEO plugin. -->","yoast_head_json":{"title":"MTC Institute , sp\u00e9cialiste de la formation au caf\u00e9 - Mare Terra","description":"Stimulez votre passion pour le caf\u00e9 gr\u00e2ce \u00e0 notre formation de qualit\u00e9 sur le caf\u00e9. D\u00e9veloppez vos connaissances avec Mare Terra Coffee Institute","robots":{"index":"index","follow":"follow","max-snippet":"max-snippet:-1","max-image-preview":"max-image-preview:large","max-video-preview":"max-video-preview:-1"},"canonical":"https:\/\/mareterracoffee.com\/fr\/institute-formation-cafe\/","og_locale":"fr_FR","og_type":"article","og_title":"MTC Institute , sp\u00e9cialiste de la formation au caf\u00e9 - Mare Terra","og_description":"Stimulez votre passion pour le caf\u00e9 gr\u00e2ce \u00e0 notre formation de qualit\u00e9 sur le caf\u00e9. D\u00e9veloppez vos connaissances avec Mare Terra Coffee Institute","og_url":"https:\/\/mareterracoffee.com\/fr\/institute-formation-cafe\/","og_site_name":"Mare Terra","article_modified_time":"2024-10-09T11:41:47+00:00","og_image":[{"url":"https:\/\/mareterracoffee.com\/wp-content\/uploads\/2024\/10\/Group-17306.png","type":"","width":"","height":""}],"twitter_card":"summary_large_image","twitter_misc":{"Dur\u00e9e de lecture estim\u00e9e":"2 minutes"},"schema":{"@context":"https:\/\/schema.org","@graph":[{"@type":"WebPage","@id":"https:\/\/mareterracoffee.com\/fr\/institute-formation-cafe\/","url":"https:\/\/mareterracoffee.com\/fr\/institute-formation-cafe\/","name":"MTC Institute , sp\u00e9cialiste de la formation au caf\u00e9 - Mare Terra","isPartOf":{"@id":"https:\/\/mareterracoffee.com\/fr\/#website"},"primaryImageOfPage":{"@id":"https:\/\/mareterracoffee.com\/fr\/institute-formation-cafe\/#primaryimage"},"image":{"@id":"https:\/\/mareterracoffee.com\/fr\/institute-formation-cafe\/#primaryimage"},"thumbnailUrl":"https:\/\/mareterracoffee.com\/wp-content\/uploads\/2024\/10\/Group-17306.png","datePublished":"2023-06-26T08:23:54+00:00","dateModified":"2024-10-09T11:41:47+00:00","description":"Stimulez votre passion pour le caf\u00e9 gr\u00e2ce \u00e0 notre formation de qualit\u00e9 sur le caf\u00e9. D\u00e9veloppez vos connaissances avec Mare Terra Coffee Institute","breadcrumb":{"@id":"https:\/\/mareterracoffee.com\/fr\/institute-formation-cafe\/#breadcrumb"},"inLanguage":"fr-FR","potentialAction":[{"@type":"ReadAction","target":["https:\/\/mareterracoffee.com\/fr\/institute-formation-cafe\/"]}]},{"@type":"ImageObject","inLanguage":"fr-FR","@id":"https:\/\/mareterracoffee.com\/fr\/institute-formation-cafe\/#primaryimage","url":"https:\/\/mareterracoffee.com\/wp-content\/uploads\/2024\/10\/Group-17306.png","contentUrl":"https:\/\/mareterracoffee.com\/wp-content\/uploads\/2024\/10\/Group-17306.png"},{"@type":"BreadcrumbList","@id":"https:\/\/mareterracoffee.com\/fr\/institute-formation-cafe\/#breadcrumb","itemListElement":[{"@type":"ListItem","position":1,"name":"Portada","item":"https:\/\/mareterracoffee.com\/fr\/home\/"},{"@type":"ListItem","position":2,"name":"MTC Institute , sp\u00e9cialiste de la formation au caf\u00e9"}]},{"@type":"WebSite","@id":"https:\/\/mareterracoffee.com\/fr\/#website","url":"https:\/\/mareterracoffee.com\/fr\/","name":"Mare Terra","description":"Importateur \/ Exportateur de caf\u00e9 vert","publisher":{"@id":"https:\/\/mareterracoffee.com\/fr\/#organization"},"potentialAction":[{"@type":"SearchAction","target":{"@type":"EntryPoint","urlTemplate":"https:\/\/mareterracoffee.com\/fr\/?s={search_term_string}"},"query-input":{"@type":"PropertyValueSpecification","valueRequired":true,"valueName":"search_term_string"}}],"inLanguage":"fr-FR"},{"@type":"Organization","@id":"https:\/\/mareterracoffee.com\/fr\/#organization","name":"Mare Terra","url":"https:\/\/mareterracoffee.com\/fr\/","logo":{"@type":"ImageObject","inLanguage":"fr-FR","@id":"https:\/\/mareterracoffee.com\/fr\/#\/schema\/logo\/image\/","url":"https:\/\/mareterracoffee.com\/wp-content\/uploads\/2023\/06\/marre-terra-1.svg","contentUrl":"https:\/\/mareterracoffee.com\/wp-content\/uploads\/2023\/06\/marre-terra-1.svg","width":229,"height":52,"caption":"Mare Terra"},"image":{"@id":"https:\/\/mareterracoffee.com\/fr\/#\/schema\/logo\/image\/"}}]}},"_links":{"self":[{"href":"https:\/\/mareterracoffee.com\/fr\/wp-json\/wp\/v2\/pages\/121726","targetHints":{"allow":["GET"]}}],"collection":[{"href":"https:\/\/mareterracoffee.com\/fr\/wp-json\/wp\/v2\/pages"}],"about":[{"href":"https:\/\/mareterracoffee.com\/fr\/wp-json\/wp\/v2\/types\/page"}],"author":[{"embeddable":true,"href":"https:\/\/mareterracoffee.com\/fr\/wp-json\/wp\/v2\/users\/3"}],"replies":[{"embeddable":true,"href":"https:\/\/mareterracoffee.com\/fr\/wp-json\/wp\/v2\/comments?post=121726"}],"version-history":[{"count":3,"href":"https:\/\/mareterracoffee.com\/fr\/wp-json\/wp\/v2\/pages\/121726\/revisions"}],"predecessor-version":[{"id":140463,"href":"https:\/\/mareterracoffee.com\/fr\/wp-json\/wp\/v2\/pages\/121726\/revisions\/140463"}],"wp:attachment":[{"href":"https:\/\/mareterracoffee.com\/fr\/wp-json\/wp\/v2\/media?parent=121726"}],"curies":[{"name":"wp","href":"https:\/\/api.w.org\/{rel}","templated":true}]}}