{"id":125196,"date":"2023-09-27T10:19:49","date_gmt":"2023-09-27T08:19:49","guid":{"rendered":"https:\/\/mareterracoffee.com\/?page_id=125196"},"modified":"2024-04-15T11:10:42","modified_gmt":"2024-04-15T09:10:42","slug":"certifications","status":"publish","type":"page","link":"https:\/\/mareterracoffee.com\/fr\/certifications\/","title":{"rendered":"Certifications"},"content":{"rendered":"\t\t<div data-elementor-type=\"wp-page\" data-elementor-id=\"125196\" class=\"elementor elementor-125196 elementor-122360\" data-elementor-post-type=\"page\">\n\t\t\t\t\t\t<section class=\"elementor-section elementor-top-section elementor-element elementor-element-2b3cc6d elementor-section-full_width elementor-reverse-mobile elementor-section-height-min-height elementor-section-items-bottom elementor-section-height-default\" data-id=\"2b3cc6d\" data-element_type=\"section\" data-e-type=\"section\" data-settings=\"{&quot;background_background&quot;:&quot;classic&quot;}\">\n\t\t\t\t\t\t\t<div class=\"elementor-background-overlay\"><\/div>\n\t\t\t\t\t\t\t<div class=\"elementor-container elementor-column-gap-default\">\n\t\t\t\t\t<div class=\"elementor-column elementor-col-100 elementor-top-column elementor-element elementor-element-bc42bba\" data-id=\"bc42bba\" data-element_type=\"column\" data-e-type=\"column\">\n\t\t\t<div class=\"elementor-widget-wrap elementor-element-populated\">\n\t\t\t\t\t\t<div class=\"elementor-element elementor-element-bf83345 elementor-widget elementor-widget-heading\" data-id=\"bf83345\" data-element_type=\"widget\" data-e-type=\"widget\" data-widget_type=\"heading.default\">\n\t\t\t\t<div class=\"elementor-widget-container\">\n\t\t\t\t\t<h1 class=\"elementor-heading-title elementor-size-default\">Certifications<\/h1>\t\t\t\t<\/div>\n\t\t\t\t<\/div>\n\t\t\t\t<div class=\"elementor-element elementor-element-c42f68b elementor-widget elementor-widget-heading\" data-id=\"c42f68b\" data-element_type=\"widget\" data-e-type=\"widget\" data-widget_type=\"heading.default\">\n\t\t\t\t<div class=\"elementor-widget-container\">\n\t\t\t\t\t<h2 class=\"elementor-heading-title elementor-size-default\">Garantie d'excellence dans notre entreprise<\/h2>\t\t\t\t<\/div>\n\t\t\t\t<\/div>\n\t\t\t\t\t<\/div>\n\t\t<\/div>\n\t\t\t\t\t<\/div>\n\t\t<\/section>\n\t\t\t\t<section class=\"elementor-section elementor-top-section elementor-element elementor-element-dd0a16d elementor-section-full_width elementor-section-height-default elementor-section-height-default\" data-id=\"dd0a16d\" data-element_type=\"section\" data-e-type=\"section\" data-settings=\"{&quot;background_background&quot;:&quot;classic&quot;,&quot;background_motion_fx_motion_fx_mouse&quot;:&quot;yes&quot;,&quot;animation&quot;:&quot;none&quot;}\">\n\t\t\t\t\t\t<div class=\"elementor-container elementor-column-gap-default\">\n\t\t\t\t\t<div class=\"elementor-column elementor-col-100 elementor-top-column elementor-element elementor-element-327c5ef\" data-id=\"327c5ef\" data-element_type=\"column\" data-e-type=\"column\">\n\t\t\t<div class=\"elementor-widget-wrap elementor-element-populated\">\n\t\t\t\t\t\t<div class=\"elementor-element elementor-element-33b54db elementor-widget elementor-widget-heading\" data-id=\"33b54db\" data-element_type=\"widget\" data-e-type=\"widget\" data-widget_type=\"heading.default\">\n\t\t\t\t<div class=\"elementor-widget-container\">\n\t\t\t\t\t<h2 class=\"elementor-heading-title elementor-size-default\">Nos certifications : Engagement en faveur de la qualit\u00e9 et de la durabilit\u00e9<\/h2>\t\t\t\t<\/div>\n\t\t\t\t<\/div>\n\t\t\t\t<div class=\"elementor-element elementor-element-fcdac9f elementor-widget elementor-widget-text-editor\" data-id=\"fcdac9f\" data-element_type=\"widget\" data-e-type=\"widget\" data-widget_type=\"text-editor.default\">\n\t\t\t\t<div class=\"elementor-widget-container\">\n\t\t\t\t\t\t\t\t\t<p>Chez Mare Terras, nous prenons la qualit\u00e9 tr\u00e8s au s\u00e9rieux dans la cha\u00eene de production du caf\u00e9 vert. C&rsquo;est pourquoi nous disposons de certifications qui \u00e9tayent notre exp\u00e9rience et nous distinguent sur le march\u00e9. Ces certifications refl\u00e8tent notre engagement en mati\u00e8re de service, de qualit\u00e9, de durabilit\u00e9 et de respect de l&rsquo;environnement.<\/p>\n<p>Nous sommes titulaires d&rsquo;un certain nombre de certifications qui t\u00e9moignent de notre engagement en faveur de la qualit\u00e9 et de la satisfaction du client. Ces certifications sont le r\u00e9sultat de nos efforts constants et de nos contr\u00f4les pour r\u00e9pondre aux normes les plus \u00e9lev\u00e9es dans tous les aspects de notre activit\u00e9.<\/p>\n\t\t\t\t\t\t\t\t<\/div>\n\t\t\t\t<\/div>\n\t\t\t\t\t<\/div>\n\t\t<\/div>\n\t\t\t\t\t<\/div>\n\t\t<\/section>\n\t\t\t\t<section class=\"elementor-section elementor-top-section elementor-element elementor-element-3be25fd elementor-section-full_width elementor-reverse-mobile elementor-section-height-default elementor-section-height-default\" data-id=\"3be25fd\" data-element_type=\"section\" data-e-type=\"section\" data-settings=\"{&quot;background_background&quot;:&quot;classic&quot;,&quot;background_motion_fx_motion_fx_mouse&quot;:&quot;yes&quot;,&quot;animation&quot;:&quot;none&quot;}\">\n\t\t\t\t\t\t<div class=\"elementor-container elementor-column-gap-default\">\n\t\t\t\t\t<div class=\"elementor-column elementor-col-50 elementor-top-column elementor-element elementor-element-f020dd6\" data-id=\"f020dd6\" data-element_type=\"column\" data-e-type=\"column\">\n\t\t\t<div class=\"elementor-widget-wrap elementor-element-populated\">\n\t\t\t\t\t\t<div class=\"elementor-element elementor-element-a7b3f31 elementor-widget elementor-widget-image\" data-id=\"a7b3f31\" data-element_type=\"widget\" data-e-type=\"widget\" data-widget_type=\"image.default\">\n\t\t\t\t<div class=\"elementor-widget-container\">\n\t\t\t\t\t\t\t\t\t\t\t\t\t\t\t<img fetchpriority=\"high\" decoding=\"async\" width=\"579\" height=\"343\" src=\"https:\/\/mareterracoffee.com\/wp-content\/uploads\/2023\/07\/IFS_Broker_Box_RGB-e1688987076410.jpeg\" class=\"attachment-full size-full wp-image-124693\" alt=\"\" \/>\t\t\t\t\t\t\t\t\t\t\t\t\t\t\t<\/div>\n\t\t\t\t<\/div>\n\t\t\t\t\t<\/div>\n\t\t<\/div>\n\t\t\t\t<div class=\"elementor-column elementor-col-50 elementor-top-column elementor-element elementor-element-63fe5f7\" data-id=\"63fe5f7\" data-element_type=\"column\" data-e-type=\"column\">\n\t\t\t<div class=\"elementor-widget-wrap elementor-element-populated\">\n\t\t\t\t\t\t<div class=\"elementor-element elementor-element-0f9aaca elementor-widget elementor-widget-heading\" data-id=\"0f9aaca\" data-element_type=\"widget\" data-e-type=\"widget\" data-widget_type=\"heading.default\">\n\t\t\t\t<div class=\"elementor-widget-container\">\n\t\t\t\t\t<h3 class=\"elementor-heading-title elementor-size-default\">Certifi\u00e9 par IFS Broker<\/h3>\t\t\t\t<\/div>\n\t\t\t\t<\/div>\n\t\t\t\t<div class=\"elementor-element elementor-element-7f36462 elementor-widget-divider--view-line elementor-widget elementor-widget-divider\" data-id=\"7f36462\" data-element_type=\"widget\" data-e-type=\"widget\" data-widget_type=\"divider.default\">\n\t\t\t\t<div class=\"elementor-widget-container\">\n\t\t\t\t\t\t\t<div class=\"elementor-divider\">\n\t\t\t<span class=\"elementor-divider-separator\">\n\t\t\t\t\t\t<\/span>\n\t\t<\/div>\n\t\t\t\t\t\t<\/div>\n\t\t\t\t<\/div>\n\t\t\t\t<div class=\"elementor-element elementor-element-9fc8a9d elementor-widget elementor-widget-text-editor\" data-id=\"9fc8a9d\" data-element_type=\"widget\" data-e-type=\"widget\" data-widget_type=\"text-editor.default\">\n\t\t\t\t<div class=\"elementor-widget-container\">\n\t\t\t\t\t\t\t\t\t<p>Les IFS (International Featured Standards) sont des normes de qualit\u00e9 internationales approuv\u00e9es et reconnues par la GFSI (Global Food Safety Initiative) en tant qu&rsquo;initiative men\u00e9e par les entreprises pour l&rsquo;am\u00e9lioration continue des syst\u00e8mes de gestion de la s\u00e9curit\u00e9 alimentaire, visant \u00e0 garantir des aliments s\u00fbrs aux consommateurs du monde entier. Chez Mare Terra Coffee, nous sommes heureux de cette certification qui soutient notre engagement \u00e0 offrir le meilleur produit et le meilleur service, en nous engageant toujours sur la qualit\u00e9 et la s\u00e9curit\u00e9 alimentaire pour g\u00e9n\u00e9rer la plus grande confiance parmi nos clients, cherchant ainsi \u00e0 am\u00e9liorer leur niveau de satisfaction.<\/p>\n<p>Cette norme ent\u00e9rine notre engagement en faveur de l&rsquo;am\u00e9lioration continue de la qualit\u00e9 de nos caf\u00e9s, de nos proc\u00e9dures, de nos fournisseurs et de la satisfaction de nos clients.<\/p>\n\t\t\t\t\t\t\t\t<\/div>\n\t\t\t\t<\/div>\n\t\t\t\t\t<\/div>\n\t\t<\/div>\n\t\t\t\t\t<\/div>\n\t\t<\/section>\n\t\t\t\t<section class=\"elementor-section elementor-top-section elementor-element elementor-element-2e5e9b5 elementor-section-full_width elementor-reverse-mobile elementor-section-height-default elementor-section-height-default\" data-id=\"2e5e9b5\" data-element_type=\"section\" data-e-type=\"section\" data-settings=\"{&quot;background_background&quot;:&quot;classic&quot;,&quot;background_motion_fx_motion_fx_mouse&quot;:&quot;yes&quot;,&quot;animation&quot;:&quot;none&quot;}\">\n\t\t\t\t\t\t<div class=\"elementor-container elementor-column-gap-default\">\n\t\t\t\t\t<div class=\"elementor-column elementor-col-50 elementor-top-column elementor-element elementor-element-2391fd9\" data-id=\"2391fd9\" data-element_type=\"column\" data-e-type=\"column\">\n\t\t\t<div class=\"elementor-widget-wrap elementor-element-populated\">\n\t\t\t\t\t\t<div class=\"elementor-element elementor-element-a1a1355 elementor-widget elementor-widget-heading\" data-id=\"a1a1355\" data-element_type=\"widget\" data-e-type=\"widget\" data-widget_type=\"heading.default\">\n\t\t\t\t<div class=\"elementor-widget-container\">\n\t\t\t\t\t<h3 class=\"elementor-heading-title elementor-size-default\">Certifi\u00e9 biologique<\/h3>\t\t\t\t<\/div>\n\t\t\t\t<\/div>\n\t\t\t\t<div class=\"elementor-element elementor-element-9cd04e3 elementor-widget-divider--view-line elementor-widget elementor-widget-divider\" data-id=\"9cd04e3\" data-element_type=\"widget\" data-e-type=\"widget\" data-widget_type=\"divider.default\">\n\t\t\t\t<div class=\"elementor-widget-container\">\n\t\t\t\t\t\t\t<div class=\"elementor-divider\">\n\t\t\t<span class=\"elementor-divider-separator\">\n\t\t\t\t\t\t<\/span>\n\t\t<\/div>\n\t\t\t\t\t\t<\/div>\n\t\t\t\t<\/div>\n\t\t\t\t<div class=\"elementor-element elementor-element-2deec02 elementor-widget elementor-widget-text-editor\" data-id=\"2deec02\" data-element_type=\"widget\" data-e-type=\"widget\" data-widget_type=\"text-editor.default\">\n\t\t\t\t<div class=\"elementor-widget-container\">\n\t\t\t\t\t\t\t\t\t<p>Les produits biologiques, \u00e9galement appel\u00e9s biologiques ou organiques, sont cultiv\u00e9s selon un syst\u00e8me de production qui associe les meilleures pratiques environnementales \u00e0 la pr\u00e9servation des ressources naturelles. Il s&rsquo;agit d&rsquo;aliments qui n&rsquo;ont subi aucune modification au cours du processus de production, comme c&rsquo;est le cas, par exemple, de certains fruits ou l\u00e9gumes du march\u00e9 traditionnel, auxquels des produits chimiques sont ajout\u00e9s pour en am\u00e9liorer la texture, la couleur ou l&rsquo;ar\u00f4me. La cl\u00e9 pour distinguer un produit biologique r\u00e9side dans son \u00e9tiquetage. Il existe plusieurs labels qui le certifient, comme le EU Organic Bio ou l'\u00a0\u00bbeurofeuille\u00a0\u00bb, un logo rectangulaire compos\u00e9 d&rsquo;un chevron d&rsquo;\u00e9toiles sur fond vert. Un aliment est biologique lorsque son syst\u00e8me de production, dans les techniques utilis\u00e9es, respecte l&rsquo;environnement. C&rsquo;est-\u00e0-dire qu&rsquo;aucun produit chimique, pesticide ou engrais n&rsquo;est utilis\u00e9. Seuls des produits 100% naturels sont utilis\u00e9s dans le processus de production.<\/p>\n\t\t\t\t\t\t\t\t<\/div>\n\t\t\t\t<\/div>\n\t\t\t\t\t<\/div>\n\t\t<\/div>\n\t\t\t\t<div class=\"elementor-column elementor-col-50 elementor-top-column elementor-element elementor-element-89d7688\" data-id=\"89d7688\" data-element_type=\"column\" data-e-type=\"column\">\n\t\t\t<div class=\"elementor-widget-wrap elementor-element-populated\">\n\t\t\t\t\t\t<div class=\"elementor-element elementor-element-718ca83 elementor-widget elementor-widget-image\" data-id=\"718ca83\" data-element_type=\"widget\" data-e-type=\"widget\" data-widget_type=\"image.default\">\n\t\t\t\t<div class=\"elementor-widget-container\">\n\t\t\t\t\t\t\t\t\t\t\t\t\t\t\t<img decoding=\"async\" width=\"600\" height=\"400\" src=\"https:\/\/mareterracoffee.com\/wp-content\/uploads\/2023\/07\/eu-organic-logo-600x400_0.png\" class=\"attachment-full size-full wp-image-124697\" alt=\"\" srcset=\"https:\/\/mareterracoffee.com\/wp-content\/uploads\/2023\/07\/eu-organic-logo-600x400_0.png 600w, https:\/\/mareterracoffee.com\/wp-content\/uploads\/2023\/07\/eu-organic-logo-600x400_0-300x200.png 300w\" sizes=\"(max-width: 600px) 100vw, 600px\" \/>\t\t\t\t\t\t\t\t\t\t\t\t\t\t\t<\/div>\n\t\t\t\t<\/div>\n\t\t\t\t\t<\/div>\n\t\t<\/div>\n\t\t\t\t\t<\/div>\n\t\t<\/section>\n\t\t\t\t<\/div>\n\t\t","protected":false},"excerpt":{"rendered":"<p>Certifications Garantie d&rsquo;excellence dans notre entreprise Nos certifications : Engagement en faveur de la qualit\u00e9 et de la durabilit\u00e9 Chez Mare Terras, nous prenons la qualit\u00e9 tr\u00e8s au s\u00e9rieux dans la cha\u00eene de production du caf\u00e9 vert. C&rsquo;est pourquoi nous disposons de certifications qui \u00e9tayent notre exp\u00e9rience et nous distinguent sur le march\u00e9. Ces certifications [&hellip;]<\/p>\n","protected":false},"author":3,"featured_media":0,"parent":0,"menu_order":0,"comment_status":"closed","ping_status":"closed","template":"","meta":{"_acf_changed":false,"footnotes":""},"class_list":["post-125196","page","type-page","status-publish","hentry"],"acf":[],"yoast_head":"<!-- This site is optimized with the Yoast SEO plugin v27.2 - https:\/\/yoast.com\/product\/yoast-seo-wordpress\/ -->\n<title>Certifications - Mare Terra<\/title>\n<meta name=\"description\" content=\"D\u00e9couvrez les certifications qui soutiennent notre entreprise et garantissent des normes de qualit\u00e9 \u00e9lev\u00e9es.\" \/>\n<meta name=\"robots\" content=\"index, follow, max-snippet:-1, max-image-preview:large, max-video-preview:-1\" \/>\n<link rel=\"canonical\" href=\"https:\/\/mareterracoffee.com\/fr\/certifications\/\" \/>\n<meta property=\"og:locale\" content=\"fr_FR\" \/>\n<meta property=\"og:type\" content=\"article\" \/>\n<meta property=\"og:title\" content=\"Certifications - Mare Terra\" \/>\n<meta property=\"og:description\" content=\"D\u00e9couvrez les certifications qui soutiennent notre entreprise et garantissent des normes de qualit\u00e9 \u00e9lev\u00e9es.\" \/>\n<meta property=\"og:url\" content=\"https:\/\/mareterracoffee.com\/fr\/certifications\/\" \/>\n<meta property=\"og:site_name\" content=\"Mare Terra\" \/>\n<meta property=\"article:modified_time\" content=\"2024-04-15T09:10:42+00:00\" \/>\n<meta property=\"og:image\" content=\"https:\/\/mareterracoffee.com\/wp-content\/uploads\/2023\/07\/IFS_Broker_Box_RGB-e1688987076410.jpeg\" \/>\n<meta name=\"twitter:card\" content=\"summary_large_image\" \/>\n<meta name=\"twitter:label1\" content=\"Dur\u00e9e de lecture estim\u00e9e\" \/>\n\t<meta name=\"twitter:data1\" content=\"3 minutes\" \/>\n<script type=\"application\/ld+json\" class=\"yoast-schema-graph\">{\"@context\":\"https:\/\/schema.org\",\"@graph\":[{\"@type\":\"WebPage\",\"@id\":\"https:\/\/mareterracoffee.com\/fr\/certifications\/\",\"url\":\"https:\/\/mareterracoffee.com\/fr\/certifications\/\",\"name\":\"Certifications - Mare Terra\",\"isPartOf\":{\"@id\":\"https:\/\/mareterracoffee.com\/fr\/#website\"},\"primaryImageOfPage\":{\"@id\":\"https:\/\/mareterracoffee.com\/fr\/certifications\/#primaryimage\"},\"image\":{\"@id\":\"https:\/\/mareterracoffee.com\/fr\/certifications\/#primaryimage\"},\"thumbnailUrl\":\"https:\/\/mareterracoffee.com\/wp-content\/uploads\/2023\/07\/IFS_Broker_Box_RGB-e1688987076410.jpeg\",\"datePublished\":\"2023-09-27T08:19:49+00:00\",\"dateModified\":\"2024-04-15T09:10:42+00:00\",\"description\":\"D\u00e9couvrez les certifications qui soutiennent notre entreprise et garantissent des normes de qualit\u00e9 \u00e9lev\u00e9es.\",\"breadcrumb\":{\"@id\":\"https:\/\/mareterracoffee.com\/fr\/certifications\/#breadcrumb\"},\"inLanguage\":\"fr-FR\",\"potentialAction\":[{\"@type\":\"ReadAction\",\"target\":[\"https:\/\/mareterracoffee.com\/fr\/certifications\/\"]}]},{\"@type\":\"ImageObject\",\"inLanguage\":\"fr-FR\",\"@id\":\"https:\/\/mareterracoffee.com\/fr\/certifications\/#primaryimage\",\"url\":\"https:\/\/mareterracoffee.com\/wp-content\/uploads\/2023\/07\/IFS_Broker_Box_RGB-e1688987076410.jpeg\",\"contentUrl\":\"https:\/\/mareterracoffee.com\/wp-content\/uploads\/2023\/07\/IFS_Broker_Box_RGB-e1688987076410.jpeg\"},{\"@type\":\"BreadcrumbList\",\"@id\":\"https:\/\/mareterracoffee.com\/fr\/certifications\/#breadcrumb\",\"itemListElement\":[{\"@type\":\"ListItem\",\"position\":1,\"name\":\"Portada\",\"item\":\"https:\/\/mareterracoffee.com\/fr\/home\/\"},{\"@type\":\"ListItem\",\"position\":2,\"name\":\"Certifications\"}]},{\"@type\":\"WebSite\",\"@id\":\"https:\/\/mareterracoffee.com\/fr\/#website\",\"url\":\"https:\/\/mareterracoffee.com\/fr\/\",\"name\":\"Mare Terra\",\"description\":\"Importateur \/ Exportateur de caf\u00e9 vert\",\"publisher\":{\"@id\":\"https:\/\/mareterracoffee.com\/fr\/#organization\"},\"potentialAction\":[{\"@type\":\"SearchAction\",\"target\":{\"@type\":\"EntryPoint\",\"urlTemplate\":\"https:\/\/mareterracoffee.com\/fr\/?s={search_term_string}\"},\"query-input\":{\"@type\":\"PropertyValueSpecification\",\"valueRequired\":true,\"valueName\":\"search_term_string\"}}],\"inLanguage\":\"fr-FR\"},{\"@type\":\"Organization\",\"@id\":\"https:\/\/mareterracoffee.com\/fr\/#organization\",\"name\":\"Mare Terra\",\"url\":\"https:\/\/mareterracoffee.com\/fr\/\",\"logo\":{\"@type\":\"ImageObject\",\"inLanguage\":\"fr-FR\",\"@id\":\"https:\/\/mareterracoffee.com\/fr\/#\/schema\/logo\/image\/\",\"url\":\"https:\/\/mareterracoffee.com\/wp-content\/uploads\/2023\/06\/marre-terra-1.svg\",\"contentUrl\":\"https:\/\/mareterracoffee.com\/wp-content\/uploads\/2023\/06\/marre-terra-1.svg\",\"width\":229,\"height\":52,\"caption\":\"Mare Terra\"},\"image\":{\"@id\":\"https:\/\/mareterracoffee.com\/fr\/#\/schema\/logo\/image\/\"}}]}<\/script>\n<!-- \/ Yoast SEO plugin. -->","yoast_head_json":{"title":"Certifications - Mare Terra","description":"D\u00e9couvrez les certifications qui soutiennent notre entreprise et garantissent des normes de qualit\u00e9 \u00e9lev\u00e9es.","robots":{"index":"index","follow":"follow","max-snippet":"max-snippet:-1","max-image-preview":"max-image-preview:large","max-video-preview":"max-video-preview:-1"},"canonical":"https:\/\/mareterracoffee.com\/fr\/certifications\/","og_locale":"fr_FR","og_type":"article","og_title":"Certifications - Mare Terra","og_description":"D\u00e9couvrez les certifications qui soutiennent notre entreprise et garantissent des normes de qualit\u00e9 \u00e9lev\u00e9es.","og_url":"https:\/\/mareterracoffee.com\/fr\/certifications\/","og_site_name":"Mare Terra","article_modified_time":"2024-04-15T09:10:42+00:00","og_image":[{"url":"https:\/\/mareterracoffee.com\/wp-content\/uploads\/2023\/07\/IFS_Broker_Box_RGB-e1688987076410.jpeg","type":"","width":"","height":""}],"twitter_card":"summary_large_image","twitter_misc":{"Dur\u00e9e de lecture estim\u00e9e":"3 minutes"},"schema":{"@context":"https:\/\/schema.org","@graph":[{"@type":"WebPage","@id":"https:\/\/mareterracoffee.com\/fr\/certifications\/","url":"https:\/\/mareterracoffee.com\/fr\/certifications\/","name":"Certifications - Mare Terra","isPartOf":{"@id":"https:\/\/mareterracoffee.com\/fr\/#website"},"primaryImageOfPage":{"@id":"https:\/\/mareterracoffee.com\/fr\/certifications\/#primaryimage"},"image":{"@id":"https:\/\/mareterracoffee.com\/fr\/certifications\/#primaryimage"},"thumbnailUrl":"https:\/\/mareterracoffee.com\/wp-content\/uploads\/2023\/07\/IFS_Broker_Box_RGB-e1688987076410.jpeg","datePublished":"2023-09-27T08:19:49+00:00","dateModified":"2024-04-15T09:10:42+00:00","description":"D\u00e9couvrez les certifications qui soutiennent notre entreprise et garantissent des normes de qualit\u00e9 \u00e9lev\u00e9es.","breadcrumb":{"@id":"https:\/\/mareterracoffee.com\/fr\/certifications\/#breadcrumb"},"inLanguage":"fr-FR","potentialAction":[{"@type":"ReadAction","target":["https:\/\/mareterracoffee.com\/fr\/certifications\/"]}]},{"@type":"ImageObject","inLanguage":"fr-FR","@id":"https:\/\/mareterracoffee.com\/fr\/certifications\/#primaryimage","url":"https:\/\/mareterracoffee.com\/wp-content\/uploads\/2023\/07\/IFS_Broker_Box_RGB-e1688987076410.jpeg","contentUrl":"https:\/\/mareterracoffee.com\/wp-content\/uploads\/2023\/07\/IFS_Broker_Box_RGB-e1688987076410.jpeg"},{"@type":"BreadcrumbList","@id":"https:\/\/mareterracoffee.com\/fr\/certifications\/#breadcrumb","itemListElement":[{"@type":"ListItem","position":1,"name":"Portada","item":"https:\/\/mareterracoffee.com\/fr\/home\/"},{"@type":"ListItem","position":2,"name":"Certifications"}]},{"@type":"WebSite","@id":"https:\/\/mareterracoffee.com\/fr\/#website","url":"https:\/\/mareterracoffee.com\/fr\/","name":"Mare Terra","description":"Importateur \/ Exportateur de caf\u00e9 vert","publisher":{"@id":"https:\/\/mareterracoffee.com\/fr\/#organization"},"potentialAction":[{"@type":"SearchAction","target":{"@type":"EntryPoint","urlTemplate":"https:\/\/mareterracoffee.com\/fr\/?s={search_term_string}"},"query-input":{"@type":"PropertyValueSpecification","valueRequired":true,"valueName":"search_term_string"}}],"inLanguage":"fr-FR"},{"@type":"Organization","@id":"https:\/\/mareterracoffee.com\/fr\/#organization","name":"Mare Terra","url":"https:\/\/mareterracoffee.com\/fr\/","logo":{"@type":"ImageObject","inLanguage":"fr-FR","@id":"https:\/\/mareterracoffee.com\/fr\/#\/schema\/logo\/image\/","url":"https:\/\/mareterracoffee.com\/wp-content\/uploads\/2023\/06\/marre-terra-1.svg","contentUrl":"https:\/\/mareterracoffee.com\/wp-content\/uploads\/2023\/06\/marre-terra-1.svg","width":229,"height":52,"caption":"Mare Terra"},"image":{"@id":"https:\/\/mareterracoffee.com\/fr\/#\/schema\/logo\/image\/"}}]}},"_links":{"self":[{"href":"https:\/\/mareterracoffee.com\/fr\/wp-json\/wp\/v2\/pages\/125196","targetHints":{"allow":["GET"]}}],"collection":[{"href":"https:\/\/mareterracoffee.com\/fr\/wp-json\/wp\/v2\/pages"}],"about":[{"href":"https:\/\/mareterracoffee.com\/fr\/wp-json\/wp\/v2\/types\/page"}],"author":[{"embeddable":true,"href":"https:\/\/mareterracoffee.com\/fr\/wp-json\/wp\/v2\/users\/3"}],"replies":[{"embeddable":true,"href":"https:\/\/mareterracoffee.com\/fr\/wp-json\/wp\/v2\/comments?post=125196"}],"version-history":[{"count":2,"href":"https:\/\/mareterracoffee.com\/fr\/wp-json\/wp\/v2\/pages\/125196\/revisions"}],"predecessor-version":[{"id":135014,"href":"https:\/\/mareterracoffee.com\/fr\/wp-json\/wp\/v2\/pages\/125196\/revisions\/135014"}],"wp:attachment":[{"href":"https:\/\/mareterracoffee.com\/fr\/wp-json\/wp\/v2\/media?parent=125196"}],"curies":[{"name":"wp","href":"https:\/\/api.w.org\/{rel}","templated":true}]}}