{"id":126645,"date":"2023-08-01T12:59:20","date_gmt":"2023-08-01T10:59:20","guid":{"rendered":"https:\/\/mareterracoffee.com\/gammes-cafe-2\/"},"modified":"2023-11-17T10:26:55","modified_gmt":"2023-11-17T09:26:55","slug":"gammes-cafe","status":"publish","type":"page","link":"https:\/\/mareterracoffee.com\/fr\/gammes-cafe\/","title":{"rendered":"Gammes de caf\u00e9 vert"},"content":{"rendered":"\t\t<div data-elementor-type=\"wp-page\" data-elementor-id=\"126645\" class=\"elementor elementor-126645 elementor-126624\" data-elementor-post-type=\"page\">\n\t\t\t\t\t\t<section class=\"elementor-section elementor-top-section elementor-element elementor-element-b7094ec elementor-section-full_width elementor-reverse-mobile elementor-section-height-min-height elementor-section-items-bottom elementor-section-height-default\" data-id=\"b7094ec\" data-element_type=\"section\" data-e-type=\"section\" data-settings=\"{&quot;background_background&quot;:&quot;classic&quot;}\">\n\t\t\t\t\t\t\t<div class=\"elementor-background-overlay\"><\/div>\n\t\t\t\t\t\t\t<div class=\"elementor-container elementor-column-gap-default\">\n\t\t\t\t\t<div class=\"elementor-column elementor-col-100 elementor-top-column elementor-element elementor-element-759ce0e\" data-id=\"759ce0e\" data-element_type=\"column\" data-e-type=\"column\">\n\t\t\t<div class=\"elementor-widget-wrap elementor-element-populated\">\n\t\t\t\t\t\t<div class=\"elementor-element elementor-element-52663b2 elementor-widget elementor-widget-heading\" data-id=\"52663b2\" data-element_type=\"widget\" data-e-type=\"widget\" data-widget_type=\"heading.default\">\n\t\t\t\t<div class=\"elementor-widget-container\">\n\t\t\t\t\t<h1 class=\"elementor-heading-title elementor-size-default\">Nos gammes de caf\u00e9 vert<\/h1>\t\t\t\t<\/div>\n\t\t\t\t<\/div>\n\t\t\t\t<div class=\"elementor-element elementor-element-5f4ceed elementor-widget elementor-widget-heading\" data-id=\"5f4ceed\" data-element_type=\"widget\" data-e-type=\"widget\" data-widget_type=\"heading.default\">\n\t\t\t\t<div class=\"elementor-widget-container\">\n\t\t\t\t\t<h3 class=\"elementor-heading-title elementor-size-default\">Une grande vari\u00e9t\u00e9 de caf\u00e9 vert, organis\u00e9e en quatre cat\u00e9gories <\/h3>\t\t\t\t<\/div>\n\t\t\t\t<\/div>\n\t\t\t\t\t<\/div>\n\t\t<\/div>\n\t\t\t\t\t<\/div>\n\t\t<\/section>\n\t\t\t\t<section class=\"elementor-section elementor-top-section elementor-element elementor-element-0bc2d8b elementor-section-full_width elementor-section-height-default elementor-section-height-default\" data-id=\"0bc2d8b\" data-element_type=\"section\" data-e-type=\"section\" data-settings=\"{&quot;background_background&quot;:&quot;classic&quot;,&quot;background_motion_fx_motion_fx_mouse&quot;:&quot;yes&quot;,&quot;animation&quot;:&quot;none&quot;}\">\n\t\t\t\t\t\t<div class=\"elementor-container elementor-column-gap-default\">\n\t\t\t\t\t<div class=\"elementor-column elementor-col-100 elementor-top-column elementor-element elementor-element-2a58417\" data-id=\"2a58417\" data-element_type=\"column\" data-e-type=\"column\">\n\t\t\t<div class=\"elementor-widget-wrap elementor-element-populated\">\n\t\t\t\t\t\t<div class=\"elementor-element elementor-element-fc50333 elementor-widget elementor-widget-heading\" data-id=\"fc50333\" data-element_type=\"widget\" data-e-type=\"widget\" data-widget_type=\"heading.default\">\n\t\t\t\t<div class=\"elementor-widget-container\">\n\t\t\t\t\t<h2 class=\"elementor-heading-title elementor-size-default\">Trouvez le caf\u00e9 qui vous convient le mieux<\/h2>\t\t\t\t<\/div>\n\t\t\t\t<\/div>\n\t\t\t\t<div class=\"elementor-element elementor-element-7a67a20 elementor-widget elementor-widget-text-editor\" data-id=\"7a67a20\" data-element_type=\"widget\" data-e-type=\"widget\" data-widget_type=\"text-editor.default\">\n\t\t\t\t<div class=\"elementor-widget-container\">\n\t\t\t\t\t\t\t\t\t<p><span data-sheets-value=\"{\"1\":2,\"2\":\"\\nNuestras gamas engloban diferentes aspectos de la producci\u00f3n de caf\u00e9 verde, siendo la calidad y la sostenibilidad los principales factores que tienen en com\u00fan todas ellas.\\nDesde caf\u00e9s de continuidad que definen los perfiles m\u00e1s tradicionales de las regiones cafeteras a procesos experimentales y r\u00e9plicas a grandes escala a recetas de autor \u00fanicas e irrepetibles, todas ellas fruto de las relaciones y el trabajo construido a\u00f1o tras a\u00f1os junto a nuestros partners en origen.\\n\"}\" data-sheets-userformat=\"{\"2\":899,\"3\":{\"1\":0},\"4\":{\"1\":2,\"2\":14275305},\"10\":0,\"11\":4,\"12\":0}\"><br \/>Nos gammes couvrent diff\u00e9rents aspects de la production de caf\u00e9 vert, la qualit\u00e9 et la durabilit\u00e9 \u00e9tant les principaux facteurs qu&rsquo;elles ont en commun.<br \/>Des caf\u00e9s de continuit\u00e9 qui d\u00e9finissent les profils les plus traditionnels des r\u00e9gions caf\u00e9i\u00e8res aux proc\u00e9d\u00e9s exp\u00e9rimentaux et aux r\u00e9pliques \u00e0 grande \u00e9chelle, en passant par des recettes uniques et in\u00e9dites, toutes sont le fruit des relations et du travail construits ann\u00e9e apr\u00e8s ann\u00e9e avec nos partenaires \u00e0 l&rsquo;origine.<br \/><\/span><\/p>\n\t\t\t\t\t\t\t\t<\/div>\n\t\t\t\t<\/div>\n\t\t\t\t\t<\/div>\n\t\t<\/div>\n\t\t\t\t\t<\/div>\n\t\t<\/section>\n\t\t\t\t<section class=\"elementor-section elementor-top-section elementor-element elementor-element-901d744 elementor-section-full_width elementor-section-height-default elementor-section-height-default\" data-id=\"901d744\" data-element_type=\"section\" data-e-type=\"section\" data-settings=\"{&quot;background_background&quot;:&quot;classic&quot;}\">\n\t\t\t\t\t\t<div class=\"elementor-container elementor-column-gap-default\">\n\t\t\t\t\t<div class=\"elementor-column elementor-col-100 elementor-top-column elementor-element elementor-element-1194801\" data-id=\"1194801\" data-element_type=\"column\" data-e-type=\"column\">\n\t\t\t<div class=\"elementor-widget-wrap elementor-element-populated\">\n\t\t\t\t\t\t<div class=\"elementor-element elementor-element-3d7a5aa elementor-widget elementor-widget-shortcode\" data-id=\"3d7a5aa\" data-element_type=\"widget\" data-e-type=\"widget\" data-widget_type=\"shortcode.default\">\n\t\t\t\t<div class=\"elementor-widget-container\">\n\t\t\t\t\t\t\t<div class=\"elementor-shortcode\"><section class=\"ranges-list\">\n\t<div class=\"om-container\">\n\n\t\t\n<div id=\"terras\" class=\"ranges-list__item has-terras-range\">\n\t<div class=\"ranges-list__item-header\">\n\t\t\t<h2 class=\"ranges-list__item-title\">\n\t\t\t\tTerras\t\t\t<\/h2>\n\n\t\t\t<dl class=\"ranges-list__item-info\">\n\t\t\t\t\t\t\t\t\t\t\t\t<div class=\"ranges-list__item-info-pair\">\n\t\t\t\t\t<dt class=\"ranges-list__item-info-key\">Score SCA<\/dt>\n\t\t\t\t\t<dd class=\"ranges-list__item-info-value\">+80 points<\/dd>\n\t\t\t\t<\/div>\n\t\t\t\t\n\t\t\t\t\t\t\t\t\t\t\t\t<div class=\"ranges-list__item-info-pair\">\n\t\t\t\t\t<dt class=\"ranges-list__item-info-key\">Format d&#039;emballage<\/dt>\n\t\t\t\t\t<dd class=\"ranges-list__item-info-value\">Sac de 60 kilos<\/dd>\n\t\t\t\t<\/div>\n\t\t\t\t\n\t\t\t\t\t\t\t\t\t\t\t\t<div class=\"ranges-list__item-info-pair\">\n\t\t\t\t\t<dt class=\"ranges-list__item-info-key\">D\u00e9fauts<\/dt>\n\t\t\t\t\t<dd class=\"ranges-list__item-info-value\">Maximum 10 secondaires<\/dd>\n\t\t\t\t<\/div>\n\t\t\t\t\n\t\t\t\t\t\t\t\t\t\t\t\t<div class=\"ranges-list__item-info-pair\">\n\t\t\t\t\t<dt class=\"ranges-list__item-info-key\">P\u00e9riode<\/dt>\n\t\t\t\t\t<dd class=\"ranges-list__item-info-value\">Continuit\u00e9 <\/dd>\n\t\t\t\t<\/div>\n\t\t\t\t\n\t\t\t<\/dl>\n\n\t<\/div>\n\n\t<div class=\"ranges-list__item-body\">\n\n\t\t<div class=\"ranges-list__item-content\">\n\t\t\t<p>Les caf\u00e9s de la gamme Terras sont nomm\u00e9s d&rsquo;apr\u00e8s des \u00e9l\u00e9ments de la nature, des \u00eatres mythologiques ou des personnages enracin\u00e9s dans la r\u00e9gion caf\u00e9i\u00e8re o\u00f9 ils sont cultiv\u00e9s.<br \/>\nCertains caf\u00e9s de la gamme Terras sont d\u00e9finis par le profil traditionnel de la r\u00e9gion o\u00f9 ils sont produits. D&rsquo;autres caf\u00e9s de la gamme Terras ont \u00e9t\u00e9 \u00e9labor\u00e9s \u00e0 partir de r\u00e9pliques des <span data-sheets-value=\"{&quot;1&quot;:2,&quot;2&quot;:&quot;Processus Modernes&quot;}\" data-sheets-userformat=\"{&quot;2&quot;:12674,&quot;4&quot;:{&quot;1&quot;:2,&quot;2&quot;:16777215},&quot;10&quot;:2,&quot;11&quot;:4,&quot;15&quot;:&quot;Calibri&quot;,&quot;16&quot;:11}\">processus modernes<\/span>, produits \u00e0 plus grande \u00e9chelle par nos partenaires.<\/p>\n<ul>\n<li>Tra\u00e7abilit\u00e9 depuis la r\u00e9gion de production du caf\u00e9<\/li>\n<li>Maximum 10 d\u00e9fauts secondaires et 0 d\u00e9faut primaire par 350 grammes de caf\u00e9 vert.<\/li>\n<li><span data-sheets-value=\"{&quot;1&quot;:2,&quot;2&quot;:&quot;Tamisage&quot;}\" data-sheets-userformat=\"{&quot;2&quot;:12674,&quot;4&quot;:{&quot;1&quot;:3,&quot;3&quot;:2},&quot;10&quot;:2,&quot;11&quot;:4,&quot;15&quot;:&quot;Calibri&quot;,&quot;16&quot;:11}\">Tamisage<\/span> selon l&rsquo;origine +16 avec une tol\u00e9rance de 5%.<\/li>\n<li>Profil sensoriel stable et r\u00e9p\u00e9table depuis les r\u00e9gions de production.<\/li>\n<li>Recommand\u00e9 pour les caf\u00e9s d&rsquo;origine unique et les m\u00e9langes.<\/li>\n<\/ul>\n\n\t\t\t\t\t<\/div>\n\n\t\t\t\t<div class=\"ranges-list__item-picture\">\n\t\t<\/div>\n\n\t<\/div>\n\n\n<\/div>\n\n<div id=\"constellations\" class=\"ranges-list__item has-constellations-range\">\n\t<div class=\"ranges-list__item-header\">\n\t\t\t<h2 class=\"ranges-list__item-title\">\n\t\t\t\tConstellations\t\t\t<\/h2>\n\n\t\t\t<dl class=\"ranges-list__item-info\">\n\t\t\t\t\t\t\t\t\t\t\t\t<div class=\"ranges-list__item-info-pair\">\n\t\t\t\t\t<dt class=\"ranges-list__item-info-key\">Score SCA<\/dt>\n\t\t\t\t\t<dd class=\"ranges-list__item-info-value\">+86 puntos<\/dd>\n\t\t\t\t<\/div>\n\t\t\t\t\n\t\t\t\t\t\t\t\t\t\t\t\t<div class=\"ranges-list__item-info-pair\">\n\t\t\t\t\t<dt class=\"ranges-list__item-info-key\">Format d&#039;emballage<\/dt>\n\t\t\t\t\t<dd class=\"ranges-list__item-info-value\">Sac de 30 kilos<\/dd>\n\t\t\t\t<\/div>\n\t\t\t\t\n\t\t\t\t\t\t\t\t\t\t\t\t<div class=\"ranges-list__item-info-pair\">\n\t\t\t\t\t<dt class=\"ranges-list__item-info-key\">D\u00e9fauts<\/dt>\n\t\t\t\t\t<dd class=\"ranges-list__item-info-value\">Max. 5 secondaire<\/dd>\n\t\t\t\t<\/div>\n\t\t\t\t\n\t\t\t\t\t\t\t\t\t\t\t\t<div class=\"ranges-list__item-info-pair\">\n\t\t\t\t\t<dt class=\"ranges-list__item-info-key\">P\u00e9riode<\/dt>\n\t\t\t\t\t<dd class=\"ranges-list__item-info-value\">Saison<\/dd>\n\t\t\t\t<\/div>\n\t\t\t\t\n\t\t\t<\/dl>\n\n\t<\/div>\n\n\t<div class=\"ranges-list__item-body\">\n\n\t\t<div class=\"ranges-list__item-content\">\n\t\t\t<p>Les caf\u00e9s de la gamme Constellations portent le nom d&rsquo;\u00e9toiles. Chaque caf\u00e9iculteur qui travaille avec Mare Terra pour d\u00e9velopper la production de ses caf\u00e9s re\u00e7oit le nom d&rsquo;une \u00e9toile pour ses lots, donnant ainsi \u00e0 ses caf\u00e9s un positionnement et une valeur diff\u00e9renci\u00e9s. Dans le cas des caf\u00e9s produits en Afrique, chaque station de lavage porte le nom d&rsquo;une \u00e9toile, car les lots sont \u00e9labor\u00e9s \u00e0 partir des cerises r\u00e9colt\u00e9es par les petits exploitants de la r\u00e9gion productrice de caf\u00e9.<br \/>\nCes \u00e9toiles sont regroup\u00e9es dans des Constellations de la m\u00eame r\u00e9gion de culture du caf\u00e9, formant ainsi un univers de caf\u00e9 distribu\u00e9 dans nos projets \u00e0 travers le monde.<\/p>\n<ul>\n<li>Tra\u00e7abilit\u00e9 depuis la ferme ou la station de lavage de votre production.<\/li>\n<li>Maximum de 5 d\u00e9fauts secondaires et 0 d\u00e9faut primaire par 350 grammes de caf\u00e9 vert.<\/li>\n<li><span data-sheets-value=\"{&quot;1&quot;:2,&quot;2&quot;:&quot;Tamisage&quot;}\" data-sheets-userformat=\"{&quot;2&quot;:12674,&quot;4&quot;:{&quot;1&quot;:3,&quot;3&quot;:2},&quot;10&quot;:2,&quot;11&quot;:4,&quot;15&quot;:&quot;Calibri&quot;,&quot;16&quot;:11}\">Tamisage<\/span> selon l&rsquo;origine, le proc\u00e9d\u00e9 et la vari\u00e9t\u00e9 +15 avec une tol\u00e9rance de 5%.Profils sp\u00e9ciaux<\/li>\n<li>Recommand\u00e9 pour les caf\u00e9s d&rsquo;origine unique<\/li>\n<\/ul>\n\n\t\t\t\t\t<\/div>\n\n\t\t\t\t<div class=\"ranges-list__item-picture\">\n\t\t<\/div>\n\n\t<\/div>\n\n\n<\/div>\n\n<div id=\"uniques\" class=\"ranges-list__item has-uniques-range\">\n\t<div class=\"ranges-list__item-header\">\n\t\t\t<h2 class=\"ranges-list__item-title\">\n\t\t\t\tUniques\t\t\t<\/h2>\n\n\t\t\t<dl class=\"ranges-list__item-info\">\n\t\t\t\t\t\t\t\t\t\t\t\t<div class=\"ranges-list__item-info-pair\">\n\t\t\t\t\t<dt class=\"ranges-list__item-info-key\">Score SCA<\/dt>\n\t\t\t\t\t<dd class=\"ranges-list__item-info-value\">+90 points<\/dd>\n\t\t\t\t<\/div>\n\t\t\t\t\n\t\t\t\t\t\t\t\t\t\t\t\t<div class=\"ranges-list__item-info-pair\">\n\t\t\t\t\t<dt class=\"ranges-list__item-info-key\">Format d&#039;emballage<\/dt>\n\t\t\t\t\t<dd class=\"ranges-list__item-info-value\">Vide 5 kilos<\/dd>\n\t\t\t\t<\/div>\n\t\t\t\t\n\t\t\t\t\t\t\t\t\t\t\t\t<div class=\"ranges-list__item-info-pair\">\n\t\t\t\t\t<dt class=\"ranges-list__item-info-key\">D\u00e9fauts<\/dt>\n\t\t\t\t\t<dd class=\"ranges-list__item-info-value\">Maximum 5 secondaires<\/dd>\n\t\t\t\t<\/div>\n\t\t\t\t\n\t\t\t\t\t\t\t\t\t\t\t\t<div class=\"ranges-list__item-info-pair\">\n\t\t\t\t\t<dt class=\"ranges-list__item-info-key\">P\u00e9riode<\/dt>\n\t\t\t\t\t<dd class=\"ranges-list__item-info-value\">Saison<\/dd>\n\t\t\t\t<\/div>\n\t\t\t\t\n\t\t\t<\/dl>\n\n\t<\/div>\n\n\t<div class=\"ranges-list__item-body\">\n\n\t\t<div class=\"ranges-list__item-content\">\n\t\t\t<p>Il s&rsquo;agit de caf\u00e9s portant un nom propre, qui rend hommage et reconna\u00eet l&rsquo;engagement de la personne qui l&rsquo;a produit.<br \/>\nCe nom est choisi par les producteurs ou les personnes qui ont d\u00e9velopp\u00e9 des processus ou des mod\u00e8les qui ont permis d&rsquo;obtenir un caf\u00e9 aussi exceptionnel.<br \/>\nCes caf\u00e9s portent g\u00e9n\u00e9ralement le nom du producteur ou d&rsquo;un proche.<\/p>\n<ul>\n<li>Tra\u00e7abilit\u00e9 \u00e0 partir de l&rsquo;exploitation et des processus exp\u00e9rimentaux<\/li>\n<li>Maximum de 5 d\u00e9fauts secondaires et 0 d\u00e9faut primaire par 350 grammes de caf\u00e9 vert.<\/li>\n<li><span data-sheets-value=\"{&quot;1&quot;:2,&quot;2&quot;:&quot;Tamisage&quot;}\" data-sheets-userformat=\"{&quot;2&quot;:12674,&quot;4&quot;:{&quot;1&quot;:3,&quot;3&quot;:2},&quot;10&quot;:2,&quot;11&quot;:4,&quot;15&quot;:&quot;Calibri&quot;,&quot;16&quot;:11}\">Tamisage<\/span> selon l&rsquo;origine, le proc\u00e9d\u00e9 et la vari\u00e9t\u00e9 +15 avec une tol\u00e9rance de 5%.<\/li>\n<li>Profils sp\u00e9ciaux et extra-ordinaires<\/li>\n<li>Recommand\u00e9 pour les caf\u00e9s d&rsquo;origine unique<\/li>\n<li>Lots exclusifs et limit\u00e9s de la production saisonni\u00e8re<\/li>\n<\/ul>\n\n\t\t\t\t\t<\/div>\n\n\t\t\t\t<div class=\"ranges-list__item-picture\">\n\t\t<\/div>\n\n\t<\/div>\n\n\n<\/div>\n\n<div id=\"neutrals\" class=\"ranges-list__item has-neutrals-range\">\n\t<div class=\"ranges-list__item-header\">\n\t\t\t<h2 class=\"ranges-list__item-title\">\n\t\t\t\tNeutrals\t\t\t<\/h2>\n\n\t\t\t<dl class=\"ranges-list__item-info\">\n\t\t\t\t\t\t\t\t\t\t\t\t<div class=\"ranges-list__item-info-pair\">\n\t\t\t\t\t<dt class=\"ranges-list__item-info-key\">Score SCA<\/dt>\n\t\t\t\t\t<dd class=\"ranges-list__item-info-value\">+78 Q robusta<\/dd>\n\t\t\t\t<\/div>\n\t\t\t\t\n\t\t\t\t\t\t\t\t\t\t\t\t<div class=\"ranges-list__item-info-pair\">\n\t\t\t\t\t<dt class=\"ranges-list__item-info-key\">Format d&#039;emballage<\/dt>\n\t\t\t\t\t<dd class=\"ranges-list__item-info-value\">Sac de 60 kilos<\/dd>\n\t\t\t\t<\/div>\n\t\t\t\t\n\t\t\t\t\t\t\t\t\t\t\t\t<div class=\"ranges-list__item-info-pair\">\n\t\t\t\t\t<dt class=\"ranges-list__item-info-key\">D\u00e9fauts<\/dt>\n\t\t\t\t\t<dd class=\"ranges-list__item-info-value\">Maximum 10 secondaires<\/dd>\n\t\t\t\t<\/div>\n\t\t\t\t\n\t\t\t\t\t\t\t\t\t\t\t\t<div class=\"ranges-list__item-info-pair\">\n\t\t\t\t\t<dt class=\"ranges-list__item-info-key\">P\u00e9riode<\/dt>\n\t\t\t\t\t<dd class=\"ranges-list__item-info-value\">Continuit\u00e9<\/dd>\n\t\t\t\t<\/div>\n\t\t\t\t\n\t\t\t<\/dl>\n\n\t<\/div>\n\n\t<div class=\"ranges-list__item-body\">\n\n\t\t<div class=\"ranges-list__item-content\">\n\t\t\t<p>Les caf\u00e9s de la gamme Neutrals sont nomm\u00e9s d&rsquo;apr\u00e8s la danse, la musique, la culture et le folklore de la r\u00e9gion de culture du caf\u00e9 o\u00f9 ils sont cultiv\u00e9s, ils sont un lien avec sa tradition et sa culture. Ce sont des caf\u00e9s robusta aux profils traditionnels de la r\u00e9gion o\u00f9 ils sont produits.<\/p>\n<ul>\n<li>Tra\u00e7abilit\u00e9 \u00e0 partir de la r\u00e9gion de production du caf\u00e9<\/li>\n<li>Maximum de 10 d\u00e9fauts secondaires et 0 d\u00e9faut primaire par 350 grammes de caf\u00e9 vert.<\/li>\n<li><span data-sheets-value=\"{&quot;1&quot;:2,&quot;2&quot;:&quot;Tamisage&quot;}\" data-sheets-userformat=\"{&quot;2&quot;:12674,&quot;4&quot;:{&quot;1&quot;:3,&quot;3&quot;:2},&quot;10&quot;:2,&quot;11&quot;:4,&quot;15&quot;:&quot;Calibri&quot;,&quot;16&quot;:11}\">Tamisage<\/span> selon l&rsquo;origine<\/li>\n<li>Profil traditionnel des r\u00e9gions o\u00f9 ils ont \u00e9t\u00e9 produits.<\/li>\n<li>Recommand\u00e9 pour les caf\u00e9s d&rsquo;origine unique et les m\u00e9langes.<\/li>\n<\/ul>\n\n\t\t\t\t\t<\/div>\n\n\t\t\t\t<div class=\"ranges-list__item-picture\">\n\t\t<\/div>\n\n\t<\/div>\n\n\n<\/div>\n\n\n\t<\/div>\n<\/section>\n<\/div>\n\t\t\t\t\t\t<\/div>\n\t\t\t\t<\/div>\n\t\t\t\t\t<\/div>\n\t\t<\/div>\n\t\t\t\t\t<\/div>\n\t\t<\/section>\n\t\t\t\t<\/div>\n\t\t","protected":false},"excerpt":{"rendered":"<p>Nos gammes de caf\u00e9 vert Une grande vari\u00e9t\u00e9 de caf\u00e9 vert, organis\u00e9e en quatre cat\u00e9gories Trouvez le caf\u00e9 qui vous convient le mieux Nos gammes couvrent diff\u00e9rents aspects de la production de caf\u00e9 vert, la qualit\u00e9 et la durabilit\u00e9 \u00e9tant les principaux facteurs qu&rsquo;elles ont en commun. Des caf\u00e9s de continuit\u00e9 qui d\u00e9finissent les profils [&hellip;]<\/p>\n","protected":false},"author":3,"featured_media":0,"parent":0,"menu_order":0,"comment_status":"closed","ping_status":"closed","template":"","meta":{"_acf_changed":false,"footnotes":""},"class_list":["post-126645","page","type-page","status-publish","hentry"],"acf":[],"yoast_head":"<!-- This site is optimized with the Yoast SEO plugin v27.2 - https:\/\/yoast.com\/product\/yoast-seo-wordpress\/ -->\n<title>Gammes de caf\u00e9 vert - Mare Terra<\/title>\n<meta name=\"description\" content=\"D\u00e9couvrez nos gammes de caf\u00e9 vert : Terras, Neutrals, Constellations et Uniques et trouvez le caf\u00e9 qui vous convient le mieux.\" \/>\n<meta name=\"robots\" content=\"index, follow, max-snippet:-1, max-image-preview:large, max-video-preview:-1\" \/>\n<link rel=\"canonical\" href=\"https:\/\/mareterracoffee.com\/fr\/gammes-cafe\/\" \/>\n<meta property=\"og:locale\" content=\"fr_FR\" \/>\n<meta property=\"og:type\" content=\"article\" \/>\n<meta property=\"og:title\" content=\"Gammes de caf\u00e9 vert - Mare Terra\" \/>\n<meta property=\"og:description\" content=\"D\u00e9couvrez nos gammes de caf\u00e9 vert : Terras, Neutrals, Constellations et Uniques et trouvez le caf\u00e9 qui vous convient le mieux.\" \/>\n<meta property=\"og:url\" content=\"https:\/\/mareterracoffee.com\/fr\/gammes-cafe\/\" \/>\n<meta property=\"og:site_name\" content=\"Mare Terra\" \/>\n<meta property=\"article:modified_time\" content=\"2023-11-17T09:26:55+00:00\" \/>\n<meta name=\"twitter:card\" content=\"summary_large_image\" \/>\n<meta name=\"twitter:label1\" content=\"Dur\u00e9e de lecture estim\u00e9e\" \/>\n\t<meta name=\"twitter:data1\" content=\"1 minute\" \/>\n<script type=\"application\/ld+json\" class=\"yoast-schema-graph\">{\"@context\":\"https:\/\/schema.org\",\"@graph\":[{\"@type\":\"WebPage\",\"@id\":\"https:\/\/mareterracoffee.com\/fr\/gammes-cafe\/\",\"url\":\"https:\/\/mareterracoffee.com\/fr\/gammes-cafe\/\",\"name\":\"Gammes de caf\u00e9 vert - Mare Terra\",\"isPartOf\":{\"@id\":\"https:\/\/mareterracoffee.com\/fr\/#website\"},\"datePublished\":\"2023-08-01T10:59:20+00:00\",\"dateModified\":\"2023-11-17T09:26:55+00:00\",\"description\":\"D\u00e9couvrez nos gammes de caf\u00e9 vert : Terras, Neutrals, Constellations et Uniques et trouvez le caf\u00e9 qui vous convient le mieux.\",\"breadcrumb\":{\"@id\":\"https:\/\/mareterracoffee.com\/fr\/gammes-cafe\/#breadcrumb\"},\"inLanguage\":\"fr-FR\",\"potentialAction\":[{\"@type\":\"ReadAction\",\"target\":[\"https:\/\/mareterracoffee.com\/fr\/gammes-cafe\/\"]}]},{\"@type\":\"BreadcrumbList\",\"@id\":\"https:\/\/mareterracoffee.com\/fr\/gammes-cafe\/#breadcrumb\",\"itemListElement\":[{\"@type\":\"ListItem\",\"position\":1,\"name\":\"Portada\",\"item\":\"https:\/\/mareterracoffee.com\/fr\/home\/\"},{\"@type\":\"ListItem\",\"position\":2,\"name\":\"Gammes de caf\u00e9 vert\"}]},{\"@type\":\"WebSite\",\"@id\":\"https:\/\/mareterracoffee.com\/fr\/#website\",\"url\":\"https:\/\/mareterracoffee.com\/fr\/\",\"name\":\"Mare Terra\",\"description\":\"Importateur \/ Exportateur de caf\u00e9 vert\",\"publisher\":{\"@id\":\"https:\/\/mareterracoffee.com\/fr\/#organization\"},\"potentialAction\":[{\"@type\":\"SearchAction\",\"target\":{\"@type\":\"EntryPoint\",\"urlTemplate\":\"https:\/\/mareterracoffee.com\/fr\/?s={search_term_string}\"},\"query-input\":{\"@type\":\"PropertyValueSpecification\",\"valueRequired\":true,\"valueName\":\"search_term_string\"}}],\"inLanguage\":\"fr-FR\"},{\"@type\":\"Organization\",\"@id\":\"https:\/\/mareterracoffee.com\/fr\/#organization\",\"name\":\"Mare Terra\",\"url\":\"https:\/\/mareterracoffee.com\/fr\/\",\"logo\":{\"@type\":\"ImageObject\",\"inLanguage\":\"fr-FR\",\"@id\":\"https:\/\/mareterracoffee.com\/fr\/#\/schema\/logo\/image\/\",\"url\":\"https:\/\/mareterracoffee.com\/wp-content\/uploads\/2023\/06\/marre-terra-1.svg\",\"contentUrl\":\"https:\/\/mareterracoffee.com\/wp-content\/uploads\/2023\/06\/marre-terra-1.svg\",\"width\":229,\"height\":52,\"caption\":\"Mare Terra\"},\"image\":{\"@id\":\"https:\/\/mareterracoffee.com\/fr\/#\/schema\/logo\/image\/\"}}]}<\/script>\n<!-- \/ Yoast SEO plugin. -->","yoast_head_json":{"title":"Gammes de caf\u00e9 vert - Mare Terra","description":"D\u00e9couvrez nos gammes de caf\u00e9 vert : Terras, Neutrals, Constellations et Uniques et trouvez le caf\u00e9 qui vous convient le mieux.","robots":{"index":"index","follow":"follow","max-snippet":"max-snippet:-1","max-image-preview":"max-image-preview:large","max-video-preview":"max-video-preview:-1"},"canonical":"https:\/\/mareterracoffee.com\/fr\/gammes-cafe\/","og_locale":"fr_FR","og_type":"article","og_title":"Gammes de caf\u00e9 vert - Mare Terra","og_description":"D\u00e9couvrez nos gammes de caf\u00e9 vert : Terras, Neutrals, Constellations et Uniques et trouvez le caf\u00e9 qui vous convient le mieux.","og_url":"https:\/\/mareterracoffee.com\/fr\/gammes-cafe\/","og_site_name":"Mare Terra","article_modified_time":"2023-11-17T09:26:55+00:00","twitter_card":"summary_large_image","twitter_misc":{"Dur\u00e9e de lecture estim\u00e9e":"1 minute"},"schema":{"@context":"https:\/\/schema.org","@graph":[{"@type":"WebPage","@id":"https:\/\/mareterracoffee.com\/fr\/gammes-cafe\/","url":"https:\/\/mareterracoffee.com\/fr\/gammes-cafe\/","name":"Gammes de caf\u00e9 vert - Mare Terra","isPartOf":{"@id":"https:\/\/mareterracoffee.com\/fr\/#website"},"datePublished":"2023-08-01T10:59:20+00:00","dateModified":"2023-11-17T09:26:55+00:00","description":"D\u00e9couvrez nos gammes de caf\u00e9 vert : Terras, Neutrals, Constellations et Uniques et trouvez le caf\u00e9 qui vous convient le mieux.","breadcrumb":{"@id":"https:\/\/mareterracoffee.com\/fr\/gammes-cafe\/#breadcrumb"},"inLanguage":"fr-FR","potentialAction":[{"@type":"ReadAction","target":["https:\/\/mareterracoffee.com\/fr\/gammes-cafe\/"]}]},{"@type":"BreadcrumbList","@id":"https:\/\/mareterracoffee.com\/fr\/gammes-cafe\/#breadcrumb","itemListElement":[{"@type":"ListItem","position":1,"name":"Portada","item":"https:\/\/mareterracoffee.com\/fr\/home\/"},{"@type":"ListItem","position":2,"name":"Gammes de caf\u00e9 vert"}]},{"@type":"WebSite","@id":"https:\/\/mareterracoffee.com\/fr\/#website","url":"https:\/\/mareterracoffee.com\/fr\/","name":"Mare Terra","description":"Importateur \/ Exportateur de caf\u00e9 vert","publisher":{"@id":"https:\/\/mareterracoffee.com\/fr\/#organization"},"potentialAction":[{"@type":"SearchAction","target":{"@type":"EntryPoint","urlTemplate":"https:\/\/mareterracoffee.com\/fr\/?s={search_term_string}"},"query-input":{"@type":"PropertyValueSpecification","valueRequired":true,"valueName":"search_term_string"}}],"inLanguage":"fr-FR"},{"@type":"Organization","@id":"https:\/\/mareterracoffee.com\/fr\/#organization","name":"Mare Terra","url":"https:\/\/mareterracoffee.com\/fr\/","logo":{"@type":"ImageObject","inLanguage":"fr-FR","@id":"https:\/\/mareterracoffee.com\/fr\/#\/schema\/logo\/image\/","url":"https:\/\/mareterracoffee.com\/wp-content\/uploads\/2023\/06\/marre-terra-1.svg","contentUrl":"https:\/\/mareterracoffee.com\/wp-content\/uploads\/2023\/06\/marre-terra-1.svg","width":229,"height":52,"caption":"Mare Terra"},"image":{"@id":"https:\/\/mareterracoffee.com\/fr\/#\/schema\/logo\/image\/"}}]}},"_links":{"self":[{"href":"https:\/\/mareterracoffee.com\/fr\/wp-json\/wp\/v2\/pages\/126645","targetHints":{"allow":["GET"]}}],"collection":[{"href":"https:\/\/mareterracoffee.com\/fr\/wp-json\/wp\/v2\/pages"}],"about":[{"href":"https:\/\/mareterracoffee.com\/fr\/wp-json\/wp\/v2\/types\/page"}],"author":[{"embeddable":true,"href":"https:\/\/mareterracoffee.com\/fr\/wp-json\/wp\/v2\/users\/3"}],"replies":[{"embeddable":true,"href":"https:\/\/mareterracoffee.com\/fr\/wp-json\/wp\/v2\/comments?post=126645"}],"version-history":[{"count":3,"href":"https:\/\/mareterracoffee.com\/fr\/wp-json\/wp\/v2\/pages\/126645\/revisions"}],"predecessor-version":[{"id":129697,"href":"https:\/\/mareterracoffee.com\/fr\/wp-json\/wp\/v2\/pages\/126645\/revisions\/129697"}],"wp:attachment":[{"href":"https:\/\/mareterracoffee.com\/fr\/wp-json\/wp\/v2\/media?parent=126645"}],"curies":[{"name":"wp","href":"https:\/\/api.w.org\/{rel}","templated":true}]}}