{"id":128527,"date":"2023-10-10T10:04:05","date_gmt":"2023-10-10T08:04:05","guid":{"rendered":"https:\/\/mareterracoffee.com\/icex-next\/"},"modified":"2025-03-20T11:30:46","modified_gmt":"2025-03-20T10:30:46","slug":"icex-next","status":"publish","type":"page","link":"https:\/\/mareterracoffee.com\/fr\/icex-next\/","title":{"rendered":"Icex Next"},"content":{"rendered":"\t\t<div data-elementor-type=\"wp-page\" data-elementor-id=\"128527\" class=\"elementor elementor-128527 elementor-128483\" data-elementor-post-type=\"page\">\n\t\t\t\t\t\t<section class=\"elementor-section elementor-top-section elementor-element elementor-element-3c6355f9 elementor-section-boxed elementor-section-height-default elementor-section-height-default\" data-id=\"3c6355f9\" data-element_type=\"section\" data-e-type=\"section\" data-settings=\"{&quot;background_background&quot;:&quot;classic&quot;}\">\n\t\t\t\t\t\t<div class=\"elementor-container elementor-column-gap-default\">\n\t\t\t\t\t<div class=\"elementor-column elementor-col-100 elementor-top-column elementor-element elementor-element-252801d1\" data-id=\"252801d1\" data-element_type=\"column\" data-e-type=\"column\">\n\t\t\t<div class=\"elementor-widget-wrap elementor-element-populated\">\n\t\t\t\t\t\t<div class=\"elementor-element elementor-element-68c1f9d elementor-widget elementor-widget-heading\" data-id=\"68c1f9d\" data-element_type=\"widget\" data-e-type=\"widget\" data-widget_type=\"heading.default\">\n\t\t\t\t<div class=\"elementor-widget-container\">\n\t\t\t\t\t<h1 class=\"elementor-heading-title elementor-size-default\">Icex Next<\/h1>\t\t\t\t<\/div>\n\t\t\t\t<\/div>\n\t\t\t\t<div class=\"elementor-element elementor-element-710348d elementor-widget elementor-widget-text-editor\" data-id=\"710348d\" data-element_type=\"widget\" data-e-type=\"widget\" data-widget_type=\"text-editor.default\">\n\t\t\t\t<div class=\"elementor-widget-container\">\n\t\t\t\t\t\t\t\t\t<p>Mare Terra Coffee S.L. dans le cadre du programme ICEX Next, a \u00e9t\u00e9 soutenu par l&rsquo;ICEX et cofinanc\u00e9 par le fonds europ\u00e9en FEDER. <br \/>L&rsquo;objectif de ce soutien est de contribuer au d\u00e9veloppement international de l&rsquo;entreprise et de son environnement.<\/p>\n\t\t\t\t\t\t\t\t<\/div>\n\t\t\t\t<\/div>\n\t\t\t\t\t<\/div>\n\t\t<\/div>\n\t\t\t\t\t<\/div>\n\t\t<\/section>\n\t\t\t\t<section class=\"elementor-section elementor-top-section elementor-element elementor-element-340d288 elementor-section-boxed elementor-section-height-default elementor-section-height-default\" data-id=\"340d288\" data-element_type=\"section\" data-e-type=\"section\" data-settings=\"{&quot;background_background&quot;:&quot;classic&quot;}\">\n\t\t\t\t\t\t<div class=\"elementor-container elementor-column-gap-default\">\n\t\t\t\t\t<div class=\"elementor-column elementor-col-66 elementor-top-column elementor-element elementor-element-b4df311\" data-id=\"b4df311\" data-element_type=\"column\" data-e-type=\"column\">\n\t\t\t<div class=\"elementor-widget-wrap elementor-element-populated\">\n\t\t\t\t\t\t<div class=\"elementor-element elementor-element-65329af elementor-widget elementor-widget-image\" data-id=\"65329af\" data-element_type=\"widget\" data-e-type=\"widget\" data-widget_type=\"image.default\">\n\t\t\t\t<div class=\"elementor-widget-container\">\n\t\t\t\t\t\t\t\t\t\t\t\t\t\t\t<img fetchpriority=\"high\" decoding=\"async\" width=\"900\" height=\"165\" src=\"https:\/\/mareterracoffee.com\/wp-content\/uploads\/2023\/10\/icex-logo.png\" class=\"attachment-large size-large wp-image-128505\" alt=\"\" srcset=\"https:\/\/mareterracoffee.com\/wp-content\/uploads\/2023\/10\/icex-logo.png 900w, https:\/\/mareterracoffee.com\/wp-content\/uploads\/2023\/10\/icex-logo-300x55.png 300w, https:\/\/mareterracoffee.com\/wp-content\/uploads\/2023\/10\/icex-logo-768x141.png 768w, https:\/\/mareterracoffee.com\/wp-content\/uploads\/2023\/10\/icex-logo-600x110.png 600w\" sizes=\"(max-width: 900px) 100vw, 900px\" \/>\t\t\t\t\t\t\t\t\t\t\t\t\t\t\t<\/div>\n\t\t\t\t<\/div>\n\t\t\t\t\t<\/div>\n\t\t<\/div>\n\t\t\t\t<div class=\"elementor-column elementor-col-33 elementor-top-column elementor-element elementor-element-965ddc3\" data-id=\"965ddc3\" data-element_type=\"column\" data-e-type=\"column\">\n\t\t\t<div class=\"elementor-widget-wrap elementor-element-populated\">\n\t\t\t\t\t\t<div class=\"elementor-element elementor-element-ad4875c elementor-widget elementor-widget-image\" data-id=\"ad4875c\" data-element_type=\"widget\" data-e-type=\"widget\" data-widget_type=\"image.default\">\n\t\t\t\t<div class=\"elementor-widget-container\">\n\t\t\t\t\t\t\t\t\t\t\t\t\t\t\t<img decoding=\"async\" width=\"1024\" height=\"257\" src=\"https:\/\/mareterracoffee.com\/wp-content\/uploads\/2023\/10\/LOGO_FDER_transparente_1-1024x257.png\" class=\"attachment-large size-large wp-image-128495\" alt=\"\" srcset=\"https:\/\/mareterracoffee.com\/wp-content\/uploads\/2023\/10\/LOGO_FDER_transparente_1-1024x257.png 1024w, https:\/\/mareterracoffee.com\/wp-content\/uploads\/2023\/10\/LOGO_FDER_transparente_1-300x75.png 300w, https:\/\/mareterracoffee.com\/wp-content\/uploads\/2023\/10\/LOGO_FDER_transparente_1-768x192.png 768w, https:\/\/mareterracoffee.com\/wp-content\/uploads\/2023\/10\/LOGO_FDER_transparente_1-1536x385.png 1536w, https:\/\/mareterracoffee.com\/wp-content\/uploads\/2023\/10\/LOGO_FDER_transparente_1-2048x513.png 2048w, https:\/\/mareterracoffee.com\/wp-content\/uploads\/2023\/10\/LOGO_FDER_transparente_1-600x150.png 600w\" sizes=\"(max-width: 1024px) 100vw, 1024px\" \/>\t\t\t\t\t\t\t\t\t\t\t\t\t\t\t<\/div>\n\t\t\t\t<\/div>\n\t\t\t\t\t<\/div>\n\t\t<\/div>\n\t\t\t\t\t<\/div>\n\t\t<\/section>\n\t\t\t\t<\/div>\n\t\t","protected":false},"excerpt":{"rendered":"<p>Mare Terra Coffee S.L. dans le cadre du programme ICEX Next, a \u00e9t\u00e9 soutenu par l&rsquo;ICEX et cofinanc\u00e9 par le fonds europ\u00e9en FEDER. L&rsquo;objectif de ce soutien est de contribuer au d\u00e9veloppement international de l&rsquo;entreprise et de son environnement.<\/p>\n","protected":false},"author":3,"featured_media":0,"parent":0,"menu_order":0,"comment_status":"closed","ping_status":"closed","template":"","meta":{"_acf_changed":false,"footnotes":""},"class_list":["post-128527","page","type-page","status-publish","hentry"],"acf":[],"yoast_head":"<!-- This site is optimized with the Yoast SEO plugin v27.2 - https:\/\/yoast.com\/product\/yoast-seo-wordpress\/ -->\n<title>Icex Next - Mare Terra<\/title>\n<meta name=\"description\" content=\"Programme ICEX Next\" \/>\n<meta name=\"robots\" content=\"noindex, nofollow\" \/>\n<meta property=\"og:locale\" content=\"fr_FR\" \/>\n<meta property=\"og:type\" content=\"article\" \/>\n<meta property=\"og:title\" content=\"Icex Next - Mare Terra\" \/>\n<meta property=\"og:description\" content=\"Programme ICEX Next\" \/>\n<meta property=\"og:url\" content=\"https:\/\/mareterracoffee.com\/fr\/icex-next\/\" \/>\n<meta property=\"og:site_name\" content=\"Mare Terra\" \/>\n<meta property=\"article:modified_time\" content=\"2025-03-20T10:30:46+00:00\" \/>\n<meta property=\"og:image\" content=\"https:\/\/mareterracoffee.com\/wp-content\/uploads\/2023\/10\/icex-logo.png\" \/>\n<meta name=\"twitter:card\" content=\"summary_large_image\" \/>\n<script type=\"application\/ld+json\" class=\"yoast-schema-graph\">{\"@context\":\"https:\/\/schema.org\",\"@graph\":[{\"@type\":\"WebPage\",\"@id\":\"https:\/\/mareterracoffee.com\/fr\/icex-next\/\",\"url\":\"https:\/\/mareterracoffee.com\/fr\/icex-next\/\",\"name\":\"Icex Next - Mare Terra\",\"isPartOf\":{\"@id\":\"https:\/\/mareterracoffee.com\/fr\/#website\"},\"primaryImageOfPage\":{\"@id\":\"https:\/\/mareterracoffee.com\/fr\/icex-next\/#primaryimage\"},\"image\":{\"@id\":\"https:\/\/mareterracoffee.com\/fr\/icex-next\/#primaryimage\"},\"thumbnailUrl\":\"https:\/\/mareterracoffee.com\/wp-content\/uploads\/2023\/10\/icex-logo.png\",\"datePublished\":\"2023-10-10T08:04:05+00:00\",\"dateModified\":\"2025-03-20T10:30:46+00:00\",\"description\":\"Programme ICEX Next\",\"breadcrumb\":{\"@id\":\"https:\/\/mareterracoffee.com\/fr\/icex-next\/#breadcrumb\"},\"inLanguage\":\"fr-FR\",\"potentialAction\":[{\"@type\":\"ReadAction\",\"target\":[\"https:\/\/mareterracoffee.com\/fr\/icex-next\/\"]}]},{\"@type\":\"ImageObject\",\"inLanguage\":\"fr-FR\",\"@id\":\"https:\/\/mareterracoffee.com\/fr\/icex-next\/#primaryimage\",\"url\":\"https:\/\/mareterracoffee.com\/wp-content\/uploads\/2023\/10\/icex-logo.png\",\"contentUrl\":\"https:\/\/mareterracoffee.com\/wp-content\/uploads\/2023\/10\/icex-logo.png\"},{\"@type\":\"BreadcrumbList\",\"@id\":\"https:\/\/mareterracoffee.com\/fr\/icex-next\/#breadcrumb\",\"itemListElement\":[{\"@type\":\"ListItem\",\"position\":1,\"name\":\"Portada\",\"item\":\"https:\/\/mareterracoffee.com\/fr\/home\/\"},{\"@type\":\"ListItem\",\"position\":2,\"name\":\"Icex Next\"}]},{\"@type\":\"WebSite\",\"@id\":\"https:\/\/mareterracoffee.com\/fr\/#website\",\"url\":\"https:\/\/mareterracoffee.com\/fr\/\",\"name\":\"Mare Terra\",\"description\":\"Importateur \/ Exportateur de caf\u00e9 vert\",\"publisher\":{\"@id\":\"https:\/\/mareterracoffee.com\/fr\/#organization\"},\"potentialAction\":[{\"@type\":\"SearchAction\",\"target\":{\"@type\":\"EntryPoint\",\"urlTemplate\":\"https:\/\/mareterracoffee.com\/fr\/?s={search_term_string}\"},\"query-input\":{\"@type\":\"PropertyValueSpecification\",\"valueRequired\":true,\"valueName\":\"search_term_string\"}}],\"inLanguage\":\"fr-FR\"},{\"@type\":\"Organization\",\"@id\":\"https:\/\/mareterracoffee.com\/fr\/#organization\",\"name\":\"Mare Terra\",\"url\":\"https:\/\/mareterracoffee.com\/fr\/\",\"logo\":{\"@type\":\"ImageObject\",\"inLanguage\":\"fr-FR\",\"@id\":\"https:\/\/mareterracoffee.com\/fr\/#\/schema\/logo\/image\/\",\"url\":\"https:\/\/mareterracoffee.com\/wp-content\/uploads\/2023\/06\/marre-terra-1.svg\",\"contentUrl\":\"https:\/\/mareterracoffee.com\/wp-content\/uploads\/2023\/06\/marre-terra-1.svg\",\"width\":229,\"height\":52,\"caption\":\"Mare Terra\"},\"image\":{\"@id\":\"https:\/\/mareterracoffee.com\/fr\/#\/schema\/logo\/image\/\"}}]}<\/script>\n<!-- \/ Yoast SEO plugin. -->","yoast_head_json":{"title":"Icex Next - Mare Terra","description":"Programme ICEX Next","robots":{"index":"noindex","follow":"nofollow"},"og_locale":"fr_FR","og_type":"article","og_title":"Icex Next - Mare Terra","og_description":"Programme ICEX Next","og_url":"https:\/\/mareterracoffee.com\/fr\/icex-next\/","og_site_name":"Mare Terra","article_modified_time":"2025-03-20T10:30:46+00:00","og_image":[{"url":"https:\/\/mareterracoffee.com\/wp-content\/uploads\/2023\/10\/icex-logo.png","type":"","width":"","height":""}],"twitter_card":"summary_large_image","schema":{"@context":"https:\/\/schema.org","@graph":[{"@type":"WebPage","@id":"https:\/\/mareterracoffee.com\/fr\/icex-next\/","url":"https:\/\/mareterracoffee.com\/fr\/icex-next\/","name":"Icex Next - Mare Terra","isPartOf":{"@id":"https:\/\/mareterracoffee.com\/fr\/#website"},"primaryImageOfPage":{"@id":"https:\/\/mareterracoffee.com\/fr\/icex-next\/#primaryimage"},"image":{"@id":"https:\/\/mareterracoffee.com\/fr\/icex-next\/#primaryimage"},"thumbnailUrl":"https:\/\/mareterracoffee.com\/wp-content\/uploads\/2023\/10\/icex-logo.png","datePublished":"2023-10-10T08:04:05+00:00","dateModified":"2025-03-20T10:30:46+00:00","description":"Programme ICEX Next","breadcrumb":{"@id":"https:\/\/mareterracoffee.com\/fr\/icex-next\/#breadcrumb"},"inLanguage":"fr-FR","potentialAction":[{"@type":"ReadAction","target":["https:\/\/mareterracoffee.com\/fr\/icex-next\/"]}]},{"@type":"ImageObject","inLanguage":"fr-FR","@id":"https:\/\/mareterracoffee.com\/fr\/icex-next\/#primaryimage","url":"https:\/\/mareterracoffee.com\/wp-content\/uploads\/2023\/10\/icex-logo.png","contentUrl":"https:\/\/mareterracoffee.com\/wp-content\/uploads\/2023\/10\/icex-logo.png"},{"@type":"BreadcrumbList","@id":"https:\/\/mareterracoffee.com\/fr\/icex-next\/#breadcrumb","itemListElement":[{"@type":"ListItem","position":1,"name":"Portada","item":"https:\/\/mareterracoffee.com\/fr\/home\/"},{"@type":"ListItem","position":2,"name":"Icex Next"}]},{"@type":"WebSite","@id":"https:\/\/mareterracoffee.com\/fr\/#website","url":"https:\/\/mareterracoffee.com\/fr\/","name":"Mare Terra","description":"Importateur \/ Exportateur de caf\u00e9 vert","publisher":{"@id":"https:\/\/mareterracoffee.com\/fr\/#organization"},"potentialAction":[{"@type":"SearchAction","target":{"@type":"EntryPoint","urlTemplate":"https:\/\/mareterracoffee.com\/fr\/?s={search_term_string}"},"query-input":{"@type":"PropertyValueSpecification","valueRequired":true,"valueName":"search_term_string"}}],"inLanguage":"fr-FR"},{"@type":"Organization","@id":"https:\/\/mareterracoffee.com\/fr\/#organization","name":"Mare Terra","url":"https:\/\/mareterracoffee.com\/fr\/","logo":{"@type":"ImageObject","inLanguage":"fr-FR","@id":"https:\/\/mareterracoffee.com\/fr\/#\/schema\/logo\/image\/","url":"https:\/\/mareterracoffee.com\/wp-content\/uploads\/2023\/06\/marre-terra-1.svg","contentUrl":"https:\/\/mareterracoffee.com\/wp-content\/uploads\/2023\/06\/marre-terra-1.svg","width":229,"height":52,"caption":"Mare Terra"},"image":{"@id":"https:\/\/mareterracoffee.com\/fr\/#\/schema\/logo\/image\/"}}]}},"_links":{"self":[{"href":"https:\/\/mareterracoffee.com\/fr\/wp-json\/wp\/v2\/pages\/128527","targetHints":{"allow":["GET"]}}],"collection":[{"href":"https:\/\/mareterracoffee.com\/fr\/wp-json\/wp\/v2\/pages"}],"about":[{"href":"https:\/\/mareterracoffee.com\/fr\/wp-json\/wp\/v2\/types\/page"}],"author":[{"embeddable":true,"href":"https:\/\/mareterracoffee.com\/fr\/wp-json\/wp\/v2\/users\/3"}],"replies":[{"embeddable":true,"href":"https:\/\/mareterracoffee.com\/fr\/wp-json\/wp\/v2\/comments?post=128527"}],"version-history":[{"count":2,"href":"https:\/\/mareterracoffee.com\/fr\/wp-json\/wp\/v2\/pages\/128527\/revisions"}],"predecessor-version":[{"id":145774,"href":"https:\/\/mareterracoffee.com\/fr\/wp-json\/wp\/v2\/pages\/128527\/revisions\/145774"}],"wp:attachment":[{"href":"https:\/\/mareterracoffee.com\/fr\/wp-json\/wp\/v2\/media?parent=128527"}],"curies":[{"name":"wp","href":"https:\/\/api.w.org\/{rel}","templated":true}]}}