{"id":140830,"date":"2025-04-02T10:15:48","date_gmt":"2025-04-02T08:15:48","guid":{"rendered":"https:\/\/mareterracoffee.com\/?page_id=140830"},"modified":"2025-04-07T10:48:15","modified_gmt":"2025-04-07T08:48:15","slug":"origines","status":"publish","type":"page","link":"https:\/\/mareterracoffee.com\/fr\/origines\/","title":{"rendered":"Origines"},"content":{"rendered":"\t\t<div data-elementor-type=\"wp-page\" data-elementor-id=\"140830\" class=\"elementor elementor-140830 elementor-140820\" data-elementor-post-type=\"page\">\n\t\t\t\t\t\t<section class=\"elementor-section elementor-top-section elementor-element elementor-element-7c049ab5 elementor-section-full_width elementor-reverse-mobile elementor-section-height-min-height elementor-section-items-bottom hero_origenes elementor-section-height-default\" data-id=\"7c049ab5\" data-element_type=\"section\" data-e-type=\"section\" id=\"hero_origenes\" data-settings=\"{&quot;background_background&quot;:&quot;classic&quot;}\">\n\t\t\t\t\t\t\t<div class=\"elementor-background-overlay\"><\/div>\n\t\t\t\t\t\t\t<div class=\"elementor-container elementor-column-gap-no\">\n\t\t\t\t\t<div class=\"elementor-column elementor-col-100 elementor-top-column elementor-element elementor-element-79b7da60\" data-id=\"79b7da60\" data-element_type=\"column\" data-e-type=\"column\">\n\t\t\t<div class=\"elementor-widget-wrap elementor-element-populated\">\n\t\t\t\t\t\t<div class=\"elementor-element elementor-element-977a025 elementor-widget elementor-widget-heading\" data-id=\"977a025\" data-element_type=\"widget\" data-e-type=\"widget\" data-widget_type=\"heading.default\">\n\t\t\t\t<div class=\"elementor-widget-container\">\n\t\t\t\t\t<h1 class=\"elementor-heading-title elementor-size-default\">Origines du caf\u00e9 vert<\/h1>\t\t\t\t<\/div>\n\t\t\t\t<\/div>\n\t\t\t\t<div class=\"elementor-element elementor-element-27192996 elementor-widget elementor-widget-heading\" data-id=\"27192996\" data-element_type=\"widget\" data-e-type=\"widget\" data-widget_type=\"heading.default\">\n\t\t\t\t<div class=\"elementor-widget-container\">\n\t\t\t\t\t<h3 class=\"elementor-heading-title elementor-size-default\">Un voyage aux origines du caf\u00e9<\/h3>\t\t\t\t<\/div>\n\t\t\t\t<\/div>\n\t\t\t\t\t<\/div>\n\t\t<\/div>\n\t\t\t\t\t<\/div>\n\t\t<\/section>\n\t\t\t\t<section class=\"elementor-section elementor-top-section elementor-element elementor-element-14672a62 elementor-section-boxed elementor-section-height-default elementor-section-height-default\" data-id=\"14672a62\" data-element_type=\"section\" data-e-type=\"section\" data-settings=\"{&quot;background_background&quot;:&quot;classic&quot;}\">\n\t\t\t\t\t\t<div class=\"elementor-container elementor-column-gap-no\">\n\t\t\t\t\t<div class=\"elementor-column elementor-col-100 elementor-top-column elementor-element elementor-element-53ba01b0\" data-id=\"53ba01b0\" data-element_type=\"column\" data-e-type=\"column\">\n\t\t\t<div class=\"elementor-widget-wrap elementor-element-populated\">\n\t\t\t\t\t\t<div class=\"elementor-element elementor-element-21e846ab elementor-widget__width-initial elementor-widget elementor-widget-text-editor\" data-id=\"21e846ab\" data-element_type=\"widget\" data-e-type=\"widget\" data-widget_type=\"text-editor.default\">\n\t\t\t\t<div class=\"elementor-widget-container\">\n\t\t\t\t\t\t\t\t\tSur Mare Terra Coffee, nous proposons des caf\u00e9s de plus de 16 origines diff\u00e9rentes. Notre \u00e9quipe de recherche et d\u00e9veloppement se rend dans les pays producteurs de caf\u00e9 vert pour travailler avec les producteurs et d\u00e9velopper des lots de caf\u00e9 uniques. Une fois les lots pr\u00eats, nous les importons et les acheminons vers notre entrep\u00f4t situ\u00e9 dans le port de Barcelone.<br>Voici les origines des grains de caf\u00e9 vert avec lesquels nous travaillons :  \t\t\t\t\t\t\t\t<\/div>\n\t\t\t\t<\/div>\n\t\t\t\t\t<\/div>\n\t\t<\/div>\n\t\t\t\t\t<\/div>\n\t\t<\/section>\n\t\t\t\t<section class=\"elementor-section elementor-top-section elementor-element elementor-element-71e92211 elementor-section-boxed elementor-section-height-default elementor-section-height-default\" data-id=\"71e92211\" data-element_type=\"section\" data-e-type=\"section\" data-settings=\"{&quot;background_background&quot;:&quot;classic&quot;}\">\n\t\t\t\t\t\t<div class=\"elementor-container elementor-column-gap-default\">\n\t\t\t\t\t<div class=\"elementor-column elementor-col-100 elementor-top-column elementor-element elementor-element-cf04aea\" data-id=\"cf04aea\" data-element_type=\"column\" data-e-type=\"column\">\n\t\t\t<div class=\"elementor-widget-wrap elementor-element-populated\">\n\t\t\t\t\t\t<div class=\"elementor-element elementor-element-6f5e9fed elementor-widget elementor-widget-shortcode\" data-id=\"6f5e9fed\" data-element_type=\"widget\" data-e-type=\"widget\" data-widget_type=\"shortcode.default\">\n\t\t\t\t<div class=\"elementor-widget-container\">\n\t\t\t\t\t\t\t<div class=\"elementor-shortcode\">\t<section class=\"coffee-origin-cards has-primary-color\" >\n\t\t<div class=\"coffee-origin-cards__container\">\n\t\t\t<div class=\"coffee-origin-card \">\n\t<a class=\"coffee-origin-card__link\" href=\"https:\/\/mareterracoffee.com\/fr\/origines\/colombie\/\">\n\t\t<img fetchpriority=\"high\" decoding=\"async\" width=\"300\" height=\"300\" src=\"https:\/\/mareterracoffee.com\/wp-content\/uploads\/2023\/04\/mapa-Colombia.svg\" class=\"coffee-origin-card__picture\" alt=\"\" \/>\t<h3 class=\"coffee-origin-card__title\">Colombie<\/h3>\n\t\t<p class=\"coffee-origin-card__tagline\">Fiert\u00e9 de la culture et du paysage du caf\u00e9<\/p>\n\t<\/a>\n<\/div>\n<div class=\"coffee-origin-card \">\n\t<a class=\"coffee-origin-card__link\" href=\"https:\/\/mareterracoffee.com\/fr\/origines\/nicaragua\/\">\n\t\t<img decoding=\"async\" width=\"300\" height=\"300\" src=\"https:\/\/mareterracoffee.com\/wp-content\/uploads\/2023\/04\/mapa-Nicaragua.svg\" class=\"coffee-origin-card__picture\" alt=\"\" \/>\t<h3 class=\"coffee-origin-card__title\">Nicaragua<\/h3>\n\t\t<p class=\"coffee-origin-card__tagline\">Une longue tradition li\u00e9e \u00e0 la culture du caf\u00e9<\/p>\n\t<\/a>\n<\/div>\n<div class=\"coffee-origin-card \">\n\t<a class=\"coffee-origin-card__link\" href=\"https:\/\/mareterracoffee.com\/fr\/origines\/le-salvador\/\">\n\t\t<img decoding=\"async\" width=\"300\" height=\"300\" src=\"https:\/\/mareterracoffee.com\/wp-content\/uploads\/2023\/04\/mapa-Salvador.svg\" class=\"coffee-origin-card__picture\" alt=\"\" \/>\t<h3 class=\"coffee-origin-card__title\">Le Salvador<\/h3>\n\t\t<p class=\"coffee-origin-card__tagline\">Le caf\u00e9 avec d\u00e9nomination d&#039;origine<\/p>\n\t<\/a>\n<\/div>\n<div class=\"coffee-origin-card \">\n\t<a class=\"coffee-origin-card__link\" href=\"https:\/\/mareterracoffee.com\/fr\/origines\/kenya\/\">\n\t\t<img loading=\"lazy\" decoding=\"async\" width=\"300\" height=\"300\" src=\"https:\/\/mareterracoffee.com\/wp-content\/uploads\/2023\/04\/mapa-Kenya.svg\" class=\"coffee-origin-card__picture\" alt=\"\" \/>\t<h3 class=\"coffee-origin-card__title\">Kenya<\/h3>\n\t\t<p class=\"coffee-origin-card__tagline\">Un caf\u00e9 de haute altitude<\/p>\n\t<\/a>\n<\/div>\n<div class=\"coffee-origin-card \">\n\t<a class=\"coffee-origin-card__link\" href=\"https:\/\/mareterracoffee.com\/fr\/origines\/honduras\/\">\n\t\t<img loading=\"lazy\" decoding=\"async\" width=\"300\" height=\"300\" src=\"https:\/\/mareterracoffee.com\/wp-content\/uploads\/2023\/04\/mapa-Honduras.svg\" class=\"coffee-origin-card__picture\" alt=\"\" \/>\t<h3 class=\"coffee-origin-card__title\">Honduras<\/h3>\n\t\t<p class=\"coffee-origin-card__tagline\">Caf\u00e9 en croissance pour le pays<\/p>\n\t<\/a>\n<\/div>\n<div class=\"coffee-origin-card \">\n\t<a class=\"coffee-origin-card__link\" href=\"https:\/\/mareterracoffee.com\/fr\/origines\/ethiopie\/\">\n\t\t<img loading=\"lazy\" decoding=\"async\" width=\"300\" height=\"300\" src=\"https:\/\/mareterracoffee.com\/wp-content\/uploads\/2023\/04\/mapa-Etiopia.svg\" class=\"coffee-origin-card__picture\" alt=\"\" \/>\t<h3 class=\"coffee-origin-card__title\">\u00c9thiopie<\/h3>\n\t\t<p class=\"coffee-origin-card__tagline\">Le berceau du caf\u00e9<\/p>\n\t<\/a>\n<\/div>\n<div class=\"coffee-origin-card \">\n\t<a class=\"coffee-origin-card__link\" href=\"https:\/\/mareterracoffee.com\/fr\/origines\/guatemala\/\">\n\t\t<img loading=\"lazy\" decoding=\"async\" width=\"300\" height=\"300\" src=\"https:\/\/mareterracoffee.com\/wp-content\/uploads\/2023\/04\/mapa-Guatemala.svg\" class=\"coffee-origin-card__picture\" alt=\"\" \/>\t<h3 class=\"coffee-origin-card__title\">Guatemala<\/h3>\n\t\t<p class=\"coffee-origin-card__tagline\">Caf\u00e9 des versants des volcans<\/p>\n\t<\/a>\n<\/div>\n<div class=\"coffee-origin-card \">\n\t<a class=\"coffee-origin-card__link\" href=\"https:\/\/mareterracoffee.com\/fr\/origines\/rwanda\/\">\n\t\t<img loading=\"lazy\" decoding=\"async\" width=\"300\" height=\"300\" src=\"https:\/\/mareterracoffee.com\/wp-content\/uploads\/2023\/04\/mapa-Ruanda.svg\" class=\"coffee-origin-card__picture\" alt=\"\" \/>\t<h3 class=\"coffee-origin-card__title\">Rwanda<\/h3>\n\t\t<p class=\"coffee-origin-card__tagline\">Le caf\u00e9 comme union d&#039;un pays<\/p>\n\t<\/a>\n<\/div>\n<div class=\"coffee-origin-card \">\n\t<a class=\"coffee-origin-card__link\" href=\"https:\/\/mareterracoffee.com\/fr\/origines\/bresil\/\">\n\t\t<img loading=\"lazy\" decoding=\"async\" width=\"300\" height=\"300\" src=\"https:\/\/mareterracoffee.com\/wp-content\/uploads\/2023\/04\/mapa-Brasil.svg\" class=\"coffee-origin-card__picture\" alt=\"\" \/>\t<h3 class=\"coffee-origin-card__title\">Br\u00e9sil<\/h3>\n\t\t<p class=\"coffee-origin-card__tagline\">Le Goliath du caf\u00e9<\/p>\n\t<\/a>\n<\/div>\n<div class=\"coffee-origin-card \">\n\t<a class=\"coffee-origin-card__link\" href=\"https:\/\/mareterracoffee.com\/fr\/origines\/perou\/\">\n\t\t<img loading=\"lazy\" decoding=\"async\" width=\"300\" height=\"300\" src=\"https:\/\/mareterracoffee.com\/wp-content\/uploads\/2023\/04\/mapa-peru.svg\" class=\"coffee-origin-card__picture\" alt=\"\" \/>\t<h3 class=\"coffee-origin-card__title\">P\u00e9rou<\/h3>\n\t\t<p class=\"coffee-origin-card__tagline\">Ancestral coffee tradition<\/p>\n\t<\/a>\n<\/div>\n<div class=\"coffee-origin-card \">\n\t<a class=\"coffee-origin-card__link\" href=\"https:\/\/mareterracoffee.com\/fr\/origines\/mexique\/\">\n\t\t<img loading=\"lazy\" decoding=\"async\" width=\"300\" height=\"300\" src=\"https:\/\/mareterracoffee.com\/wp-content\/uploads\/2023\/04\/mapa-Mexico.svg\" class=\"coffee-origin-card__picture\" alt=\"\" \/>\t<h3 class=\"coffee-origin-card__title\">Mexique<\/h3>\n\t\t<p class=\"coffee-origin-card__tagline\">Terres de mosa\u00efques de caf\u00e9<\/p>\n\t<\/a>\n<\/div>\n<div class=\"coffee-origin-card \">\n\t<a class=\"coffee-origin-card__link\" href=\"https:\/\/mareterracoffee.com\/fr\/origines\/burundi\/\">\n\t\t<img loading=\"lazy\" decoding=\"async\" width=\"300\" height=\"300\" src=\"https:\/\/mareterracoffee.com\/wp-content\/uploads\/2023\/04\/mapa-Burundi.svg\" class=\"coffee-origin-card__picture\" alt=\"\" \/>\t<h3 class=\"coffee-origin-card__title\">Burundi<\/h3>\n\t\t<p class=\"coffee-origin-card__tagline\">La renaissance du caf\u00e9 et de son peuple<\/p>\n\t<\/a>\n<\/div>\n<div class=\"coffee-origin-card \">\n\t<a class=\"coffee-origin-card__link\" href=\"https:\/\/mareterracoffee.com\/fr\/origines\/indonesie\/\">\n\t\t<img loading=\"lazy\" decoding=\"async\" width=\"300\" height=\"300\" src=\"https:\/\/mareterracoffee.com\/wp-content\/uploads\/2023\/04\/mapa-Indonesia.svg\" class=\"coffee-origin-card__picture\" alt=\"\" \/>\t<h3 class=\"coffee-origin-card__title\">Indon\u00e9sie<\/h3>\n\t\t<p class=\"coffee-origin-card__tagline\">Vari\u00e9t\u00e9s de caf\u00e9 et saveurs distinctives<\/p>\n\t<\/a>\n<\/div>\n<div class=\"coffee-origin-card \">\n\t<a class=\"coffee-origin-card__link\" href=\"https:\/\/mareterracoffee.com\/fr\/origines\/jamaique\/\">\n\t\t<img loading=\"lazy\" decoding=\"async\" width=\"300\" height=\"300\" src=\"https:\/\/mareterracoffee.com\/wp-content\/uploads\/2023\/04\/mapa-Jamaica.svg\" class=\"coffee-origin-card__picture\" alt=\"\" \/>\t<h3 class=\"coffee-origin-card__title\">Jama\u00efque<\/h3>\n\t\t<p class=\"coffee-origin-card__tagline\">Caf\u00e9s bleus souffl\u00e9s par des centaines d&#039;aliz\u00e9s<\/p>\n\t<\/a>\n<\/div>\n<div class=\"coffee-origin-card \">\n\t<a class=\"coffee-origin-card__link\" href=\"https:\/\/mareterracoffee.com\/fr\/origines\/inde\/\">\n\t\t<img loading=\"lazy\" decoding=\"async\" width=\"300\" height=\"300\" src=\"https:\/\/mareterracoffee.com\/wp-content\/uploads\/2023\/04\/mapa-india.svg\" class=\"coffee-origin-card__picture\" alt=\"\" \/>\t<h3 class=\"coffee-origin-card__title\">Inde<\/h3>\n\t\t<p class=\"coffee-origin-card__tagline\">Le caf\u00e9 des moussons<\/p>\n\t<\/a>\n<\/div>\n<div class=\"coffee-origin-card \">\n\t<a class=\"coffee-origin-card__link\" href=\"https:\/\/mareterracoffee.com\/fr\/origines\/costa-rica\/\">\n\t\t<img loading=\"lazy\" decoding=\"async\" width=\"300\" height=\"300\" src=\"https:\/\/mareterracoffee.com\/wp-content\/uploads\/2023\/04\/mapa-CostaRica.svg\" class=\"coffee-origin-card__picture\" alt=\"\" \/>\t<h3 class=\"coffee-origin-card__title\">Costa Rica<\/h3>\n\t\t<p class=\"coffee-origin-card__tagline\">Une attention m\u00e9ticuleuse aux d\u00e9tails de la production<\/p>\n\t<\/a>\n<\/div>\n\t\t<\/div>\n\t<\/section>\n\t<\/div>\n\t\t\t\t\t\t<\/div>\n\t\t\t\t<\/div>\n\t\t\t\t\t<\/div>\n\t\t<\/div>\n\t\t\t\t\t<\/div>\n\t\t<\/section>\n\t\t\t\t<\/div>\n\t\t","protected":false},"excerpt":{"rendered":"<p>Origines du caf\u00e9 vert Un voyage aux origines du caf\u00e9 Sur Mare Terra Coffee, nous proposons des caf\u00e9s de plus de 16 origines diff\u00e9rentes. Notre \u00e9quipe de recherche et d\u00e9veloppement se rend dans les pays producteurs de caf\u00e9 vert pour travailler avec les producteurs et d\u00e9velopper des lots de caf\u00e9 uniques. Une fois les lots [&hellip;]<\/p>\n","protected":false},"author":18,"featured_media":0,"parent":0,"menu_order":0,"comment_status":"closed","ping_status":"closed","template":"","meta":{"_acf_changed":false,"footnotes":""},"class_list":["post-140830","page","type-page","status-publish","hentry"],"acf":[],"yoast_head":"<!-- This site is optimized with the Yoast SEO plugin v27.4 - https:\/\/yoast.com\/product\/yoast-seo-wordpress\/ -->\n<title>Origines - Mare Terra<\/title>\n<meta name=\"description\" content=\"D\u00e9couvrez nos caf\u00e9s d&#039;origine : des profils sensoriels uniques, une tra\u00e7abilit\u00e9 transparente et une histoire dans chaque tasse.\" \/>\n<meta name=\"robots\" content=\"index, follow, max-snippet:-1, max-image-preview:large, max-video-preview:-1\" \/>\n<link rel=\"canonical\" href=\"https:\/\/mareterracoffee.com\/fr\/origines\/\" \/>\n<meta property=\"og:locale\" content=\"fr_FR\" \/>\n<meta property=\"og:type\" content=\"article\" \/>\n<meta property=\"og:title\" content=\"Origines - Mare Terra\" \/>\n<meta property=\"og:description\" content=\"D\u00e9couvrez nos caf\u00e9s d&#039;origine : des profils sensoriels uniques, une tra\u00e7abilit\u00e9 transparente et une histoire dans chaque tasse.\" \/>\n<meta property=\"og:url\" content=\"https:\/\/mareterracoffee.com\/fr\/origines\/\" \/>\n<meta property=\"og:site_name\" content=\"Mare Terra\" \/>\n<meta property=\"article:modified_time\" content=\"2025-04-07T08:48:15+00:00\" \/>\n<meta name=\"twitter:card\" content=\"summary_large_image\" \/>\n<meta name=\"twitter:label1\" content=\"Dur\u00e9e de lecture estim\u00e9e\" \/>\n\t<meta name=\"twitter:data1\" content=\"1 minute\" \/>\n<script type=\"application\/ld+json\" class=\"yoast-schema-graph\">{\"@context\":\"https:\\\/\\\/schema.org\",\"@graph\":[{\"@type\":\"WebPage\",\"@id\":\"https:\\\/\\\/mareterracoffee.com\\\/fr\\\/origines\\\/\",\"url\":\"https:\\\/\\\/mareterracoffee.com\\\/fr\\\/origines\\\/\",\"name\":\"Origines - Mare Terra\",\"isPartOf\":{\"@id\":\"https:\\\/\\\/mareterracoffee.com\\\/fr\\\/#website\"},\"datePublished\":\"2025-04-02T08:15:48+00:00\",\"dateModified\":\"2025-04-07T08:48:15+00:00\",\"description\":\"D\u00e9couvrez nos caf\u00e9s d'origine : des profils sensoriels uniques, une tra\u00e7abilit\u00e9 transparente et une histoire dans chaque tasse.\",\"breadcrumb\":{\"@id\":\"https:\\\/\\\/mareterracoffee.com\\\/fr\\\/origines\\\/#breadcrumb\"},\"inLanguage\":\"fr-FR\",\"potentialAction\":[{\"@type\":\"ReadAction\",\"target\":[\"https:\\\/\\\/mareterracoffee.com\\\/fr\\\/origines\\\/\"]}]},{\"@type\":\"BreadcrumbList\",\"@id\":\"https:\\\/\\\/mareterracoffee.com\\\/fr\\\/origines\\\/#breadcrumb\",\"itemListElement\":[{\"@type\":\"ListItem\",\"position\":1,\"name\":\"Portada\",\"item\":\"https:\\\/\\\/mareterracoffee.com\\\/fr\\\/home\\\/\"},{\"@type\":\"ListItem\",\"position\":2,\"name\":\"Origines\"}]},{\"@type\":\"WebSite\",\"@id\":\"https:\\\/\\\/mareterracoffee.com\\\/fr\\\/#website\",\"url\":\"https:\\\/\\\/mareterracoffee.com\\\/fr\\\/\",\"name\":\"Mare Terra\",\"description\":\"Importateur \\\/ Exportateur de caf\u00e9 vert\",\"publisher\":{\"@id\":\"https:\\\/\\\/mareterracoffee.com\\\/fr\\\/#organization\"},\"potentialAction\":[{\"@type\":\"SearchAction\",\"target\":{\"@type\":\"EntryPoint\",\"urlTemplate\":\"https:\\\/\\\/mareterracoffee.com\\\/fr\\\/?s={search_term_string}\"},\"query-input\":{\"@type\":\"PropertyValueSpecification\",\"valueRequired\":true,\"valueName\":\"search_term_string\"}}],\"inLanguage\":\"fr-FR\"},{\"@type\":\"Organization\",\"@id\":\"https:\\\/\\\/mareterracoffee.com\\\/fr\\\/#organization\",\"name\":\"Mare Terra\",\"url\":\"https:\\\/\\\/mareterracoffee.com\\\/fr\\\/\",\"logo\":{\"@type\":\"ImageObject\",\"inLanguage\":\"fr-FR\",\"@id\":\"https:\\\/\\\/mareterracoffee.com\\\/fr\\\/#\\\/schema\\\/logo\\\/image\\\/\",\"url\":\"https:\\\/\\\/mareterracoffee.com\\\/wp-content\\\/uploads\\\/2023\\\/06\\\/marre-terra-1.svg\",\"contentUrl\":\"https:\\\/\\\/mareterracoffee.com\\\/wp-content\\\/uploads\\\/2023\\\/06\\\/marre-terra-1.svg\",\"width\":229,\"height\":52,\"caption\":\"Mare Terra\"},\"image\":{\"@id\":\"https:\\\/\\\/mareterracoffee.com\\\/fr\\\/#\\\/schema\\\/logo\\\/image\\\/\"}}]}<\/script>\n<!-- \/ Yoast SEO plugin. -->","yoast_head_json":{"title":"Origines - Mare Terra","description":"D\u00e9couvrez nos caf\u00e9s d'origine : des profils sensoriels uniques, une tra\u00e7abilit\u00e9 transparente et une histoire dans chaque tasse.","robots":{"index":"index","follow":"follow","max-snippet":"max-snippet:-1","max-image-preview":"max-image-preview:large","max-video-preview":"max-video-preview:-1"},"canonical":"https:\/\/mareterracoffee.com\/fr\/origines\/","og_locale":"fr_FR","og_type":"article","og_title":"Origines - Mare Terra","og_description":"D\u00e9couvrez nos caf\u00e9s d'origine : des profils sensoriels uniques, une tra\u00e7abilit\u00e9 transparente et une histoire dans chaque tasse.","og_url":"https:\/\/mareterracoffee.com\/fr\/origines\/","og_site_name":"Mare Terra","article_modified_time":"2025-04-07T08:48:15+00:00","twitter_card":"summary_large_image","twitter_misc":{"Dur\u00e9e de lecture estim\u00e9e":"1 minute"},"schema":{"@context":"https:\/\/schema.org","@graph":[{"@type":"WebPage","@id":"https:\/\/mareterracoffee.com\/fr\/origines\/","url":"https:\/\/mareterracoffee.com\/fr\/origines\/","name":"Origines - Mare Terra","isPartOf":{"@id":"https:\/\/mareterracoffee.com\/fr\/#website"},"datePublished":"2025-04-02T08:15:48+00:00","dateModified":"2025-04-07T08:48:15+00:00","description":"D\u00e9couvrez nos caf\u00e9s d'origine : des profils sensoriels uniques, une tra\u00e7abilit\u00e9 transparente et une histoire dans chaque tasse.","breadcrumb":{"@id":"https:\/\/mareterracoffee.com\/fr\/origines\/#breadcrumb"},"inLanguage":"fr-FR","potentialAction":[{"@type":"ReadAction","target":["https:\/\/mareterracoffee.com\/fr\/origines\/"]}]},{"@type":"BreadcrumbList","@id":"https:\/\/mareterracoffee.com\/fr\/origines\/#breadcrumb","itemListElement":[{"@type":"ListItem","position":1,"name":"Portada","item":"https:\/\/mareterracoffee.com\/fr\/home\/"},{"@type":"ListItem","position":2,"name":"Origines"}]},{"@type":"WebSite","@id":"https:\/\/mareterracoffee.com\/fr\/#website","url":"https:\/\/mareterracoffee.com\/fr\/","name":"Mare Terra","description":"Importateur \/ Exportateur de caf\u00e9 vert","publisher":{"@id":"https:\/\/mareterracoffee.com\/fr\/#organization"},"potentialAction":[{"@type":"SearchAction","target":{"@type":"EntryPoint","urlTemplate":"https:\/\/mareterracoffee.com\/fr\/?s={search_term_string}"},"query-input":{"@type":"PropertyValueSpecification","valueRequired":true,"valueName":"search_term_string"}}],"inLanguage":"fr-FR"},{"@type":"Organization","@id":"https:\/\/mareterracoffee.com\/fr\/#organization","name":"Mare Terra","url":"https:\/\/mareterracoffee.com\/fr\/","logo":{"@type":"ImageObject","inLanguage":"fr-FR","@id":"https:\/\/mareterracoffee.com\/fr\/#\/schema\/logo\/image\/","url":"https:\/\/mareterracoffee.com\/wp-content\/uploads\/2023\/06\/marre-terra-1.svg","contentUrl":"https:\/\/mareterracoffee.com\/wp-content\/uploads\/2023\/06\/marre-terra-1.svg","width":229,"height":52,"caption":"Mare Terra"},"image":{"@id":"https:\/\/mareterracoffee.com\/fr\/#\/schema\/logo\/image\/"}}]}},"_links":{"self":[{"href":"https:\/\/mareterracoffee.com\/fr\/wp-json\/wp\/v2\/pages\/140830","targetHints":{"allow":["GET"]}}],"collection":[{"href":"https:\/\/mareterracoffee.com\/fr\/wp-json\/wp\/v2\/pages"}],"about":[{"href":"https:\/\/mareterracoffee.com\/fr\/wp-json\/wp\/v2\/types\/page"}],"author":[{"embeddable":true,"href":"https:\/\/mareterracoffee.com\/fr\/wp-json\/wp\/v2\/users\/18"}],"replies":[{"embeddable":true,"href":"https:\/\/mareterracoffee.com\/fr\/wp-json\/wp\/v2\/comments?post=140830"}],"version-history":[{"count":3,"href":"https:\/\/mareterracoffee.com\/fr\/wp-json\/wp\/v2\/pages\/140830\/revisions"}],"predecessor-version":[{"id":146553,"href":"https:\/\/mareterracoffee.com\/fr\/wp-json\/wp\/v2\/pages\/140830\/revisions\/146553"}],"wp:attachment":[{"href":"https:\/\/mareterracoffee.com\/fr\/wp-json\/wp\/v2\/media?parent=140830"}],"curies":[{"name":"wp","href":"https:\/\/api.w.org\/{rel}","templated":true}]}}