{"id":16158,"date":"2021-12-28T16:29:01","date_gmt":"2021-12-28T15:29:01","guid":{"rendered":"https:\/\/mareterracoffee.com\/politique-en-matiere-de-cookies\/"},"modified":"2025-05-20T10:29:48","modified_gmt":"2025-05-20T08:29:48","slug":"politique-cookies","status":"publish","type":"page","link":"https:\/\/mareterracoffee.com\/fr\/politique-cookies\/","title":{"rendered":"Politique en mati\u00e8re de cookies"},"content":{"rendered":"\t\t<div data-elementor-type=\"wp-page\" data-elementor-id=\"16158\" class=\"elementor elementor-16158 elementor-6776\" data-elementor-post-type=\"page\">\n\t\t\t\t\t\t<section class=\"elementor-section elementor-top-section elementor-element elementor-element-3c6355f9 elementor-section-boxed elementor-section-height-default elementor-section-height-default\" data-id=\"3c6355f9\" data-element_type=\"section\" data-e-type=\"section\" data-settings=\"{&quot;background_background&quot;:&quot;classic&quot;}\">\n\t\t\t\t\t\t<div class=\"elementor-container elementor-column-gap-default\">\n\t\t\t\t\t<div class=\"elementor-column elementor-col-100 elementor-top-column elementor-element elementor-element-252801d1\" data-id=\"252801d1\" data-element_type=\"column\" data-e-type=\"column\">\n\t\t\t<div class=\"elementor-widget-wrap elementor-element-populated\">\n\t\t\t\t\t\t<div class=\"elementor-element elementor-element-68c1f9d elementor-widget elementor-widget-heading\" data-id=\"68c1f9d\" data-element_type=\"widget\" data-e-type=\"widget\" data-widget_type=\"heading.default\">\n\t\t\t\t<div class=\"elementor-widget-container\">\n\t\t\t\t\t<h1 class=\"elementor-heading-title elementor-size-default\">Politique en mati\u00e8re de cookies<\/h1>\t\t\t\t<\/div>\n\t\t\t\t<\/div>\n\t\t\t\t<div class=\"elementor-element elementor-element-710348d elementor-widget elementor-widget-text-editor\" data-id=\"710348d\" data-element_type=\"widget\" data-e-type=\"widget\" data-widget_type=\"text-editor.default\">\n\t\t\t\t<div class=\"elementor-widget-container\">\n\t\t\t\t\t\t\t\t\t<p>Sur Mare Terra Coffee S.L., nous utilisons des cookies afin de vous offrir un meilleur service et une meilleure exp\u00e9rience de navigation. Nous souhaitons vous informer de mani\u00e8re claire et pr\u00e9cise sur les cookies que nous utilisons, en d\u00e9taillant ci-dessous ce qu&rsquo;est un cookie, \u00e0 quoi il sert, quels types de cookies nous utilisons, quels sont leurs objectifs et comment vous pouvez les configurer ou les d\u00e9sactiver si vous le souhaitez.<\/p><h2><strong>Que sont les cookies ?<\/strong><\/h2><p>Un cookie est un fichier qui est t\u00e9l\u00e9charg\u00e9 sur votre ordinateur lorsque vous acc\u00e9dez \u00e0 certaines pages web. Les cookies permettent \u00e0 un site web, entre autres, de stocker et de r\u00e9cup\u00e9rer des informations sur les habitudes de navigation d&rsquo;un <strong>utilisateur<\/strong> ou sur son \u00e9quipement et, en fonction des informations qu&rsquo;ils contiennent et de la mani\u00e8re dont il utilise son \u00e9quipement, ils peuvent \u00eatre utilis\u00e9s pour reconna\u00eetre l&rsquo;<strong>utilisateur<\/strong>.<\/p><p>La collecte de cookies aupr\u00e8s de tous nos <strong>utilisateurs<\/strong> nous aide \u00e0 am\u00e9liorer la qualit\u00e9 de notre site web, en nous permettant de contr\u00f4ler quelles pages sont utiles, lesquelles ne le sont pas et lesquelles peuvent \u00eatre am\u00e9lior\u00e9es. Les cookies sont essentiels au fonctionnement d&rsquo;Internet, offrant d&rsquo;innombrables avantages dans la fourniture de services interactifs, facilitant la navigation et la convivialit\u00e9 de notre site web. En aucun cas, les cookies ne peuvent endommager votre ordinateur. En revanche, le fait qu&rsquo;ils soient actifs nous aide \u00e0 identifier et \u00e0 r\u00e9soudre les erreurs.<\/p><p>Les cookies ne vous identifient pas personnellement et ne pr\u00e9sentent aucun risque pour votre ordinateur ou votre appareil mobile. Ce ne sont pas des virus ou des logiciels espions. Il s&rsquo;agit simplement d&rsquo;outils utilis\u00e9s par les sites web que vous visitez pour am\u00e9liorer votre exp\u00e9rience de navigation, pour s\u00e9curiser le voyage de vos donn\u00e9es sur le r\u00e9seau, pour nous aider \u00e0 comprendre quelles informations sur notre site web sont les plus utiles \u00e0 nos <strong>utilisateurs<\/strong> ou pour conna\u00eetre les offres susceptibles d&rsquo;int\u00e9resser chaque<strong> utilisateur<\/strong>. Et tout cela de mani\u00e8re totalement anonyme : nous ne conna\u00eetrons jamais votre nom, votre adresse ou votre num\u00e9ro de t\u00e9l\u00e9phone, sauf si vous nous les communiquez. C&rsquo;est \u00e0 vous de d\u00e9cider d&rsquo;autoriser ou non les cookies, mais si vous choisissez de ne pas les autoriser, vous devez les bloquer dans votre navigateur. Avant de les bloquer, nous voulons vous aider \u00e0 mieux comprendre comment les cookies sont utilis\u00e9s.<\/p><h2><strong>Types de cookies :<\/strong><\/h2><p>Selon l&rsquo;entit\u00e9 qui les g\u00e8re, les cookies peuvent \u00eatre :<\/p><ul><li><strong>Cookies propres : <\/strong>ce sont ceux qui sont envoy\u00e9s \u00e0 votre ordinateur \u00e0 partir de nos propres \u00e9quipements ou domaines et \u00e0 partir desquels nous fournissons le service que vous demandez.<\/li><li><strong>Cookies tiers : <\/strong>il s&rsquo;agit de cookies envoy\u00e9s \u00e0 votre ordinateur depuis un ordinateur ou un domaine qui n&rsquo;est pas g\u00e9r\u00e9 par nous, mais par une autre entit\u00e9 collaboratrice.<\/li><\/ul><p>En fonction de la dur\u00e9e pendant laquelle ils restent activ\u00e9s :<\/p><ul><li><strong>Cookies de session : <\/strong>il s&rsquo;agit de cookies temporaires qui restent dans le fichier de cookies de votre navigateur jusqu&rsquo;\u00e0 ce que vous quittiez le site web, de sorte qu&rsquo;aucun d&rsquo;entre eux ne reste enregistr\u00e9 sur le disque dur de votre ordinateur. Les informations obtenues gr\u00e2ce \u00e0 ces cookies sont utilis\u00e9es pour analyser les mod\u00e8les de trafic web. En fin de compte, cela nous permet de fournir une meilleure exp\u00e9rience pour am\u00e9liorer le contenu et le rendre plus facile \u00e0 utiliser.<\/li><li><strong>Cookies persistants : <\/strong>Elles sont stock\u00e9es sur le disque dur et notre site web les lit \u00e0 chaque fois que vous visitez le site. Un site web permanent a une date d&rsquo;expiration fixe. Le cookie cessera de fonctionner apr\u00e8s cette date. Nous utilisons g\u00e9n\u00e9ralement ces cookies pour faciliter les services d&rsquo;achat et d&rsquo;enregistrement.  <\/li><\/ul><p>En fonction de leur objectif :  <\/p><ul><li><strong>Cookies techniques<\/strong>: Ce sont ceux qui sont n\u00e9cessaires \u00e0 la navigation et au bon fonctionnement de notre site web. Ils permettent, par exemple, de contr\u00f4ler le trafic et la communication des donn\u00e9es, d&rsquo;acc\u00e9der \u00e0 des zones restreintes, d&rsquo;utiliser des dispositifs de s\u00e9curit\u00e9, de stocker des contenus afin de diffuser des vid\u00e9os ou de partager des contenus via les r\u00e9seaux sociaux.<\/li><li><strong>Cookies d&rsquo;analyse<\/strong>: il s&rsquo;agit de cookies qui sont trait\u00e9s par nous ou par des tiers et qui nous permettent de quantifier le nombre d&rsquo;<strong>utilisateurs<\/strong> et d&rsquo;effectuer ainsi la mesure et l&rsquo;analyse statistique de l&rsquo;utilisation faite par les <strong>utilisateurs<\/strong> du service offert. \u00c0 cette fin, la navigation sur notre site web est analys\u00e9e afin de l&rsquo;am\u00e9liorer.<\/li><li><strong>Cookies de session<\/strong>: il s&rsquo;agit de cookies temporaires qui restent dans le fichier de cookies de votre navigateur jusqu&rsquo;\u00e0 ce que vous quittiez le site web, de sorte qu&rsquo;aucun d&rsquo;entre eux ne reste enregistr\u00e9 sur le disque dur de l&rsquo;<strong>utilisateur<\/strong>. Les informations obtenues gr\u00e2ce \u00e0 ces cookies sont utilis\u00e9es pour analyser les mod\u00e8les de trafic web. En fin de compte, cela nous permet de fournir une meilleure exp\u00e9rience pour am\u00e9liorer le contenu et le rendre plus facile \u00e0 utiliser.<\/li><li><strong>Cookies de personnalisation<\/strong>: ces cookies vous permettent d&rsquo;acc\u00e9der au service avec des caract\u00e9ristiques pr\u00e9d\u00e9finies en fonction d&rsquo;une s\u00e9rie de crit\u00e8res, tels que la langue, le type de navigateur par lequel on acc\u00e8de au service, la configuration r\u00e9gionale depuis laquelle on acc\u00e8de au service, etc.<\/li><li><strong>Cookies publicitaires :<\/strong> ce sont ceux qui permettent de g\u00e9rer, de la mani\u00e8re la plus efficace possible, les espaces publicitaires qui peuvent \u00eatre inclus sur notre site web.<\/li><li><strong>Cookies de publicit\u00e9 comportementale :<\/strong> ces cookies stockent des informations sur le comportement des <strong>utilisateurs<\/strong> obtenues par une observation continue. Gr\u00e2ce \u00e0 eux, nous pouvons conna\u00eetre vos habitudes de navigation sur Internet et vous montrer des publicit\u00e9s li\u00e9es \u00e0 votre profil de navigation.<\/li><\/ul><p style=\"text-align: left;\">Les cookies utilis\u00e9s sur notre site web sont \u00e9num\u00e9r\u00e9s ci-dessous :<\/p><figure class=\"wp-block-table\"><table style=\"height: 4458px;\" width=\"735\"><tbody><tr><td><p style=\"text-align: left;\"><strong>Nom du cookie<\/strong><\/p><\/td><td style=\"text-align: left;\"><strong>Propre ou tierce partie<\/strong><\/td><td style=\"text-align: left;\"><strong>Objectif du cookie<\/strong><\/td><td style=\"text-align: left;\"><strong>Informations sur le cookie<\/strong><\/td><td style=\"text-align: left;\"><strong>Limite de temps<\/strong><\/td><\/tr><tr><td>Secure-3PSIDCC<\/td><td>Tiers (Google)<\/td><td>Publicit\u00e9<\/td><td>La publicit\u00e9. Ces cookies sont utilis\u00e9s pour diffuser des publicit\u00e9s plus pertinentes pour vous et vos int\u00e9r\u00eats.<\/td><td>2 ans<\/td><\/tr><tr><td>Secure-3PSID<\/td><td>Tiers (Google)<\/td><td>Publicit\u00e9<\/td><td>La publicit\u00e9. Ces cookies sont utilis\u00e9s pour diffuser des publicit\u00e9s plus pertinentes pour vous et vos int\u00e9r\u00eats.<\/td><td>2 ans<\/td><\/tr><tr><td>SID<\/td><td>Tiers (Google)<\/td><td>Technique<\/td><td>Cookie destin\u00e9 \u00e0 fournir des m\u00e9canismes de s\u00e9curit\u00e9 pour emp\u00eacher tout acc\u00e8s non autoris\u00e9 aux donn\u00e9es d&rsquo;acc\u00e8s des <strong>utilisateurs<\/strong> ou aux informations fournies dans les formulaires de contact.<\/td><td>2 ans<\/td><\/tr><tr><td>SIDCC<\/td><td>Tiers (Google)<\/td><td>Analyse<\/td><td>Ce cookie est utilis\u00e9 par Google pour fournir des services et extraire des informations de navigation anonymes.<\/td><td>3 mois<\/td><\/tr><tr><td>__Secure-3PAPISID<\/td><td>Tiers (Google)<\/td><td>Publicit\u00e9<\/td><td>La publicit\u00e9. Ces cookies sont utilis\u00e9s pour diffuser des publicit\u00e9s plus pertinentes pour vous et vos int\u00e9r\u00eats.<\/td><td>2 ans<\/td><\/tr><tr><td>SAPISID<\/td><td>Tiers (Google)<\/td><td>Technique<\/td><td>Cookie pour la reproduction du contenu<\/td><td>2 ans<\/td><\/tr><tr><td>APISID<\/td><td>Tiers (Google)<\/td><td>Personnalisation<\/td><td>Ils sont utilis\u00e9s pour m\u00e9moriser les pr\u00e9f\u00e9rences de l&rsquo;<strong>utilisateur<\/strong> pendant la navigation.<\/td><td>2 ans<\/td><\/tr><tr><td>SSID<\/td><td>Tiers (Google)<\/td><td>Analyse<\/td><td>Cookie permettant \u00e0 Google de compter le nombre d&rsquo;<strong> utilisateurs<\/strong> utilisant les cartes.<\/td><td>2 ans<\/td><\/tr><tr><td>HSID<\/td><td>Tiers (Google)<\/td><td><p>Technique<\/p><\/td><td>Cookie destin\u00e9 \u00e0 fournir des m\u00e9canismes de s\u00e9curit\u00e9 pour emp\u00eacher tout acc\u00e8s non autoris\u00e9 aux donn\u00e9es d&rsquo;acc\u00e8s des <strong>utilisateurs<\/strong> ou aux informations fournies dans les formulaires de contact.<\/td><td>2 ans<\/td><\/tr><tr><td>_gat_gtag_UA_46968801_1<\/td><td>Propre<\/td><td>Analyse<\/td><td>Utilis\u00e9 pour diff\u00e9rencier les diff\u00e9rents objets de suivi cr\u00e9\u00e9s dans la session.<\/td><td>10 minutes<\/td><\/tr><tr><td>_ga<\/td><td>Propre<\/td><td>Analyse<\/td><td>Enregistre la mani\u00e8re dont le visiteur est arriv\u00e9 sur notre site web, soit directement en saisissant l&rsquo;adresse du domaine, soit par un lien, une recherche sur le web ou une publicit\u00e9.<\/td><td>2 ans<\/td><\/tr><tr><td>__cfduid<\/td><td>Propre<\/td><td>Am\u00e9lioration des performances<\/td><td>Utilis\u00e9 pour passer outre les restrictions de s\u00e9curit\u00e9 bas\u00e9es sur l&rsquo;adresse IP d&rsquo;o\u00f9 provient le visiteur.<\/td><td>1 an<\/td><\/tr><tr><td>PHPSESSID<\/td><td>Propre<\/td><td>Mesure<\/td><td>Utilis\u00e9 pour permettre aux variables de session d&rsquo;\u00eatre stock\u00e9es sur le serveur web.<\/td><td>&#8211;<\/td><\/tr><tr><td>DV<\/td><td>Tiers (Google)<\/td><td>Analyse<\/td><td>Utilis\u00e9 par Google pour fournir des services et extraire des informations anonymes sur la navigation.<\/td><td>24 heures<\/td><\/tr><tr><td>1P_JAR<\/td><td>Tiers (Google)<\/td><td>Analyse<\/td><td>Ces cookies sont utilis\u00e9s pour recueillir des informations sur la fa\u00e7on dont les visiteurs utilisent notre site web. Nous utilisons ces informations pour compiler des rapports et am\u00e9liorer le site.<\/td><td>1 mois<\/td><\/tr><tr><td>CONSENTEMENT<\/td><td>Tiers (Google)<\/td><td>Technique<\/td><td>Cookie Google Maps : permet \u00e0 la carte Google de fonctionner sur la page de contact du site Web.<\/td><td>20 ans<\/td><\/tr><tr><td>ANID<\/td><td>Tiers (Google)<\/td><td>Publicit\u00e9<\/td><td>Ces cookies sont utilis\u00e9s pour diffuser des publicit\u00e9s plus pertinentes pour vous et vos int\u00e9r\u00eats.<\/td><td>1 jour<\/td><\/tr><tr><td>RECHERCHE_SAMESITE<\/td><td>&#8211;<\/td><td><p>&#8211;<\/p><\/td><td>L&rsquo;objectif est d&rsquo;att\u00e9nuer le risque de fuite d&rsquo;informations entre sources. Il offre \u00e9galement une certaine protection contre les attaques de type \u00ab\u00a0cross-site request forgery\u00a0\u00bb.<\/td><td>&#8211;<\/td><\/tr><tr><td>NID<\/td><td>Tiers (Google)<\/td><td><p>Technique<\/p><\/td><td>Il est utilis\u00e9 par Google pour stocker les pr\u00e9f\u00e9rences et les informations des <strong>utilisateurs<\/strong> lors de l&rsquo;affichage des pages avec les cartes Google.<\/td><td>6 mois<\/td><\/tr><tr><td>OTZ<\/td><td>Tiers (Google)<\/td><td>Publicit\u00e9<\/td><td>Cookie qui identifie les pr\u00e9f\u00e9rences de l&rsquo;<strong>utilisateur<\/strong><\/td><td>1 mois<\/td><\/tr><tr><td>_gid<\/td><td>Propre<\/td><td>Analyse<\/td><td>Enregistre la mani\u00e8re dont le visiteur est arriv\u00e9 sur notre site web, soit directement en saisissant l&rsquo;adresse du domaine, soit par un lien, une recherche sur le web ou une publicit\u00e9.<\/td><td>2 ans<\/td><\/tr><tr><td>fr<\/td><td>Tiers (Facebook)<\/td><td>Analyse<\/td><td>Ceux-ci int\u00e8grent le site web avec Facebook et d\u00e9tectent le nombre de \u00ab\u00a0likes\u00a0\u00bb ou si l&rsquo;<strong>utilisateur<\/strong> est connect\u00e9.<\/td><td>3 mois<\/td><\/tr><tr><td>qqn.<\/td><td>Tiers (Facebook)<\/td><td>Technique<\/td><td>Strictement n\u00e9cessaire. N\u00e9cessaire pour que le bouton \u00ab\u00a0J&rsquo;aime\u00a0\u00bb fonctionne.<\/td><td>2 ans<\/td><\/tr><tr><td style=\"text-align: left;\">datr<\/td><td style=\"text-align: left;\">Tiers (Facebook)<\/td><td style=\"text-align: left;\">Technique<\/td><td style=\"text-align: left;\">L&rsquo;objectif du cookie DATR est d&rsquo;identifier le navigateur web utilis\u00e9 pour se connecter \u00e0 Facebook ind\u00e9pendamment de l&rsquo;<strong>utilisateur<\/strong> connect\u00e9. Ce cookie joue un r\u00f4le essentiel dans les fonctions de s\u00e9curit\u00e9 et d&rsquo;int\u00e9grit\u00e9 du site de Facebook.<\/td><td style=\"text-align: left;\">2 ans<\/td><\/tr><\/tbody><\/table><\/figure><h2><strong>param\u00e9trer, d\u00e9sactiver, supprimer ou bloquer les cookies :  <\/strong><\/h2><p>Conform\u00e9ment \u00e0 la l\u00e9gislation en vigueur, Mare Terra Coffee S.L. informe les <strong>utilisateurs de<\/strong> la mani\u00e8re dont ils peuvent configurer les cookies dans leur navigateur en fonction de leurs pr\u00e9f\u00e9rences en mati\u00e8re de confidentialit\u00e9 et de s\u00e9curit\u00e9 des cookies.<\/p><p>Vous pouvez autoriser, bloquer ou supprimer les cookies install\u00e9s sur votre ordinateur en configurant les options de votre navigateur Internet.  <\/p><p>L<strong>&lsquo;utilisateur<\/strong> a la possibilit\u00e9 \u00e0 tout moment de configurer son navigateur pour accepter ou refuser les cookies, ou de r\u00e9voquer le consentement qu&rsquo;il a donn\u00e9 pr\u00e9c\u00e9demment.  <\/p><p>Si vous n&rsquo;autorisez pas l&rsquo;installation de cookies dans votre navigateur, il se peut que vous ne puissiez pas acc\u00e9der \u00e0 certains services et que votre exp\u00e9rience sur notre site web soit moins satisfaisante.<\/p><p>Dans les liens suivants, vous avez \u00e0 votre disposition toutes les informations pour configurer ou d\u00e9sactiver vos cookies dans chaque navigateur :<\/p><ul><li><strong>Mozilla Firefox<\/strong>: https:\/\/support.mozilla.org\/es\/kb\/habilitar-y-deshabilitar-cookies-sitios-web-rastrear-preferencias?redirectlocale=es&amp;redirectslug=habilitar-y-deshabilitar-cookies-que-los-sitios-we<\/li><li><strong>Chrome<\/strong>: https:\/\/support.google.com\/chrome\/answer\/95647?hl=es  <\/li><li><strong>Internet Explorer<\/strong>: https:\/\/support.microsoft.com\/es-es\/help\/17442\/windows-internet-explorer-delete-manage-cookies<\/li><li><strong>Safari<\/strong>: http:\/\/support.apple.com\/kb\/ph5042<\/li><li><strong>Op\u00e9ra<\/strong>: http:\/\/help.opera.com\/Windows\/11.50\/es-ES\/cookies.html<\/li><\/ul><p>Chez Mare Terra Coffee S.L., nous ne stockons jamais les donn\u00e9es personnelles de nos <strong>utilisateurs<\/strong>, \u00e0 l&rsquo;exception de l&rsquo;adresse IP d\u00e9crite ci-dessus, \u00e0 moins que vous ne souhaitiez vous enregistrer volontairement pour acheter les produits et services que nous mettons \u00e0 votre disposition ou pour recevoir des informations sur les promotions et les contenus qui vous int\u00e9ressent. <\/p><p>Le fait de naviguer et de poursuivre sur notre site web sans avoir effectu\u00e9 une action affirmative claire par laquelle vous donnez votre consentement libre et \u00e9clair\u00e9, n&rsquo;impliquera pas le consentement aux cookies utilis\u00e9s sur ce site web, c&rsquo;est-\u00e0-dire que la simple activit\u00e9  <strong>de l&rsquo;utilisateur<\/strong> Le consentement de l&rsquo;utilisateur n&rsquo;implique pas la fourniture d&rsquo;un consentement en soi, ni la consultation de la deuxi\u00e8me couche de la politique en mati\u00e8re de cookies, ni la navigation n\u00e9cessaire pour que l&rsquo;utilisateur puisse acc\u00e9der au site. <strong>l&rsquo;utilisateur<\/strong> g\u00e9rer ses pr\u00e9f\u00e9rences en mati\u00e8re de cookies, sans que ces situations ne constituent un comportement actif \u00e0 partir duquel l&rsquo;acceptation des cookies pour lesquels le consentement est requis peut \u00eatre d\u00e9riv\u00e9e.<\/p>\t\t\t\t\t\t\t\t<\/div>\n\t\t\t\t<\/div>\n\t\t\t\t\t<\/div>\n\t\t<\/div>\n\t\t\t\t\t<\/div>\n\t\t<\/section>\n\t\t\t\t<\/div>\n\t\t","protected":false},"excerpt":{"rendered":"<p>Sur Mare Terra Coffee S.L., nous utilisons des cookies afin de vous offrir un meilleur service et une meilleure exp\u00e9rience de navigation. Nous souhaitons vous informer de mani\u00e8re claire et pr\u00e9cise sur les cookies que nous utilisons, en d\u00e9taillant ci-dessous ce qu&rsquo;est un cookie, \u00e0 quoi il sert, quels types de cookies nous utilisons, quels [&hellip;]<\/p>\n","protected":false},"author":1,"featured_media":0,"parent":0,"menu_order":0,"comment_status":"closed","ping_status":"closed","template":"","meta":{"_acf_changed":false,"footnotes":""},"class_list":["post-16158","page","type-page","status-publish","hentry"],"acf":[],"yoast_head":"<!-- This site is optimized with the Yoast SEO plugin v27.2 - https:\/\/yoast.com\/product\/yoast-seo-wordpress\/ -->\n<title>Politique en mati\u00e8re de cookies - Mare Terra<\/title>\n<meta name=\"description\" content=\"Politique en mati\u00e8re de cookies Mare Terra Coffee S.L.\" \/>\n<meta name=\"robots\" content=\"index, follow, max-snippet:-1, max-image-preview:large, max-video-preview:-1\" \/>\n<link rel=\"canonical\" href=\"https:\/\/mareterracoffee.com\/fr\/politique-cookies\/\" \/>\n<meta property=\"og:locale\" content=\"fr_FR\" \/>\n<meta property=\"og:type\" content=\"article\" \/>\n<meta property=\"og:title\" content=\"Politique en mati\u00e8re de cookies - Mare Terra\" \/>\n<meta property=\"og:description\" content=\"Politique en mati\u00e8re de cookies Mare Terra Coffee S.L.\" \/>\n<meta property=\"og:url\" content=\"https:\/\/mareterracoffee.com\/fr\/politique-cookies\/\" \/>\n<meta property=\"og:site_name\" content=\"Mare Terra\" \/>\n<meta property=\"article:modified_time\" content=\"2025-05-20T08:29:48+00:00\" \/>\n<meta name=\"twitter:card\" content=\"summary_large_image\" \/>\n<meta name=\"twitter:label1\" content=\"Dur\u00e9e de lecture estim\u00e9e\" \/>\n\t<meta name=\"twitter:data1\" content=\"10 minutes\" \/>\n<script type=\"application\/ld+json\" class=\"yoast-schema-graph\">{\"@context\":\"https:\/\/schema.org\",\"@graph\":[{\"@type\":\"WebPage\",\"@id\":\"https:\/\/mareterracoffee.com\/fr\/politique-cookies\/\",\"url\":\"https:\/\/mareterracoffee.com\/fr\/politique-cookies\/\",\"name\":\"Politique en mati\u00e8re de cookies - Mare Terra\",\"isPartOf\":{\"@id\":\"https:\/\/mareterracoffee.com\/fr\/#website\"},\"datePublished\":\"2021-12-28T15:29:01+00:00\",\"dateModified\":\"2025-05-20T08:29:48+00:00\",\"description\":\"Politique en mati\u00e8re de cookies Mare Terra Coffee S.L.\",\"breadcrumb\":{\"@id\":\"https:\/\/mareterracoffee.com\/fr\/politique-cookies\/#breadcrumb\"},\"inLanguage\":\"fr-FR\",\"potentialAction\":[{\"@type\":\"ReadAction\",\"target\":[\"https:\/\/mareterracoffee.com\/fr\/politique-cookies\/\"]}]},{\"@type\":\"BreadcrumbList\",\"@id\":\"https:\/\/mareterracoffee.com\/fr\/politique-cookies\/#breadcrumb\",\"itemListElement\":[{\"@type\":\"ListItem\",\"position\":1,\"name\":\"Portada\",\"item\":\"https:\/\/mareterracoffee.com\/fr\/home\/\"},{\"@type\":\"ListItem\",\"position\":2,\"name\":\"Politique en mati\u00e8re de cookies\"}]},{\"@type\":\"WebSite\",\"@id\":\"https:\/\/mareterracoffee.com\/fr\/#website\",\"url\":\"https:\/\/mareterracoffee.com\/fr\/\",\"name\":\"Mare Terra\",\"description\":\"Importateur \/ Exportateur de caf\u00e9 vert\",\"publisher\":{\"@id\":\"https:\/\/mareterracoffee.com\/fr\/#organization\"},\"potentialAction\":[{\"@type\":\"SearchAction\",\"target\":{\"@type\":\"EntryPoint\",\"urlTemplate\":\"https:\/\/mareterracoffee.com\/fr\/?s={search_term_string}\"},\"query-input\":{\"@type\":\"PropertyValueSpecification\",\"valueRequired\":true,\"valueName\":\"search_term_string\"}}],\"inLanguage\":\"fr-FR\"},{\"@type\":\"Organization\",\"@id\":\"https:\/\/mareterracoffee.com\/fr\/#organization\",\"name\":\"Mare Terra\",\"url\":\"https:\/\/mareterracoffee.com\/fr\/\",\"logo\":{\"@type\":\"ImageObject\",\"inLanguage\":\"fr-FR\",\"@id\":\"https:\/\/mareterracoffee.com\/fr\/#\/schema\/logo\/image\/\",\"url\":\"https:\/\/mareterracoffee.com\/wp-content\/uploads\/2023\/06\/marre-terra-1.svg\",\"contentUrl\":\"https:\/\/mareterracoffee.com\/wp-content\/uploads\/2023\/06\/marre-terra-1.svg\",\"width\":229,\"height\":52,\"caption\":\"Mare Terra\"},\"image\":{\"@id\":\"https:\/\/mareterracoffee.com\/fr\/#\/schema\/logo\/image\/\"}}]}<\/script>\n<!-- \/ Yoast SEO plugin. -->","yoast_head_json":{"title":"Politique en mati\u00e8re de cookies - Mare Terra","description":"Politique en mati\u00e8re de cookies Mare Terra Coffee S.L.","robots":{"index":"index","follow":"follow","max-snippet":"max-snippet:-1","max-image-preview":"max-image-preview:large","max-video-preview":"max-video-preview:-1"},"canonical":"https:\/\/mareterracoffee.com\/fr\/politique-cookies\/","og_locale":"fr_FR","og_type":"article","og_title":"Politique en mati\u00e8re de cookies - Mare Terra","og_description":"Politique en mati\u00e8re de cookies Mare Terra Coffee S.L.","og_url":"https:\/\/mareterracoffee.com\/fr\/politique-cookies\/","og_site_name":"Mare Terra","article_modified_time":"2025-05-20T08:29:48+00:00","twitter_card":"summary_large_image","twitter_misc":{"Dur\u00e9e de lecture estim\u00e9e":"10 minutes"},"schema":{"@context":"https:\/\/schema.org","@graph":[{"@type":"WebPage","@id":"https:\/\/mareterracoffee.com\/fr\/politique-cookies\/","url":"https:\/\/mareterracoffee.com\/fr\/politique-cookies\/","name":"Politique en mati\u00e8re de cookies - Mare Terra","isPartOf":{"@id":"https:\/\/mareterracoffee.com\/fr\/#website"},"datePublished":"2021-12-28T15:29:01+00:00","dateModified":"2025-05-20T08:29:48+00:00","description":"Politique en mati\u00e8re de cookies Mare Terra Coffee S.L.","breadcrumb":{"@id":"https:\/\/mareterracoffee.com\/fr\/politique-cookies\/#breadcrumb"},"inLanguage":"fr-FR","potentialAction":[{"@type":"ReadAction","target":["https:\/\/mareterracoffee.com\/fr\/politique-cookies\/"]}]},{"@type":"BreadcrumbList","@id":"https:\/\/mareterracoffee.com\/fr\/politique-cookies\/#breadcrumb","itemListElement":[{"@type":"ListItem","position":1,"name":"Portada","item":"https:\/\/mareterracoffee.com\/fr\/home\/"},{"@type":"ListItem","position":2,"name":"Politique en mati\u00e8re de cookies"}]},{"@type":"WebSite","@id":"https:\/\/mareterracoffee.com\/fr\/#website","url":"https:\/\/mareterracoffee.com\/fr\/","name":"Mare Terra","description":"Importateur \/ Exportateur de caf\u00e9 vert","publisher":{"@id":"https:\/\/mareterracoffee.com\/fr\/#organization"},"potentialAction":[{"@type":"SearchAction","target":{"@type":"EntryPoint","urlTemplate":"https:\/\/mareterracoffee.com\/fr\/?s={search_term_string}"},"query-input":{"@type":"PropertyValueSpecification","valueRequired":true,"valueName":"search_term_string"}}],"inLanguage":"fr-FR"},{"@type":"Organization","@id":"https:\/\/mareterracoffee.com\/fr\/#organization","name":"Mare Terra","url":"https:\/\/mareterracoffee.com\/fr\/","logo":{"@type":"ImageObject","inLanguage":"fr-FR","@id":"https:\/\/mareterracoffee.com\/fr\/#\/schema\/logo\/image\/","url":"https:\/\/mareterracoffee.com\/wp-content\/uploads\/2023\/06\/marre-terra-1.svg","contentUrl":"https:\/\/mareterracoffee.com\/wp-content\/uploads\/2023\/06\/marre-terra-1.svg","width":229,"height":52,"caption":"Mare Terra"},"image":{"@id":"https:\/\/mareterracoffee.com\/fr\/#\/schema\/logo\/image\/"}}]}},"_links":{"self":[{"href":"https:\/\/mareterracoffee.com\/fr\/wp-json\/wp\/v2\/pages\/16158","targetHints":{"allow":["GET"]}}],"collection":[{"href":"https:\/\/mareterracoffee.com\/fr\/wp-json\/wp\/v2\/pages"}],"about":[{"href":"https:\/\/mareterracoffee.com\/fr\/wp-json\/wp\/v2\/types\/page"}],"author":[{"embeddable":true,"href":"https:\/\/mareterracoffee.com\/fr\/wp-json\/wp\/v2\/users\/1"}],"replies":[{"embeddable":true,"href":"https:\/\/mareterracoffee.com\/fr\/wp-json\/wp\/v2\/comments?post=16158"}],"version-history":[{"count":3,"href":"https:\/\/mareterracoffee.com\/fr\/wp-json\/wp\/v2\/pages\/16158\/revisions"}],"predecessor-version":[{"id":148256,"href":"https:\/\/mareterracoffee.com\/fr\/wp-json\/wp\/v2\/pages\/16158\/revisions\/148256"}],"wp:attachment":[{"href":"https:\/\/mareterracoffee.com\/fr\/wp-json\/wp\/v2\/media?parent=16158"}],"curies":[{"name":"wp","href":"https:\/\/api.w.org\/{rel}","templated":true}]}}