{"id":17389,"date":"2021-12-28T15:47:39","date_gmt":"2021-12-28T14:47:39","guid":{"rendered":"https:\/\/mareterracoffee.com\/contact-2\/"},"modified":"2025-09-08T11:39:27","modified_gmt":"2025-09-08T09:39:27","slug":"contact","status":"publish","type":"page","link":"https:\/\/mareterracoffee.com\/fr\/contact\/","title":{"rendered":"Contact"},"content":{"rendered":"\t\t<div data-elementor-type=\"wp-page\" data-elementor-id=\"17389\" class=\"elementor elementor-17389 elementor-6752\" data-elementor-post-type=\"page\">\n\t\t\t\t\t\t<section class=\"elementor-section elementor-top-section elementor-element elementor-element-d99328a elementor-section-full_width elementor-section-height-default elementor-section-height-default\" data-id=\"d99328a\" data-element_type=\"section\" data-e-type=\"section\" data-settings=\"{&quot;background_background&quot;:&quot;classic&quot;,&quot;background_motion_fx_motion_fx_mouse&quot;:&quot;yes&quot;,&quot;animation&quot;:&quot;none&quot;}\">\n\t\t\t\t\t\t<div class=\"elementor-container elementor-column-gap-default\">\n\t\t\t\t\t<div class=\"elementor-column elementor-col-50 elementor-top-column elementor-element elementor-element-a1a3cf5\" data-id=\"a1a3cf5\" data-element_type=\"column\" data-e-type=\"column\">\n\t\t\t<div class=\"elementor-widget-wrap elementor-element-populated\">\n\t\t\t\t\t\t<div class=\"elementor-element elementor-element-639466b elementor-widget elementor-widget-heading\" data-id=\"639466b\" data-element_type=\"widget\" data-e-type=\"widget\" data-widget_type=\"heading.default\">\n\t\t\t\t<div class=\"elementor-widget-container\">\n\t\t\t\t\t<h4 class=\"elementor-heading-title elementor-size-default\">Vous avez des doutes ? Parlons-en <\/h4>\t\t\t\t<\/div>\n\t\t\t\t<\/div>\n\t\t\t\t<div class=\"elementor-element elementor-element-d70b2e3 elementor-widget elementor-widget-text-editor\" data-id=\"d70b2e3\" data-element_type=\"widget\" data-e-type=\"widget\" data-widget_type=\"text-editor.default\">\n\t\t\t\t<div class=\"elementor-widget-container\">\n\t\t\t\t\t\t\t\t\t<p>Salut!<\/p><p>Nous sommes heureux que vous souhaitiez prendre contact avec nous. Chez Mare Terra Coffee, nous sommes passionn\u00e9s par le caf\u00e9 vert et nous nous engageons \u00e0 vous offrir la meilleure qualit\u00e9. <\/p><p>Si vous avez des questions, des commentaires ou si vous souhaitez simplement en savoir plus sur nos caf\u00e9s, n&rsquo;h\u00e9sitez pas \u00e0 nous \u00e9crire. Notre \u00e9quipe est l\u00e0 pour vous aider et vous fournir toutes les informations dont vous avez besoin.<\/p><p data-start=\"462\" data-end=\"564\">Pour toute demande de renseignements, vous pouvez remplir notre formulaire de contact et nous vous r\u00e9pondrons dans les plus brefs d\u00e9lais.<\/p><p data-start=\"566\" data-end=\"703\">Si vous souhaitez vous inscrire dans notre Boutique, veuillez utiliser le <a href=\"https:\/\/mareterracoffee.com\/fr\/enregistrer\/\"><strong data-start=\"648\" data-end=\"674\">formulaire d&rsquo;inscription<\/strong><\/a> disponible sur notre site web. <\/p>\t\t\t\t\t\t\t\t<\/div>\n\t\t\t\t<\/div>\n\t\t\t\t\t<\/div>\n\t\t<\/div>\n\t\t\t\t<div class=\"elementor-column elementor-col-50 elementor-top-column elementor-element elementor-element-2ffb7f5\" data-id=\"2ffb7f5\" data-element_type=\"column\" data-e-type=\"column\">\n\t\t\t<div class=\"elementor-widget-wrap elementor-element-populated\">\n\t\t\t\t\t\t<div class=\"elementor-element elementor-element-98335d8 elementor-widget elementor-widget-shortcode\" data-id=\"98335d8\" data-element_type=\"widget\" data-e-type=\"widget\" data-widget_type=\"shortcode.default\">\n\t\t\t\t<div class=\"elementor-widget-container\">\n\t\t\t\t\t<script id='formScript3139119000054770196' src='https:\/\/crm.zoho.com\/crm\/WebFormServeServlet?rid=d1adfd5d528c7222bff6bdc94d5268b7affd870f47175cf0ccc31f11f4adb1acgidbe06706fab4cfa4241f9ef97265771033f31bf28d2af57eee18d37c3ac0ed390&amp;script=$sYG'><\/script>\t\t<div class=\"elementor-shortcode\">\n\n<\/div>\n\t\t\t\t\t\t<\/div>\n\t\t\t\t<\/div>\n\t\t\t\t\t<\/div>\n\t\t<\/div>\n\t\t\t\t\t<\/div>\n\t\t<\/section>\n\t\t\t\t<section class=\"elementor-section elementor-top-section elementor-element elementor-element-49db084 elementor-section-full_width elementor-section-height-default elementor-section-height-default\" data-id=\"49db084\" data-element_type=\"section\" data-e-type=\"section\" id=\"contacte\" data-settings=\"{&quot;background_background&quot;:&quot;classic&quot;,&quot;background_motion_fx_motion_fx_mouse&quot;:&quot;yes&quot;,&quot;animation&quot;:&quot;none&quot;}\">\n\t\t\t\t\t\t<div class=\"elementor-container elementor-column-gap-default\">\n\t\t\t\t\t<div class=\"elementor-column elementor-col-50 elementor-top-column elementor-element elementor-element-688711f\" data-id=\"688711f\" data-element_type=\"column\" data-e-type=\"column\">\n\t\t\t<div class=\"elementor-widget-wrap elementor-element-populated\">\n\t\t\t\t\t\t<div class=\"elementor-element elementor-element-f355188 elementor-widget elementor-widget-heading\" data-id=\"f355188\" data-element_type=\"widget\" data-e-type=\"widget\" data-widget_type=\"heading.default\">\n\t\t\t\t<div class=\"elementor-widget-container\">\n\t\t\t\t\t<h4 class=\"elementor-heading-title elementor-size-default\">Mare Terra Coffee<\/h4>\t\t\t\t<\/div>\n\t\t\t\t<\/div>\n\t\t\t\t<div class=\"elementor-element elementor-element-976ad80 elementor-widget elementor-widget-text-editor\" data-id=\"976ad80\" data-element_type=\"widget\" data-e-type=\"widget\" data-widget_type=\"text-editor.default\">\n\t\t\t\t<div class=\"elementor-widget-container\">\n\t\t\t\t\t\t\t\t\t<p><br><br>T<strong>\u00e9l\u00e9phone :<\/strong> <a href=\"tel:34936363947\">(+34) 936 363 947<\/a><strong>Courriel :<\/strong> <a href=\"mailto:info@mareterracoffee.com\">info@mareterracoffee.com<\/a><strong>Heures d&rsquo;<\/strong><strong>ouverture : <\/strong>du lundi au jeudi de 09h00 \u00e0 18h00 et le vendredi de 09h00 \u00e0 14h30.<\/p>\t\t\t\t\t\t\t\t<\/div>\n\t\t\t\t<\/div>\n\t\t\t\t<div class=\"elementor-element elementor-element-28dddb4 elementor-hidden-desktop elementor-hidden-tablet elementor-hidden-mobile elementor-widget elementor-widget-text-editor\" data-id=\"28dddb4\" data-element_type=\"widget\" data-e-type=\"widget\" data-widget_type=\"text-editor.default\">\n\t\t\t\t<div class=\"elementor-widget-container\">\n\t\t\t\t\t\t\t\t\t<p><strong>T\u00e9l\u00e9phone :<\/strong> <a href=\"tel:34936363947\">(+34) 936 363 947<\/a><br><strong>Courriel :<\/strong> <a href=\"mailto:info@mareterracoffee.com\">info@mareterracoffee.com<\/a><br><strong>Horaires d&rsquo;\u00e9t\u00e9 : <\/strong>du lundi au jeudi de 09h00 \u00e0 15h00 et le vendredi de 09h00 \u00e0 14h30 jusqu&rsquo;au 5 septembre.&nbsp;<\/p>\n<p><\/p>\n<div>&nbsp;<\/div>\t\t\t\t\t\t\t\t<\/div>\n\t\t\t\t<\/div>\n\t\t\t\t\t<\/div>\n\t\t<\/div>\n\t\t\t\t<div class=\"elementor-column elementor-col-50 elementor-top-column elementor-element elementor-element-1595d19\" data-id=\"1595d19\" data-element_type=\"column\" data-e-type=\"column\">\n\t\t\t<div class=\"elementor-widget-wrap elementor-element-populated\">\n\t\t\t\t\t\t<div class=\"elementor-element elementor-element-0b99451 elementor-widget elementor-widget-heading\" data-id=\"0b99451\" data-element_type=\"widget\" data-e-type=\"widget\" data-widget_type=\"heading.default\">\n\t\t\t\t<div class=\"elementor-widget-container\">\n\t\t\t\t\t<h4 class=\"elementor-heading-title elementor-size-default\">Des bureaux<\/h4>\t\t\t\t<\/div>\n\t\t\t\t<\/div>\n\t\t\t\t<div class=\"elementor-element elementor-element-38fd0ee elementor-widget elementor-widget-text-editor\" data-id=\"38fd0ee\" data-element_type=\"widget\" data-e-type=\"widget\" data-widget_type=\"text-editor.default\">\n\t\t\t\t<div class=\"elementor-widget-container\">\n\t\t\t\t\t\t\t\t\t<p><b><a href=\"https:\/\/goo.gl\/maps\/XpMswiWfsr6jwPZ7A\">Universit\u00e9 polytechnique de Catalogne<\/a><br><\/b>Campus Baix Llobregat.<br>Edifici RDIT &#8211; Salles 309 \/ 10 \/ 11. Esteve Terras, 1 &#8211; 08860 Castelldefels (Barcelona) <\/p>\t\t\t\t\t\t\t\t<\/div>\n\t\t\t\t<\/div>\n\t\t\t\t\t<\/div>\n\t\t<\/div>\n\t\t\t\t\t<\/div>\n\t\t<\/section>\n\t\t\t\t<\/div>\n\t\t","protected":false},"excerpt":{"rendered":"<p>Vous avez des doutes ? Parlons-en Salut! Nous sommes heureux que vous souhaitiez prendre contact avec nous. Chez Mare Terra Coffee, nous sommes passionn\u00e9s par le caf\u00e9 vert et nous nous engageons \u00e0 vous offrir la meilleure qualit\u00e9. Si vous avez des questions, des commentaires ou si vous souhaitez simplement en savoir plus sur nos [&hellip;]<\/p>\n","protected":false},"author":1,"featured_media":0,"parent":0,"menu_order":0,"comment_status":"closed","ping_status":"closed","template":"","meta":{"_acf_changed":false,"footnotes":""},"class_list":["post-17389","page","type-page","status-publish","hentry"],"acf":[],"yoast_head":"<!-- This site is optimized with the Yoast SEO plugin v27.2 - https:\/\/yoast.com\/product\/yoast-seo-wordpress\/ -->\n<title>Contact - Mare Terra<\/title>\n<meta name=\"description\" content=\"Nous contacter. Notre \u00e9quipe de service des r\u00f4tisseurs travaille pour vous servir.\" \/>\n<meta name=\"robots\" content=\"index, follow, max-snippet:-1, max-image-preview:large, max-video-preview:-1\" \/>\n<link rel=\"canonical\" href=\"https:\/\/mareterracoffee.com\/fr\/contact\/\" \/>\n<meta property=\"og:locale\" content=\"fr_FR\" \/>\n<meta property=\"og:type\" content=\"article\" \/>\n<meta property=\"og:title\" content=\"Contact - Mare Terra\" \/>\n<meta property=\"og:description\" content=\"Nous contacter. Notre \u00e9quipe de service des r\u00f4tisseurs travaille pour vous servir.\" \/>\n<meta property=\"og:url\" content=\"https:\/\/mareterracoffee.com\/fr\/contact\/\" \/>\n<meta property=\"og:site_name\" content=\"Mare Terra\" \/>\n<meta property=\"article:modified_time\" content=\"2025-09-08T09:39:27+00:00\" \/>\n<meta name=\"twitter:card\" content=\"summary_large_image\" \/>\n<meta name=\"twitter:label1\" content=\"Dur\u00e9e de lecture estim\u00e9e\" \/>\n\t<meta name=\"twitter:data1\" content=\"1 minute\" \/>\n<script type=\"application\/ld+json\" class=\"yoast-schema-graph\">{\"@context\":\"https:\/\/schema.org\",\"@graph\":[{\"@type\":\"WebPage\",\"@id\":\"https:\/\/mareterracoffee.com\/fr\/contact\/\",\"url\":\"https:\/\/mareterracoffee.com\/fr\/contact\/\",\"name\":\"Contact - Mare Terra\",\"isPartOf\":{\"@id\":\"https:\/\/mareterracoffee.com\/fr\/#website\"},\"datePublished\":\"2021-12-28T14:47:39+00:00\",\"dateModified\":\"2025-09-08T09:39:27+00:00\",\"description\":\"Nous contacter. Notre \u00e9quipe de service des r\u00f4tisseurs travaille pour vous servir.\",\"breadcrumb\":{\"@id\":\"https:\/\/mareterracoffee.com\/fr\/contact\/#breadcrumb\"},\"inLanguage\":\"fr-FR\",\"potentialAction\":[{\"@type\":\"ReadAction\",\"target\":[\"https:\/\/mareterracoffee.com\/fr\/contact\/\"]}]},{\"@type\":\"BreadcrumbList\",\"@id\":\"https:\/\/mareterracoffee.com\/fr\/contact\/#breadcrumb\",\"itemListElement\":[{\"@type\":\"ListItem\",\"position\":1,\"name\":\"Portada\",\"item\":\"https:\/\/mareterracoffee.com\/fr\/home\/\"},{\"@type\":\"ListItem\",\"position\":2,\"name\":\"Contact\"}]},{\"@type\":\"WebSite\",\"@id\":\"https:\/\/mareterracoffee.com\/fr\/#website\",\"url\":\"https:\/\/mareterracoffee.com\/fr\/\",\"name\":\"Mare Terra\",\"description\":\"Importateur \/ Exportateur de caf\u00e9 vert\",\"publisher\":{\"@id\":\"https:\/\/mareterracoffee.com\/fr\/#organization\"},\"potentialAction\":[{\"@type\":\"SearchAction\",\"target\":{\"@type\":\"EntryPoint\",\"urlTemplate\":\"https:\/\/mareterracoffee.com\/fr\/?s={search_term_string}\"},\"query-input\":{\"@type\":\"PropertyValueSpecification\",\"valueRequired\":true,\"valueName\":\"search_term_string\"}}],\"inLanguage\":\"fr-FR\"},{\"@type\":\"Organization\",\"@id\":\"https:\/\/mareterracoffee.com\/fr\/#organization\",\"name\":\"Mare Terra\",\"url\":\"https:\/\/mareterracoffee.com\/fr\/\",\"logo\":{\"@type\":\"ImageObject\",\"inLanguage\":\"fr-FR\",\"@id\":\"https:\/\/mareterracoffee.com\/fr\/#\/schema\/logo\/image\/\",\"url\":\"https:\/\/mareterracoffee.com\/wp-content\/uploads\/2023\/06\/marre-terra-1.svg\",\"contentUrl\":\"https:\/\/mareterracoffee.com\/wp-content\/uploads\/2023\/06\/marre-terra-1.svg\",\"width\":229,\"height\":52,\"caption\":\"Mare Terra\"},\"image\":{\"@id\":\"https:\/\/mareterracoffee.com\/fr\/#\/schema\/logo\/image\/\"}}]}<\/script>\n<!-- \/ Yoast SEO plugin. -->","yoast_head_json":{"title":"Contact - Mare Terra","description":"Nous contacter. Notre \u00e9quipe de service des r\u00f4tisseurs travaille pour vous servir.","robots":{"index":"index","follow":"follow","max-snippet":"max-snippet:-1","max-image-preview":"max-image-preview:large","max-video-preview":"max-video-preview:-1"},"canonical":"https:\/\/mareterracoffee.com\/fr\/contact\/","og_locale":"fr_FR","og_type":"article","og_title":"Contact - Mare Terra","og_description":"Nous contacter. Notre \u00e9quipe de service des r\u00f4tisseurs travaille pour vous servir.","og_url":"https:\/\/mareterracoffee.com\/fr\/contact\/","og_site_name":"Mare Terra","article_modified_time":"2025-09-08T09:39:27+00:00","twitter_card":"summary_large_image","twitter_misc":{"Dur\u00e9e de lecture estim\u00e9e":"1 minute"},"schema":{"@context":"https:\/\/schema.org","@graph":[{"@type":"WebPage","@id":"https:\/\/mareterracoffee.com\/fr\/contact\/","url":"https:\/\/mareterracoffee.com\/fr\/contact\/","name":"Contact - Mare Terra","isPartOf":{"@id":"https:\/\/mareterracoffee.com\/fr\/#website"},"datePublished":"2021-12-28T14:47:39+00:00","dateModified":"2025-09-08T09:39:27+00:00","description":"Nous contacter. Notre \u00e9quipe de service des r\u00f4tisseurs travaille pour vous servir.","breadcrumb":{"@id":"https:\/\/mareterracoffee.com\/fr\/contact\/#breadcrumb"},"inLanguage":"fr-FR","potentialAction":[{"@type":"ReadAction","target":["https:\/\/mareterracoffee.com\/fr\/contact\/"]}]},{"@type":"BreadcrumbList","@id":"https:\/\/mareterracoffee.com\/fr\/contact\/#breadcrumb","itemListElement":[{"@type":"ListItem","position":1,"name":"Portada","item":"https:\/\/mareterracoffee.com\/fr\/home\/"},{"@type":"ListItem","position":2,"name":"Contact"}]},{"@type":"WebSite","@id":"https:\/\/mareterracoffee.com\/fr\/#website","url":"https:\/\/mareterracoffee.com\/fr\/","name":"Mare Terra","description":"Importateur \/ Exportateur de caf\u00e9 vert","publisher":{"@id":"https:\/\/mareterracoffee.com\/fr\/#organization"},"potentialAction":[{"@type":"SearchAction","target":{"@type":"EntryPoint","urlTemplate":"https:\/\/mareterracoffee.com\/fr\/?s={search_term_string}"},"query-input":{"@type":"PropertyValueSpecification","valueRequired":true,"valueName":"search_term_string"}}],"inLanguage":"fr-FR"},{"@type":"Organization","@id":"https:\/\/mareterracoffee.com\/fr\/#organization","name":"Mare Terra","url":"https:\/\/mareterracoffee.com\/fr\/","logo":{"@type":"ImageObject","inLanguage":"fr-FR","@id":"https:\/\/mareterracoffee.com\/fr\/#\/schema\/logo\/image\/","url":"https:\/\/mareterracoffee.com\/wp-content\/uploads\/2023\/06\/marre-terra-1.svg","contentUrl":"https:\/\/mareterracoffee.com\/wp-content\/uploads\/2023\/06\/marre-terra-1.svg","width":229,"height":52,"caption":"Mare Terra"},"image":{"@id":"https:\/\/mareterracoffee.com\/fr\/#\/schema\/logo\/image\/"}}]}},"_links":{"self":[{"href":"https:\/\/mareterracoffee.com\/fr\/wp-json\/wp\/v2\/pages\/17389","targetHints":{"allow":["GET"]}}],"collection":[{"href":"https:\/\/mareterracoffee.com\/fr\/wp-json\/wp\/v2\/pages"}],"about":[{"href":"https:\/\/mareterracoffee.com\/fr\/wp-json\/wp\/v2\/types\/page"}],"author":[{"embeddable":true,"href":"https:\/\/mareterracoffee.com\/fr\/wp-json\/wp\/v2\/users\/1"}],"replies":[{"embeddable":true,"href":"https:\/\/mareterracoffee.com\/fr\/wp-json\/wp\/v2\/comments?post=17389"}],"version-history":[{"count":4,"href":"https:\/\/mareterracoffee.com\/fr\/wp-json\/wp\/v2\/pages\/17389\/revisions"}],"predecessor-version":[{"id":151454,"href":"https:\/\/mareterracoffee.com\/fr\/wp-json\/wp\/v2\/pages\/17389\/revisions\/151454"}],"wp:attachment":[{"href":"https:\/\/mareterracoffee.com\/fr\/wp-json\/wp\/v2\/media?parent=17389"}],"curies":[{"name":"wp","href":"https:\/\/api.w.org\/{rel}","templated":true}]}}