{"id":150642,"date":"2025-07-30T10:51:15","date_gmt":"2025-07-30T08:51:15","guid":{"rendered":"https:\/\/mareterracoffee.com\/non%20class\u00e9\/propus-ana_pro4767\/"},"modified":"2026-04-14T15:57:42","modified_gmt":"2026-04-14T13:57:42","slug":"propus-ana_pro4767","status":"publish","type":"product","link":"https:\/\/mareterracoffee.com\/fr\/cafe-vert\/propus-ana_pro4767\/","title":{"rendered":"Propus ANA"},"content":{"rendered":"","protected":false},"excerpt":{"rendered":"","protected":false},"featured_media":153880,"template":"","meta":{"_acf_changed":false},"product_brand":[],"product_cat":[169],"product_tag":[],"pa_variedad":[645],"coffee_warehouse":[3160],"class_list":{"0":"post-150642","1":"product","2":"type-product","3":"status-publish","4":"has-post-thumbnail","6":"product_cat-cafe-vert","8":"first","9":"instock","10":"taxable","11":"shipping-taxable","12":"product-type-simple"},"acf":[],"yoast_head":"<!-- This site is optimized with the Yoast SEO plugin v27.2 - https:\/\/yoast.com\/product\/yoast-seo-wordpress\/ -->\n<title>Propus ANA - Mare Terra<\/title>\n<meta name=\"description\" content=\"Caf\u00e9 vert de Colombie, au profil fruit\u00e9 avec comme descripteur cl\u00e9 orange. De la gamme Constellations et \u00e9labor\u00e9 selon le proc\u00e9d\u00e9 DF Washed, SCA 86.\" \/>\n<meta name=\"robots\" content=\"index, follow, max-snippet:-1, max-image-preview:large, max-video-preview:-1\" \/>\n<link rel=\"canonical\" href=\"https:\/\/mareterracoffee.com\/fr\/cafe-vert\/propus-ana_pro4767\/\" \/>\n<meta property=\"og:locale\" content=\"fr_FR\" \/>\n<meta property=\"og:type\" content=\"article\" \/>\n<meta property=\"og:title\" content=\"Propus ANA - Mare Terra\" \/>\n<meta property=\"og:description\" content=\"Caf\u00e9 vert de Colombie, au profil fruit\u00e9 avec comme descripteur cl\u00e9 orange. De la gamme Constellations et \u00e9labor\u00e9 selon le proc\u00e9d\u00e9 DF Washed, SCA 86.\" \/>\n<meta property=\"og:url\" content=\"https:\/\/mareterracoffee.com\/fr\/cafe-vert\/propus-ana_pro4767\/\" \/>\n<meta property=\"og:site_name\" content=\"Mare Terra\" \/>\n<meta property=\"article:modified_time\" content=\"2026-04-14T13:57:42+00:00\" \/>\n<meta name=\"twitter:card\" content=\"summary_large_image\" \/>\n<script type=\"application\/ld+json\" class=\"yoast-schema-graph\">{\"@context\":\"https:\/\/schema.org\",\"@graph\":[{\"@type\":\"WebPage\",\"@id\":\"https:\/\/mareterracoffee.com\/fr\/cafe-vert\/propus-ana_pro4767\/\",\"url\":\"https:\/\/mareterracoffee.com\/fr\/cafe-vert\/propus-ana_pro4767\/\",\"name\":\"Propus ANA - Mare Terra\",\"isPartOf\":{\"@id\":\"https:\/\/mareterracoffee.com\/fr\/#website\"},\"primaryImageOfPage\":{\"@id\":\"https:\/\/mareterracoffee.com\/fr\/cafe-vert\/propus-ana_pro4767\/#primaryimage\"},\"image\":{\"@id\":\"https:\/\/mareterracoffee.com\/fr\/cafe-vert\/propus-ana_pro4767\/#primaryimage\"},\"thumbnailUrl\":\"https:\/\/mareterracoffee.com\/wp-content\/uploads\/2025\/11\/granos-cafe-verde-PRO_4767.jpg\",\"datePublished\":\"2025-07-30T08:51:15+00:00\",\"dateModified\":\"2026-04-14T13:57:42+00:00\",\"description\":\"Caf\u00e9 vert de Colombie, au profil fruit\u00e9 avec comme descripteur cl\u00e9 orange. De la gamme Constellations et \u00e9labor\u00e9 selon le proc\u00e9d\u00e9 DF Washed, SCA 86.\",\"breadcrumb\":{\"@id\":\"https:\/\/mareterracoffee.com\/fr\/cafe-vert\/propus-ana_pro4767\/#breadcrumb\"},\"inLanguage\":\"fr-FR\",\"potentialAction\":[{\"@type\":\"ReadAction\",\"target\":[\"https:\/\/mareterracoffee.com\/fr\/cafe-vert\/propus-ana_pro4767\/\"]}]},{\"@type\":\"ImageObject\",\"inLanguage\":\"fr-FR\",\"@id\":\"https:\/\/mareterracoffee.com\/fr\/cafe-vert\/propus-ana_pro4767\/#primaryimage\",\"url\":\"https:\/\/mareterracoffee.com\/wp-content\/uploads\/2025\/11\/granos-cafe-verde-PRO_4767.jpg\",\"contentUrl\":\"https:\/\/mareterracoffee.com\/wp-content\/uploads\/2025\/11\/granos-cafe-verde-PRO_4767.jpg\",\"width\":800,\"height\":800},{\"@type\":\"BreadcrumbList\",\"@id\":\"https:\/\/mareterracoffee.com\/fr\/cafe-vert\/propus-ana_pro4767\/#breadcrumb\",\"itemListElement\":[{\"@type\":\"ListItem\",\"position\":1,\"name\":\"Portada\",\"item\":\"https:\/\/mareterracoffee.com\/fr\/home\/\"},{\"@type\":\"ListItem\",\"position\":2,\"name\":\"Boutique\",\"item\":\"https:\/\/mareterracoffee.com\/fr\/boutique\/\"},{\"@type\":\"ListItem\",\"position\":3,\"name\":\"Propus ANA\"}]},{\"@type\":\"WebSite\",\"@id\":\"https:\/\/mareterracoffee.com\/fr\/#website\",\"url\":\"https:\/\/mareterracoffee.com\/fr\/\",\"name\":\"Mare Terra\",\"description\":\"Importateur \/ Exportateur de caf\u00e9 vert\",\"publisher\":{\"@id\":\"https:\/\/mareterracoffee.com\/fr\/#organization\"},\"potentialAction\":[{\"@type\":\"SearchAction\",\"target\":{\"@type\":\"EntryPoint\",\"urlTemplate\":\"https:\/\/mareterracoffee.com\/fr\/?s={search_term_string}\"},\"query-input\":{\"@type\":\"PropertyValueSpecification\",\"valueRequired\":true,\"valueName\":\"search_term_string\"}}],\"inLanguage\":\"fr-FR\"},{\"@type\":\"Organization\",\"@id\":\"https:\/\/mareterracoffee.com\/fr\/#organization\",\"name\":\"Mare Terra\",\"url\":\"https:\/\/mareterracoffee.com\/fr\/\",\"logo\":{\"@type\":\"ImageObject\",\"inLanguage\":\"fr-FR\",\"@id\":\"https:\/\/mareterracoffee.com\/fr\/#\/schema\/logo\/image\/\",\"url\":\"https:\/\/mareterracoffee.com\/wp-content\/uploads\/2023\/06\/marre-terra-1.svg\",\"contentUrl\":\"https:\/\/mareterracoffee.com\/wp-content\/uploads\/2023\/06\/marre-terra-1.svg\",\"width\":229,\"height\":52,\"caption\":\"Mare Terra\"},\"image\":{\"@id\":\"https:\/\/mareterracoffee.com\/fr\/#\/schema\/logo\/image\/\"}}]}<\/script>\n<!-- \/ Yoast SEO plugin. -->","yoast_head_json":{"title":"Propus ANA - Mare Terra","description":"Caf\u00e9 vert de Colombie, au profil fruit\u00e9 avec comme descripteur cl\u00e9 orange. De la gamme Constellations et \u00e9labor\u00e9 selon le proc\u00e9d\u00e9 DF Washed, SCA 86.","robots":{"index":"index","follow":"follow","max-snippet":"max-snippet:-1","max-image-preview":"max-image-preview:large","max-video-preview":"max-video-preview:-1"},"canonical":"https:\/\/mareterracoffee.com\/fr\/cafe-vert\/propus-ana_pro4767\/","og_locale":"fr_FR","og_type":"article","og_title":"Propus ANA - Mare Terra","og_description":"Caf\u00e9 vert de Colombie, au profil fruit\u00e9 avec comme descripteur cl\u00e9 orange. De la gamme Constellations et \u00e9labor\u00e9 selon le proc\u00e9d\u00e9 DF Washed, SCA 86.","og_url":"https:\/\/mareterracoffee.com\/fr\/cafe-vert\/propus-ana_pro4767\/","og_site_name":"Mare Terra","article_modified_time":"2026-04-14T13:57:42+00:00","twitter_card":"summary_large_image","schema":{"@context":"https:\/\/schema.org","@graph":[{"@type":"WebPage","@id":"https:\/\/mareterracoffee.com\/fr\/cafe-vert\/propus-ana_pro4767\/","url":"https:\/\/mareterracoffee.com\/fr\/cafe-vert\/propus-ana_pro4767\/","name":"Propus ANA - Mare Terra","isPartOf":{"@id":"https:\/\/mareterracoffee.com\/fr\/#website"},"primaryImageOfPage":{"@id":"https:\/\/mareterracoffee.com\/fr\/cafe-vert\/propus-ana_pro4767\/#primaryimage"},"image":{"@id":"https:\/\/mareterracoffee.com\/fr\/cafe-vert\/propus-ana_pro4767\/#primaryimage"},"thumbnailUrl":"https:\/\/mareterracoffee.com\/wp-content\/uploads\/2025\/11\/granos-cafe-verde-PRO_4767.jpg","datePublished":"2025-07-30T08:51:15+00:00","dateModified":"2026-04-14T13:57:42+00:00","description":"Caf\u00e9 vert de Colombie, au profil fruit\u00e9 avec comme descripteur cl\u00e9 orange. De la gamme Constellations et \u00e9labor\u00e9 selon le proc\u00e9d\u00e9 DF Washed, SCA 86.","breadcrumb":{"@id":"https:\/\/mareterracoffee.com\/fr\/cafe-vert\/propus-ana_pro4767\/#breadcrumb"},"inLanguage":"fr-FR","potentialAction":[{"@type":"ReadAction","target":["https:\/\/mareterracoffee.com\/fr\/cafe-vert\/propus-ana_pro4767\/"]}]},{"@type":"ImageObject","inLanguage":"fr-FR","@id":"https:\/\/mareterracoffee.com\/fr\/cafe-vert\/propus-ana_pro4767\/#primaryimage","url":"https:\/\/mareterracoffee.com\/wp-content\/uploads\/2025\/11\/granos-cafe-verde-PRO_4767.jpg","contentUrl":"https:\/\/mareterracoffee.com\/wp-content\/uploads\/2025\/11\/granos-cafe-verde-PRO_4767.jpg","width":800,"height":800},{"@type":"BreadcrumbList","@id":"https:\/\/mareterracoffee.com\/fr\/cafe-vert\/propus-ana_pro4767\/#breadcrumb","itemListElement":[{"@type":"ListItem","position":1,"name":"Portada","item":"https:\/\/mareterracoffee.com\/fr\/home\/"},{"@type":"ListItem","position":2,"name":"Boutique","item":"https:\/\/mareterracoffee.com\/fr\/boutique\/"},{"@type":"ListItem","position":3,"name":"Propus ANA"}]},{"@type":"WebSite","@id":"https:\/\/mareterracoffee.com\/fr\/#website","url":"https:\/\/mareterracoffee.com\/fr\/","name":"Mare Terra","description":"Importateur \/ Exportateur de caf\u00e9 vert","publisher":{"@id":"https:\/\/mareterracoffee.com\/fr\/#organization"},"potentialAction":[{"@type":"SearchAction","target":{"@type":"EntryPoint","urlTemplate":"https:\/\/mareterracoffee.com\/fr\/?s={search_term_string}"},"query-input":{"@type":"PropertyValueSpecification","valueRequired":true,"valueName":"search_term_string"}}],"inLanguage":"fr-FR"},{"@type":"Organization","@id":"https:\/\/mareterracoffee.com\/fr\/#organization","name":"Mare Terra","url":"https:\/\/mareterracoffee.com\/fr\/","logo":{"@type":"ImageObject","inLanguage":"fr-FR","@id":"https:\/\/mareterracoffee.com\/fr\/#\/schema\/logo\/image\/","url":"https:\/\/mareterracoffee.com\/wp-content\/uploads\/2023\/06\/marre-terra-1.svg","contentUrl":"https:\/\/mareterracoffee.com\/wp-content\/uploads\/2023\/06\/marre-terra-1.svg","width":229,"height":52,"caption":"Mare Terra"},"image":{"@id":"https:\/\/mareterracoffee.com\/fr\/#\/schema\/logo\/image\/"}}]}},"_links":{"self":[{"href":"https:\/\/mareterracoffee.com\/fr\/wp-json\/wp\/v2\/product\/150642","targetHints":{"allow":["GET"]}}],"collection":[{"href":"https:\/\/mareterracoffee.com\/fr\/wp-json\/wp\/v2\/product"}],"about":[{"href":"https:\/\/mareterracoffee.com\/fr\/wp-json\/wp\/v2\/types\/product"}],"wp:featuredmedia":[{"embeddable":true,"href":"https:\/\/mareterracoffee.com\/fr\/wp-json\/wp\/v2\/media\/153880"}],"wp:attachment":[{"href":"https:\/\/mareterracoffee.com\/fr\/wp-json\/wp\/v2\/media?parent=150642"}],"wp:term":[{"taxonomy":"product_brand","embeddable":true,"href":"https:\/\/mareterracoffee.com\/fr\/wp-json\/wp\/v2\/product_brand?post=150642"},{"taxonomy":"product_cat","embeddable":true,"href":"https:\/\/mareterracoffee.com\/fr\/wp-json\/wp\/v2\/product_cat?post=150642"},{"taxonomy":"product_tag","embeddable":true,"href":"https:\/\/mareterracoffee.com\/fr\/wp-json\/wp\/v2\/product_tag?post=150642"},{"taxonomy":"pa_variedad","embeddable":true,"href":"https:\/\/mareterracoffee.com\/fr\/wp-json\/wp\/v2\/pa_variedad?post=150642"},{"taxonomy":"coffee_warehouse","embeddable":true,"href":"https:\/\/mareterracoffee.com\/fr\/wp-json\/wp\/v2\/coffee_warehouse?post=150642"}],"curies":[{"name":"wp","href":"https:\/\/api.w.org\/{rel}","templated":true}]}}