{"id":153757,"date":"2025-11-11T10:05:20","date_gmt":"2025-11-11T09:05:20","guid":{"rendered":"https:\/\/mareterracoffee.com\/non%20class\u00e9\/marfak-fha_pro4619\/"},"modified":"2026-04-01T09:03:44","modified_gmt":"2026-04-01T07:03:44","slug":"marfak-fha_pro4619","status":"publish","type":"product","link":"https:\/\/mareterracoffee.com\/fr\/cafe-vert\/marfak-fha_pro4619\/","title":{"rendered":"Marfak FHA"},"content":{"rendered":"","protected":false},"excerpt":{"rendered":"","protected":false},"featured_media":153276,"template":"","meta":{"_acf_changed":false},"product_brand":[],"product_cat":[169],"product_tag":[],"pa_variedad":[282],"coffee_warehouse":[3160],"class_list":{"0":"post-153757","1":"product","2":"type-product","3":"status-publish","4":"has-post-thumbnail","6":"product_cat-cafe-vert","8":"first","9":"instock","10":"taxable","11":"shipping-taxable","12":"product-type-simple"},"acf":[],"yoast_head":"<!-- This site is optimized with the Yoast SEO plugin v27.2 - https:\/\/yoast.com\/product\/yoast-seo-wordpress\/ -->\n<title>Marfak FHA - Mare Terra<\/title>\n<meta name=\"description\" content=\"Caf\u00e9 vert du Rwanda, profil floral avec note cl\u00e9 raisin blanc. Processus de vanguard DF Washed avec fermentation a\u00e9robie. Score SCA 86,75.\" \/>\n<meta name=\"robots\" content=\"index, follow, max-snippet:-1, max-image-preview:large, max-video-preview:-1\" \/>\n<link rel=\"canonical\" href=\"https:\/\/mareterracoffee.com\/fr\/cafe-vert\/marfak-fha_pro4619\/\" \/>\n<meta property=\"og:locale\" content=\"fr_FR\" \/>\n<meta property=\"og:type\" content=\"article\" \/>\n<meta property=\"og:title\" content=\"Marfak FHA - Mare Terra\" \/>\n<meta property=\"og:description\" content=\"Caf\u00e9 vert du Rwanda, profil floral avec note cl\u00e9 raisin blanc. Processus de vanguard DF Washed avec fermentation a\u00e9robie. Score SCA 86,75.\" \/>\n<meta property=\"og:url\" content=\"https:\/\/mareterracoffee.com\/fr\/cafe-vert\/marfak-fha_pro4619\/\" \/>\n<meta property=\"og:site_name\" content=\"Mare Terra\" \/>\n<meta property=\"article:modified_time\" content=\"2026-04-01T07:03:44+00:00\" \/>\n<meta property=\"og:image\" content=\"https:\/\/mareterracoffee.com\/wp-content\/uploads\/2025\/10\/granos-cafe-verde-PRO_4619.jpg\" \/>\n\t<meta property=\"og:image:width\" content=\"800\" \/>\n\t<meta property=\"og:image:height\" content=\"800\" \/>\n\t<meta property=\"og:image:type\" content=\"image\/jpeg\" \/>\n<meta name=\"twitter:card\" content=\"summary_large_image\" \/>\n<meta name=\"twitter:label1\" content=\"Dur\u00e9e de lecture estim\u00e9e\" \/>\n\t<meta name=\"twitter:data1\" content=\"1 minute\" \/>\n<script type=\"application\/ld+json\" class=\"yoast-schema-graph\">{\"@context\":\"https:\/\/schema.org\",\"@graph\":[{\"@type\":\"WebPage\",\"@id\":\"https:\/\/mareterracoffee.com\/fr\/cafe-vert\/marfak-fha_pro4619\/\",\"url\":\"https:\/\/mareterracoffee.com\/fr\/cafe-vert\/marfak-fha_pro4619\/\",\"name\":\"Marfak FHA - Mare Terra\",\"isPartOf\":{\"@id\":\"https:\/\/mareterracoffee.com\/fr\/#website\"},\"primaryImageOfPage\":{\"@id\":\"https:\/\/mareterracoffee.com\/fr\/cafe-vert\/marfak-fha_pro4619\/#primaryimage\"},\"image\":{\"@id\":\"https:\/\/mareterracoffee.com\/fr\/cafe-vert\/marfak-fha_pro4619\/#primaryimage\"},\"thumbnailUrl\":\"https:\/\/mareterracoffee.com\/wp-content\/uploads\/2025\/10\/granos-cafe-verde-PRO_4619.jpg\",\"datePublished\":\"2025-11-11T09:05:20+00:00\",\"dateModified\":\"2026-04-01T07:03:44+00:00\",\"description\":\"Caf\u00e9 vert du Rwanda, profil floral avec note cl\u00e9 raisin blanc. Processus de vanguard DF Washed avec fermentation a\u00e9robie. Score SCA 86,75.\",\"breadcrumb\":{\"@id\":\"https:\/\/mareterracoffee.com\/fr\/cafe-vert\/marfak-fha_pro4619\/#breadcrumb\"},\"inLanguage\":\"fr-FR\",\"potentialAction\":[{\"@type\":\"ReadAction\",\"target\":[\"https:\/\/mareterracoffee.com\/fr\/cafe-vert\/marfak-fha_pro4619\/\"]}]},{\"@type\":\"ImageObject\",\"inLanguage\":\"fr-FR\",\"@id\":\"https:\/\/mareterracoffee.com\/fr\/cafe-vert\/marfak-fha_pro4619\/#primaryimage\",\"url\":\"https:\/\/mareterracoffee.com\/wp-content\/uploads\/2025\/10\/granos-cafe-verde-PRO_4619.jpg\",\"contentUrl\":\"https:\/\/mareterracoffee.com\/wp-content\/uploads\/2025\/10\/granos-cafe-verde-PRO_4619.jpg\",\"width\":800,\"height\":800},{\"@type\":\"BreadcrumbList\",\"@id\":\"https:\/\/mareterracoffee.com\/fr\/cafe-vert\/marfak-fha_pro4619\/#breadcrumb\",\"itemListElement\":[{\"@type\":\"ListItem\",\"position\":1,\"name\":\"Portada\",\"item\":\"https:\/\/mareterracoffee.com\/fr\/home\/\"},{\"@type\":\"ListItem\",\"position\":2,\"name\":\"Boutique\",\"item\":\"https:\/\/mareterracoffee.com\/fr\/boutique\/\"},{\"@type\":\"ListItem\",\"position\":3,\"name\":\"Marfak FHA\"}]},{\"@type\":\"WebSite\",\"@id\":\"https:\/\/mareterracoffee.com\/fr\/#website\",\"url\":\"https:\/\/mareterracoffee.com\/fr\/\",\"name\":\"Mare Terra\",\"description\":\"Importateur \/ Exportateur de caf\u00e9 vert\",\"publisher\":{\"@id\":\"https:\/\/mareterracoffee.com\/fr\/#organization\"},\"potentialAction\":[{\"@type\":\"SearchAction\",\"target\":{\"@type\":\"EntryPoint\",\"urlTemplate\":\"https:\/\/mareterracoffee.com\/fr\/?s={search_term_string}\"},\"query-input\":{\"@type\":\"PropertyValueSpecification\",\"valueRequired\":true,\"valueName\":\"search_term_string\"}}],\"inLanguage\":\"fr-FR\"},{\"@type\":\"Organization\",\"@id\":\"https:\/\/mareterracoffee.com\/fr\/#organization\",\"name\":\"Mare Terra\",\"url\":\"https:\/\/mareterracoffee.com\/fr\/\",\"logo\":{\"@type\":\"ImageObject\",\"inLanguage\":\"fr-FR\",\"@id\":\"https:\/\/mareterracoffee.com\/fr\/#\/schema\/logo\/image\/\",\"url\":\"https:\/\/mareterracoffee.com\/wp-content\/uploads\/2023\/06\/marre-terra-1.svg\",\"contentUrl\":\"https:\/\/mareterracoffee.com\/wp-content\/uploads\/2023\/06\/marre-terra-1.svg\",\"width\":229,\"height\":52,\"caption\":\"Mare Terra\"},\"image\":{\"@id\":\"https:\/\/mareterracoffee.com\/fr\/#\/schema\/logo\/image\/\"}}]}<\/script>\n<!-- \/ Yoast SEO plugin. -->","yoast_head_json":{"title":"Marfak FHA - Mare Terra","description":"Caf\u00e9 vert du Rwanda, profil floral avec note cl\u00e9 raisin blanc. Processus de vanguard DF Washed avec fermentation a\u00e9robie. Score SCA 86,75.","robots":{"index":"index","follow":"follow","max-snippet":"max-snippet:-1","max-image-preview":"max-image-preview:large","max-video-preview":"max-video-preview:-1"},"canonical":"https:\/\/mareterracoffee.com\/fr\/cafe-vert\/marfak-fha_pro4619\/","og_locale":"fr_FR","og_type":"article","og_title":"Marfak FHA - Mare Terra","og_description":"Caf\u00e9 vert du Rwanda, profil floral avec note cl\u00e9 raisin blanc. Processus de vanguard DF Washed avec fermentation a\u00e9robie. Score SCA 86,75.","og_url":"https:\/\/mareterracoffee.com\/fr\/cafe-vert\/marfak-fha_pro4619\/","og_site_name":"Mare Terra","article_modified_time":"2026-04-01T07:03:44+00:00","og_image":[{"width":800,"height":800,"url":"https:\/\/mareterracoffee.com\/wp-content\/uploads\/2025\/10\/granos-cafe-verde-PRO_4619.jpg","type":"image\/jpeg"}],"twitter_card":"summary_large_image","twitter_misc":{"Dur\u00e9e de lecture estim\u00e9e":"1 minute"},"schema":{"@context":"https:\/\/schema.org","@graph":[{"@type":"WebPage","@id":"https:\/\/mareterracoffee.com\/fr\/cafe-vert\/marfak-fha_pro4619\/","url":"https:\/\/mareterracoffee.com\/fr\/cafe-vert\/marfak-fha_pro4619\/","name":"Marfak FHA - Mare Terra","isPartOf":{"@id":"https:\/\/mareterracoffee.com\/fr\/#website"},"primaryImageOfPage":{"@id":"https:\/\/mareterracoffee.com\/fr\/cafe-vert\/marfak-fha_pro4619\/#primaryimage"},"image":{"@id":"https:\/\/mareterracoffee.com\/fr\/cafe-vert\/marfak-fha_pro4619\/#primaryimage"},"thumbnailUrl":"https:\/\/mareterracoffee.com\/wp-content\/uploads\/2025\/10\/granos-cafe-verde-PRO_4619.jpg","datePublished":"2025-11-11T09:05:20+00:00","dateModified":"2026-04-01T07:03:44+00:00","description":"Caf\u00e9 vert du Rwanda, profil floral avec note cl\u00e9 raisin blanc. Processus de vanguard DF Washed avec fermentation a\u00e9robie. Score SCA 86,75.","breadcrumb":{"@id":"https:\/\/mareterracoffee.com\/fr\/cafe-vert\/marfak-fha_pro4619\/#breadcrumb"},"inLanguage":"fr-FR","potentialAction":[{"@type":"ReadAction","target":["https:\/\/mareterracoffee.com\/fr\/cafe-vert\/marfak-fha_pro4619\/"]}]},{"@type":"ImageObject","inLanguage":"fr-FR","@id":"https:\/\/mareterracoffee.com\/fr\/cafe-vert\/marfak-fha_pro4619\/#primaryimage","url":"https:\/\/mareterracoffee.com\/wp-content\/uploads\/2025\/10\/granos-cafe-verde-PRO_4619.jpg","contentUrl":"https:\/\/mareterracoffee.com\/wp-content\/uploads\/2025\/10\/granos-cafe-verde-PRO_4619.jpg","width":800,"height":800},{"@type":"BreadcrumbList","@id":"https:\/\/mareterracoffee.com\/fr\/cafe-vert\/marfak-fha_pro4619\/#breadcrumb","itemListElement":[{"@type":"ListItem","position":1,"name":"Portada","item":"https:\/\/mareterracoffee.com\/fr\/home\/"},{"@type":"ListItem","position":2,"name":"Boutique","item":"https:\/\/mareterracoffee.com\/fr\/boutique\/"},{"@type":"ListItem","position":3,"name":"Marfak FHA"}]},{"@type":"WebSite","@id":"https:\/\/mareterracoffee.com\/fr\/#website","url":"https:\/\/mareterracoffee.com\/fr\/","name":"Mare Terra","description":"Importateur \/ Exportateur de caf\u00e9 vert","publisher":{"@id":"https:\/\/mareterracoffee.com\/fr\/#organization"},"potentialAction":[{"@type":"SearchAction","target":{"@type":"EntryPoint","urlTemplate":"https:\/\/mareterracoffee.com\/fr\/?s={search_term_string}"},"query-input":{"@type":"PropertyValueSpecification","valueRequired":true,"valueName":"search_term_string"}}],"inLanguage":"fr-FR"},{"@type":"Organization","@id":"https:\/\/mareterracoffee.com\/fr\/#organization","name":"Mare Terra","url":"https:\/\/mareterracoffee.com\/fr\/","logo":{"@type":"ImageObject","inLanguage":"fr-FR","@id":"https:\/\/mareterracoffee.com\/fr\/#\/schema\/logo\/image\/","url":"https:\/\/mareterracoffee.com\/wp-content\/uploads\/2023\/06\/marre-terra-1.svg","contentUrl":"https:\/\/mareterracoffee.com\/wp-content\/uploads\/2023\/06\/marre-terra-1.svg","width":229,"height":52,"caption":"Mare Terra"},"image":{"@id":"https:\/\/mareterracoffee.com\/fr\/#\/schema\/logo\/image\/"}}]}},"_links":{"self":[{"href":"https:\/\/mareterracoffee.com\/fr\/wp-json\/wp\/v2\/product\/153757","targetHints":{"allow":["GET"]}}],"collection":[{"href":"https:\/\/mareterracoffee.com\/fr\/wp-json\/wp\/v2\/product"}],"about":[{"href":"https:\/\/mareterracoffee.com\/fr\/wp-json\/wp\/v2\/types\/product"}],"wp:featuredmedia":[{"embeddable":true,"href":"https:\/\/mareterracoffee.com\/fr\/wp-json\/wp\/v2\/media\/153276"}],"wp:attachment":[{"href":"https:\/\/mareterracoffee.com\/fr\/wp-json\/wp\/v2\/media?parent=153757"}],"wp:term":[{"taxonomy":"product_brand","embeddable":true,"href":"https:\/\/mareterracoffee.com\/fr\/wp-json\/wp\/v2\/product_brand?post=153757"},{"taxonomy":"product_cat","embeddable":true,"href":"https:\/\/mareterracoffee.com\/fr\/wp-json\/wp\/v2\/product_cat?post=153757"},{"taxonomy":"product_tag","embeddable":true,"href":"https:\/\/mareterracoffee.com\/fr\/wp-json\/wp\/v2\/product_tag?post=153757"},{"taxonomy":"pa_variedad","embeddable":true,"href":"https:\/\/mareterracoffee.com\/fr\/wp-json\/wp\/v2\/pa_variedad?post=153757"},{"taxonomy":"coffee_warehouse","embeddable":true,"href":"https:\/\/mareterracoffee.com\/fr\/wp-json\/wp\/v2\/coffee_warehouse?post=153757"}],"curies":[{"name":"wp","href":"https:\/\/api.w.org\/{rel}","templated":true}]}}